{"id":12021,"date":"2025-03-27T12:53:21","date_gmt":"2025-03-27T12:53:21","guid":{"rendered":"https:\/\/consortium.hr\/?post_type=product&#038;p=12021"},"modified":"2026-02-03T12:22:23","modified_gmt":"2026-02-03T12:22:23","slug":"ceresit-cn-94-1-l","status":"publish","type":"product","link":"http:\/\/consortium.hr\/sl\/product\/ceresit-cn-94-1-l\/","title":{"rendered":"Ceresit CN 94 1 L"},"content":{"rendered":"<p><strong>CERESIT\u00ae CN 94 je posebna temeljna prevleka za izbolj\u0161anje oprijemljivosti z izravnalnimi masami. <\/strong><\/p>\n<p>CN 94 utrdi povr\u0161ino podlage in izbolj\u0161a oprijemljivost. Lahko se nana\u0161a na cementne in asfaltne estrihe, monta\u017ene estrihe, beton, vklju\u010dno s vakuumskim beton, obarvan in neobdelan beton, obarvane lesene podlage, kerami\u010dne in kamnite plo\u0161\u010dice, cementne, cementno-laporne in apnen\u010daste kon\u010dne obloge, omete in podlage iz porobetona.<\/p>\n<div class=\"experiencefragment\">\n<div id=\"experiencefragment-5ff6bb26a8\" class=\"cmp-experiencefragment cmp-experiencefragment--pdp\">\n<div class=\"xf-content-height\">\n<div class=\"aem-Grid aem-Grid--12 aem-Grid--default--12\">\n<div id=\"title-ea7a716eaf\" class=\"heliux-text__wrapper inpagenavigation__item limited-container skip-margins title1687891811242\" data-type=\"h3\">\n<p class=\"heading4 hide-if-empty-placeholder apply-margins apply-font-style title__heading\"><strong>Lastnosti:<\/strong><\/p>\n<\/div>\n<\/div>\n<\/div>\n<\/div>\n<\/div>\n<div class=\"linklist__wrapper linklist__wrapper--base linklist1694687173483 accordion__collapsable\" data-components=\"LinkList\" data-components-params-accordion=\"{&quot;isCollapsable&quot;: &quot;true&quot;, &quot;matchMedia&quot;: &quot;all&quot;}\">\n<ul class=\"linklist__base accordion__base heading4\">\n<li class=\"linklist__item accordion__item\">\n<div class=\"linklist__item-content\">\n<div class=\"linklist__item-main\">\n<div class=\"linklist__item-icon linklist\">Za kriti\u010dne podloge<\/div>\n<\/div>\n<div class=\"linklist__item-texts linklist\"><\/div>\n<\/div>\n<\/li>\n<li class=\"linklist__item accordion__item\">\n<div class=\"linklist__item-content\">\n<div class=\"linklist__item-main\">\n<div class=\"linklist__item-icon linklist\">Za vpojno in nevpojno povr\u0161ino.<\/div>\n<\/div>\n<div class=\"linklist__item-texts linklist\"><\/div>\n<\/div>\n<\/li>\n<li class=\"linklist__item accordion__item\">\n<div class=\"linklist__item-content\">\n<div class=\"linklist__item-main\">\n<div class=\"linklist__item-icon linklist\">Za notranje povr\u0161ine.<\/div>\n<\/div>\n<\/div>\n<\/li>\n<\/ul>\n<\/div>","protected":false},"excerpt":{"rendered":"<p>CERESIT\u00ae CN 94 je specijalni temeljni premaz za pobolj\u0161anje prionjivosti s masama za izravnavanje. CN 94 u\u010dvr\u0161\u0107uje povr\u0161inu podloge i pobolj\u0161ava prionjivost te se mo\u017ee nanositi na cementne i asfaltne estrihe, monta\u017ene estrihe, beton, uklju\u010duju\u0107i vakum beton, obojen i neobra\u0111en, obojene drvene podloge, kerami\u010dke i kamene plo\u010dice, cementne, cementno-vapnene i vapnene zavr\u0161ne obloge, \u017ebuke i [&hellip;]<\/p>","protected":false},"featured_media":12022,"template":"","meta":{"_acf_changed":false},"product_brand":[],"product_cat":[343,214],"product_tag":[],"class_list":{"0":"post-12021","1":"product","2":"type-product","3":"status-publish","4":"has-post-thumbnail","6":"product_cat-impregnacija","7":"product_cat-polaganje-keramike","9":"first","10":"instock","11":"shipping-taxable","12":"purchasable","13":"product-type-simple"},"acf":[],"yoast_head":"<!-- This site is optimized with the Yoast SEO plugin v26.1.1 - https:\/\/yoast.com\/wordpress\/plugins\/seo\/ -->\n<title>Ceresit CN 94 1 L - Consortium<\/title>\n<meta name=\"robots\" content=\"index, follow, max-snippet:-1, max-image-preview:large, max-video-preview:-1\" \/>\n<link rel=\"canonical\" href=\"https:\/\/consortium.hr\/sl\/product\/ceresit-cn-94-1-l\/\" \/>\n<meta property=\"og:locale\" content=\"sl_SI\" \/>\n<meta property=\"og:type\" content=\"article\" \/>\n<meta property=\"og:title\" content=\"Ceresit CN 94 1 L - Consortium\" \/>\n<meta property=\"og:description\" content=\"CERESIT\u00ae CN 94 je specijalni temeljni premaz za pobolj\u0161anje prionjivosti s masama za izravnavanje. CN 94 u\u010dvr\u0161\u0107uje povr\u0161inu podloge i pobolj\u0161ava prionjivost te se mo\u017ee nanositi na cementne i asfaltne estrihe, monta\u017ene estrihe, beton, uklju\u010duju\u0107i vakum beton, obojen i neobra\u0111en, obojene drvene podloge, kerami\u010dke i kamene plo\u010dice, cementne, cementno-vapnene i vapnene zavr\u0161ne obloge, \u017ebuke i [&hellip;]\" \/>\n<meta property=\"og:url\" content=\"https:\/\/consortium.hr\/sl\/product\/ceresit-cn-94-1-l\/\" \/>\n<meta property=\"og:site_name\" content=\"Consortium\" \/>\n<meta property=\"article:modified_time\" content=\"2026-02-03T12:22:23+00:00\" \/>\n<meta property=\"og:image\" content=\"https:\/\/consortium.hr\/wp-content\/uploads\/2025\/03\/ceresit-cn94.jpg\" \/>\n\t<meta property=\"og:image:width\" content=\"800\" \/>\n\t<meta property=\"og:image:height\" content=\"800\" \/>\n\t<meta property=\"og:image:type\" content=\"image\/jpeg\" \/>\n<meta name=\"twitter:card\" content=\"summary_large_image\" \/>\n<script type=\"application\/ld+json\" class=\"yoast-schema-graph\">{\"@context\":\"https:\/\/schema.org\",\"@graph\":[{\"@type\":\"WebPage\",\"@id\":\"https:\/\/consortium.hr\/product\/ceresit-cn-94-1-l\/\",\"url\":\"https:\/\/consortium.hr\/product\/ceresit-cn-94-1-l\/\",\"name\":\"Ceresit CN 94 1 L - Consortium\",\"isPartOf\":{\"@id\":\"https:\/\/consortium.hr\/#website\"},\"primaryImageOfPage\":{\"@id\":\"https:\/\/consortium.hr\/product\/ceresit-cn-94-1-l\/#primaryimage\"},\"image\":{\"@id\":\"https:\/\/consortium.hr\/product\/ceresit-cn-94-1-l\/#primaryimage\"},\"thumbnailUrl\":\"https:\/\/consortium.hr\/wp-content\/uploads\/2025\/03\/ceresit-cn94.jpg\",\"datePublished\":\"2025-03-27T12:53:21+00:00\",\"dateModified\":\"2026-02-03T12:22:23+00:00\",\"breadcrumb\":{\"@id\":\"https:\/\/consortium.hr\/product\/ceresit-cn-94-1-l\/#breadcrumb\"},\"inLanguage\":\"sl-SI\",\"potentialAction\":[{\"@type\":\"ReadAction\",\"target\":[\"https:\/\/consortium.hr\/product\/ceresit-cn-94-1-l\/\"]}]},{\"@type\":\"ImageObject\",\"inLanguage\":\"sl-SI\",\"@id\":\"https:\/\/consortium.hr\/product\/ceresit-cn-94-1-l\/#primaryimage\",\"url\":\"https:\/\/consortium.hr\/wp-content\/uploads\/2025\/03\/ceresit-cn94.jpg\",\"contentUrl\":\"https:\/\/consortium.hr\/wp-content\/uploads\/2025\/03\/ceresit-cn94.jpg\",\"width\":800,\"height\":800},{\"@type\":\"BreadcrumbList\",\"@id\":\"https:\/\/consortium.hr\/product\/ceresit-cn-94-1-l\/#breadcrumb\",\"itemListElement\":[{\"@type\":\"ListItem\",\"position\":1,\"name\":\"Po\u010detna stranica\",\"item\":\"https:\/\/consortium.hr\/sl\/\"},{\"@type\":\"ListItem\",\"position\":2,\"name\":\"Shop\",\"item\":\"https:\/\/consortium.hr\/sl\/shop\/\"},{\"@type\":\"ListItem\",\"position\":3,\"name\":\"Ceresit CN 94 1 L\"}]},{\"@type\":\"WebSite\",\"@id\":\"https:\/\/consortium.hr\/#website\",\"url\":\"https:\/\/consortium.hr\/\",\"name\":\"Consortium\",\"description\":\"Gra\u0111evinski Materijal - Odli\u010dna Ponuda i Cijena\",\"alternateName\":\"Gra\u0111evinski Materijal - Odli\u010dna Ponuda i Cijena\",\"potentialAction\":[{\"@type\":\"SearchAction\",\"target\":{\"@type\":\"EntryPoint\",\"urlTemplate\":\"https:\/\/consortium.hr\/?s={search_term_string}\"},\"query-input\":{\"@type\":\"PropertyValueSpecification\",\"valueRequired\":true,\"valueName\":\"search_term_string\"}}],\"inLanguage\":\"sl-SI\"}]}<\/script>\n<!-- \/ Yoast SEO plugin. -->","yoast_head_json":{"title":"Ceresit CN 94 1 L - Consortium","robots":{"index":"index","follow":"follow","max-snippet":"max-snippet:-1","max-image-preview":"max-image-preview:large","max-video-preview":"max-video-preview:-1"},"canonical":"https:\/\/consortium.hr\/sl\/product\/ceresit-cn-94-1-l\/","og_locale":"sl_SI","og_type":"article","og_title":"Ceresit CN 94 1 L - Consortium","og_description":"CERESIT\u00ae CN 94 je specijalni temeljni premaz za pobolj\u0161anje prionjivosti s masama za izravnavanje. CN 94 u\u010dvr\u0161\u0107uje povr\u0161inu podloge i pobolj\u0161ava prionjivost te se mo\u017ee nanositi na cementne i asfaltne estrihe, monta\u017ene estrihe, beton, uklju\u010duju\u0107i vakum beton, obojen i neobra\u0111en, obojene drvene podloge, kerami\u010dke i kamene plo\u010dice, cementne, cementno-vapnene i vapnene zavr\u0161ne obloge, \u017ebuke i [&hellip;]","og_url":"https:\/\/consortium.hr\/sl\/product\/ceresit-cn-94-1-l\/","og_site_name":"Consortium","article_modified_time":"2026-02-03T12:22:23+00:00","og_image":[{"width":800,"height":800,"url":"https:\/\/consortium.hr\/wp-content\/uploads\/2025\/03\/ceresit-cn94.jpg","type":"image\/jpeg"}],"twitter_card":"summary_large_image","schema":{"@context":"https:\/\/schema.org","@graph":[{"@type":"WebPage","@id":"https:\/\/consortium.hr\/product\/ceresit-cn-94-1-l\/","url":"https:\/\/consortium.hr\/product\/ceresit-cn-94-1-l\/","name":"Ceresit CN 94 1 L - Consortium","isPartOf":{"@id":"https:\/\/consortium.hr\/#website"},"primaryImageOfPage":{"@id":"https:\/\/consortium.hr\/product\/ceresit-cn-94-1-l\/#primaryimage"},"image":{"@id":"https:\/\/consortium.hr\/product\/ceresit-cn-94-1-l\/#primaryimage"},"thumbnailUrl":"https:\/\/consortium.hr\/wp-content\/uploads\/2025\/03\/ceresit-cn94.jpg","datePublished":"2025-03-27T12:53:21+00:00","dateModified":"2026-02-03T12:22:23+00:00","breadcrumb":{"@id":"https:\/\/consortium.hr\/product\/ceresit-cn-94-1-l\/#breadcrumb"},"inLanguage":"sl-SI","potentialAction":[{"@type":"ReadAction","target":["https:\/\/consortium.hr\/product\/ceresit-cn-94-1-l\/"]}]},{"@type":"ImageObject","inLanguage":"sl-SI","@id":"https:\/\/consortium.hr\/product\/ceresit-cn-94-1-l\/#primaryimage","url":"https:\/\/consortium.hr\/wp-content\/uploads\/2025\/03\/ceresit-cn94.jpg","contentUrl":"https:\/\/consortium.hr\/wp-content\/uploads\/2025\/03\/ceresit-cn94.jpg","width":800,"height":800},{"@type":"BreadcrumbList","@id":"https:\/\/consortium.hr\/product\/ceresit-cn-94-1-l\/#breadcrumb","itemListElement":[{"@type":"ListItem","position":1,"name":"Po\u010detna stranica","item":"https:\/\/consortium.hr\/sl\/"},{"@type":"ListItem","position":2,"name":"Shop","item":"https:\/\/consortium.hr\/sl\/shop\/"},{"@type":"ListItem","position":3,"name":"Ceresit CN 94 1 L"}]},{"@type":"WebSite","@id":"https:\/\/consortium.hr\/#website","url":"https:\/\/consortium.hr\/","name":"Consortium","description":"Gra\u0111evinski Materijal - Odli\u010dna Ponuda i Cijena","alternateName":"Gra\u0111evinski Materijal - Odli\u010dna Ponuda i Cijena","potentialAction":[{"@type":"SearchAction","target":{"@type":"EntryPoint","urlTemplate":"https:\/\/consortium.hr\/?s={search_term_string}"},"query-input":{"@type":"PropertyValueSpecification","valueRequired":true,"valueName":"search_term_string"}}],"inLanguage":"sl-SI"}]}},"_links":{"self":[{"href":"http:\/\/consortium.hr\/sl\/wp-json\/wp\/v2\/product\/12021","targetHints":{"allow":["GET"]}}],"collection":[{"href":"http:\/\/consortium.hr\/sl\/wp-json\/wp\/v2\/product"}],"about":[{"href":"http:\/\/consortium.hr\/sl\/wp-json\/wp\/v2\/types\/product"}],"wp:featuredmedia":[{"embeddable":true,"href":"http:\/\/consortium.hr\/sl\/wp-json\/wp\/v2\/media\/12022"}],"wp:attachment":[{"href":"http:\/\/consortium.hr\/sl\/wp-json\/wp\/v2\/media?parent=12021"}],"wp:term":[{"taxonomy":"product_brand","embeddable":true,"href":"http:\/\/consortium.hr\/sl\/wp-json\/wp\/v2\/product_brand?post=12021"},{"taxonomy":"product_cat","embeddable":true,"href":"http:\/\/consortium.hr\/sl\/wp-json\/wp\/v2\/product_cat?post=12021"},{"taxonomy":"product_tag","embeddable":true,"href":"http:\/\/consortium.hr\/sl\/wp-json\/wp\/v2\/product_tag?post=12021"}],"curies":[{"name":"wp","href":"https:\/\/api.w.org\/{rel}","templated":true}]}}