{"id":12032,"date":"2025-03-28T07:56:33","date_gmt":"2025-03-28T07:56:33","guid":{"rendered":"https:\/\/consortium.hr\/?post_type=product&#038;p=12032"},"modified":"2026-04-16T10:43:05","modified_gmt":"2026-04-16T10:43:05","slug":"ceresit-ct-17-temeljni-premaz-za-upojne-podloge","status":"publish","type":"product","link":"http:\/\/consortium.hr\/sl\/product\/ceresit-ct-17-temeljni-premaz-za-upojne-podloge\/","title":{"rendered":"Ceresit CT 17 - Temeljni premaz za vpojne podlage"},"content":{"rendered":"<p><strong>CERESIT CT 17 je temeljni premaz, namenjen nana\u0161anju na kriti\u010dne in vpojne podlage (npr. beton, omet, porobetonske bloke, glinene bloke in druge).<\/strong><br \/>\nZmanj\u0161uje vpojnost podlage. Ne vsebuje topil, je paropropusten. Takoj pripravljen za uporabo, primeren za notranje in zunanje povr\u0161ine.<\/p>\n<p><strong>Lastnosti:<\/strong><\/p>\n<ul>\n<li>Oja\u010duje podlago<\/li>\n<li>Za uporabo na zelo vpojnih povr\u0161inah<\/li>\n<li>Zmanj\u0161uje vpojnost<\/li>\n<li>Izbolj\u0161uje oprijem slojev<\/li>\n<li>Nizka emisija (EC 1)<\/li>\n<\/ul>\n<p><strong>Tehni\u010dne lastnosti:<\/strong><br \/>\nOsnova: vodena disperzija sinteti\u010dne smole<br \/>\nTemperatura uporabe: od +5 \u00b0C do +25 \u00b0C<br \/>\n\u010cas su\u0161enja: pribli\u017eno 4 ure<br \/>\nPoraba: od 0,1 do 0,5 l\/m\u00b2, odvisno od vpojnosti podlage<\/p>\n<p><strong>Priprava:<\/strong><br \/>\nProtresti bo\u010dico ve\u010dkrat. Nanesite na povr\u0161ino z uporabo valj\u010dka ali \u010dopi\u010da.<br \/>\nV primeru nanosa na zelo vpojne ali \u0161ibke podlage, se premaz lahko razred\u010di s \u010disto vodo v razmerju 1:1.<br \/>\nNato nanesite sloj Ceresit CT 17 brez razred\u010devanja v sistemu \"mokro na mokro\".<br \/>\nOrodje in sve\u017ee made\u017ee je mogo\u010de odstraniti z pranjem z vodo.<\/p>","protected":false},"excerpt":{"rendered":"<p>CERESIT CT 17 temeljni premaz za nano\u0161enje na kriti\u010dne i upojne podloge (npr. beton, \u017ebuku, porobeton, glineni blokovi i dr.). Smanjuje upojnost podloge. Ne sadr\u017ei otapala, paropropusan. Odmah spreman za primjenu, prikladan i za unutarnje i vanjske povr\u0161ine. Svojstva: Oja\u010dava podlogu Za upotrebu na veoma upojnim povr\u0161inama Smanjuje upojnost Pobolj\u0161ava prianjanje slojeva Niska emisija (EC [&hellip;]<\/p>","protected":false},"featured_media":12037,"template":"","meta":{"_acf_changed":false},"product_brand":[],"product_cat":[169,171],"product_tag":[],"class_list":{"0":"post-12032","1":"product","2":"type-product","3":"status-publish","4":"has-post-thumbnail","6":"product_cat-boje-i-lakovi","7":"product_cat-impregnacije-za-zidove","9":"first","10":"instock","11":"shipping-taxable","12":"purchasable","13":"product-type-variable","14":"wvs-archive-product-wrapper"},"acf":[],"yoast_head":"<!-- This site is optimized with the Yoast SEO plugin v26.1.1 - https:\/\/yoast.com\/wordpress\/plugins\/seo\/ -->\n<title>Ceresit CT 17 - Temeljni premaz za upojne podloge - Consortium<\/title>\n<meta name=\"robots\" content=\"index, follow, max-snippet:-1, max-image-preview:large, max-video-preview:-1\" \/>\n<link rel=\"canonical\" href=\"https:\/\/consortium.hr\/sl\/product\/ceresit-ct-17-temeljni-premaz-za-upojne-podloge\/\" \/>\n<meta property=\"og:locale\" content=\"sl_SI\" \/>\n<meta property=\"og:type\" content=\"article\" \/>\n<meta property=\"og:title\" content=\"Ceresit CT 17 - Temeljni premaz za upojne podloge - Consortium\" \/>\n<meta property=\"og:description\" content=\"CERESIT CT 17 temeljni premaz za nano\u0161enje na kriti\u010dne i upojne podloge (npr. beton, \u017ebuku, porobeton, glineni blokovi i dr.). Smanjuje upojnost podloge. Ne sadr\u017ei otapala, paropropusan. Odmah spreman za primjenu, prikladan i za unutarnje i vanjske povr\u0161ine. Svojstva: Oja\u010dava podlogu Za upotrebu na veoma upojnim povr\u0161inama Smanjuje upojnost Pobolj\u0161ava prianjanje slojeva Niska emisija (EC [&hellip;]\" \/>\n<meta property=\"og:url\" content=\"https:\/\/consortium.hr\/sl\/product\/ceresit-ct-17-temeljni-premaz-za-upojne-podloge\/\" \/>\n<meta property=\"og:site_name\" content=\"Consortium\" \/>\n<meta property=\"article:modified_time\" content=\"2026-04-16T10:43:05+00:00\" \/>\n<meta property=\"og:image\" content=\"https:\/\/consortium.hr\/wp-content\/uploads\/2025\/03\/ceresit-ct17.jpg\" \/>\n\t<meta property=\"og:image:width\" content=\"800\" \/>\n\t<meta property=\"og:image:height\" content=\"800\" \/>\n\t<meta property=\"og:image:type\" content=\"image\/jpeg\" \/>\n<meta name=\"twitter:card\" content=\"summary_large_image\" \/>\n<meta name=\"twitter:label1\" content=\"Est. reading time\" \/>\n\t<meta name=\"twitter:data1\" content=\"1 minuta\" \/>\n<script type=\"application\/ld+json\" class=\"yoast-schema-graph\">{\"@context\":\"https:\/\/schema.org\",\"@graph\":[{\"@type\":\"WebPage\",\"@id\":\"https:\/\/consortium.hr\/product\/ceresit-ct-17-temeljni-premaz-za-upojne-podloge\/\",\"url\":\"https:\/\/consortium.hr\/product\/ceresit-ct-17-temeljni-premaz-za-upojne-podloge\/\",\"name\":\"Ceresit CT 17 - Temeljni premaz za upojne podloge - Consortium\",\"isPartOf\":{\"@id\":\"https:\/\/consortium.hr\/#website\"},\"primaryImageOfPage\":{\"@id\":\"https:\/\/consortium.hr\/product\/ceresit-ct-17-temeljni-premaz-za-upojne-podloge\/#primaryimage\"},\"image\":{\"@id\":\"https:\/\/consortium.hr\/product\/ceresit-ct-17-temeljni-premaz-za-upojne-podloge\/#primaryimage\"},\"thumbnailUrl\":\"https:\/\/consortium.hr\/wp-content\/uploads\/2025\/03\/ceresit-ct17.jpg\",\"datePublished\":\"2025-03-28T07:56:33+00:00\",\"dateModified\":\"2026-04-16T10:43:05+00:00\",\"breadcrumb\":{\"@id\":\"https:\/\/consortium.hr\/product\/ceresit-ct-17-temeljni-premaz-za-upojne-podloge\/#breadcrumb\"},\"inLanguage\":\"sl-SI\",\"potentialAction\":[{\"@type\":\"ReadAction\",\"target\":[\"https:\/\/consortium.hr\/product\/ceresit-ct-17-temeljni-premaz-za-upojne-podloge\/\"]}]},{\"@type\":\"ImageObject\",\"inLanguage\":\"sl-SI\",\"@id\":\"https:\/\/consortium.hr\/product\/ceresit-ct-17-temeljni-premaz-za-upojne-podloge\/#primaryimage\",\"url\":\"https:\/\/consortium.hr\/wp-content\/uploads\/2025\/03\/ceresit-ct17.jpg\",\"contentUrl\":\"https:\/\/consortium.hr\/wp-content\/uploads\/2025\/03\/ceresit-ct17.jpg\",\"width\":800,\"height\":800},{\"@type\":\"BreadcrumbList\",\"@id\":\"https:\/\/consortium.hr\/product\/ceresit-ct-17-temeljni-premaz-za-upojne-podloge\/#breadcrumb\",\"itemListElement\":[{\"@type\":\"ListItem\",\"position\":1,\"name\":\"Po\u010detna stranica\",\"item\":\"https:\/\/consortium.hr\/sl\/\"},{\"@type\":\"ListItem\",\"position\":2,\"name\":\"Shop\",\"item\":\"https:\/\/consortium.hr\/sl\/shop\/\"},{\"@type\":\"ListItem\",\"position\":3,\"name\":\"Ceresit CT 17 - Temeljni premaz za upojne podloge\"}]},{\"@type\":\"WebSite\",\"@id\":\"https:\/\/consortium.hr\/#website\",\"url\":\"https:\/\/consortium.hr\/\",\"name\":\"Consortium\",\"description\":\"Gra\u0111evinski Materijal - Odli\u010dna Ponuda i Cijena\",\"alternateName\":\"Gra\u0111evinski Materijal - Odli\u010dna Ponuda i Cijena\",\"potentialAction\":[{\"@type\":\"SearchAction\",\"target\":{\"@type\":\"EntryPoint\",\"urlTemplate\":\"https:\/\/consortium.hr\/?s={search_term_string}\"},\"query-input\":{\"@type\":\"PropertyValueSpecification\",\"valueRequired\":true,\"valueName\":\"search_term_string\"}}],\"inLanguage\":\"sl-SI\"}]}<\/script>\n<!-- \/ Yoast SEO plugin. -->","yoast_head_json":{"title":"Ceresit CT 17 - Temeljni premaz za upojne podloge - Consortium","robots":{"index":"index","follow":"follow","max-snippet":"max-snippet:-1","max-image-preview":"max-image-preview:large","max-video-preview":"max-video-preview:-1"},"canonical":"https:\/\/consortium.hr\/sl\/product\/ceresit-ct-17-temeljni-premaz-za-upojne-podloge\/","og_locale":"sl_SI","og_type":"article","og_title":"Ceresit CT 17 - Temeljni premaz za upojne podloge - Consortium","og_description":"CERESIT CT 17 temeljni premaz za nano\u0161enje na kriti\u010dne i upojne podloge (npr. beton, \u017ebuku, porobeton, glineni blokovi i dr.). Smanjuje upojnost podloge. Ne sadr\u017ei otapala, paropropusan. Odmah spreman za primjenu, prikladan i za unutarnje i vanjske povr\u0161ine. Svojstva: Oja\u010dava podlogu Za upotrebu na veoma upojnim povr\u0161inama Smanjuje upojnost Pobolj\u0161ava prianjanje slojeva Niska emisija (EC [&hellip;]","og_url":"https:\/\/consortium.hr\/sl\/product\/ceresit-ct-17-temeljni-premaz-za-upojne-podloge\/","og_site_name":"Consortium","article_modified_time":"2026-04-16T10:43:05+00:00","og_image":[{"width":800,"height":800,"url":"https:\/\/consortium.hr\/wp-content\/uploads\/2025\/03\/ceresit-ct17.jpg","type":"image\/jpeg"}],"twitter_card":"summary_large_image","twitter_misc":{"Est. reading time":"1 minuta"},"schema":{"@context":"https:\/\/schema.org","@graph":[{"@type":"WebPage","@id":"https:\/\/consortium.hr\/product\/ceresit-ct-17-temeljni-premaz-za-upojne-podloge\/","url":"https:\/\/consortium.hr\/product\/ceresit-ct-17-temeljni-premaz-za-upojne-podloge\/","name":"Ceresit CT 17 - Temeljni premaz za upojne podloge - Consortium","isPartOf":{"@id":"https:\/\/consortium.hr\/#website"},"primaryImageOfPage":{"@id":"https:\/\/consortium.hr\/product\/ceresit-ct-17-temeljni-premaz-za-upojne-podloge\/#primaryimage"},"image":{"@id":"https:\/\/consortium.hr\/product\/ceresit-ct-17-temeljni-premaz-za-upojne-podloge\/#primaryimage"},"thumbnailUrl":"https:\/\/consortium.hr\/wp-content\/uploads\/2025\/03\/ceresit-ct17.jpg","datePublished":"2025-03-28T07:56:33+00:00","dateModified":"2026-04-16T10:43:05+00:00","breadcrumb":{"@id":"https:\/\/consortium.hr\/product\/ceresit-ct-17-temeljni-premaz-za-upojne-podloge\/#breadcrumb"},"inLanguage":"sl-SI","potentialAction":[{"@type":"ReadAction","target":["https:\/\/consortium.hr\/product\/ceresit-ct-17-temeljni-premaz-za-upojne-podloge\/"]}]},{"@type":"ImageObject","inLanguage":"sl-SI","@id":"https:\/\/consortium.hr\/product\/ceresit-ct-17-temeljni-premaz-za-upojne-podloge\/#primaryimage","url":"https:\/\/consortium.hr\/wp-content\/uploads\/2025\/03\/ceresit-ct17.jpg","contentUrl":"https:\/\/consortium.hr\/wp-content\/uploads\/2025\/03\/ceresit-ct17.jpg","width":800,"height":800},{"@type":"BreadcrumbList","@id":"https:\/\/consortium.hr\/product\/ceresit-ct-17-temeljni-premaz-za-upojne-podloge\/#breadcrumb","itemListElement":[{"@type":"ListItem","position":1,"name":"Po\u010detna stranica","item":"https:\/\/consortium.hr\/sl\/"},{"@type":"ListItem","position":2,"name":"Shop","item":"https:\/\/consortium.hr\/sl\/shop\/"},{"@type":"ListItem","position":3,"name":"Ceresit CT 17 - Temeljni premaz za upojne podloge"}]},{"@type":"WebSite","@id":"https:\/\/consortium.hr\/#website","url":"https:\/\/consortium.hr\/","name":"Consortium","description":"Gra\u0111evinski Materijal - Odli\u010dna Ponuda i Cijena","alternateName":"Gra\u0111evinski Materijal - Odli\u010dna Ponuda i Cijena","potentialAction":[{"@type":"SearchAction","target":{"@type":"EntryPoint","urlTemplate":"https:\/\/consortium.hr\/?s={search_term_string}"},"query-input":{"@type":"PropertyValueSpecification","valueRequired":true,"valueName":"search_term_string"}}],"inLanguage":"sl-SI"}]}},"_links":{"self":[{"href":"http:\/\/consortium.hr\/sl\/wp-json\/wp\/v2\/product\/12032","targetHints":{"allow":["GET"]}}],"collection":[{"href":"http:\/\/consortium.hr\/sl\/wp-json\/wp\/v2\/product"}],"about":[{"href":"http:\/\/consortium.hr\/sl\/wp-json\/wp\/v2\/types\/product"}],"wp:featuredmedia":[{"embeddable":true,"href":"http:\/\/consortium.hr\/sl\/wp-json\/wp\/v2\/media\/12037"}],"wp:attachment":[{"href":"http:\/\/consortium.hr\/sl\/wp-json\/wp\/v2\/media?parent=12032"}],"wp:term":[{"taxonomy":"product_brand","embeddable":true,"href":"http:\/\/consortium.hr\/sl\/wp-json\/wp\/v2\/product_brand?post=12032"},{"taxonomy":"product_cat","embeddable":true,"href":"http:\/\/consortium.hr\/sl\/wp-json\/wp\/v2\/product_cat?post=12032"},{"taxonomy":"product_tag","embeddable":true,"href":"http:\/\/consortium.hr\/sl\/wp-json\/wp\/v2\/product_tag?post=12032"}],"curies":[{"name":"wp","href":"https:\/\/api.w.org\/{rel}","templated":true}]}}