{"id":1226,"date":"2021-03-02T12:59:33","date_gmt":"2021-03-02T12:59:33","guid":{"rendered":"https:\/\/consortium.hr\/product\/import-placeholder-for-712\/"},"modified":"2026-01-16T07:20:21","modified_gmt":"2026-01-16T07:20:21","slug":"id-loft-zastita-pod-tus-pult","status":"publish","type":"product","link":"http:\/\/consortium.hr\/sl\/product\/id-loft-zastita-pod-tus-pult\/","title":{"rendered":"id LOFT za\u0161\u010dita TAL - TU\u0160 - PULT"},"content":{"rendered":"<p><strong>'id LOFT ZA\u0160\u010cITA ZA TLA, TU\u0160 IN PULT' 1 L<\/strong><\/p>\n<p>Za\u0161\u010ditni premaz za <a href=\"https:\/\/consortium.hr\/sl\/product\/id-loft-original-beton\/\" target=\"_blank\" rel=\"noopener\"><u>'id Loft Beton Original'<\/u><\/a> pri nanosu na tla, v tu\u0161 prostorih in na pultih (bare, kuhinjski delovni pulti, prodajni pulti itd.).<\/p>\n<p>Premaz je izjemno odporen na obrabo in ne vpija pr\u0161enja vode, saj je v tej povsem novi formuli oja\u010dan s kerami\u010dnimi mikro delci.<\/p>\n<p>Brezbarven, polmat izgled. Ne nana\u0161ati na steklene, PVC in\/ali ALU dele tu\u0161 kabine.<\/p>\n<p>Samo za notranje prostore. Ne priporo\u010da se za uporabo na tleh prostorov z visokim prometom (npr. \u017eelezni\u0161ke postaje, preddverja in hodniki nakupovalnih centrov itd.). Ni primeren za povr\u0161ine, na katerih poteka promet vozil (gara\u017ee, skladi\u0161\u010da itd.). Ni primeren za povr\u0161ine, na katerih se zadr\u017eujejo voda ali druge teko\u010dine (bazen, umivalniki, rezervoarji za vodo, kadi itd.).<\/p>\n<p>Poraba: 1 liter = teoreti\u010dno cca 6 do 8 m\u00b2 za 2 tanke plasti (prva plast z dodanimi 30 % \u010diste vode), mo\u010dno odvisno od podlage, nanosa in orodja. Natan\u010dno porabo ugotovite z testnim nanosom.<\/p>\n<p>Izdelek je deklariran za Naredi-sam uporabo, saj ni nevaren za zdravje pri namestitvi v zra\u010denih notranjih prostorih in ne zahteva uporabe posebnega profesionalnega orodja in\/ali varnostne za\u0161\u010ditne opreme, zato za ta izdelek ni licenciranega izvajalca ali nadzora pri namestitvi s strani proizvajalca.<\/p>\n<p>Izjava o omejitvi odgovornosti: Ponudba je bila ustvarjena z veliko pozornostjo, vendar je odgovornost kupca, da prebere vse tukaj navedene informacije o izdelku, si ogleda video uporabo, \u010de je omogo\u010deno na teh straneh, ter po potrebi zahteva dodatne informacije o izdelku in uporabi izdelka pred naro\u010dilom, nakupom ali uporabo. Navedena pokritost na liter izdelka je \u010dim natan\u010dnej\u0161a, vendar pribli\u017ena, saj se pokritost lahko znatno spreminja glede na stanje podlage, vpijanje, teksturo podlage in na\u010din nanosa. Priporo\u010damo, da vedno najprej naredite testni nanos na manj\u0161ih povr\u0161inah in tako preverite, ali izdelek izpolnjuje va\u0161a pri\u010dakovanja, in \u0161ele, ko ste prepri\u010dani, da izdelek izpolnjuje, nadaljujte z nanosom na celotno povr\u0161ino. Ponudba in specifikacija izdelka sta podana v najbolj\u0161i veri, na podlagi razpolo\u017eljivih informacij, vendar brez jamstva, saj je nana\u0161anje in uporaba tega izdelka za Naredi-sam uporabo izven na\u0161ega nadzora, s \u010dimer se strinjate in sprejemate ob naro\u010dilu in\/ali nakupu.<\/p>\n<p>Proizvajalec: INITIATIVES DECORATION \u2013 FRANCIA<\/p>\n<p><a href=\"http:\/\/www.id-paris.com\" target=\"_blank\" rel=\"noopener\">www.id-paris.com<\/a><\/p>\n<p>Dr\u017eava porekla: EU - Francija<\/p>","protected":false},"excerpt":{"rendered":"<p>Za\u0161\u010ditni premaz za <a href=\"https:\/\/consortium.hr\/sl\/product\/id-loft-original-beton\/\" target=\"_blank\" rel=\"noopener\">'id Loft Beton Original'<\/a> kada je primjenjen na podu, u tu\u0161 prostoru i na pultovima.<\/p>","protected":false},"featured_media":891,"template":"","meta":{"_acf_changed":false},"product_brand":[],"product_cat":[188,186],"product_tag":[],"class_list":{"0":"post-1226","1":"product","2":"type-product","3":"status-publish","4":"has-post-thumbnail","6":"product_cat-dekorativne-boje-za-zidove-i-dodaci","7":"product_cat-dekorativni-program","9":"first","10":"instock","11":"shipping-taxable","12":"purchasable","13":"product-type-simple"},"acf":[],"yoast_head":"<!-- This site is optimized with the Yoast SEO plugin v26.1.1 - https:\/\/yoast.com\/wordpress\/plugins\/seo\/ -->\n<title>id LOFT za\u0161tita POD - TU\u0160 - PULT - Consortium<\/title>\n<meta name=\"robots\" content=\"index, follow, max-snippet:-1, max-image-preview:large, max-video-preview:-1\" \/>\n<link rel=\"canonical\" href=\"https:\/\/consortium.hr\/sl\/product\/id-loft-zastita-pod-tus-pult\/\" \/>\n<meta property=\"og:locale\" content=\"sl_SI\" \/>\n<meta property=\"og:type\" content=\"article\" \/>\n<meta property=\"og:title\" content=\"id LOFT za\u0161tita POD - TU\u0160 - PULT - Consortium\" \/>\n<meta property=\"og:description\" content=\"Za\u0161titni premaz za &#039;id Loft Beton Original&#039; kada je primjenjen na podu, u tu\u0161 prostoru i na pultovima.\" \/>\n<meta property=\"og:url\" content=\"https:\/\/consortium.hr\/sl\/product\/id-loft-zastita-pod-tus-pult\/\" \/>\n<meta property=\"og:site_name\" content=\"Consortium\" \/>\n<meta property=\"article:modified_time\" content=\"2026-01-16T07:20:21+00:00\" \/>\n<meta property=\"og:image\" content=\"https:\/\/consortium.hr\/wp-content\/uploads\/2021\/02\/id-LOFT-ZASTITA-POD-TUS-PULT-1.jpg\" \/>\n\t<meta property=\"og:image:width\" content=\"700\" \/>\n\t<meta property=\"og:image:height\" content=\"700\" \/>\n\t<meta property=\"og:image:type\" content=\"image\/jpeg\" \/>\n<meta name=\"twitter:card\" content=\"summary_large_image\" \/>\n<meta name=\"twitter:label1\" content=\"Est. reading time\" \/>\n\t<meta name=\"twitter:data1\" content=\"2 minuti\" \/>\n<script type=\"application\/ld+json\" class=\"yoast-schema-graph\">{\"@context\":\"https:\/\/schema.org\",\"@graph\":[{\"@type\":\"WebPage\",\"@id\":\"https:\/\/consortium.hr\/product\/id-loft-zastita-pod-tus-pult\/\",\"url\":\"https:\/\/consortium.hr\/product\/id-loft-zastita-pod-tus-pult\/\",\"name\":\"id LOFT za\u0161tita POD - TU\u0160 - PULT - Consortium\",\"isPartOf\":{\"@id\":\"https:\/\/consortium.hr\/#website\"},\"primaryImageOfPage\":{\"@id\":\"https:\/\/consortium.hr\/product\/id-loft-zastita-pod-tus-pult\/#primaryimage\"},\"image\":{\"@id\":\"https:\/\/consortium.hr\/product\/id-loft-zastita-pod-tus-pult\/#primaryimage\"},\"thumbnailUrl\":\"https:\/\/consortium.hr\/wp-content\/uploads\/2021\/02\/id-LOFT-ZASTITA-POD-TUS-PULT-1.jpg\",\"datePublished\":\"2021-03-02T12:59:33+00:00\",\"dateModified\":\"2026-01-16T07:20:21+00:00\",\"breadcrumb\":{\"@id\":\"https:\/\/consortium.hr\/product\/id-loft-zastita-pod-tus-pult\/#breadcrumb\"},\"inLanguage\":\"sl-SI\",\"potentialAction\":[{\"@type\":\"ReadAction\",\"target\":[\"https:\/\/consortium.hr\/product\/id-loft-zastita-pod-tus-pult\/\"]}]},{\"@type\":\"ImageObject\",\"inLanguage\":\"sl-SI\",\"@id\":\"https:\/\/consortium.hr\/product\/id-loft-zastita-pod-tus-pult\/#primaryimage\",\"url\":\"https:\/\/consortium.hr\/wp-content\/uploads\/2021\/02\/id-LOFT-ZASTITA-POD-TUS-PULT-1.jpg\",\"contentUrl\":\"https:\/\/consortium.hr\/wp-content\/uploads\/2021\/02\/id-LOFT-ZASTITA-POD-TUS-PULT-1.jpg\",\"width\":700,\"height\":700},{\"@type\":\"BreadcrumbList\",\"@id\":\"https:\/\/consortium.hr\/product\/id-loft-zastita-pod-tus-pult\/#breadcrumb\",\"itemListElement\":[{\"@type\":\"ListItem\",\"position\":1,\"name\":\"Po\u010detna stranica\",\"item\":\"https:\/\/consortium.hr\/sl\/\"},{\"@type\":\"ListItem\",\"position\":2,\"name\":\"Shop\",\"item\":\"https:\/\/consortium.hr\/sl\/shop\/\"},{\"@type\":\"ListItem\",\"position\":3,\"name\":\"id LOFT za\u0161tita POD - TU\u0160 - PULT\"}]},{\"@type\":\"WebSite\",\"@id\":\"https:\/\/consortium.hr\/#website\",\"url\":\"https:\/\/consortium.hr\/\",\"name\":\"Consortium\",\"description\":\"Gra\u0111evinski Materijal - Odli\u010dna Ponuda i Cijena\",\"alternateName\":\"Gra\u0111evinski Materijal - Odli\u010dna Ponuda i Cijena\",\"potentialAction\":[{\"@type\":\"SearchAction\",\"target\":{\"@type\":\"EntryPoint\",\"urlTemplate\":\"https:\/\/consortium.hr\/?s={search_term_string}\"},\"query-input\":{\"@type\":\"PropertyValueSpecification\",\"valueRequired\":true,\"valueName\":\"search_term_string\"}}],\"inLanguage\":\"sl-SI\"}]}<\/script>\n<!-- \/ Yoast SEO plugin. -->","yoast_head_json":{"title":"id LOFT za\u0161tita POD - TU\u0160 - PULT - Consortium","robots":{"index":"index","follow":"follow","max-snippet":"max-snippet:-1","max-image-preview":"max-image-preview:large","max-video-preview":"max-video-preview:-1"},"canonical":"https:\/\/consortium.hr\/sl\/product\/id-loft-zastita-pod-tus-pult\/","og_locale":"sl_SI","og_type":"article","og_title":"id LOFT za\u0161tita POD - TU\u0160 - PULT - Consortium","og_description":"Za\u0161titni premaz za 'id Loft Beton Original' kada je primjenjen na podu, u tu\u0161 prostoru i na pultovima.","og_url":"https:\/\/consortium.hr\/sl\/product\/id-loft-zastita-pod-tus-pult\/","og_site_name":"Consortium","article_modified_time":"2026-01-16T07:20:21+00:00","og_image":[{"width":700,"height":700,"url":"https:\/\/consortium.hr\/wp-content\/uploads\/2021\/02\/id-LOFT-ZASTITA-POD-TUS-PULT-1.jpg","type":"image\/jpeg"}],"twitter_card":"summary_large_image","twitter_misc":{"Est. reading time":"2 minuti"},"schema":{"@context":"https:\/\/schema.org","@graph":[{"@type":"WebPage","@id":"https:\/\/consortium.hr\/product\/id-loft-zastita-pod-tus-pult\/","url":"https:\/\/consortium.hr\/product\/id-loft-zastita-pod-tus-pult\/","name":"id LOFT za\u0161tita POD - TU\u0160 - PULT - Consortium","isPartOf":{"@id":"https:\/\/consortium.hr\/#website"},"primaryImageOfPage":{"@id":"https:\/\/consortium.hr\/product\/id-loft-zastita-pod-tus-pult\/#primaryimage"},"image":{"@id":"https:\/\/consortium.hr\/product\/id-loft-zastita-pod-tus-pult\/#primaryimage"},"thumbnailUrl":"https:\/\/consortium.hr\/wp-content\/uploads\/2021\/02\/id-LOFT-ZASTITA-POD-TUS-PULT-1.jpg","datePublished":"2021-03-02T12:59:33+00:00","dateModified":"2026-01-16T07:20:21+00:00","breadcrumb":{"@id":"https:\/\/consortium.hr\/product\/id-loft-zastita-pod-tus-pult\/#breadcrumb"},"inLanguage":"sl-SI","potentialAction":[{"@type":"ReadAction","target":["https:\/\/consortium.hr\/product\/id-loft-zastita-pod-tus-pult\/"]}]},{"@type":"ImageObject","inLanguage":"sl-SI","@id":"https:\/\/consortium.hr\/product\/id-loft-zastita-pod-tus-pult\/#primaryimage","url":"https:\/\/consortium.hr\/wp-content\/uploads\/2021\/02\/id-LOFT-ZASTITA-POD-TUS-PULT-1.jpg","contentUrl":"https:\/\/consortium.hr\/wp-content\/uploads\/2021\/02\/id-LOFT-ZASTITA-POD-TUS-PULT-1.jpg","width":700,"height":700},{"@type":"BreadcrumbList","@id":"https:\/\/consortium.hr\/product\/id-loft-zastita-pod-tus-pult\/#breadcrumb","itemListElement":[{"@type":"ListItem","position":1,"name":"Po\u010detna stranica","item":"https:\/\/consortium.hr\/sl\/"},{"@type":"ListItem","position":2,"name":"Shop","item":"https:\/\/consortium.hr\/sl\/shop\/"},{"@type":"ListItem","position":3,"name":"id LOFT za\u0161tita POD - TU\u0160 - PULT"}]},{"@type":"WebSite","@id":"https:\/\/consortium.hr\/#website","url":"https:\/\/consortium.hr\/","name":"Consortium","description":"Gra\u0111evinski Materijal - Odli\u010dna Ponuda i Cijena","alternateName":"Gra\u0111evinski Materijal - Odli\u010dna Ponuda i Cijena","potentialAction":[{"@type":"SearchAction","target":{"@type":"EntryPoint","urlTemplate":"https:\/\/consortium.hr\/?s={search_term_string}"},"query-input":{"@type":"PropertyValueSpecification","valueRequired":true,"valueName":"search_term_string"}}],"inLanguage":"sl-SI"}]}},"_links":{"self":[{"href":"http:\/\/consortium.hr\/sl\/wp-json\/wp\/v2\/product\/1226","targetHints":{"allow":["GET"]}}],"collection":[{"href":"http:\/\/consortium.hr\/sl\/wp-json\/wp\/v2\/product"}],"about":[{"href":"http:\/\/consortium.hr\/sl\/wp-json\/wp\/v2\/types\/product"}],"wp:featuredmedia":[{"embeddable":true,"href":"http:\/\/consortium.hr\/sl\/wp-json\/wp\/v2\/media\/891"}],"wp:attachment":[{"href":"http:\/\/consortium.hr\/sl\/wp-json\/wp\/v2\/media?parent=1226"}],"wp:term":[{"taxonomy":"product_brand","embeddable":true,"href":"http:\/\/consortium.hr\/sl\/wp-json\/wp\/v2\/product_brand?post=1226"},{"taxonomy":"product_cat","embeddable":true,"href":"http:\/\/consortium.hr\/sl\/wp-json\/wp\/v2\/product_cat?post=1226"},{"taxonomy":"product_tag","embeddable":true,"href":"http:\/\/consortium.hr\/sl\/wp-json\/wp\/v2\/product_tag?post=1226"}],"curies":[{"name":"wp","href":"https:\/\/api.w.org\/{rel}","templated":true}]}}