{"id":12497,"date":"2025-05-07T15:51:17","date_gmt":"2025-05-07T15:51:17","guid":{"rendered":"https:\/\/consortium.hr\/?post_type=product&#038;p=12497"},"modified":"2026-04-15T06:13:25","modified_gmt":"2026-04-15T06:13:25","slug":"baumit-starcontact-light-25-kg","status":"publish","type":"product","link":"http:\/\/consortium.hr\/sl\/product\/baumit-starcontact-light-25-kg\/","title":{"rendered":"Baumit StarContact Light 25 kg"},"content":{"rendered":"<p class=\"bodytext body-text-overwrite-for-mobil\"><strong>Debeloslojno ljepilo za lijepljenje i armiranje fasadnih plo\u010da<\/strong><\/p>\n<p class=\"introtext\">Mineralno, lagano pra\u0161kasto ljepilo na cementnoj bazi, za ljepljenje i armiranje fasadnih plo\u010da od stiropora (EPS-F, EPS-F plus) i kamene vune.<\/p>\n<p class=\"introtext\">Sadr\u017ei vlakna i granule EPS-a.<\/p>\n<p class=\"introtext\">Pogodno za debljinu nanosa 3 mm, 5 mm i 8 mm.<\/p>\n<ul class=\"highlights highlights-with-h2\">\n<li><strong>Lagano<\/strong><\/li>\n<li><strong>Izda\u0161no<\/strong><\/li>\n<li><strong>Debeloslojno<\/strong><\/li>\n<\/ul>","protected":false},"excerpt":{"rendered":"<p>Debeloslojno ljepilo za lijepljenje i armiranje fasadnih plo\u010da Mineralno, lagano pra\u0161kasto ljepilo na cementnoj bazi, za ljepljenje i armiranje fasadnih plo\u010da od stiropora (EPS-F, EPS-F plus) i kamene vune. Sadr\u017ei vlakna i granule EPS-a. Pogodno za debljinu nanosa 3 mm, 5 mm i 8 mm. Lagano Izda\u0161no Debeloslojno<\/p>","protected":false},"featured_media":12498,"template":"","meta":{"_acf_changed":false},"product_brand":[],"product_cat":[189,194],"product_tag":[],"class_list":{"0":"post-12497","1":"product","2":"type-product","3":"status-publish","4":"has-post-thumbnail","6":"product_cat-fasade","7":"product_cat-ljepila-za-fasadu","8":"product_shipping_class-bez-besplatne-dostave","10":"first","11":"instock","12":"shipping-taxable","13":"purchasable","14":"product-type-simple"},"acf":[],"yoast_head":"<!-- This site is optimized with the Yoast SEO plugin v26.1.1 - https:\/\/yoast.com\/wordpress\/plugins\/seo\/ -->\n<title>Baumit StarContact Light 25 kg - Consortium<\/title>\n<meta name=\"robots\" content=\"index, follow, max-snippet:-1, max-image-preview:large, max-video-preview:-1\" \/>\n<link rel=\"canonical\" href=\"https:\/\/consortium.hr\/sl\/product\/baumit-starcontact-light-25-kg\/\" \/>\n<meta property=\"og:locale\" content=\"sl_SI\" \/>\n<meta property=\"og:type\" content=\"article\" \/>\n<meta property=\"og:title\" content=\"Baumit StarContact Light 25 kg - Consortium\" \/>\n<meta property=\"og:description\" content=\"Debeloslojno ljepilo za lijepljenje i armiranje fasadnih plo\u010da Mineralno, lagano pra\u0161kasto ljepilo na cementnoj bazi, za ljepljenje i armiranje fasadnih plo\u010da od stiropora (EPS-F, EPS-F plus) i kamene vune. Sadr\u017ei vlakna i granule EPS-a. Pogodno za debljinu nanosa 3 mm, 5 mm i 8 mm. Lagano Izda\u0161no Debeloslojno\" \/>\n<meta property=\"og:url\" content=\"https:\/\/consortium.hr\/sl\/product\/baumit-starcontact-light-25-kg\/\" \/>\n<meta property=\"og:site_name\" content=\"Consortium\" \/>\n<meta property=\"article:modified_time\" content=\"2026-04-15T06:13:25+00:00\" \/>\n<meta property=\"og:image\" content=\"https:\/\/consortium.hr\/wp-content\/uploads\/2025\/05\/baumit-starcontact-light.png\" \/>\n\t<meta property=\"og:image:width\" content=\"800\" \/>\n\t<meta property=\"og:image:height\" content=\"800\" \/>\n\t<meta property=\"og:image:type\" content=\"image\/png\" \/>\n<meta name=\"twitter:card\" content=\"summary_large_image\" \/>\n<script type=\"application\/ld+json\" class=\"yoast-schema-graph\">{\"@context\":\"https:\/\/schema.org\",\"@graph\":[{\"@type\":\"WebPage\",\"@id\":\"https:\/\/consortium.hr\/product\/baumit-starcontact-light-25-kg\/\",\"url\":\"https:\/\/consortium.hr\/product\/baumit-starcontact-light-25-kg\/\",\"name\":\"Baumit StarContact Light 25 kg - Consortium\",\"isPartOf\":{\"@id\":\"https:\/\/consortium.hr\/#website\"},\"primaryImageOfPage\":{\"@id\":\"https:\/\/consortium.hr\/product\/baumit-starcontact-light-25-kg\/#primaryimage\"},\"image\":{\"@id\":\"https:\/\/consortium.hr\/product\/baumit-starcontact-light-25-kg\/#primaryimage\"},\"thumbnailUrl\":\"https:\/\/consortium.hr\/wp-content\/uploads\/2025\/05\/baumit-starcontact-light.png\",\"datePublished\":\"2025-05-07T15:51:17+00:00\",\"dateModified\":\"2026-04-15T06:13:25+00:00\",\"breadcrumb\":{\"@id\":\"https:\/\/consortium.hr\/product\/baumit-starcontact-light-25-kg\/#breadcrumb\"},\"inLanguage\":\"sl-SI\",\"potentialAction\":[{\"@type\":\"ReadAction\",\"target\":[\"https:\/\/consortium.hr\/product\/baumit-starcontact-light-25-kg\/\"]}]},{\"@type\":\"ImageObject\",\"inLanguage\":\"sl-SI\",\"@id\":\"https:\/\/consortium.hr\/product\/baumit-starcontact-light-25-kg\/#primaryimage\",\"url\":\"https:\/\/consortium.hr\/wp-content\/uploads\/2025\/05\/baumit-starcontact-light.png\",\"contentUrl\":\"https:\/\/consortium.hr\/wp-content\/uploads\/2025\/05\/baumit-starcontact-light.png\",\"width\":800,\"height\":800},{\"@type\":\"BreadcrumbList\",\"@id\":\"https:\/\/consortium.hr\/product\/baumit-starcontact-light-25-kg\/#breadcrumb\",\"itemListElement\":[{\"@type\":\"ListItem\",\"position\":1,\"name\":\"Po\u010detna stranica\",\"item\":\"https:\/\/consortium.hr\/sl\/\"},{\"@type\":\"ListItem\",\"position\":2,\"name\":\"Shop\",\"item\":\"https:\/\/consortium.hr\/sl\/shop\/\"},{\"@type\":\"ListItem\",\"position\":3,\"name\":\"Baumit StarContact Light 25 kg\"}]},{\"@type\":\"WebSite\",\"@id\":\"https:\/\/consortium.hr\/#website\",\"url\":\"https:\/\/consortium.hr\/\",\"name\":\"Consortium\",\"description\":\"Gra\u0111evinski Materijal - Odli\u010dna Ponuda i Cijena\",\"alternateName\":\"Gra\u0111evinski Materijal - Odli\u010dna Ponuda i Cijena\",\"potentialAction\":[{\"@type\":\"SearchAction\",\"target\":{\"@type\":\"EntryPoint\",\"urlTemplate\":\"https:\/\/consortium.hr\/?s={search_term_string}\"},\"query-input\":{\"@type\":\"PropertyValueSpecification\",\"valueRequired\":true,\"valueName\":\"search_term_string\"}}],\"inLanguage\":\"sl-SI\"}]}<\/script>\n<!-- \/ Yoast SEO plugin. -->","yoast_head_json":{"title":"Baumit StarContact Light 25 kg - Consortium","robots":{"index":"index","follow":"follow","max-snippet":"max-snippet:-1","max-image-preview":"max-image-preview:large","max-video-preview":"max-video-preview:-1"},"canonical":"https:\/\/consortium.hr\/sl\/product\/baumit-starcontact-light-25-kg\/","og_locale":"sl_SI","og_type":"article","og_title":"Baumit StarContact Light 25 kg - Consortium","og_description":"Debeloslojno ljepilo za lijepljenje i armiranje fasadnih plo\u010da Mineralno, lagano pra\u0161kasto ljepilo na cementnoj bazi, za ljepljenje i armiranje fasadnih plo\u010da od stiropora (EPS-F, EPS-F plus) i kamene vune. Sadr\u017ei vlakna i granule EPS-a. Pogodno za debljinu nanosa 3 mm, 5 mm i 8 mm. Lagano Izda\u0161no Debeloslojno","og_url":"https:\/\/consortium.hr\/sl\/product\/baumit-starcontact-light-25-kg\/","og_site_name":"Consortium","article_modified_time":"2026-04-15T06:13:25+00:00","og_image":[{"width":800,"height":800,"url":"https:\/\/consortium.hr\/wp-content\/uploads\/2025\/05\/baumit-starcontact-light.png","type":"image\/png"}],"twitter_card":"summary_large_image","schema":{"@context":"https:\/\/schema.org","@graph":[{"@type":"WebPage","@id":"https:\/\/consortium.hr\/product\/baumit-starcontact-light-25-kg\/","url":"https:\/\/consortium.hr\/product\/baumit-starcontact-light-25-kg\/","name":"Baumit StarContact Light 25 kg - Consortium","isPartOf":{"@id":"https:\/\/consortium.hr\/#website"},"primaryImageOfPage":{"@id":"https:\/\/consortium.hr\/product\/baumit-starcontact-light-25-kg\/#primaryimage"},"image":{"@id":"https:\/\/consortium.hr\/product\/baumit-starcontact-light-25-kg\/#primaryimage"},"thumbnailUrl":"https:\/\/consortium.hr\/wp-content\/uploads\/2025\/05\/baumit-starcontact-light.png","datePublished":"2025-05-07T15:51:17+00:00","dateModified":"2026-04-15T06:13:25+00:00","breadcrumb":{"@id":"https:\/\/consortium.hr\/product\/baumit-starcontact-light-25-kg\/#breadcrumb"},"inLanguage":"sl-SI","potentialAction":[{"@type":"ReadAction","target":["https:\/\/consortium.hr\/product\/baumit-starcontact-light-25-kg\/"]}]},{"@type":"ImageObject","inLanguage":"sl-SI","@id":"https:\/\/consortium.hr\/product\/baumit-starcontact-light-25-kg\/#primaryimage","url":"https:\/\/consortium.hr\/wp-content\/uploads\/2025\/05\/baumit-starcontact-light.png","contentUrl":"https:\/\/consortium.hr\/wp-content\/uploads\/2025\/05\/baumit-starcontact-light.png","width":800,"height":800},{"@type":"BreadcrumbList","@id":"https:\/\/consortium.hr\/product\/baumit-starcontact-light-25-kg\/#breadcrumb","itemListElement":[{"@type":"ListItem","position":1,"name":"Po\u010detna stranica","item":"https:\/\/consortium.hr\/sl\/"},{"@type":"ListItem","position":2,"name":"Shop","item":"https:\/\/consortium.hr\/sl\/shop\/"},{"@type":"ListItem","position":3,"name":"Baumit StarContact Light 25 kg"}]},{"@type":"WebSite","@id":"https:\/\/consortium.hr\/#website","url":"https:\/\/consortium.hr\/","name":"Consortium","description":"Gra\u0111evinski Materijal - Odli\u010dna Ponuda i Cijena","alternateName":"Gra\u0111evinski Materijal - Odli\u010dna Ponuda i Cijena","potentialAction":[{"@type":"SearchAction","target":{"@type":"EntryPoint","urlTemplate":"https:\/\/consortium.hr\/?s={search_term_string}"},"query-input":{"@type":"PropertyValueSpecification","valueRequired":true,"valueName":"search_term_string"}}],"inLanguage":"sl-SI"}]}},"_links":{"self":[{"href":"http:\/\/consortium.hr\/sl\/wp-json\/wp\/v2\/product\/12497","targetHints":{"allow":["GET"]}}],"collection":[{"href":"http:\/\/consortium.hr\/sl\/wp-json\/wp\/v2\/product"}],"about":[{"href":"http:\/\/consortium.hr\/sl\/wp-json\/wp\/v2\/types\/product"}],"wp:featuredmedia":[{"embeddable":true,"href":"http:\/\/consortium.hr\/sl\/wp-json\/wp\/v2\/media\/12498"}],"wp:attachment":[{"href":"http:\/\/consortium.hr\/sl\/wp-json\/wp\/v2\/media?parent=12497"}],"wp:term":[{"taxonomy":"product_brand","embeddable":true,"href":"http:\/\/consortium.hr\/sl\/wp-json\/wp\/v2\/product_brand?post=12497"},{"taxonomy":"product_cat","embeddable":true,"href":"http:\/\/consortium.hr\/sl\/wp-json\/wp\/v2\/product_cat?post=12497"},{"taxonomy":"product_tag","embeddable":true,"href":"http:\/\/consortium.hr\/sl\/wp-json\/wp\/v2\/product_tag?post=12497"}],"curies":[{"name":"wp","href":"https:\/\/api.w.org\/{rel}","templated":true}]}}