{"id":12607,"date":"2025-05-09T13:48:15","date_gmt":"2025-05-09T13:48:15","guid":{"rendered":"https:\/\/consortium.hr\/?post_type=product&#038;p=12607"},"modified":"2026-04-07T12:18:05","modified_gmt":"2026-04-07T12:18:05","slug":"draco-shield-600","status":"publish","type":"product","link":"http:\/\/consortium.hr\/sl\/product\/draco-shield-600\/","title":{"rendered":"Draco Shield 600"},"content":{"rendered":"<p><strong>Termo premaz protiv pojave kondenzacije i nastanka gljivica i plijesni.<br \/>\n<\/strong><br \/>\n<strong>Namjena:<\/strong>\u00a0Za\u0161titni anti-kondenzacijski premaz za hladne povr\u0161ine (armirano betonski zidovi i stupovi, neizolirani zidovi itd.) za sprje\u010davanje nastanka gljivica i plijesni.<\/p>\n<p><strong>Poraba:<\/strong>\u00a00,5 \u2013 0,7 l\/m\u00b2.<\/p>\n<p><strong>Boja:<\/strong>\u00a0Bijela.<\/p>\n<p><strong>Pakiranje: kanta 1 lit<\/strong><\/p>","protected":false},"excerpt":{"rendered":"<p>Termo premaz protiv pojave kondenzacije i nastanka gljivica i plijesni. Namjena:\u00a0Za\u0161titni anti-kondenzacijski premaz za hladne povr\u0161ine (armirano betonski zidovi i stupovi, neizolirani zidovi itd.) za sprje\u010davanje nastanka gljivica i plijesni. Potro\u0161nja:\u00a00,5 \u2013 0,7 l\/m\u00b2. Boja:\u00a0Bijela. Pakiranje: kanta 1 lit<\/p>","protected":false},"featured_media":12608,"template":"","meta":{"_acf_changed":false},"product_brand":[],"product_cat":[169,171],"product_tag":[],"class_list":{"0":"post-12607","1":"product","2":"type-product","3":"status-publish","4":"has-post-thumbnail","6":"product_cat-boje-i-lakovi","7":"product_cat-impregnacije-za-zidove","9":"first","10":"instock","11":"shipping-taxable","12":"purchasable","13":"product-type-simple"},"acf":[],"yoast_head":"<!-- This site is optimized with the Yoast SEO plugin v26.1.1 - https:\/\/yoast.com\/wordpress\/plugins\/seo\/ -->\n<title>Draco Shield 600 - Consortium<\/title>\n<meta name=\"robots\" content=\"index, follow, max-snippet:-1, max-image-preview:large, max-video-preview:-1\" \/>\n<link rel=\"canonical\" href=\"https:\/\/consortium.hr\/sl\/product\/draco-shield-600\/\" \/>\n<meta property=\"og:locale\" content=\"sl_SI\" \/>\n<meta property=\"og:type\" content=\"article\" \/>\n<meta property=\"og:title\" content=\"Draco Shield 600 - Consortium\" \/>\n<meta property=\"og:description\" content=\"Termo premaz protiv pojave kondenzacije i nastanka gljivica i plijesni. Namjena:\u00a0Za\u0161titni anti-kondenzacijski premaz za hladne povr\u0161ine (armirano betonski zidovi i stupovi, neizolirani zidovi itd.) za sprje\u010davanje nastanka gljivica i plijesni. Potro\u0161nja:\u00a00,5 \u2013 0,7 l\/m\u00b2. Boja:\u00a0Bijela. Pakiranje: kanta 1 lit\" \/>\n<meta property=\"og:url\" content=\"https:\/\/consortium.hr\/sl\/product\/draco-shield-600\/\" \/>\n<meta property=\"og:site_name\" content=\"Consortium\" \/>\n<meta property=\"article:modified_time\" content=\"2026-04-07T12:18:05+00:00\" \/>\n<meta property=\"og:image\" content=\"https:\/\/consortium.hr\/wp-content\/uploads\/2025\/05\/draco-shield-600.png\" \/>\n\t<meta property=\"og:image:width\" content=\"800\" \/>\n\t<meta property=\"og:image:height\" content=\"800\" \/>\n\t<meta property=\"og:image:type\" content=\"image\/png\" \/>\n<meta name=\"twitter:card\" content=\"summary_large_image\" \/>\n<script type=\"application\/ld+json\" class=\"yoast-schema-graph\">{\"@context\":\"https:\/\/schema.org\",\"@graph\":[{\"@type\":\"WebPage\",\"@id\":\"https:\/\/consortium.hr\/product\/draco-shield-600\/\",\"url\":\"https:\/\/consortium.hr\/product\/draco-shield-600\/\",\"name\":\"Draco Shield 600 - Consortium\",\"isPartOf\":{\"@id\":\"https:\/\/consortium.hr\/#website\"},\"primaryImageOfPage\":{\"@id\":\"https:\/\/consortium.hr\/product\/draco-shield-600\/#primaryimage\"},\"image\":{\"@id\":\"https:\/\/consortium.hr\/product\/draco-shield-600\/#primaryimage\"},\"thumbnailUrl\":\"https:\/\/consortium.hr\/wp-content\/uploads\/2025\/05\/draco-shield-600.png\",\"datePublished\":\"2025-05-09T13:48:15+00:00\",\"dateModified\":\"2026-04-07T12:18:05+00:00\",\"breadcrumb\":{\"@id\":\"https:\/\/consortium.hr\/product\/draco-shield-600\/#breadcrumb\"},\"inLanguage\":\"sl-SI\",\"potentialAction\":[{\"@type\":\"ReadAction\",\"target\":[\"https:\/\/consortium.hr\/product\/draco-shield-600\/\"]}]},{\"@type\":\"ImageObject\",\"inLanguage\":\"sl-SI\",\"@id\":\"https:\/\/consortium.hr\/product\/draco-shield-600\/#primaryimage\",\"url\":\"https:\/\/consortium.hr\/wp-content\/uploads\/2025\/05\/draco-shield-600.png\",\"contentUrl\":\"https:\/\/consortium.hr\/wp-content\/uploads\/2025\/05\/draco-shield-600.png\",\"width\":800,\"height\":800},{\"@type\":\"BreadcrumbList\",\"@id\":\"https:\/\/consortium.hr\/product\/draco-shield-600\/#breadcrumb\",\"itemListElement\":[{\"@type\":\"ListItem\",\"position\":1,\"name\":\"Po\u010detna stranica\",\"item\":\"https:\/\/consortium.hr\/sl\/\"},{\"@type\":\"ListItem\",\"position\":2,\"name\":\"Shop\",\"item\":\"https:\/\/consortium.hr\/sl\/shop\/\"},{\"@type\":\"ListItem\",\"position\":3,\"name\":\"Draco Shield 600\"}]},{\"@type\":\"WebSite\",\"@id\":\"https:\/\/consortium.hr\/#website\",\"url\":\"https:\/\/consortium.hr\/\",\"name\":\"Consortium\",\"description\":\"Gra\u0111evinski Materijal - Odli\u010dna Ponuda i Cijena\",\"alternateName\":\"Gra\u0111evinski Materijal - Odli\u010dna Ponuda i Cijena\",\"potentialAction\":[{\"@type\":\"SearchAction\",\"target\":{\"@type\":\"EntryPoint\",\"urlTemplate\":\"https:\/\/consortium.hr\/?s={search_term_string}\"},\"query-input\":{\"@type\":\"PropertyValueSpecification\",\"valueRequired\":true,\"valueName\":\"search_term_string\"}}],\"inLanguage\":\"sl-SI\"}]}<\/script>\n<!-- \/ Yoast SEO plugin. -->","yoast_head_json":{"title":"Draco Shield 600 - Consortium","robots":{"index":"index","follow":"follow","max-snippet":"max-snippet:-1","max-image-preview":"max-image-preview:large","max-video-preview":"max-video-preview:-1"},"canonical":"https:\/\/consortium.hr\/sl\/product\/draco-shield-600\/","og_locale":"sl_SI","og_type":"article","og_title":"Draco Shield 600 - Consortium","og_description":"Termo premaz protiv pojave kondenzacije i nastanka gljivica i plijesni. Namjena:\u00a0Za\u0161titni anti-kondenzacijski premaz za hladne povr\u0161ine (armirano betonski zidovi i stupovi, neizolirani zidovi itd.) za sprje\u010davanje nastanka gljivica i plijesni. Potro\u0161nja:\u00a00,5 \u2013 0,7 l\/m\u00b2. Boja:\u00a0Bijela. Pakiranje: kanta 1 lit","og_url":"https:\/\/consortium.hr\/sl\/product\/draco-shield-600\/","og_site_name":"Consortium","article_modified_time":"2026-04-07T12:18:05+00:00","og_image":[{"width":800,"height":800,"url":"https:\/\/consortium.hr\/wp-content\/uploads\/2025\/05\/draco-shield-600.png","type":"image\/png"}],"twitter_card":"summary_large_image","schema":{"@context":"https:\/\/schema.org","@graph":[{"@type":"WebPage","@id":"https:\/\/consortium.hr\/product\/draco-shield-600\/","url":"https:\/\/consortium.hr\/product\/draco-shield-600\/","name":"Draco Shield 600 - Consortium","isPartOf":{"@id":"https:\/\/consortium.hr\/#website"},"primaryImageOfPage":{"@id":"https:\/\/consortium.hr\/product\/draco-shield-600\/#primaryimage"},"image":{"@id":"https:\/\/consortium.hr\/product\/draco-shield-600\/#primaryimage"},"thumbnailUrl":"https:\/\/consortium.hr\/wp-content\/uploads\/2025\/05\/draco-shield-600.png","datePublished":"2025-05-09T13:48:15+00:00","dateModified":"2026-04-07T12:18:05+00:00","breadcrumb":{"@id":"https:\/\/consortium.hr\/product\/draco-shield-600\/#breadcrumb"},"inLanguage":"sl-SI","potentialAction":[{"@type":"ReadAction","target":["https:\/\/consortium.hr\/product\/draco-shield-600\/"]}]},{"@type":"ImageObject","inLanguage":"sl-SI","@id":"https:\/\/consortium.hr\/product\/draco-shield-600\/#primaryimage","url":"https:\/\/consortium.hr\/wp-content\/uploads\/2025\/05\/draco-shield-600.png","contentUrl":"https:\/\/consortium.hr\/wp-content\/uploads\/2025\/05\/draco-shield-600.png","width":800,"height":800},{"@type":"BreadcrumbList","@id":"https:\/\/consortium.hr\/product\/draco-shield-600\/#breadcrumb","itemListElement":[{"@type":"ListItem","position":1,"name":"Po\u010detna stranica","item":"https:\/\/consortium.hr\/sl\/"},{"@type":"ListItem","position":2,"name":"Shop","item":"https:\/\/consortium.hr\/sl\/shop\/"},{"@type":"ListItem","position":3,"name":"Draco Shield 600"}]},{"@type":"WebSite","@id":"https:\/\/consortium.hr\/#website","url":"https:\/\/consortium.hr\/","name":"Consortium","description":"Gra\u0111evinski Materijal - Odli\u010dna Ponuda i Cijena","alternateName":"Gra\u0111evinski Materijal - Odli\u010dna Ponuda i Cijena","potentialAction":[{"@type":"SearchAction","target":{"@type":"EntryPoint","urlTemplate":"https:\/\/consortium.hr\/?s={search_term_string}"},"query-input":{"@type":"PropertyValueSpecification","valueRequired":true,"valueName":"search_term_string"}}],"inLanguage":"sl-SI"}]}},"_links":{"self":[{"href":"http:\/\/consortium.hr\/sl\/wp-json\/wp\/v2\/product\/12607","targetHints":{"allow":["GET"]}}],"collection":[{"href":"http:\/\/consortium.hr\/sl\/wp-json\/wp\/v2\/product"}],"about":[{"href":"http:\/\/consortium.hr\/sl\/wp-json\/wp\/v2\/types\/product"}],"wp:featuredmedia":[{"embeddable":true,"href":"http:\/\/consortium.hr\/sl\/wp-json\/wp\/v2\/media\/12608"}],"wp:attachment":[{"href":"http:\/\/consortium.hr\/sl\/wp-json\/wp\/v2\/media?parent=12607"}],"wp:term":[{"taxonomy":"product_brand","embeddable":true,"href":"http:\/\/consortium.hr\/sl\/wp-json\/wp\/v2\/product_brand?post=12607"},{"taxonomy":"product_cat","embeddable":true,"href":"http:\/\/consortium.hr\/sl\/wp-json\/wp\/v2\/product_cat?post=12607"},{"taxonomy":"product_tag","embeddable":true,"href":"http:\/\/consortium.hr\/sl\/wp-json\/wp\/v2\/product_tag?post=12607"}],"curies":[{"name":"wp","href":"https:\/\/api.w.org\/{rel}","templated":true}]}}