{"id":12644,"date":"2025-05-09T15:42:25","date_gmt":"2025-05-09T15:42:25","guid":{"rendered":"https:\/\/consortium.hr\/?post_type=product&#038;p=12644"},"modified":"2026-03-25T17:23:54","modified_gmt":"2026-03-25T17:23:54","slug":"jupol-denikol","status":"publish","type":"product","link":"http:\/\/consortium.hr\/sl\/product\/jupol-denikol\/","title":{"rendered":"Jupol Denikol"},"content":{"rendered":"<p><strong>Sredstvo za izolaciju mrlja - temeljni premaz<\/strong><\/p>\n<p class=\"mb-5 pb-2\">Za unutarnje zidne i stropne povr\u0161ine sa mrljama, koje su brzo i lako topive u vodi.<\/p>\n<p class=\"mb-4\"><strong>Lastnosti<\/strong><\/p>\n<ul class=\"b-5 pb-2\">\n<li>U\u010dinkovito izolira mrlje nikotina, katrana, soli u mrljama od namakanja, tanina i drugih bojila, manje masne mrlje itd<\/li>\n<li>Premaz je na osnovi ga\u0161enog vapna i specijalnih dodataka<\/li>\n<\/ul>\n<p class=\"mb-4\"><strong>Prednosti i korisnosti<\/strong><\/p>\n<ul>\n<li>Idealan odabir za blokiranje raznih vrsta mrlja<\/li>\n<li>Enostavna uporaba<\/li>\n<\/ul>","protected":false},"excerpt":{"rendered":"<p>Sredstvo za izolaciju mrlja - temeljni premaz Za unutarnje zidne i stropne povr\u0161ine sa mrljama, koje su brzo i lako topive u vodi. Svojstva U\u010dinkovito izolira mrlje nikotina, katrana, soli u mrljama od namakanja, tanina i drugih bojila, manje masne mrlje itd Premaz je na osnovi ga\u0161enog vapna i specijalnih dodataka Prednosti i korisnosti Idealan [&hellip;]<\/p>","protected":false},"featured_media":12646,"template":"","meta":{"_acf_changed":false},"product_brand":[],"product_cat":[169,183,170],"product_tag":[],"class_list":{"0":"post-12644","1":"product","2":"type-product","3":"status-publish","4":"has-post-thumbnail","6":"product_cat-boje-i-lakovi","7":"product_cat-specijalne-boje","8":"product_cat-unutarnje-boje","10":"first","11":"instock","12":"shipping-taxable","13":"purchasable","14":"product-type-variable","15":"wvs-archive-product-wrapper"},"acf":[],"yoast_head":"<!-- This site is optimized with the Yoast SEO plugin v26.1.1 - https:\/\/yoast.com\/wordpress\/plugins\/seo\/ -->\n<title>Jupol Denikol - Consortium<\/title>\n<meta name=\"robots\" content=\"index, follow, max-snippet:-1, max-image-preview:large, max-video-preview:-1\" \/>\n<link rel=\"canonical\" href=\"https:\/\/consortium.hr\/sl\/product\/jupol-denikol\/\" \/>\n<meta property=\"og:locale\" content=\"sl_SI\" \/>\n<meta property=\"og:type\" content=\"article\" \/>\n<meta property=\"og:title\" content=\"Jupol Denikol - Consortium\" \/>\n<meta property=\"og:description\" content=\"Sredstvo za izolaciju mrlja - temeljni premaz Za unutarnje zidne i stropne povr\u0161ine sa mrljama, koje su brzo i lako topive u vodi. Svojstva U\u010dinkovito izolira mrlje nikotina, katrana, soli u mrljama od namakanja, tanina i drugih bojila, manje masne mrlje itd Premaz je na osnovi ga\u0161enog vapna i specijalnih dodataka Prednosti i korisnosti Idealan [&hellip;]\" \/>\n<meta property=\"og:url\" content=\"https:\/\/consortium.hr\/sl\/product\/jupol-denikol\/\" \/>\n<meta property=\"og:site_name\" content=\"Consortium\" \/>\n<meta property=\"article:modified_time\" content=\"2026-03-25T17:23:54+00:00\" \/>\n<meta property=\"og:image\" content=\"https:\/\/consortium.hr\/wp-content\/uploads\/2025\/05\/jupol-denikol.png\" \/>\n\t<meta property=\"og:image:width\" content=\"800\" \/>\n\t<meta property=\"og:image:height\" content=\"800\" \/>\n\t<meta property=\"og:image:type\" content=\"image\/png\" \/>\n<meta name=\"twitter:card\" content=\"summary_large_image\" \/>\n<script type=\"application\/ld+json\" class=\"yoast-schema-graph\">{\"@context\":\"https:\/\/schema.org\",\"@graph\":[{\"@type\":\"WebPage\",\"@id\":\"https:\/\/consortium.hr\/product\/jupol-denikol\/\",\"url\":\"https:\/\/consortium.hr\/product\/jupol-denikol\/\",\"name\":\"Jupol Denikol - Consortium\",\"isPartOf\":{\"@id\":\"https:\/\/consortium.hr\/#website\"},\"primaryImageOfPage\":{\"@id\":\"https:\/\/consortium.hr\/product\/jupol-denikol\/#primaryimage\"},\"image\":{\"@id\":\"https:\/\/consortium.hr\/product\/jupol-denikol\/#primaryimage\"},\"thumbnailUrl\":\"https:\/\/consortium.hr\/wp-content\/uploads\/2025\/05\/jupol-denikol.png\",\"datePublished\":\"2025-05-09T15:42:25+00:00\",\"dateModified\":\"2026-03-25T17:23:54+00:00\",\"breadcrumb\":{\"@id\":\"https:\/\/consortium.hr\/product\/jupol-denikol\/#breadcrumb\"},\"inLanguage\":\"sl-SI\",\"potentialAction\":[{\"@type\":\"ReadAction\",\"target\":[\"https:\/\/consortium.hr\/product\/jupol-denikol\/\"]}]},{\"@type\":\"ImageObject\",\"inLanguage\":\"sl-SI\",\"@id\":\"https:\/\/consortium.hr\/product\/jupol-denikol\/#primaryimage\",\"url\":\"https:\/\/consortium.hr\/wp-content\/uploads\/2025\/05\/jupol-denikol.png\",\"contentUrl\":\"https:\/\/consortium.hr\/wp-content\/uploads\/2025\/05\/jupol-denikol.png\",\"width\":800,\"height\":800},{\"@type\":\"BreadcrumbList\",\"@id\":\"https:\/\/consortium.hr\/product\/jupol-denikol\/#breadcrumb\",\"itemListElement\":[{\"@type\":\"ListItem\",\"position\":1,\"name\":\"Po\u010detna stranica\",\"item\":\"https:\/\/consortium.hr\/sl\/\"},{\"@type\":\"ListItem\",\"position\":2,\"name\":\"Shop\",\"item\":\"https:\/\/consortium.hr\/sl\/shop\/\"},{\"@type\":\"ListItem\",\"position\":3,\"name\":\"Jupol Denikol\"}]},{\"@type\":\"WebSite\",\"@id\":\"https:\/\/consortium.hr\/#website\",\"url\":\"https:\/\/consortium.hr\/\",\"name\":\"Consortium\",\"description\":\"Gra\u0111evinski Materijal - Odli\u010dna Ponuda i Cijena\",\"alternateName\":\"Gra\u0111evinski Materijal - Odli\u010dna Ponuda i Cijena\",\"potentialAction\":[{\"@type\":\"SearchAction\",\"target\":{\"@type\":\"EntryPoint\",\"urlTemplate\":\"https:\/\/consortium.hr\/?s={search_term_string}\"},\"query-input\":{\"@type\":\"PropertyValueSpecification\",\"valueRequired\":true,\"valueName\":\"search_term_string\"}}],\"inLanguage\":\"sl-SI\"}]}<\/script>\n<!-- \/ Yoast SEO plugin. -->","yoast_head_json":{"title":"Jupol Denikol - Consortium","robots":{"index":"index","follow":"follow","max-snippet":"max-snippet:-1","max-image-preview":"max-image-preview:large","max-video-preview":"max-video-preview:-1"},"canonical":"https:\/\/consortium.hr\/sl\/product\/jupol-denikol\/","og_locale":"sl_SI","og_type":"article","og_title":"Jupol Denikol - Consortium","og_description":"Sredstvo za izolaciju mrlja - temeljni premaz Za unutarnje zidne i stropne povr\u0161ine sa mrljama, koje su brzo i lako topive u vodi. Svojstva U\u010dinkovito izolira mrlje nikotina, katrana, soli u mrljama od namakanja, tanina i drugih bojila, manje masne mrlje itd Premaz je na osnovi ga\u0161enog vapna i specijalnih dodataka Prednosti i korisnosti Idealan [&hellip;]","og_url":"https:\/\/consortium.hr\/sl\/product\/jupol-denikol\/","og_site_name":"Consortium","article_modified_time":"2026-03-25T17:23:54+00:00","og_image":[{"width":800,"height":800,"url":"https:\/\/consortium.hr\/wp-content\/uploads\/2025\/05\/jupol-denikol.png","type":"image\/png"}],"twitter_card":"summary_large_image","schema":{"@context":"https:\/\/schema.org","@graph":[{"@type":"WebPage","@id":"https:\/\/consortium.hr\/product\/jupol-denikol\/","url":"https:\/\/consortium.hr\/product\/jupol-denikol\/","name":"Jupol Denikol - Consortium","isPartOf":{"@id":"https:\/\/consortium.hr\/#website"},"primaryImageOfPage":{"@id":"https:\/\/consortium.hr\/product\/jupol-denikol\/#primaryimage"},"image":{"@id":"https:\/\/consortium.hr\/product\/jupol-denikol\/#primaryimage"},"thumbnailUrl":"https:\/\/consortium.hr\/wp-content\/uploads\/2025\/05\/jupol-denikol.png","datePublished":"2025-05-09T15:42:25+00:00","dateModified":"2026-03-25T17:23:54+00:00","breadcrumb":{"@id":"https:\/\/consortium.hr\/product\/jupol-denikol\/#breadcrumb"},"inLanguage":"sl-SI","potentialAction":[{"@type":"ReadAction","target":["https:\/\/consortium.hr\/product\/jupol-denikol\/"]}]},{"@type":"ImageObject","inLanguage":"sl-SI","@id":"https:\/\/consortium.hr\/product\/jupol-denikol\/#primaryimage","url":"https:\/\/consortium.hr\/wp-content\/uploads\/2025\/05\/jupol-denikol.png","contentUrl":"https:\/\/consortium.hr\/wp-content\/uploads\/2025\/05\/jupol-denikol.png","width":800,"height":800},{"@type":"BreadcrumbList","@id":"https:\/\/consortium.hr\/product\/jupol-denikol\/#breadcrumb","itemListElement":[{"@type":"ListItem","position":1,"name":"Po\u010detna stranica","item":"https:\/\/consortium.hr\/sl\/"},{"@type":"ListItem","position":2,"name":"Shop","item":"https:\/\/consortium.hr\/sl\/shop\/"},{"@type":"ListItem","position":3,"name":"Jupol Denikol"}]},{"@type":"WebSite","@id":"https:\/\/consortium.hr\/#website","url":"https:\/\/consortium.hr\/","name":"Consortium","description":"Gra\u0111evinski Materijal - Odli\u010dna Ponuda i Cijena","alternateName":"Gra\u0111evinski Materijal - Odli\u010dna Ponuda i Cijena","potentialAction":[{"@type":"SearchAction","target":{"@type":"EntryPoint","urlTemplate":"https:\/\/consortium.hr\/?s={search_term_string}"},"query-input":{"@type":"PropertyValueSpecification","valueRequired":true,"valueName":"search_term_string"}}],"inLanguage":"sl-SI"}]}},"_links":{"self":[{"href":"http:\/\/consortium.hr\/sl\/wp-json\/wp\/v2\/product\/12644","targetHints":{"allow":["GET"]}}],"collection":[{"href":"http:\/\/consortium.hr\/sl\/wp-json\/wp\/v2\/product"}],"about":[{"href":"http:\/\/consortium.hr\/sl\/wp-json\/wp\/v2\/types\/product"}],"wp:featuredmedia":[{"embeddable":true,"href":"http:\/\/consortium.hr\/sl\/wp-json\/wp\/v2\/media\/12646"}],"wp:attachment":[{"href":"http:\/\/consortium.hr\/sl\/wp-json\/wp\/v2\/media?parent=12644"}],"wp:term":[{"taxonomy":"product_brand","embeddable":true,"href":"http:\/\/consortium.hr\/sl\/wp-json\/wp\/v2\/product_brand?post=12644"},{"taxonomy":"product_cat","embeddable":true,"href":"http:\/\/consortium.hr\/sl\/wp-json\/wp\/v2\/product_cat?post=12644"},{"taxonomy":"product_tag","embeddable":true,"href":"http:\/\/consortium.hr\/sl\/wp-json\/wp\/v2\/product_tag?post=12644"}],"curies":[{"name":"wp","href":"https:\/\/api.w.org\/{rel}","templated":true}]}}