{"id":17598,"date":"2026-02-17T15:11:27","date_gmt":"2026-02-17T15:11:27","guid":{"rendered":"https:\/\/consortium.hr\/?post_type=product&#038;p=17598"},"modified":"2026-04-09T08:08:07","modified_gmt":"2026-04-09T08:08:07","slug":"san-marco-atomo","status":"publish","type":"product","link":"http:\/\/consortium.hr\/sl\/product\/san-marco-atomo\/","title":{"rendered":"San Marco Atomo"},"content":{"rendered":"<p>Formuliran s polimerima s iznimno finim \u010desticama, nudi visoku mo\u0107 prodiranja i mo\u017ee u\u010dvrstiti zidne povr\u0161ine posebno sklone kredanju i ve\u0107 obojene s vi\u0161e zaostalih slojeva starih boja.<\/p>\n<p>Zahvaljuju\u0107i svojim performansama, ATOMO nudi valjano alternativno rje\u0161enje za kori\u0161tenje klasi\u010dnih vezivnih sredstava na bazi otapala, sa bitnom razlikom da se i nano\u0161enje i su\u0161enje odvijaju bez stvaranja bilo kakve emisije hlapljivih organskih spojeva (VOC).<\/p>\n<p>ATOMO pobolj\u0161ava koheziju i ujedna\u010dava upijanje potporne povr\u0161ine, stvaraju\u0107i idealno sidro za sljede\u0107e slojeve boje, izoliraju\u0107i ih od alkalnog okru\u017eenja tipi\u010dnog za beton i sli\u010dne povr\u0161ine.<\/p>\n<p>Specifikacije:<\/p>\n<ul>\n<li>Alati \u2013 \u010cetka, valjak<\/li>\n<li>Broj slojeva \u2013 1-2<\/li>\n<li>Razrje\u0111ivanje (\u010cetka) \u2013 Prema uputama<\/li>\n<li>Posebna svojstva \u2013 Proizvod temeljen na nanotehnologiji<\/li>\n<li>Kvaliteta zraka u zatvorenom A<\/li>\n<li>Razrje\u0111iva\u010d \u2013 Voda<\/li>\n<li>U\u010dinkovitost \u2013 5-18 m\u00b2\/l po sloju; 8-10 m\u00b2\/l po sloju na jako upojnim povr\u0161inama<\/li>\n<li>VOC \u2013 Slab VOC<\/li>\n<\/ul>","protected":false},"excerpt":{"rendered":"<p>Formuliran s polimerima s iznimno finim \u010desticama, nudi visoku mo\u0107 prodiranja i mo\u017ee u\u010dvrstiti zidne povr\u0161ine posebno sklone kredanju i ve\u0107 obojene s vi\u0161e zaostalih slojeva starih boja. Zahvaljuju\u0107i svojim performansama, ATOMO nudi valjano alternativno rje\u0161enje za kori\u0161tenje klasi\u010dnih vezivnih sredstava na bazi otapala, sa bitnom razlikom da se i nano\u0161enje i su\u0161enje odvijaju bez [&hellip;]<\/p>","protected":false},"featured_media":17601,"template":"","meta":{"_acf_changed":false},"product_brand":[],"product_cat":[169,171],"product_tag":[],"class_list":{"0":"post-17598","1":"product","2":"type-product","3":"status-publish","4":"has-post-thumbnail","6":"product_cat-boje-i-lakovi","7":"product_cat-impregnacije-za-zidove","9":"first","10":"instock","11":"shipping-taxable","12":"purchasable","13":"product-type-variable","14":"wvs-archive-product-wrapper"},"acf":[],"yoast_head":"<!-- This site is optimized with the Yoast SEO plugin v26.1.1 - https:\/\/yoast.com\/wordpress\/plugins\/seo\/ -->\n<title>San Marco Atomo - Consortium<\/title>\n<meta name=\"robots\" content=\"index, follow, max-snippet:-1, max-image-preview:large, max-video-preview:-1\" \/>\n<link rel=\"canonical\" href=\"https:\/\/consortium.hr\/sl\/product\/san-marco-atomo\/\" \/>\n<meta property=\"og:locale\" content=\"sl_SI\" \/>\n<meta property=\"og:type\" content=\"article\" \/>\n<meta property=\"og:title\" content=\"San Marco Atomo - Consortium\" \/>\n<meta property=\"og:description\" content=\"Formuliran s polimerima s iznimno finim \u010desticama, nudi visoku mo\u0107 prodiranja i mo\u017ee u\u010dvrstiti zidne povr\u0161ine posebno sklone kredanju i ve\u0107 obojene s vi\u0161e zaostalih slojeva starih boja. Zahvaljuju\u0107i svojim performansama, ATOMO nudi valjano alternativno rje\u0161enje za kori\u0161tenje klasi\u010dnih vezivnih sredstava na bazi otapala, sa bitnom razlikom da se i nano\u0161enje i su\u0161enje odvijaju bez [&hellip;]\" \/>\n<meta property=\"og:url\" content=\"https:\/\/consortium.hr\/sl\/product\/san-marco-atomo\/\" \/>\n<meta property=\"og:site_name\" content=\"Consortium\" \/>\n<meta property=\"article:modified_time\" content=\"2026-04-09T08:08:07+00:00\" \/>\n<meta property=\"og:image\" content=\"https:\/\/consortium.hr\/wp-content\/uploads\/2026\/02\/san-marco-atomo-e1771341183701.png\" \/>\n\t<meta property=\"og:image:width\" content=\"800\" \/>\n\t<meta property=\"og:image:height\" content=\"800\" \/>\n\t<meta property=\"og:image:type\" content=\"image\/png\" \/>\n<meta name=\"twitter:card\" content=\"summary_large_image\" \/>\n<meta name=\"twitter:label1\" content=\"Est. reading time\" \/>\n\t<meta name=\"twitter:data1\" content=\"1 minuta\" \/>\n<script type=\"application\/ld+json\" class=\"yoast-schema-graph\">{\"@context\":\"https:\/\/schema.org\",\"@graph\":[{\"@type\":\"WebPage\",\"@id\":\"https:\/\/consortium.hr\/product\/san-marco-atomo\/\",\"url\":\"https:\/\/consortium.hr\/product\/san-marco-atomo\/\",\"name\":\"San Marco Atomo - Consortium\",\"isPartOf\":{\"@id\":\"https:\/\/consortium.hr\/#website\"},\"primaryImageOfPage\":{\"@id\":\"https:\/\/consortium.hr\/product\/san-marco-atomo\/#primaryimage\"},\"image\":{\"@id\":\"https:\/\/consortium.hr\/product\/san-marco-atomo\/#primaryimage\"},\"thumbnailUrl\":\"https:\/\/consortium.hr\/wp-content\/uploads\/2026\/02\/san-marco-atomo-e1771341183701.png\",\"datePublished\":\"2026-02-17T15:11:27+00:00\",\"dateModified\":\"2026-04-09T08:08:07+00:00\",\"breadcrumb\":{\"@id\":\"https:\/\/consortium.hr\/product\/san-marco-atomo\/#breadcrumb\"},\"inLanguage\":\"sl-SI\",\"potentialAction\":[{\"@type\":\"ReadAction\",\"target\":[\"https:\/\/consortium.hr\/product\/san-marco-atomo\/\"]}]},{\"@type\":\"ImageObject\",\"inLanguage\":\"sl-SI\",\"@id\":\"https:\/\/consortium.hr\/product\/san-marco-atomo\/#primaryimage\",\"url\":\"https:\/\/consortium.hr\/wp-content\/uploads\/2026\/02\/san-marco-atomo-e1771341183701.png\",\"contentUrl\":\"https:\/\/consortium.hr\/wp-content\/uploads\/2026\/02\/san-marco-atomo-e1771341183701.png\",\"width\":800,\"height\":800},{\"@type\":\"BreadcrumbList\",\"@id\":\"https:\/\/consortium.hr\/product\/san-marco-atomo\/#breadcrumb\",\"itemListElement\":[{\"@type\":\"ListItem\",\"position\":1,\"name\":\"Po\u010detna stranica\",\"item\":\"https:\/\/consortium.hr\/sl\/\"},{\"@type\":\"ListItem\",\"position\":2,\"name\":\"Shop\",\"item\":\"https:\/\/consortium.hr\/sl\/shop\/\"},{\"@type\":\"ListItem\",\"position\":3,\"name\":\"San Marco Atomo\"}]},{\"@type\":\"WebSite\",\"@id\":\"https:\/\/consortium.hr\/#website\",\"url\":\"https:\/\/consortium.hr\/\",\"name\":\"Consortium\",\"description\":\"Gra\u0111evinski Materijal - Odli\u010dna Ponuda i Cijena\",\"alternateName\":\"Gra\u0111evinski Materijal - Odli\u010dna Ponuda i Cijena\",\"potentialAction\":[{\"@type\":\"SearchAction\",\"target\":{\"@type\":\"EntryPoint\",\"urlTemplate\":\"https:\/\/consortium.hr\/?s={search_term_string}\"},\"query-input\":{\"@type\":\"PropertyValueSpecification\",\"valueRequired\":true,\"valueName\":\"search_term_string\"}}],\"inLanguage\":\"sl-SI\"}]}<\/script>\n<!-- \/ Yoast SEO plugin. -->","yoast_head_json":{"title":"San Marco Atomo - Consortium","robots":{"index":"index","follow":"follow","max-snippet":"max-snippet:-1","max-image-preview":"max-image-preview:large","max-video-preview":"max-video-preview:-1"},"canonical":"https:\/\/consortium.hr\/sl\/product\/san-marco-atomo\/","og_locale":"sl_SI","og_type":"article","og_title":"San Marco Atomo - Consortium","og_description":"Formuliran s polimerima s iznimno finim \u010desticama, nudi visoku mo\u0107 prodiranja i mo\u017ee u\u010dvrstiti zidne povr\u0161ine posebno sklone kredanju i ve\u0107 obojene s vi\u0161e zaostalih slojeva starih boja. Zahvaljuju\u0107i svojim performansama, ATOMO nudi valjano alternativno rje\u0161enje za kori\u0161tenje klasi\u010dnih vezivnih sredstava na bazi otapala, sa bitnom razlikom da se i nano\u0161enje i su\u0161enje odvijaju bez [&hellip;]","og_url":"https:\/\/consortium.hr\/sl\/product\/san-marco-atomo\/","og_site_name":"Consortium","article_modified_time":"2026-04-09T08:08:07+00:00","og_image":[{"width":800,"height":800,"url":"https:\/\/consortium.hr\/wp-content\/uploads\/2026\/02\/san-marco-atomo-e1771341183701.png","type":"image\/png"}],"twitter_card":"summary_large_image","twitter_misc":{"Est. reading time":"1 minuta"},"schema":{"@context":"https:\/\/schema.org","@graph":[{"@type":"WebPage","@id":"https:\/\/consortium.hr\/product\/san-marco-atomo\/","url":"https:\/\/consortium.hr\/product\/san-marco-atomo\/","name":"San Marco Atomo - Consortium","isPartOf":{"@id":"https:\/\/consortium.hr\/#website"},"primaryImageOfPage":{"@id":"https:\/\/consortium.hr\/product\/san-marco-atomo\/#primaryimage"},"image":{"@id":"https:\/\/consortium.hr\/product\/san-marco-atomo\/#primaryimage"},"thumbnailUrl":"https:\/\/consortium.hr\/wp-content\/uploads\/2026\/02\/san-marco-atomo-e1771341183701.png","datePublished":"2026-02-17T15:11:27+00:00","dateModified":"2026-04-09T08:08:07+00:00","breadcrumb":{"@id":"https:\/\/consortium.hr\/product\/san-marco-atomo\/#breadcrumb"},"inLanguage":"sl-SI","potentialAction":[{"@type":"ReadAction","target":["https:\/\/consortium.hr\/product\/san-marco-atomo\/"]}]},{"@type":"ImageObject","inLanguage":"sl-SI","@id":"https:\/\/consortium.hr\/product\/san-marco-atomo\/#primaryimage","url":"https:\/\/consortium.hr\/wp-content\/uploads\/2026\/02\/san-marco-atomo-e1771341183701.png","contentUrl":"https:\/\/consortium.hr\/wp-content\/uploads\/2026\/02\/san-marco-atomo-e1771341183701.png","width":800,"height":800},{"@type":"BreadcrumbList","@id":"https:\/\/consortium.hr\/product\/san-marco-atomo\/#breadcrumb","itemListElement":[{"@type":"ListItem","position":1,"name":"Po\u010detna stranica","item":"https:\/\/consortium.hr\/sl\/"},{"@type":"ListItem","position":2,"name":"Shop","item":"https:\/\/consortium.hr\/sl\/shop\/"},{"@type":"ListItem","position":3,"name":"San Marco Atomo"}]},{"@type":"WebSite","@id":"https:\/\/consortium.hr\/#website","url":"https:\/\/consortium.hr\/","name":"Consortium","description":"Gra\u0111evinski Materijal - Odli\u010dna Ponuda i Cijena","alternateName":"Gra\u0111evinski Materijal - Odli\u010dna Ponuda i Cijena","potentialAction":[{"@type":"SearchAction","target":{"@type":"EntryPoint","urlTemplate":"https:\/\/consortium.hr\/?s={search_term_string}"},"query-input":{"@type":"PropertyValueSpecification","valueRequired":true,"valueName":"search_term_string"}}],"inLanguage":"sl-SI"}]}},"_links":{"self":[{"href":"http:\/\/consortium.hr\/sl\/wp-json\/wp\/v2\/product\/17598","targetHints":{"allow":["GET"]}}],"collection":[{"href":"http:\/\/consortium.hr\/sl\/wp-json\/wp\/v2\/product"}],"about":[{"href":"http:\/\/consortium.hr\/sl\/wp-json\/wp\/v2\/types\/product"}],"wp:featuredmedia":[{"embeddable":true,"href":"http:\/\/consortium.hr\/sl\/wp-json\/wp\/v2\/media\/17601"}],"wp:attachment":[{"href":"http:\/\/consortium.hr\/sl\/wp-json\/wp\/v2\/media?parent=17598"}],"wp:term":[{"taxonomy":"product_brand","embeddable":true,"href":"http:\/\/consortium.hr\/sl\/wp-json\/wp\/v2\/product_brand?post=17598"},{"taxonomy":"product_cat","embeddable":true,"href":"http:\/\/consortium.hr\/sl\/wp-json\/wp\/v2\/product_cat?post=17598"},{"taxonomy":"product_tag","embeddable":true,"href":"http:\/\/consortium.hr\/sl\/wp-json\/wp\/v2\/product_tag?post=17598"}],"curies":[{"name":"wp","href":"https:\/\/api.w.org\/{rel}","templated":true}]}}