{"id":3913,"date":"2024-02-19T13:36:12","date_gmt":"2024-02-19T13:36:12","guid":{"rendered":"https:\/\/consortium.hr\/?post_type=product&#038;p=3913"},"modified":"2026-04-20T13:37:47","modified_gmt":"2026-04-20T13:37:47","slug":"baumit-estrih-e225","status":"publish","type":"product","link":"http:\/\/consortium.hr\/sl\/product\/baumit-estrih-e225\/","title":{"rendered":"Baumit estrih E225"},"content":{"rendered":"<div class=\"col-lg-12 product-info\">\n<div class=\"inner\">\n<p class=\"introtext\">Cementni estrih E 225 (EN 13813 CT-C20-F4) za plavajo\u010de, drsne in vezane estrihe, primeren tudi za talno ogrevanje (brez dodatkov!). Ustreza \u00d6NORM B 2232 ter \u00d6NORM EN 13813.<\/p>\n<ul class=\"highlights highlights-with-h2\">\n<li>Enostavna vgradnja<\/li>\n<li>Za notranjo in zunanjo uporabo<\/li>\n<li>Primeren za talno ogrevanje<\/li>\n<\/ul>\n<\/div>\n<\/div>\n<div class=\"col-lg-12 product-detail-container experts-advice\">\n<p class=\"bodytext body-text-overwrite-for-mobil\">Pred za\u010detkom del je treba povr\u0161ino preveriti glede trdnosti, ravnosti in vsebnosti vlage v skladu z \u00d6NORM B 2232. Med in po obdelavi je treba upo\u0161tevati smernice norme \u00d6NORM B 2232. Kot vezani estrih: Podlaga mora biti \u010dista, brez cementne ko\u017eice in izcvetavanja ter ne sme biti pe\u0161\u010dena.<\/p>\n<\/div>","protected":false},"excerpt":{"rendered":"<p>Cementni estrih E 225 (EN 13813 CT-C20-F4) za plivaju\u0107e, klizaju\u0107e i vezane estrihe, slu\u017ei i za podna grijanja (bez dodataka!). Odgovara \u00d6NORM B 2232, kao i \u00d6NORM EN 13813. jednostavna ugradnja za unutarnju i vanjsku primjenu pogodan za podno grijanje Prije po\u010detka radova povr\u0161inu treba ispitati na \u010dvrsto\u0107u, ravnost i sadr\u017eaj vlage u skladu s [&hellip;]<\/p>","protected":false},"featured_media":3914,"template":"","meta":{"_acf_changed":false},"product_brand":[],"product_cat":[212,209],"product_tag":[],"class_list":{"0":"post-3913","1":"product","2":"type-product","3":"status-publish","4":"has-post-thumbnail","6":"product_cat-beton-i-estrih","7":"product_cat-gradevinski-materijal","8":"product_shipping_class-bez-besplatne-dostave","10":"first","11":"instock","12":"shipping-taxable","13":"purchasable","14":"product-type-variable","15":"wvs-archive-product-wrapper"},"acf":[],"yoast_head":"<!-- This site is optimized with the Yoast SEO plugin v26.1.1 - https:\/\/yoast.com\/wordpress\/plugins\/seo\/ -->\n<title>Baumit estrih E225 - Consortium<\/title>\n<meta name=\"robots\" content=\"index, follow, max-snippet:-1, max-image-preview:large, max-video-preview:-1\" \/>\n<link rel=\"canonical\" href=\"https:\/\/consortium.hr\/sl\/product\/baumit-estrih-e225\/\" \/>\n<meta property=\"og:locale\" content=\"sl_SI\" \/>\n<meta property=\"og:type\" content=\"article\" \/>\n<meta property=\"og:title\" content=\"Baumit estrih E225 - Consortium\" \/>\n<meta property=\"og:description\" content=\"Cementni estrih E 225 (EN 13813 CT-C20-F4) za plivaju\u0107e, klizaju\u0107e i vezane estrihe, slu\u017ei i za podna grijanja (bez dodataka!). Odgovara \u00d6NORM B 2232, kao i \u00d6NORM EN 13813. jednostavna ugradnja za unutarnju i vanjsku primjenu pogodan za podno grijanje Prije po\u010detka radova povr\u0161inu treba ispitati na \u010dvrsto\u0107u, ravnost i sadr\u017eaj vlage u skladu s [&hellip;]\" \/>\n<meta property=\"og:url\" content=\"https:\/\/consortium.hr\/sl\/product\/baumit-estrih-e225\/\" \/>\n<meta property=\"og:site_name\" content=\"Consortium\" \/>\n<meta property=\"article:modified_time\" content=\"2026-04-20T13:37:47+00:00\" \/>\n<meta property=\"og:image\" content=\"https:\/\/consortium.hr\/wp-content\/uploads\/2024\/02\/im0056654.jpg\" \/>\n\t<meta property=\"og:image:width\" content=\"800\" \/>\n\t<meta property=\"og:image:height\" content=\"800\" \/>\n\t<meta property=\"og:image:type\" content=\"image\/jpeg\" \/>\n<meta name=\"twitter:card\" content=\"summary_large_image\" \/>\n<script type=\"application\/ld+json\" class=\"yoast-schema-graph\">{\"@context\":\"https:\/\/schema.org\",\"@graph\":[{\"@type\":\"WebPage\",\"@id\":\"https:\/\/consortium.hr\/product\/baumit-estrih-e225\/\",\"url\":\"https:\/\/consortium.hr\/product\/baumit-estrih-e225\/\",\"name\":\"Baumit estrih E225 - Consortium\",\"isPartOf\":{\"@id\":\"https:\/\/consortium.hr\/#website\"},\"primaryImageOfPage\":{\"@id\":\"https:\/\/consortium.hr\/product\/baumit-estrih-e225\/#primaryimage\"},\"image\":{\"@id\":\"https:\/\/consortium.hr\/product\/baumit-estrih-e225\/#primaryimage\"},\"thumbnailUrl\":\"https:\/\/consortium.hr\/wp-content\/uploads\/2024\/02\/im0056654.jpg\",\"datePublished\":\"2024-02-19T13:36:12+00:00\",\"dateModified\":\"2026-04-20T13:37:47+00:00\",\"breadcrumb\":{\"@id\":\"https:\/\/consortium.hr\/product\/baumit-estrih-e225\/#breadcrumb\"},\"inLanguage\":\"sl-SI\",\"potentialAction\":[{\"@type\":\"ReadAction\",\"target\":[\"https:\/\/consortium.hr\/product\/baumit-estrih-e225\/\"]}]},{\"@type\":\"ImageObject\",\"inLanguage\":\"sl-SI\",\"@id\":\"https:\/\/consortium.hr\/product\/baumit-estrih-e225\/#primaryimage\",\"url\":\"https:\/\/consortium.hr\/wp-content\/uploads\/2024\/02\/im0056654.jpg\",\"contentUrl\":\"https:\/\/consortium.hr\/wp-content\/uploads\/2024\/02\/im0056654.jpg\",\"width\":800,\"height\":800},{\"@type\":\"BreadcrumbList\",\"@id\":\"https:\/\/consortium.hr\/product\/baumit-estrih-e225\/#breadcrumb\",\"itemListElement\":[{\"@type\":\"ListItem\",\"position\":1,\"name\":\"Po\u010detna stranica\",\"item\":\"https:\/\/consortium.hr\/sl\/\"},{\"@type\":\"ListItem\",\"position\":2,\"name\":\"Shop\",\"item\":\"https:\/\/consortium.hr\/sl\/shop\/\"},{\"@type\":\"ListItem\",\"position\":3,\"name\":\"Baumit estrih E225\"}]},{\"@type\":\"WebSite\",\"@id\":\"https:\/\/consortium.hr\/#website\",\"url\":\"https:\/\/consortium.hr\/\",\"name\":\"Consortium\",\"description\":\"Gra\u0111evinski Materijal - Odli\u010dna Ponuda i Cijena\",\"alternateName\":\"Gra\u0111evinski Materijal - Odli\u010dna Ponuda i Cijena\",\"potentialAction\":[{\"@type\":\"SearchAction\",\"target\":{\"@type\":\"EntryPoint\",\"urlTemplate\":\"https:\/\/consortium.hr\/?s={search_term_string}\"},\"query-input\":{\"@type\":\"PropertyValueSpecification\",\"valueRequired\":true,\"valueName\":\"search_term_string\"}}],\"inLanguage\":\"sl-SI\"}]}<\/script>\n<!-- \/ Yoast SEO plugin. -->","yoast_head_json":{"title":"Baumit estrih E225 - Consortium","robots":{"index":"index","follow":"follow","max-snippet":"max-snippet:-1","max-image-preview":"max-image-preview:large","max-video-preview":"max-video-preview:-1"},"canonical":"https:\/\/consortium.hr\/sl\/product\/baumit-estrih-e225\/","og_locale":"sl_SI","og_type":"article","og_title":"Baumit estrih E225 - Consortium","og_description":"Cementni estrih E 225 (EN 13813 CT-C20-F4) za plivaju\u0107e, klizaju\u0107e i vezane estrihe, slu\u017ei i za podna grijanja (bez dodataka!). Odgovara \u00d6NORM B 2232, kao i \u00d6NORM EN 13813. jednostavna ugradnja za unutarnju i vanjsku primjenu pogodan za podno grijanje Prije po\u010detka radova povr\u0161inu treba ispitati na \u010dvrsto\u0107u, ravnost i sadr\u017eaj vlage u skladu s [&hellip;]","og_url":"https:\/\/consortium.hr\/sl\/product\/baumit-estrih-e225\/","og_site_name":"Consortium","article_modified_time":"2026-04-20T13:37:47+00:00","og_image":[{"width":800,"height":800,"url":"https:\/\/consortium.hr\/wp-content\/uploads\/2024\/02\/im0056654.jpg","type":"image\/jpeg"}],"twitter_card":"summary_large_image","schema":{"@context":"https:\/\/schema.org","@graph":[{"@type":"WebPage","@id":"https:\/\/consortium.hr\/product\/baumit-estrih-e225\/","url":"https:\/\/consortium.hr\/product\/baumit-estrih-e225\/","name":"Baumit estrih E225 - Consortium","isPartOf":{"@id":"https:\/\/consortium.hr\/#website"},"primaryImageOfPage":{"@id":"https:\/\/consortium.hr\/product\/baumit-estrih-e225\/#primaryimage"},"image":{"@id":"https:\/\/consortium.hr\/product\/baumit-estrih-e225\/#primaryimage"},"thumbnailUrl":"https:\/\/consortium.hr\/wp-content\/uploads\/2024\/02\/im0056654.jpg","datePublished":"2024-02-19T13:36:12+00:00","dateModified":"2026-04-20T13:37:47+00:00","breadcrumb":{"@id":"https:\/\/consortium.hr\/product\/baumit-estrih-e225\/#breadcrumb"},"inLanguage":"sl-SI","potentialAction":[{"@type":"ReadAction","target":["https:\/\/consortium.hr\/product\/baumit-estrih-e225\/"]}]},{"@type":"ImageObject","inLanguage":"sl-SI","@id":"https:\/\/consortium.hr\/product\/baumit-estrih-e225\/#primaryimage","url":"https:\/\/consortium.hr\/wp-content\/uploads\/2024\/02\/im0056654.jpg","contentUrl":"https:\/\/consortium.hr\/wp-content\/uploads\/2024\/02\/im0056654.jpg","width":800,"height":800},{"@type":"BreadcrumbList","@id":"https:\/\/consortium.hr\/product\/baumit-estrih-e225\/#breadcrumb","itemListElement":[{"@type":"ListItem","position":1,"name":"Po\u010detna stranica","item":"https:\/\/consortium.hr\/sl\/"},{"@type":"ListItem","position":2,"name":"Shop","item":"https:\/\/consortium.hr\/sl\/shop\/"},{"@type":"ListItem","position":3,"name":"Baumit estrih E225"}]},{"@type":"WebSite","@id":"https:\/\/consortium.hr\/#website","url":"https:\/\/consortium.hr\/","name":"Consortium","description":"Gra\u0111evinski Materijal - Odli\u010dna Ponuda i Cijena","alternateName":"Gra\u0111evinski Materijal - Odli\u010dna Ponuda i Cijena","potentialAction":[{"@type":"SearchAction","target":{"@type":"EntryPoint","urlTemplate":"https:\/\/consortium.hr\/?s={search_term_string}"},"query-input":{"@type":"PropertyValueSpecification","valueRequired":true,"valueName":"search_term_string"}}],"inLanguage":"sl-SI"}]}},"_links":{"self":[{"href":"http:\/\/consortium.hr\/sl\/wp-json\/wp\/v2\/product\/3913","targetHints":{"allow":["GET"]}}],"collection":[{"href":"http:\/\/consortium.hr\/sl\/wp-json\/wp\/v2\/product"}],"about":[{"href":"http:\/\/consortium.hr\/sl\/wp-json\/wp\/v2\/types\/product"}],"wp:featuredmedia":[{"embeddable":true,"href":"http:\/\/consortium.hr\/sl\/wp-json\/wp\/v2\/media\/3914"}],"wp:attachment":[{"href":"http:\/\/consortium.hr\/sl\/wp-json\/wp\/v2\/media?parent=3913"}],"wp:term":[{"taxonomy":"product_brand","embeddable":true,"href":"http:\/\/consortium.hr\/sl\/wp-json\/wp\/v2\/product_brand?post=3913"},{"taxonomy":"product_cat","embeddable":true,"href":"http:\/\/consortium.hr\/sl\/wp-json\/wp\/v2\/product_cat?post=3913"},{"taxonomy":"product_tag","embeddable":true,"href":"http:\/\/consortium.hr\/sl\/wp-json\/wp\/v2\/product_tag?post=3913"}],"curies":[{"name":"wp","href":"https:\/\/api.w.org\/{rel}","templated":true}]}}