{"id":3992,"date":"2024-02-21T12:45:38","date_gmt":"2024-02-21T12:45:38","guid":{"rendered":"https:\/\/consortium.hr\/?post_type=product&#038;p=3992"},"modified":"2026-04-16T13:22:43","modified_gmt":"2026-04-16T13:22:43","slug":"akrilatna-zbuka-sima-25kg","status":"publish","type":"product","link":"http:\/\/consortium.hr\/sl\/product\/akrilatna-zbuka-sima-25kg\/","title":{"rendered":"Akrilatni omet - SIMA 25 kg"},"content":{"rendered":"<p><strong>Akrilni zaklju\u010dni dekorativni omet z izjemno obdelovalnostjo, najpogostej\u0161a izbira v SIMATERM fasadnem sistemu z EPS plo\u0161\u010dami.<\/strong><\/p>\n<p>\u2713 ETAG 004<br \/>\n\u2713 nadpovpre\u010dna izdatnost<br \/>\n\u2713 visoka mehanska odpornost in elasti\u010dnost<br \/>\n\u2713 vodoodbojen in paroprepusten<\/p>","protected":false},"excerpt":{"rendered":"<p>Akrilna zavr\u0161na dekorativna \u017ebuka izuzetne obradivosti i naj\u010de\u0161\u0107i odabir u SIMATERM fasadnom sustavu s EPS plo\u010dama. \u2713 ETAG 004 \u2713 iznadprosje\u010dna izda\u0161nost \u2713 visoka mehani\u010dka otpornost i elasti\u010dnost \u2713 vodoodbojna i paropropusna<\/p>","protected":false},"featured_media":3993,"template":"","meta":{"_acf_changed":false},"product_brand":[],"product_cat":[189,193],"product_tag":[],"class_list":{"0":"post-3992","1":"product","2":"type-product","3":"status-publish","4":"has-post-thumbnail","6":"product_cat-fasade","7":"product_cat-zavrsne-dekorativne-zbuke","9":"first","10":"instock","11":"shipping-taxable","12":"purchasable","13":"product-type-variable","14":"wvs-archive-product-wrapper"},"acf":[],"yoast_head":"<!-- This site is optimized with the Yoast SEO plugin v26.1.1 - https:\/\/yoast.com\/wordpress\/plugins\/seo\/ -->\n<title>Akrilatna \u017ebuka - SIMA 25kg - Consortium<\/title>\n<meta name=\"robots\" content=\"index, follow, max-snippet:-1, max-image-preview:large, max-video-preview:-1\" \/>\n<link rel=\"canonical\" href=\"https:\/\/consortium.hr\/sl\/product\/akrilatna-zbuka-sima-25kg\/\" \/>\n<meta property=\"og:locale\" content=\"sl_SI\" \/>\n<meta property=\"og:type\" content=\"article\" \/>\n<meta property=\"og:title\" content=\"Akrilatna \u017ebuka - SIMA 25kg - Consortium\" \/>\n<meta property=\"og:description\" content=\"Akrilna zavr\u0161na dekorativna \u017ebuka izuzetne obradivosti i naj\u010de\u0161\u0107i odabir u SIMATERM fasadnom sustavu s EPS plo\u010dama. \u2713 ETAG 004 \u2713 iznadprosje\u010dna izda\u0161nost \u2713 visoka mehani\u010dka otpornost i elasti\u010dnost \u2713 vodoodbojna i paropropusna\" \/>\n<meta property=\"og:url\" content=\"https:\/\/consortium.hr\/sl\/product\/akrilatna-zbuka-sima-25kg\/\" \/>\n<meta property=\"og:site_name\" content=\"Consortium\" \/>\n<meta property=\"article:modified_time\" content=\"2026-04-16T13:22:43+00:00\" \/>\n<meta property=\"og:image\" content=\"https:\/\/consortium.hr\/wp-content\/uploads\/2024\/02\/SIMA-akrilat-2-1024x885-1.jpg\" \/>\n\t<meta property=\"og:image:width\" content=\"800\" \/>\n\t<meta property=\"og:image:height\" content=\"800\" \/>\n\t<meta property=\"og:image:type\" content=\"image\/jpeg\" \/>\n<meta name=\"twitter:card\" content=\"summary_large_image\" \/>\n<script type=\"application\/ld+json\" class=\"yoast-schema-graph\">{\"@context\":\"https:\/\/schema.org\",\"@graph\":[{\"@type\":\"WebPage\",\"@id\":\"https:\/\/consortium.hr\/product\/akrilatna-zbuka-sima-25kg\/\",\"url\":\"https:\/\/consortium.hr\/product\/akrilatna-zbuka-sima-25kg\/\",\"name\":\"Akrilatna \u017ebuka - SIMA 25kg - Consortium\",\"isPartOf\":{\"@id\":\"https:\/\/consortium.hr\/#website\"},\"primaryImageOfPage\":{\"@id\":\"https:\/\/consortium.hr\/product\/akrilatna-zbuka-sima-25kg\/#primaryimage\"},\"image\":{\"@id\":\"https:\/\/consortium.hr\/product\/akrilatna-zbuka-sima-25kg\/#primaryimage\"},\"thumbnailUrl\":\"https:\/\/consortium.hr\/wp-content\/uploads\/2024\/02\/SIMA-akrilat-2-1024x885-1.jpg\",\"datePublished\":\"2024-02-21T12:45:38+00:00\",\"dateModified\":\"2026-04-16T13:22:43+00:00\",\"breadcrumb\":{\"@id\":\"https:\/\/consortium.hr\/product\/akrilatna-zbuka-sima-25kg\/#breadcrumb\"},\"inLanguage\":\"sl-SI\",\"potentialAction\":[{\"@type\":\"ReadAction\",\"target\":[\"https:\/\/consortium.hr\/product\/akrilatna-zbuka-sima-25kg\/\"]}]},{\"@type\":\"ImageObject\",\"inLanguage\":\"sl-SI\",\"@id\":\"https:\/\/consortium.hr\/product\/akrilatna-zbuka-sima-25kg\/#primaryimage\",\"url\":\"https:\/\/consortium.hr\/wp-content\/uploads\/2024\/02\/SIMA-akrilat-2-1024x885-1.jpg\",\"contentUrl\":\"https:\/\/consortium.hr\/wp-content\/uploads\/2024\/02\/SIMA-akrilat-2-1024x885-1.jpg\",\"width\":800,\"height\":800},{\"@type\":\"BreadcrumbList\",\"@id\":\"https:\/\/consortium.hr\/product\/akrilatna-zbuka-sima-25kg\/#breadcrumb\",\"itemListElement\":[{\"@type\":\"ListItem\",\"position\":1,\"name\":\"Po\u010detna stranica\",\"item\":\"https:\/\/consortium.hr\/sl\/\"},{\"@type\":\"ListItem\",\"position\":2,\"name\":\"Shop\",\"item\":\"https:\/\/consortium.hr\/sl\/shop\/\"},{\"@type\":\"ListItem\",\"position\":3,\"name\":\"Akrilatna \u017ebuka - SIMA 25kg\"}]},{\"@type\":\"WebSite\",\"@id\":\"https:\/\/consortium.hr\/#website\",\"url\":\"https:\/\/consortium.hr\/\",\"name\":\"Consortium\",\"description\":\"Gra\u0111evinski Materijal - Odli\u010dna Ponuda i Cijena\",\"alternateName\":\"Gra\u0111evinski Materijal - Odli\u010dna Ponuda i Cijena\",\"potentialAction\":[{\"@type\":\"SearchAction\",\"target\":{\"@type\":\"EntryPoint\",\"urlTemplate\":\"https:\/\/consortium.hr\/?s={search_term_string}\"},\"query-input\":{\"@type\":\"PropertyValueSpecification\",\"valueRequired\":true,\"valueName\":\"search_term_string\"}}],\"inLanguage\":\"sl-SI\"}]}<\/script>\n<!-- \/ Yoast SEO plugin. -->","yoast_head_json":{"title":"Akrilatna \u017ebuka - SIMA 25kg - Consortium","robots":{"index":"index","follow":"follow","max-snippet":"max-snippet:-1","max-image-preview":"max-image-preview:large","max-video-preview":"max-video-preview:-1"},"canonical":"https:\/\/consortium.hr\/sl\/product\/akrilatna-zbuka-sima-25kg\/","og_locale":"sl_SI","og_type":"article","og_title":"Akrilatna \u017ebuka - SIMA 25kg - Consortium","og_description":"Akrilna zavr\u0161na dekorativna \u017ebuka izuzetne obradivosti i naj\u010de\u0161\u0107i odabir u SIMATERM fasadnom sustavu s EPS plo\u010dama. \u2713 ETAG 004 \u2713 iznadprosje\u010dna izda\u0161nost \u2713 visoka mehani\u010dka otpornost i elasti\u010dnost \u2713 vodoodbojna i paropropusna","og_url":"https:\/\/consortium.hr\/sl\/product\/akrilatna-zbuka-sima-25kg\/","og_site_name":"Consortium","article_modified_time":"2026-04-16T13:22:43+00:00","og_image":[{"width":800,"height":800,"url":"https:\/\/consortium.hr\/wp-content\/uploads\/2024\/02\/SIMA-akrilat-2-1024x885-1.jpg","type":"image\/jpeg"}],"twitter_card":"summary_large_image","schema":{"@context":"https:\/\/schema.org","@graph":[{"@type":"WebPage","@id":"https:\/\/consortium.hr\/product\/akrilatna-zbuka-sima-25kg\/","url":"https:\/\/consortium.hr\/product\/akrilatna-zbuka-sima-25kg\/","name":"Akrilatna \u017ebuka - SIMA 25kg - Consortium","isPartOf":{"@id":"https:\/\/consortium.hr\/#website"},"primaryImageOfPage":{"@id":"https:\/\/consortium.hr\/product\/akrilatna-zbuka-sima-25kg\/#primaryimage"},"image":{"@id":"https:\/\/consortium.hr\/product\/akrilatna-zbuka-sima-25kg\/#primaryimage"},"thumbnailUrl":"https:\/\/consortium.hr\/wp-content\/uploads\/2024\/02\/SIMA-akrilat-2-1024x885-1.jpg","datePublished":"2024-02-21T12:45:38+00:00","dateModified":"2026-04-16T13:22:43+00:00","breadcrumb":{"@id":"https:\/\/consortium.hr\/product\/akrilatna-zbuka-sima-25kg\/#breadcrumb"},"inLanguage":"sl-SI","potentialAction":[{"@type":"ReadAction","target":["https:\/\/consortium.hr\/product\/akrilatna-zbuka-sima-25kg\/"]}]},{"@type":"ImageObject","inLanguage":"sl-SI","@id":"https:\/\/consortium.hr\/product\/akrilatna-zbuka-sima-25kg\/#primaryimage","url":"https:\/\/consortium.hr\/wp-content\/uploads\/2024\/02\/SIMA-akrilat-2-1024x885-1.jpg","contentUrl":"https:\/\/consortium.hr\/wp-content\/uploads\/2024\/02\/SIMA-akrilat-2-1024x885-1.jpg","width":800,"height":800},{"@type":"BreadcrumbList","@id":"https:\/\/consortium.hr\/product\/akrilatna-zbuka-sima-25kg\/#breadcrumb","itemListElement":[{"@type":"ListItem","position":1,"name":"Po\u010detna stranica","item":"https:\/\/consortium.hr\/sl\/"},{"@type":"ListItem","position":2,"name":"Shop","item":"https:\/\/consortium.hr\/sl\/shop\/"},{"@type":"ListItem","position":3,"name":"Akrilatna \u017ebuka - SIMA 25kg"}]},{"@type":"WebSite","@id":"https:\/\/consortium.hr\/#website","url":"https:\/\/consortium.hr\/","name":"Consortium","description":"Gra\u0111evinski Materijal - Odli\u010dna Ponuda i Cijena","alternateName":"Gra\u0111evinski Materijal - Odli\u010dna Ponuda i Cijena","potentialAction":[{"@type":"SearchAction","target":{"@type":"EntryPoint","urlTemplate":"https:\/\/consortium.hr\/?s={search_term_string}"},"query-input":{"@type":"PropertyValueSpecification","valueRequired":true,"valueName":"search_term_string"}}],"inLanguage":"sl-SI"}]}},"_links":{"self":[{"href":"http:\/\/consortium.hr\/sl\/wp-json\/wp\/v2\/product\/3992","targetHints":{"allow":["GET"]}}],"collection":[{"href":"http:\/\/consortium.hr\/sl\/wp-json\/wp\/v2\/product"}],"about":[{"href":"http:\/\/consortium.hr\/sl\/wp-json\/wp\/v2\/types\/product"}],"wp:featuredmedia":[{"embeddable":true,"href":"http:\/\/consortium.hr\/sl\/wp-json\/wp\/v2\/media\/3993"}],"wp:attachment":[{"href":"http:\/\/consortium.hr\/sl\/wp-json\/wp\/v2\/media?parent=3992"}],"wp:term":[{"taxonomy":"product_brand","embeddable":true,"href":"http:\/\/consortium.hr\/sl\/wp-json\/wp\/v2\/product_brand?post=3992"},{"taxonomy":"product_cat","embeddable":true,"href":"http:\/\/consortium.hr\/sl\/wp-json\/wp\/v2\/product_cat?post=3992"},{"taxonomy":"product_tag","embeddable":true,"href":"http:\/\/consortium.hr\/sl\/wp-json\/wp\/v2\/product_tag?post=3992"}],"curies":[{"name":"wp","href":"https:\/\/api.w.org\/{rel}","templated":true}]}}