{"id":4845,"date":"2024-03-26T14:24:42","date_gmt":"2024-03-26T14:24:42","guid":{"rendered":"https:\/\/consortium.hr\/?post_type=product&#038;p=4845"},"modified":"2026-01-16T07:24:27","modified_gmt":"2026-01-16T07:24:27","slug":"maskirana-traka-smeda-60c","status":"publish","type":"product","link":"http:\/\/consortium.hr\/sl\/product\/maskirana-traka-smeda-60c\/","title":{"rendered":"Maskirna traka rjava 60C"},"content":{"rendered":"<p><strong>Samolepilna maskirna trak na osnovi impregniranega, vodoodpornega, \u0161ibkega krep papirja.<\/strong><\/p>\n<ul>\n<li class=\"docos-replyview-body docos-anchoredreplyview-body docos-replyview-body-emoji-reactable\" dir=\"ltr\">Odporen na zunanje agense, kot so topila za barve.<\/li>\n<li class=\"docos-replyview-body docos-anchoredreplyview-body docos-replyview-body-emoji-reactable\" dir=\"ltr\">Odporen na visoke temperature do 60\u00b0C.<\/li>\n<li class=\"docos-replyview-body docos-anchoredreplyview-body docos-replyview-body-emoji-reactable\" dir=\"ltr\">Enostavno se odstrani po uporabi, brez kakr\u0161nih koli ostankov lepila.<\/li>\n<\/ul>","protected":false},"excerpt":{"rendered":"<p>Samolepilni maskirni trak na osnovi impregniranega, vodoodpornega, rahlo krep papirja. Odporen na zunanje vplive, kot so topila za barve. Odporen na visoke temperature do 60 \u00b0C. Po uporabi ga je mogo\u010de enostavno odstraniti brez ostankov lepila.<\/p>","protected":false},"featured_media":4846,"template":"","meta":{"_acf_changed":false},"product_brand":[],"product_cat":[330,201],"product_tag":[],"class_list":{"0":"post-4845","1":"product","2":"type-product","3":"status-publish","4":"has-post-thumbnail","6":"product_cat-auto-kitovi-i-pribor","7":"product_cat-auto-program","9":"first","10":"instock","11":"shipping-taxable","12":"purchasable","13":"product-type-variable","14":"wvs-archive-product-wrapper"},"acf":[],"yoast_head":"<!-- This site is optimized with the Yoast SEO plugin v26.1.1 - https:\/\/yoast.com\/wordpress\/plugins\/seo\/ -->\n<title>Maskirana traka sme\u0111a 60C - Consortium<\/title>\n<meta name=\"robots\" content=\"index, follow, max-snippet:-1, max-image-preview:large, max-video-preview:-1\" \/>\n<link rel=\"canonical\" href=\"https:\/\/consortium.hr\/sl\/product\/maskirana-traka-smeda-60c\/\" \/>\n<meta property=\"og:locale\" content=\"sl_SI\" \/>\n<meta property=\"og:type\" content=\"article\" \/>\n<meta property=\"og:title\" content=\"Maskirana traka sme\u0111a 60C - Consortium\" \/>\n<meta property=\"og:description\" content=\"Samoljepljiva maskirna traka na bazi impregniranog, vodootpornog, slabog krep papira. Otporan na vanjske agense kao \u0161to su otapala za boje. Otporan na visoke temperature do 60\u00b0C. Lako se uklanja nakon upotrebe, bez ikakvih ostataka ljepila.\" \/>\n<meta property=\"og:url\" content=\"https:\/\/consortium.hr\/sl\/product\/maskirana-traka-smeda-60c\/\" \/>\n<meta property=\"og:site_name\" content=\"Consortium\" \/>\n<meta property=\"article:modified_time\" content=\"2026-01-16T07:24:27+00:00\" \/>\n<meta property=\"og:image\" content=\"https:\/\/consortium.hr\/wp-content\/uploads\/2024\/03\/110d68f5-a376-4f02-ab8c-72e3bc585a57.jpg\" \/>\n\t<meta property=\"og:image:width\" content=\"800\" \/>\n\t<meta property=\"og:image:height\" content=\"800\" \/>\n\t<meta property=\"og:image:type\" content=\"image\/jpeg\" \/>\n<meta name=\"twitter:card\" content=\"summary_large_image\" \/>\n<script type=\"application\/ld+json\" class=\"yoast-schema-graph\">{\"@context\":\"https:\/\/schema.org\",\"@graph\":[{\"@type\":\"WebPage\",\"@id\":\"https:\/\/consortium.hr\/product\/maskirana-traka-smeda-60c\/\",\"url\":\"https:\/\/consortium.hr\/product\/maskirana-traka-smeda-60c\/\",\"name\":\"Maskirana traka sme\u0111a 60C - Consortium\",\"isPartOf\":{\"@id\":\"https:\/\/consortium.hr\/#website\"},\"primaryImageOfPage\":{\"@id\":\"https:\/\/consortium.hr\/product\/maskirana-traka-smeda-60c\/#primaryimage\"},\"image\":{\"@id\":\"https:\/\/consortium.hr\/product\/maskirana-traka-smeda-60c\/#primaryimage\"},\"thumbnailUrl\":\"https:\/\/consortium.hr\/wp-content\/uploads\/2024\/03\/110d68f5-a376-4f02-ab8c-72e3bc585a57.jpg\",\"datePublished\":\"2024-03-26T14:24:42+00:00\",\"dateModified\":\"2026-01-16T07:24:27+00:00\",\"breadcrumb\":{\"@id\":\"https:\/\/consortium.hr\/product\/maskirana-traka-smeda-60c\/#breadcrumb\"},\"inLanguage\":\"sl-SI\",\"potentialAction\":[{\"@type\":\"ReadAction\",\"target\":[\"https:\/\/consortium.hr\/product\/maskirana-traka-smeda-60c\/\"]}]},{\"@type\":\"ImageObject\",\"inLanguage\":\"sl-SI\",\"@id\":\"https:\/\/consortium.hr\/product\/maskirana-traka-smeda-60c\/#primaryimage\",\"url\":\"https:\/\/consortium.hr\/wp-content\/uploads\/2024\/03\/110d68f5-a376-4f02-ab8c-72e3bc585a57.jpg\",\"contentUrl\":\"https:\/\/consortium.hr\/wp-content\/uploads\/2024\/03\/110d68f5-a376-4f02-ab8c-72e3bc585a57.jpg\",\"width\":800,\"height\":800},{\"@type\":\"BreadcrumbList\",\"@id\":\"https:\/\/consortium.hr\/product\/maskirana-traka-smeda-60c\/#breadcrumb\",\"itemListElement\":[{\"@type\":\"ListItem\",\"position\":1,\"name\":\"Po\u010detna stranica\",\"item\":\"https:\/\/consortium.hr\/sl\/\"},{\"@type\":\"ListItem\",\"position\":2,\"name\":\"Shop\",\"item\":\"https:\/\/consortium.hr\/sl\/shop\/\"},{\"@type\":\"ListItem\",\"position\":3,\"name\":\"Maskirana traka sme\u0111a 60C\"}]},{\"@type\":\"WebSite\",\"@id\":\"https:\/\/consortium.hr\/#website\",\"url\":\"https:\/\/consortium.hr\/\",\"name\":\"Consortium\",\"description\":\"Gra\u0111evinski Materijal - Odli\u010dna Ponuda i Cijena\",\"alternateName\":\"Gra\u0111evinski Materijal - Odli\u010dna Ponuda i Cijena\",\"potentialAction\":[{\"@type\":\"SearchAction\",\"target\":{\"@type\":\"EntryPoint\",\"urlTemplate\":\"https:\/\/consortium.hr\/?s={search_term_string}\"},\"query-input\":{\"@type\":\"PropertyValueSpecification\",\"valueRequired\":true,\"valueName\":\"search_term_string\"}}],\"inLanguage\":\"sl-SI\"}]}<\/script>\n<!-- \/ Yoast SEO plugin. -->","yoast_head_json":{"title":"Maskirana traka sme\u0111a 60C - Consortium","robots":{"index":"index","follow":"follow","max-snippet":"max-snippet:-1","max-image-preview":"max-image-preview:large","max-video-preview":"max-video-preview:-1"},"canonical":"https:\/\/consortium.hr\/sl\/product\/maskirana-traka-smeda-60c\/","og_locale":"sl_SI","og_type":"article","og_title":"Maskirana traka sme\u0111a 60C - Consortium","og_description":"Samoljepljiva maskirna traka na bazi impregniranog, vodootpornog, slabog krep papira. Otporan na vanjske agense kao \u0161to su otapala za boje. Otporan na visoke temperature do 60\u00b0C. Lako se uklanja nakon upotrebe, bez ikakvih ostataka ljepila.","og_url":"https:\/\/consortium.hr\/sl\/product\/maskirana-traka-smeda-60c\/","og_site_name":"Consortium","article_modified_time":"2026-01-16T07:24:27+00:00","og_image":[{"width":800,"height":800,"url":"https:\/\/consortium.hr\/wp-content\/uploads\/2024\/03\/110d68f5-a376-4f02-ab8c-72e3bc585a57.jpg","type":"image\/jpeg"}],"twitter_card":"summary_large_image","schema":{"@context":"https:\/\/schema.org","@graph":[{"@type":"WebPage","@id":"https:\/\/consortium.hr\/product\/maskirana-traka-smeda-60c\/","url":"https:\/\/consortium.hr\/product\/maskirana-traka-smeda-60c\/","name":"Maskirana traka sme\u0111a 60C - Consortium","isPartOf":{"@id":"https:\/\/consortium.hr\/#website"},"primaryImageOfPage":{"@id":"https:\/\/consortium.hr\/product\/maskirana-traka-smeda-60c\/#primaryimage"},"image":{"@id":"https:\/\/consortium.hr\/product\/maskirana-traka-smeda-60c\/#primaryimage"},"thumbnailUrl":"https:\/\/consortium.hr\/wp-content\/uploads\/2024\/03\/110d68f5-a376-4f02-ab8c-72e3bc585a57.jpg","datePublished":"2024-03-26T14:24:42+00:00","dateModified":"2026-01-16T07:24:27+00:00","breadcrumb":{"@id":"https:\/\/consortium.hr\/product\/maskirana-traka-smeda-60c\/#breadcrumb"},"inLanguage":"sl-SI","potentialAction":[{"@type":"ReadAction","target":["https:\/\/consortium.hr\/product\/maskirana-traka-smeda-60c\/"]}]},{"@type":"ImageObject","inLanguage":"sl-SI","@id":"https:\/\/consortium.hr\/product\/maskirana-traka-smeda-60c\/#primaryimage","url":"https:\/\/consortium.hr\/wp-content\/uploads\/2024\/03\/110d68f5-a376-4f02-ab8c-72e3bc585a57.jpg","contentUrl":"https:\/\/consortium.hr\/wp-content\/uploads\/2024\/03\/110d68f5-a376-4f02-ab8c-72e3bc585a57.jpg","width":800,"height":800},{"@type":"BreadcrumbList","@id":"https:\/\/consortium.hr\/product\/maskirana-traka-smeda-60c\/#breadcrumb","itemListElement":[{"@type":"ListItem","position":1,"name":"Po\u010detna stranica","item":"https:\/\/consortium.hr\/sl\/"},{"@type":"ListItem","position":2,"name":"Shop","item":"https:\/\/consortium.hr\/sl\/shop\/"},{"@type":"ListItem","position":3,"name":"Maskirana traka sme\u0111a 60C"}]},{"@type":"WebSite","@id":"https:\/\/consortium.hr\/#website","url":"https:\/\/consortium.hr\/","name":"Consortium","description":"Gra\u0111evinski Materijal - Odli\u010dna Ponuda i Cijena","alternateName":"Gra\u0111evinski Materijal - Odli\u010dna Ponuda i Cijena","potentialAction":[{"@type":"SearchAction","target":{"@type":"EntryPoint","urlTemplate":"https:\/\/consortium.hr\/?s={search_term_string}"},"query-input":{"@type":"PropertyValueSpecification","valueRequired":true,"valueName":"search_term_string"}}],"inLanguage":"sl-SI"}]}},"_links":{"self":[{"href":"http:\/\/consortium.hr\/sl\/wp-json\/wp\/v2\/product\/4845","targetHints":{"allow":["GET"]}}],"collection":[{"href":"http:\/\/consortium.hr\/sl\/wp-json\/wp\/v2\/product"}],"about":[{"href":"http:\/\/consortium.hr\/sl\/wp-json\/wp\/v2\/types\/product"}],"wp:featuredmedia":[{"embeddable":true,"href":"http:\/\/consortium.hr\/sl\/wp-json\/wp\/v2\/media\/4846"}],"wp:attachment":[{"href":"http:\/\/consortium.hr\/sl\/wp-json\/wp\/v2\/media?parent=4845"}],"wp:term":[{"taxonomy":"product_brand","embeddable":true,"href":"http:\/\/consortium.hr\/sl\/wp-json\/wp\/v2\/product_brand?post=4845"},{"taxonomy":"product_cat","embeddable":true,"href":"http:\/\/consortium.hr\/sl\/wp-json\/wp\/v2\/product_cat?post=4845"},{"taxonomy":"product_tag","embeddable":true,"href":"http:\/\/consortium.hr\/sl\/wp-json\/wp\/v2\/product_tag?post=4845"}],"curies":[{"name":"wp","href":"https:\/\/api.w.org\/{rel}","templated":true}]}}