{"id":4874,"date":"2024-03-27T09:40:06","date_gmt":"2024-03-27T09:40:06","guid":{"rendered":"https:\/\/consortium.hr\/?post_type=product&#038;p=4874"},"modified":"2026-03-24T08:49:26","modified_gmt":"2026-03-24T08:49:26","slug":"340-plastofix-specijalni-primer-za-plastiku","status":"publish","type":"product","link":"http:\/\/consortium.hr\/sl\/product\/340-plastofix-specijalni-primer-za-plastiku\/","title":{"rendered":"340 Plastofix - posebni premaz za plastiko"},"content":{"rendered":"<p><strong>Specialni temelj za plastiko.<\/strong><\/p>\n<ul>\n<li>Izbolj\u0161uje adhezijo.<\/li>\n<li>Primeren za vse plasti\u010dne dele.<\/li>\n<\/ul>","protected":false},"excerpt":{"rendered":"<p>Specijalni primer za plastiku Pospje\u0161uje adheziju. Pogodan za sve plasti\u010dne dijelove.<\/p>","protected":false},"featured_media":10445,"template":"","meta":{"_acf_changed":false},"product_brand":[],"product_cat":[202,201],"product_tag":[],"class_list":{"0":"post-4874","1":"product","2":"type-product","3":"status-publish","4":"has-post-thumbnail","6":"product_cat-auto-lakovi","7":"product_cat-auto-program","9":"first","10":"outofstock","11":"shipping-taxable","12":"purchasable","13":"product-type-variable","14":"wvs-archive-product-wrapper"},"acf":[],"yoast_head":"<!-- This site is optimized with the Yoast SEO plugin v26.1.1 - https:\/\/yoast.com\/wordpress\/plugins\/seo\/ -->\n<title>340 Plastofix - specijalni primer za plastiku - Consortium<\/title>\n<meta name=\"robots\" content=\"index, follow, max-snippet:-1, max-image-preview:large, max-video-preview:-1\" \/>\n<link rel=\"canonical\" href=\"https:\/\/consortium.hr\/sl\/product\/340-plastofix-specijalni-primer-za-plastiku\/\" \/>\n<meta property=\"og:locale\" content=\"sl_SI\" \/>\n<meta property=\"og:type\" content=\"article\" \/>\n<meta property=\"og:title\" content=\"340 Plastofix - specijalni primer za plastiku - Consortium\" \/>\n<meta property=\"og:description\" content=\"Specijalni primer za plastiku Pospje\u0161uje adheziju. Pogodan za sve plasti\u010dne dijelove.\" \/>\n<meta property=\"og:url\" content=\"https:\/\/consortium.hr\/sl\/product\/340-plastofix-specijalni-primer-za-plastiku\/\" \/>\n<meta property=\"og:site_name\" content=\"Consortium\" \/>\n<meta property=\"article:modified_time\" content=\"2026-03-24T08:49:26+00:00\" \/>\n<meta property=\"og:image\" content=\"https:\/\/consortium.hr\/wp-content\/uploads\/2024\/03\/340-plastofix-1.png\" \/>\n\t<meta property=\"og:image:width\" content=\"800\" \/>\n\t<meta property=\"og:image:height\" content=\"800\" \/>\n\t<meta property=\"og:image:type\" content=\"image\/png\" \/>\n<meta name=\"twitter:card\" content=\"summary_large_image\" \/>\n<script type=\"application\/ld+json\" class=\"yoast-schema-graph\">{\"@context\":\"https:\/\/schema.org\",\"@graph\":[{\"@type\":\"WebPage\",\"@id\":\"https:\/\/consortium.hr\/product\/340-plastofix-specijalni-primer-za-plastiku\/\",\"url\":\"https:\/\/consortium.hr\/product\/340-plastofix-specijalni-primer-za-plastiku\/\",\"name\":\"340 Plastofix - specijalni primer za plastiku - Consortium\",\"isPartOf\":{\"@id\":\"https:\/\/consortium.hr\/#website\"},\"primaryImageOfPage\":{\"@id\":\"https:\/\/consortium.hr\/product\/340-plastofix-specijalni-primer-za-plastiku\/#primaryimage\"},\"image\":{\"@id\":\"https:\/\/consortium.hr\/product\/340-plastofix-specijalni-primer-za-plastiku\/#primaryimage\"},\"thumbnailUrl\":\"https:\/\/consortium.hr\/wp-content\/uploads\/2024\/03\/340-plastofix-1.png\",\"datePublished\":\"2024-03-27T09:40:06+00:00\",\"dateModified\":\"2026-03-24T08:49:26+00:00\",\"breadcrumb\":{\"@id\":\"https:\/\/consortium.hr\/product\/340-plastofix-specijalni-primer-za-plastiku\/#breadcrumb\"},\"inLanguage\":\"sl-SI\",\"potentialAction\":[{\"@type\":\"ReadAction\",\"target\":[\"https:\/\/consortium.hr\/product\/340-plastofix-specijalni-primer-za-plastiku\/\"]}]},{\"@type\":\"ImageObject\",\"inLanguage\":\"sl-SI\",\"@id\":\"https:\/\/consortium.hr\/product\/340-plastofix-specijalni-primer-za-plastiku\/#primaryimage\",\"url\":\"https:\/\/consortium.hr\/wp-content\/uploads\/2024\/03\/340-plastofix-1.png\",\"contentUrl\":\"https:\/\/consortium.hr\/wp-content\/uploads\/2024\/03\/340-plastofix-1.png\",\"width\":800,\"height\":800},{\"@type\":\"BreadcrumbList\",\"@id\":\"https:\/\/consortium.hr\/product\/340-plastofix-specijalni-primer-za-plastiku\/#breadcrumb\",\"itemListElement\":[{\"@type\":\"ListItem\",\"position\":1,\"name\":\"Po\u010detna stranica\",\"item\":\"https:\/\/consortium.hr\/sl\/\"},{\"@type\":\"ListItem\",\"position\":2,\"name\":\"Shop\",\"item\":\"https:\/\/consortium.hr\/sl\/shop\/\"},{\"@type\":\"ListItem\",\"position\":3,\"name\":\"340 Plastofix - specijalni primer za plastiku\"}]},{\"@type\":\"WebSite\",\"@id\":\"https:\/\/consortium.hr\/#website\",\"url\":\"https:\/\/consortium.hr\/\",\"name\":\"Consortium\",\"description\":\"Gra\u0111evinski Materijal - Odli\u010dna Ponuda i Cijena\",\"alternateName\":\"Gra\u0111evinski Materijal - Odli\u010dna Ponuda i Cijena\",\"potentialAction\":[{\"@type\":\"SearchAction\",\"target\":{\"@type\":\"EntryPoint\",\"urlTemplate\":\"https:\/\/consortium.hr\/?s={search_term_string}\"},\"query-input\":{\"@type\":\"PropertyValueSpecification\",\"valueRequired\":true,\"valueName\":\"search_term_string\"}}],\"inLanguage\":\"sl-SI\"}]}<\/script>\n<!-- \/ Yoast SEO plugin. -->","yoast_head_json":{"title":"340 Plastofix - specijalni primer za plastiku - Consortium","robots":{"index":"index","follow":"follow","max-snippet":"max-snippet:-1","max-image-preview":"max-image-preview:large","max-video-preview":"max-video-preview:-1"},"canonical":"https:\/\/consortium.hr\/sl\/product\/340-plastofix-specijalni-primer-za-plastiku\/","og_locale":"sl_SI","og_type":"article","og_title":"340 Plastofix - specijalni primer za plastiku - Consortium","og_description":"Specijalni primer za plastiku Pospje\u0161uje adheziju. Pogodan za sve plasti\u010dne dijelove.","og_url":"https:\/\/consortium.hr\/sl\/product\/340-plastofix-specijalni-primer-za-plastiku\/","og_site_name":"Consortium","article_modified_time":"2026-03-24T08:49:26+00:00","og_image":[{"width":800,"height":800,"url":"https:\/\/consortium.hr\/wp-content\/uploads\/2024\/03\/340-plastofix-1.png","type":"image\/png"}],"twitter_card":"summary_large_image","schema":{"@context":"https:\/\/schema.org","@graph":[{"@type":"WebPage","@id":"https:\/\/consortium.hr\/product\/340-plastofix-specijalni-primer-za-plastiku\/","url":"https:\/\/consortium.hr\/product\/340-plastofix-specijalni-primer-za-plastiku\/","name":"340 Plastofix - specijalni primer za plastiku - Consortium","isPartOf":{"@id":"https:\/\/consortium.hr\/#website"},"primaryImageOfPage":{"@id":"https:\/\/consortium.hr\/product\/340-plastofix-specijalni-primer-za-plastiku\/#primaryimage"},"image":{"@id":"https:\/\/consortium.hr\/product\/340-plastofix-specijalni-primer-za-plastiku\/#primaryimage"},"thumbnailUrl":"https:\/\/consortium.hr\/wp-content\/uploads\/2024\/03\/340-plastofix-1.png","datePublished":"2024-03-27T09:40:06+00:00","dateModified":"2026-03-24T08:49:26+00:00","breadcrumb":{"@id":"https:\/\/consortium.hr\/product\/340-plastofix-specijalni-primer-za-plastiku\/#breadcrumb"},"inLanguage":"sl-SI","potentialAction":[{"@type":"ReadAction","target":["https:\/\/consortium.hr\/product\/340-plastofix-specijalni-primer-za-plastiku\/"]}]},{"@type":"ImageObject","inLanguage":"sl-SI","@id":"https:\/\/consortium.hr\/product\/340-plastofix-specijalni-primer-za-plastiku\/#primaryimage","url":"https:\/\/consortium.hr\/wp-content\/uploads\/2024\/03\/340-plastofix-1.png","contentUrl":"https:\/\/consortium.hr\/wp-content\/uploads\/2024\/03\/340-plastofix-1.png","width":800,"height":800},{"@type":"BreadcrumbList","@id":"https:\/\/consortium.hr\/product\/340-plastofix-specijalni-primer-za-plastiku\/#breadcrumb","itemListElement":[{"@type":"ListItem","position":1,"name":"Po\u010detna stranica","item":"https:\/\/consortium.hr\/sl\/"},{"@type":"ListItem","position":2,"name":"Shop","item":"https:\/\/consortium.hr\/sl\/shop\/"},{"@type":"ListItem","position":3,"name":"340 Plastofix - specijalni primer za plastiku"}]},{"@type":"WebSite","@id":"https:\/\/consortium.hr\/#website","url":"https:\/\/consortium.hr\/","name":"Consortium","description":"Gra\u0111evinski Materijal - Odli\u010dna Ponuda i Cijena","alternateName":"Gra\u0111evinski Materijal - Odli\u010dna Ponuda i Cijena","potentialAction":[{"@type":"SearchAction","target":{"@type":"EntryPoint","urlTemplate":"https:\/\/consortium.hr\/?s={search_term_string}"},"query-input":{"@type":"PropertyValueSpecification","valueRequired":true,"valueName":"search_term_string"}}],"inLanguage":"sl-SI"}]}},"_links":{"self":[{"href":"http:\/\/consortium.hr\/sl\/wp-json\/wp\/v2\/product\/4874","targetHints":{"allow":["GET"]}}],"collection":[{"href":"http:\/\/consortium.hr\/sl\/wp-json\/wp\/v2\/product"}],"about":[{"href":"http:\/\/consortium.hr\/sl\/wp-json\/wp\/v2\/types\/product"}],"wp:featuredmedia":[{"embeddable":true,"href":"http:\/\/consortium.hr\/sl\/wp-json\/wp\/v2\/media\/10445"}],"wp:attachment":[{"href":"http:\/\/consortium.hr\/sl\/wp-json\/wp\/v2\/media?parent=4874"}],"wp:term":[{"taxonomy":"product_brand","embeddable":true,"href":"http:\/\/consortium.hr\/sl\/wp-json\/wp\/v2\/product_brand?post=4874"},{"taxonomy":"product_cat","embeddable":true,"href":"http:\/\/consortium.hr\/sl\/wp-json\/wp\/v2\/product_cat?post=4874"},{"taxonomy":"product_tag","embeddable":true,"href":"http:\/\/consortium.hr\/sl\/wp-json\/wp\/v2\/product_tag?post=4874"}],"curies":[{"name":"wp","href":"https:\/\/api.w.org\/{rel}","templated":true}]}}