{"id":4890,"date":"2024-03-27T09:51:38","date_gmt":"2024-03-27T09:51:38","guid":{"rendered":"https:\/\/consortium.hr\/?post_type=product&#038;p=4890"},"modified":"2026-01-16T07:24:28","modified_gmt":"2026-01-16T07:24:28","slug":"f213-uniplus-2k-poliesterski-kit","status":"publish","type":"product","link":"http:\/\/consortium.hr\/sl\/product\/f213-uniplus-2k-poliesterski-kit\/","title":{"rendered":"F213 Uniplus - 2K poliestrski kit"},"content":{"rendered":"<p><strong>2K univerzalni poliesterski kit.<\/strong><\/p>\n<ul>\n<li>Primeren za vse vrste povr\u0161in.<\/li>\n<li>Bru\u0161i se z granulacijo P100\u2013P180.<\/li>\n<\/ul>\n<p><strong>Utrjevalec ni prilo\u017een artiklu.<\/strong> Lahko ga kupite na povezavi:\u00a0<a href=\"https:\/\/consortium.hr\/sl\/trgovina\/auto-program\/lakovi-2k-1k-auto-kitovi-i-pribor\/ucvrscivac-za-kit\/\">Utrjevalec za kit<\/a><\/p>","protected":false},"excerpt":{"rendered":"<p>2K univerzalni poliesterski kit. Koristi se za sve vrste povr\u0161ina. Brusi se sa P 100 - P 180. U\u010dvr\u0161\u0107iva\u010d ne dolazi sa artiklom. Mo\u017eete ga kupiti na linku:\u00a0U\u010dvr\u0161\u0107iva\u010d za kit<\/p>","protected":false},"featured_media":4891,"template":"","meta":{"_acf_changed":false},"product_brand":[],"product_cat":[330,201],"product_tag":[],"class_list":{"0":"post-4890","1":"product","2":"type-product","3":"status-publish","4":"has-post-thumbnail","6":"product_cat-auto-kitovi-i-pribor","7":"product_cat-auto-program","9":"first","10":"instock","11":"shipping-taxable","12":"purchasable","13":"product-type-variable","14":"wvs-archive-product-wrapper"},"acf":[],"yoast_head":"<!-- This site is optimized with the Yoast SEO plugin v26.1.1 - https:\/\/yoast.com\/wordpress\/plugins\/seo\/ -->\n<title>F213 Uniplus - 2K poliesterski kit - Consortium<\/title>\n<meta name=\"robots\" content=\"index, follow, max-snippet:-1, max-image-preview:large, max-video-preview:-1\" \/>\n<link rel=\"canonical\" href=\"https:\/\/consortium.hr\/sl\/product\/f213-uniplus-2k-poliesterski-kit\/\" \/>\n<meta property=\"og:locale\" content=\"sl_SI\" \/>\n<meta property=\"og:type\" content=\"article\" \/>\n<meta property=\"og:title\" content=\"F213 Uniplus - 2K poliesterski kit - Consortium\" \/>\n<meta property=\"og:description\" content=\"2K univerzalni poliesterski kit. Koristi se za sve vrste povr\u0161ina. Brusi se sa P 100 - P 180. U\u010dvr\u0161\u0107iva\u010d ne dolazi sa artiklom. Mo\u017eete ga kupiti na linku:\u00a0U\u010dvr\u0161\u0107iva\u010d za kit\" \/>\n<meta property=\"og:url\" content=\"https:\/\/consortium.hr\/sl\/product\/f213-uniplus-2k-poliesterski-kit\/\" \/>\n<meta property=\"og:site_name\" content=\"Consortium\" \/>\n<meta property=\"article:modified_time\" content=\"2026-01-16T07:24:28+00:00\" \/>\n<meta property=\"og:image\" content=\"https:\/\/consortium.hr\/wp-content\/uploads\/2024\/03\/2f82ae74-cd98-4880-a14d-54aa7c5dd47e.jpg\" \/>\n\t<meta property=\"og:image:width\" content=\"800\" \/>\n\t<meta property=\"og:image:height\" content=\"800\" \/>\n\t<meta property=\"og:image:type\" content=\"image\/jpeg\" \/>\n<meta name=\"twitter:card\" content=\"summary_large_image\" \/>\n<script type=\"application\/ld+json\" class=\"yoast-schema-graph\">{\"@context\":\"https:\/\/schema.org\",\"@graph\":[{\"@type\":\"WebPage\",\"@id\":\"https:\/\/consortium.hr\/product\/f213-uniplus-2k-poliesterski-kit\/\",\"url\":\"https:\/\/consortium.hr\/product\/f213-uniplus-2k-poliesterski-kit\/\",\"name\":\"F213 Uniplus - 2K poliesterski kit - Consortium\",\"isPartOf\":{\"@id\":\"https:\/\/consortium.hr\/#website\"},\"primaryImageOfPage\":{\"@id\":\"https:\/\/consortium.hr\/product\/f213-uniplus-2k-poliesterski-kit\/#primaryimage\"},\"image\":{\"@id\":\"https:\/\/consortium.hr\/product\/f213-uniplus-2k-poliesterski-kit\/#primaryimage\"},\"thumbnailUrl\":\"https:\/\/consortium.hr\/wp-content\/uploads\/2024\/03\/2f82ae74-cd98-4880-a14d-54aa7c5dd47e.jpg\",\"datePublished\":\"2024-03-27T09:51:38+00:00\",\"dateModified\":\"2026-01-16T07:24:28+00:00\",\"breadcrumb\":{\"@id\":\"https:\/\/consortium.hr\/product\/f213-uniplus-2k-poliesterski-kit\/#breadcrumb\"},\"inLanguage\":\"sl-SI\",\"potentialAction\":[{\"@type\":\"ReadAction\",\"target\":[\"https:\/\/consortium.hr\/product\/f213-uniplus-2k-poliesterski-kit\/\"]}]},{\"@type\":\"ImageObject\",\"inLanguage\":\"sl-SI\",\"@id\":\"https:\/\/consortium.hr\/product\/f213-uniplus-2k-poliesterski-kit\/#primaryimage\",\"url\":\"https:\/\/consortium.hr\/wp-content\/uploads\/2024\/03\/2f82ae74-cd98-4880-a14d-54aa7c5dd47e.jpg\",\"contentUrl\":\"https:\/\/consortium.hr\/wp-content\/uploads\/2024\/03\/2f82ae74-cd98-4880-a14d-54aa7c5dd47e.jpg\",\"width\":800,\"height\":800},{\"@type\":\"BreadcrumbList\",\"@id\":\"https:\/\/consortium.hr\/product\/f213-uniplus-2k-poliesterski-kit\/#breadcrumb\",\"itemListElement\":[{\"@type\":\"ListItem\",\"position\":1,\"name\":\"Po\u010detna stranica\",\"item\":\"https:\/\/consortium.hr\/sl\/\"},{\"@type\":\"ListItem\",\"position\":2,\"name\":\"Shop\",\"item\":\"https:\/\/consortium.hr\/sl\/shop\/\"},{\"@type\":\"ListItem\",\"position\":3,\"name\":\"F213 Uniplus - 2K poliesterski kit\"}]},{\"@type\":\"WebSite\",\"@id\":\"https:\/\/consortium.hr\/#website\",\"url\":\"https:\/\/consortium.hr\/\",\"name\":\"Consortium\",\"description\":\"Gra\u0111evinski Materijal - Odli\u010dna Ponuda i Cijena\",\"alternateName\":\"Gra\u0111evinski Materijal - Odli\u010dna Ponuda i Cijena\",\"potentialAction\":[{\"@type\":\"SearchAction\",\"target\":{\"@type\":\"EntryPoint\",\"urlTemplate\":\"https:\/\/consortium.hr\/?s={search_term_string}\"},\"query-input\":{\"@type\":\"PropertyValueSpecification\",\"valueRequired\":true,\"valueName\":\"search_term_string\"}}],\"inLanguage\":\"sl-SI\"}]}<\/script>\n<!-- \/ Yoast SEO plugin. -->","yoast_head_json":{"title":"F213 Uniplus - 2K poliesterski kit - Consortium","robots":{"index":"index","follow":"follow","max-snippet":"max-snippet:-1","max-image-preview":"max-image-preview:large","max-video-preview":"max-video-preview:-1"},"canonical":"https:\/\/consortium.hr\/sl\/product\/f213-uniplus-2k-poliesterski-kit\/","og_locale":"sl_SI","og_type":"article","og_title":"F213 Uniplus - 2K poliesterski kit - Consortium","og_description":"2K univerzalni poliesterski kit. Koristi se za sve vrste povr\u0161ina. Brusi se sa P 100 - P 180. U\u010dvr\u0161\u0107iva\u010d ne dolazi sa artiklom. Mo\u017eete ga kupiti na linku:\u00a0U\u010dvr\u0161\u0107iva\u010d za kit","og_url":"https:\/\/consortium.hr\/sl\/product\/f213-uniplus-2k-poliesterski-kit\/","og_site_name":"Consortium","article_modified_time":"2026-01-16T07:24:28+00:00","og_image":[{"width":800,"height":800,"url":"https:\/\/consortium.hr\/wp-content\/uploads\/2024\/03\/2f82ae74-cd98-4880-a14d-54aa7c5dd47e.jpg","type":"image\/jpeg"}],"twitter_card":"summary_large_image","schema":{"@context":"https:\/\/schema.org","@graph":[{"@type":"WebPage","@id":"https:\/\/consortium.hr\/product\/f213-uniplus-2k-poliesterski-kit\/","url":"https:\/\/consortium.hr\/product\/f213-uniplus-2k-poliesterski-kit\/","name":"F213 Uniplus - 2K poliesterski kit - Consortium","isPartOf":{"@id":"https:\/\/consortium.hr\/#website"},"primaryImageOfPage":{"@id":"https:\/\/consortium.hr\/product\/f213-uniplus-2k-poliesterski-kit\/#primaryimage"},"image":{"@id":"https:\/\/consortium.hr\/product\/f213-uniplus-2k-poliesterski-kit\/#primaryimage"},"thumbnailUrl":"https:\/\/consortium.hr\/wp-content\/uploads\/2024\/03\/2f82ae74-cd98-4880-a14d-54aa7c5dd47e.jpg","datePublished":"2024-03-27T09:51:38+00:00","dateModified":"2026-01-16T07:24:28+00:00","breadcrumb":{"@id":"https:\/\/consortium.hr\/product\/f213-uniplus-2k-poliesterski-kit\/#breadcrumb"},"inLanguage":"sl-SI","potentialAction":[{"@type":"ReadAction","target":["https:\/\/consortium.hr\/product\/f213-uniplus-2k-poliesterski-kit\/"]}]},{"@type":"ImageObject","inLanguage":"sl-SI","@id":"https:\/\/consortium.hr\/product\/f213-uniplus-2k-poliesterski-kit\/#primaryimage","url":"https:\/\/consortium.hr\/wp-content\/uploads\/2024\/03\/2f82ae74-cd98-4880-a14d-54aa7c5dd47e.jpg","contentUrl":"https:\/\/consortium.hr\/wp-content\/uploads\/2024\/03\/2f82ae74-cd98-4880-a14d-54aa7c5dd47e.jpg","width":800,"height":800},{"@type":"BreadcrumbList","@id":"https:\/\/consortium.hr\/product\/f213-uniplus-2k-poliesterski-kit\/#breadcrumb","itemListElement":[{"@type":"ListItem","position":1,"name":"Po\u010detna stranica","item":"https:\/\/consortium.hr\/sl\/"},{"@type":"ListItem","position":2,"name":"Shop","item":"https:\/\/consortium.hr\/sl\/shop\/"},{"@type":"ListItem","position":3,"name":"F213 Uniplus - 2K poliesterski kit"}]},{"@type":"WebSite","@id":"https:\/\/consortium.hr\/#website","url":"https:\/\/consortium.hr\/","name":"Consortium","description":"Gra\u0111evinski Materijal - Odli\u010dna Ponuda i Cijena","alternateName":"Gra\u0111evinski Materijal - Odli\u010dna Ponuda i Cijena","potentialAction":[{"@type":"SearchAction","target":{"@type":"EntryPoint","urlTemplate":"https:\/\/consortium.hr\/?s={search_term_string}"},"query-input":{"@type":"PropertyValueSpecification","valueRequired":true,"valueName":"search_term_string"}}],"inLanguage":"sl-SI"}]}},"_links":{"self":[{"href":"http:\/\/consortium.hr\/sl\/wp-json\/wp\/v2\/product\/4890","targetHints":{"allow":["GET"]}}],"collection":[{"href":"http:\/\/consortium.hr\/sl\/wp-json\/wp\/v2\/product"}],"about":[{"href":"http:\/\/consortium.hr\/sl\/wp-json\/wp\/v2\/types\/product"}],"wp:featuredmedia":[{"embeddable":true,"href":"http:\/\/consortium.hr\/sl\/wp-json\/wp\/v2\/media\/4891"}],"wp:attachment":[{"href":"http:\/\/consortium.hr\/sl\/wp-json\/wp\/v2\/media?parent=4890"}],"wp:term":[{"taxonomy":"product_brand","embeddable":true,"href":"http:\/\/consortium.hr\/sl\/wp-json\/wp\/v2\/product_brand?post=4890"},{"taxonomy":"product_cat","embeddable":true,"href":"http:\/\/consortium.hr\/sl\/wp-json\/wp\/v2\/product_cat?post=4890"},{"taxonomy":"product_tag","embeddable":true,"href":"http:\/\/consortium.hr\/sl\/wp-json\/wp\/v2\/product_tag?post=4890"}],"curies":[{"name":"wp","href":"https:\/\/api.w.org\/{rel}","templated":true}]}}