{"id":4911,"date":"2024-03-27T10:22:31","date_gmt":"2024-03-27T10:22:31","guid":{"rendered":"https:\/\/consortium.hr\/?post_type=product&#038;p=4911"},"modified":"2026-04-15T08:58:53","modified_gmt":"2026-04-15T08:58:53","slug":"spray-930-underbody-bitumenska-zastita","status":"publish","type":"product","link":"http:\/\/consortium.hr\/sl\/product\/spray-930-underbody-bitumenska-zastita\/","title":{"rendered":"Spray 930 Underbody - bitumenska za\u0161\u010dita"},"content":{"rendered":"<p><strong>Bitumensko tiksotropno sredstvo, ki omogo\u010da odli\u010dno antikorozivno za\u0161\u010dito in za\u0161\u010dito pred kamen\u010dki. <\/strong><\/p>\n<ul>\n<li>Odli\u010dno se oprijema in ohranja elasti\u010dnost.<\/li>\n<li>Nana\u0161a se na spodnje dele vozila in ga ni mogo\u010de prebarvati.<\/li>\n<\/ul>","protected":false},"excerpt":{"rendered":"<p>Bitumensko tiksotropno sredstvo, ki omogo\u010da odli\u010dno antikorozijsko za\u0161\u010dito in za\u0161\u010dito pred kamen\u010dki. Ima odli\u010den oprijem in ohranja elasti\u010dnost. Nana\u0161a se na spodnje dele vozila in ni prebarvljivo.<\/p>","protected":false},"featured_media":4912,"template":"","meta":{"_acf_changed":false},"product_brand":[],"product_cat":[202,201],"product_tag":[],"class_list":{"0":"post-4911","1":"product","2":"type-product","3":"status-publish","4":"has-post-thumbnail","6":"product_cat-auto-lakovi","7":"product_cat-auto-program","9":"first","10":"instock","11":"shipping-taxable","12":"purchasable","13":"product-type-variable","14":"wvs-archive-product-wrapper"},"acf":[],"yoast_head":"<!-- This site is optimized with the Yoast SEO plugin v26.1.1 - https:\/\/yoast.com\/wordpress\/plugins\/seo\/ -->\n<title>Spray 930 Underbody - bitumenska za\u0161tita - Consortium<\/title>\n<meta name=\"robots\" content=\"index, follow, max-snippet:-1, max-image-preview:large, max-video-preview:-1\" \/>\n<link rel=\"canonical\" href=\"https:\/\/consortium.hr\/sl\/product\/spray-930-underbody-bitumenska-zastita\/\" \/>\n<meta property=\"og:locale\" content=\"sl_SI\" \/>\n<meta property=\"og:type\" content=\"article\" \/>\n<meta property=\"og:title\" content=\"Spray 930 Underbody - bitumenska za\u0161tita - Consortium\" \/>\n<meta property=\"og:description\" content=\"Bitumen tiksotropno sredstvo koje omogu\u0107ava odli\u010dnu antikorozivnu za\u0161titu i za\u0161titu od kamen\u010di\u0107a. Odli\u010dno prijanja i zadr\u017eava elasti\u010dnost. Nanosi se na donje dijelove vozila i ne mo\u017ee se prebojati.\" \/>\n<meta property=\"og:url\" content=\"https:\/\/consortium.hr\/sl\/product\/spray-930-underbody-bitumenska-zastita\/\" \/>\n<meta property=\"og:site_name\" content=\"Consortium\" \/>\n<meta property=\"article:modified_time\" content=\"2026-04-15T08:58:53+00:00\" \/>\n<meta property=\"og:image\" content=\"https:\/\/consortium.hr\/wp-content\/uploads\/2024\/03\/Spray-930-Underbody-bitumenska-zastita.jpg\" \/>\n\t<meta property=\"og:image:width\" content=\"800\" \/>\n\t<meta property=\"og:image:height\" content=\"800\" \/>\n\t<meta property=\"og:image:type\" content=\"image\/jpeg\" \/>\n<meta name=\"twitter:card\" content=\"summary_large_image\" \/>\n<script type=\"application\/ld+json\" class=\"yoast-schema-graph\">{\"@context\":\"https:\/\/schema.org\",\"@graph\":[{\"@type\":\"WebPage\",\"@id\":\"https:\/\/consortium.hr\/product\/spray-930-underbody-bitumenska-zastita\/\",\"url\":\"https:\/\/consortium.hr\/product\/spray-930-underbody-bitumenska-zastita\/\",\"name\":\"Spray 930 Underbody - bitumenska za\u0161tita - Consortium\",\"isPartOf\":{\"@id\":\"https:\/\/consortium.hr\/#website\"},\"primaryImageOfPage\":{\"@id\":\"https:\/\/consortium.hr\/product\/spray-930-underbody-bitumenska-zastita\/#primaryimage\"},\"image\":{\"@id\":\"https:\/\/consortium.hr\/product\/spray-930-underbody-bitumenska-zastita\/#primaryimage\"},\"thumbnailUrl\":\"https:\/\/consortium.hr\/wp-content\/uploads\/2024\/03\/Spray-930-Underbody-bitumenska-zastita.jpg\",\"datePublished\":\"2024-03-27T10:22:31+00:00\",\"dateModified\":\"2026-04-15T08:58:53+00:00\",\"breadcrumb\":{\"@id\":\"https:\/\/consortium.hr\/product\/spray-930-underbody-bitumenska-zastita\/#breadcrumb\"},\"inLanguage\":\"sl-SI\",\"potentialAction\":[{\"@type\":\"ReadAction\",\"target\":[\"https:\/\/consortium.hr\/product\/spray-930-underbody-bitumenska-zastita\/\"]}]},{\"@type\":\"ImageObject\",\"inLanguage\":\"sl-SI\",\"@id\":\"https:\/\/consortium.hr\/product\/spray-930-underbody-bitumenska-zastita\/#primaryimage\",\"url\":\"https:\/\/consortium.hr\/wp-content\/uploads\/2024\/03\/Spray-930-Underbody-bitumenska-zastita.jpg\",\"contentUrl\":\"https:\/\/consortium.hr\/wp-content\/uploads\/2024\/03\/Spray-930-Underbody-bitumenska-zastita.jpg\",\"width\":800,\"height\":800},{\"@type\":\"BreadcrumbList\",\"@id\":\"https:\/\/consortium.hr\/product\/spray-930-underbody-bitumenska-zastita\/#breadcrumb\",\"itemListElement\":[{\"@type\":\"ListItem\",\"position\":1,\"name\":\"Po\u010detna stranica\",\"item\":\"https:\/\/consortium.hr\/sl\/\"},{\"@type\":\"ListItem\",\"position\":2,\"name\":\"Shop\",\"item\":\"https:\/\/consortium.hr\/sl\/shop\/\"},{\"@type\":\"ListItem\",\"position\":3,\"name\":\"Spray 930 Underbody - bitumenska za\u0161tita\"}]},{\"@type\":\"WebSite\",\"@id\":\"https:\/\/consortium.hr\/#website\",\"url\":\"https:\/\/consortium.hr\/\",\"name\":\"Consortium\",\"description\":\"Gra\u0111evinski Materijal - Odli\u010dna Ponuda i Cijena\",\"alternateName\":\"Gra\u0111evinski Materijal - Odli\u010dna Ponuda i Cijena\",\"potentialAction\":[{\"@type\":\"SearchAction\",\"target\":{\"@type\":\"EntryPoint\",\"urlTemplate\":\"https:\/\/consortium.hr\/?s={search_term_string}\"},\"query-input\":{\"@type\":\"PropertyValueSpecification\",\"valueRequired\":true,\"valueName\":\"search_term_string\"}}],\"inLanguage\":\"sl-SI\"}]}<\/script>\n<!-- \/ Yoast SEO plugin. -->","yoast_head_json":{"title":"Spray 930 Underbody - bitumenska za\u0161tita - Consortium","robots":{"index":"index","follow":"follow","max-snippet":"max-snippet:-1","max-image-preview":"max-image-preview:large","max-video-preview":"max-video-preview:-1"},"canonical":"https:\/\/consortium.hr\/sl\/product\/spray-930-underbody-bitumenska-zastita\/","og_locale":"sl_SI","og_type":"article","og_title":"Spray 930 Underbody - bitumenska za\u0161tita - Consortium","og_description":"Bitumen tiksotropno sredstvo koje omogu\u0107ava odli\u010dnu antikorozivnu za\u0161titu i za\u0161titu od kamen\u010di\u0107a. Odli\u010dno prijanja i zadr\u017eava elasti\u010dnost. Nanosi se na donje dijelove vozila i ne mo\u017ee se prebojati.","og_url":"https:\/\/consortium.hr\/sl\/product\/spray-930-underbody-bitumenska-zastita\/","og_site_name":"Consortium","article_modified_time":"2026-04-15T08:58:53+00:00","og_image":[{"width":800,"height":800,"url":"https:\/\/consortium.hr\/wp-content\/uploads\/2024\/03\/Spray-930-Underbody-bitumenska-zastita.jpg","type":"image\/jpeg"}],"twitter_card":"summary_large_image","schema":{"@context":"https:\/\/schema.org","@graph":[{"@type":"WebPage","@id":"https:\/\/consortium.hr\/product\/spray-930-underbody-bitumenska-zastita\/","url":"https:\/\/consortium.hr\/product\/spray-930-underbody-bitumenska-zastita\/","name":"Spray 930 Underbody - bitumenska za\u0161tita - Consortium","isPartOf":{"@id":"https:\/\/consortium.hr\/#website"},"primaryImageOfPage":{"@id":"https:\/\/consortium.hr\/product\/spray-930-underbody-bitumenska-zastita\/#primaryimage"},"image":{"@id":"https:\/\/consortium.hr\/product\/spray-930-underbody-bitumenska-zastita\/#primaryimage"},"thumbnailUrl":"https:\/\/consortium.hr\/wp-content\/uploads\/2024\/03\/Spray-930-Underbody-bitumenska-zastita.jpg","datePublished":"2024-03-27T10:22:31+00:00","dateModified":"2026-04-15T08:58:53+00:00","breadcrumb":{"@id":"https:\/\/consortium.hr\/product\/spray-930-underbody-bitumenska-zastita\/#breadcrumb"},"inLanguage":"sl-SI","potentialAction":[{"@type":"ReadAction","target":["https:\/\/consortium.hr\/product\/spray-930-underbody-bitumenska-zastita\/"]}]},{"@type":"ImageObject","inLanguage":"sl-SI","@id":"https:\/\/consortium.hr\/product\/spray-930-underbody-bitumenska-zastita\/#primaryimage","url":"https:\/\/consortium.hr\/wp-content\/uploads\/2024\/03\/Spray-930-Underbody-bitumenska-zastita.jpg","contentUrl":"https:\/\/consortium.hr\/wp-content\/uploads\/2024\/03\/Spray-930-Underbody-bitumenska-zastita.jpg","width":800,"height":800},{"@type":"BreadcrumbList","@id":"https:\/\/consortium.hr\/product\/spray-930-underbody-bitumenska-zastita\/#breadcrumb","itemListElement":[{"@type":"ListItem","position":1,"name":"Po\u010detna stranica","item":"https:\/\/consortium.hr\/sl\/"},{"@type":"ListItem","position":2,"name":"Shop","item":"https:\/\/consortium.hr\/sl\/shop\/"},{"@type":"ListItem","position":3,"name":"Spray 930 Underbody - bitumenska za\u0161tita"}]},{"@type":"WebSite","@id":"https:\/\/consortium.hr\/#website","url":"https:\/\/consortium.hr\/","name":"Consortium","description":"Gra\u0111evinski Materijal - Odli\u010dna Ponuda i Cijena","alternateName":"Gra\u0111evinski Materijal - Odli\u010dna Ponuda i Cijena","potentialAction":[{"@type":"SearchAction","target":{"@type":"EntryPoint","urlTemplate":"https:\/\/consortium.hr\/?s={search_term_string}"},"query-input":{"@type":"PropertyValueSpecification","valueRequired":true,"valueName":"search_term_string"}}],"inLanguage":"sl-SI"}]}},"_links":{"self":[{"href":"http:\/\/consortium.hr\/sl\/wp-json\/wp\/v2\/product\/4911","targetHints":{"allow":["GET"]}}],"collection":[{"href":"http:\/\/consortium.hr\/sl\/wp-json\/wp\/v2\/product"}],"about":[{"href":"http:\/\/consortium.hr\/sl\/wp-json\/wp\/v2\/types\/product"}],"wp:featuredmedia":[{"embeddable":true,"href":"http:\/\/consortium.hr\/sl\/wp-json\/wp\/v2\/media\/4912"}],"wp:attachment":[{"href":"http:\/\/consortium.hr\/sl\/wp-json\/wp\/v2\/media?parent=4911"}],"wp:term":[{"taxonomy":"product_brand","embeddable":true,"href":"http:\/\/consortium.hr\/sl\/wp-json\/wp\/v2\/product_brand?post=4911"},{"taxonomy":"product_cat","embeddable":true,"href":"http:\/\/consortium.hr\/sl\/wp-json\/wp\/v2\/product_cat?post=4911"},{"taxonomy":"product_tag","embeddable":true,"href":"http:\/\/consortium.hr\/sl\/wp-json\/wp\/v2\/product_tag?post=4911"}],"curies":[{"name":"wp","href":"https:\/\/api.w.org\/{rel}","templated":true}]}}