{"id":7896,"date":"2024-07-15T10:34:58","date_gmt":"2024-07-15T10:34:58","guid":{"rendered":"https:\/\/consortium.hr\/?post_type=product&#038;p=7896"},"modified":"2026-01-16T07:19:50","modified_gmt":"2026-01-16T07:19:50","slug":"jednorucna-mjesalica-za-sudoper-kratka-3bc","status":"publish","type":"product","link":"http:\/\/consortium.hr\/sl\/product\/jednorucna-mjesalica-za-sudoper-kratka-3bc\/","title":{"rendered":"Enoro\u010dni me\u0161alnik za korito kratek 3BC"},"content":{"rendered":"<li>3 cevi<\/li>\n<li>Kratki izliv<\/li>\n<li>Kartu\u0161a \u00f8 40 mm<\/li>","protected":false},"excerpt":{"rendered":"<p>3 cijevi Kratki izljev Kartu\u0161a \u00f8 40 mm<\/p>","protected":false},"featured_media":7897,"template":"","meta":{"_acf_changed":false},"product_brand":[],"product_cat":[286,221,218],"product_tag":[],"class_list":{"0":"post-7896","1":"product","2":"type-product","3":"status-publish","4":"has-post-thumbnail","6":"product_cat-mjesalice-i-pribor","7":"product_cat-sanitarije","8":"product_cat-vodovod-i-sanitarije","10":"first","11":"instock","12":"shipping-taxable","13":"purchasable","14":"product-type-simple"},"acf":[],"yoast_head":"<!-- This site is optimized with the Yoast SEO plugin v26.1.1 - https:\/\/yoast.com\/wordpress\/plugins\/seo\/ -->\n<title>Jednoru\u010dna mje\u0161alica za sudoper kratka 3BC - Consortium<\/title>\n<meta name=\"robots\" content=\"index, follow, max-snippet:-1, max-image-preview:large, max-video-preview:-1\" \/>\n<link rel=\"canonical\" href=\"https:\/\/consortium.hr\/sl\/product\/jednorucna-mjesalica-za-sudoper-kratka-3bc\/\" \/>\n<meta property=\"og:locale\" content=\"sl_SI\" \/>\n<meta property=\"og:type\" content=\"article\" \/>\n<meta property=\"og:title\" content=\"Jednoru\u010dna mje\u0161alica za sudoper kratka 3BC - Consortium\" \/>\n<meta property=\"og:description\" content=\"3 cijevi Kratki izljev Kartu\u0161a \u00f8 40 mm\" \/>\n<meta property=\"og:url\" content=\"https:\/\/consortium.hr\/sl\/product\/jednorucna-mjesalica-za-sudoper-kratka-3bc\/\" \/>\n<meta property=\"og:site_name\" content=\"Consortium\" \/>\n<meta property=\"article:modified_time\" content=\"2026-01-16T07:19:50+00:00\" \/>\n<meta property=\"og:image\" content=\"https:\/\/consortium.hr\/wp-content\/uploads\/2024\/07\/Jednorucna-mjesalica-za-sudoper-kratka-3BC.jpg\" \/>\n\t<meta property=\"og:image:width\" content=\"800\" \/>\n\t<meta property=\"og:image:height\" content=\"800\" \/>\n\t<meta property=\"og:image:type\" content=\"image\/jpeg\" \/>\n<meta name=\"twitter:card\" content=\"summary_large_image\" \/>\n<script type=\"application\/ld+json\" class=\"yoast-schema-graph\">{\"@context\":\"https:\/\/schema.org\",\"@graph\":[{\"@type\":\"WebPage\",\"@id\":\"https:\/\/consortium.hr\/product\/jednorucna-mjesalica-za-sudoper-kratka-3bc\/\",\"url\":\"https:\/\/consortium.hr\/product\/jednorucna-mjesalica-za-sudoper-kratka-3bc\/\",\"name\":\"Jednoru\u010dna mje\u0161alica za sudoper kratka 3BC - Consortium\",\"isPartOf\":{\"@id\":\"https:\/\/consortium.hr\/#website\"},\"primaryImageOfPage\":{\"@id\":\"https:\/\/consortium.hr\/product\/jednorucna-mjesalica-za-sudoper-kratka-3bc\/#primaryimage\"},\"image\":{\"@id\":\"https:\/\/consortium.hr\/product\/jednorucna-mjesalica-za-sudoper-kratka-3bc\/#primaryimage\"},\"thumbnailUrl\":\"https:\/\/consortium.hr\/wp-content\/uploads\/2024\/07\/Jednorucna-mjesalica-za-sudoper-kratka-3BC.jpg\",\"datePublished\":\"2024-07-15T10:34:58+00:00\",\"dateModified\":\"2026-01-16T07:19:50+00:00\",\"breadcrumb\":{\"@id\":\"https:\/\/consortium.hr\/product\/jednorucna-mjesalica-za-sudoper-kratka-3bc\/#breadcrumb\"},\"inLanguage\":\"sl-SI\",\"potentialAction\":[{\"@type\":\"ReadAction\",\"target\":[\"https:\/\/consortium.hr\/product\/jednorucna-mjesalica-za-sudoper-kratka-3bc\/\"]}]},{\"@type\":\"ImageObject\",\"inLanguage\":\"sl-SI\",\"@id\":\"https:\/\/consortium.hr\/product\/jednorucna-mjesalica-za-sudoper-kratka-3bc\/#primaryimage\",\"url\":\"https:\/\/consortium.hr\/wp-content\/uploads\/2024\/07\/Jednorucna-mjesalica-za-sudoper-kratka-3BC.jpg\",\"contentUrl\":\"https:\/\/consortium.hr\/wp-content\/uploads\/2024\/07\/Jednorucna-mjesalica-za-sudoper-kratka-3BC.jpg\",\"width\":800,\"height\":800},{\"@type\":\"BreadcrumbList\",\"@id\":\"https:\/\/consortium.hr\/product\/jednorucna-mjesalica-za-sudoper-kratka-3bc\/#breadcrumb\",\"itemListElement\":[{\"@type\":\"ListItem\",\"position\":1,\"name\":\"Po\u010detna stranica\",\"item\":\"https:\/\/consortium.hr\/sl\/\"},{\"@type\":\"ListItem\",\"position\":2,\"name\":\"Shop\",\"item\":\"https:\/\/consortium.hr\/sl\/shop\/\"},{\"@type\":\"ListItem\",\"position\":3,\"name\":\"Jednoru\u010dna mje\u0161alica za sudoper kratka 3BC\"}]},{\"@type\":\"WebSite\",\"@id\":\"https:\/\/consortium.hr\/#website\",\"url\":\"https:\/\/consortium.hr\/\",\"name\":\"Consortium\",\"description\":\"Gra\u0111evinski Materijal - Odli\u010dna Ponuda i Cijena\",\"alternateName\":\"Gra\u0111evinski Materijal - Odli\u010dna Ponuda i Cijena\",\"potentialAction\":[{\"@type\":\"SearchAction\",\"target\":{\"@type\":\"EntryPoint\",\"urlTemplate\":\"https:\/\/consortium.hr\/?s={search_term_string}\"},\"query-input\":{\"@type\":\"PropertyValueSpecification\",\"valueRequired\":true,\"valueName\":\"search_term_string\"}}],\"inLanguage\":\"sl-SI\"}]}<\/script>\n<!-- \/ Yoast SEO plugin. -->","yoast_head_json":{"title":"Jednoru\u010dna mje\u0161alica za sudoper kratka 3BC - Consortium","robots":{"index":"index","follow":"follow","max-snippet":"max-snippet:-1","max-image-preview":"max-image-preview:large","max-video-preview":"max-video-preview:-1"},"canonical":"https:\/\/consortium.hr\/sl\/product\/jednorucna-mjesalica-za-sudoper-kratka-3bc\/","og_locale":"sl_SI","og_type":"article","og_title":"Jednoru\u010dna mje\u0161alica za sudoper kratka 3BC - Consortium","og_description":"3 cijevi Kratki izljev Kartu\u0161a \u00f8 40 mm","og_url":"https:\/\/consortium.hr\/sl\/product\/jednorucna-mjesalica-za-sudoper-kratka-3bc\/","og_site_name":"Consortium","article_modified_time":"2026-01-16T07:19:50+00:00","og_image":[{"width":800,"height":800,"url":"https:\/\/consortium.hr\/wp-content\/uploads\/2024\/07\/Jednorucna-mjesalica-za-sudoper-kratka-3BC.jpg","type":"image\/jpeg"}],"twitter_card":"summary_large_image","schema":{"@context":"https:\/\/schema.org","@graph":[{"@type":"WebPage","@id":"https:\/\/consortium.hr\/product\/jednorucna-mjesalica-za-sudoper-kratka-3bc\/","url":"https:\/\/consortium.hr\/product\/jednorucna-mjesalica-za-sudoper-kratka-3bc\/","name":"Jednoru\u010dna mje\u0161alica za sudoper kratka 3BC - Consortium","isPartOf":{"@id":"https:\/\/consortium.hr\/#website"},"primaryImageOfPage":{"@id":"https:\/\/consortium.hr\/product\/jednorucna-mjesalica-za-sudoper-kratka-3bc\/#primaryimage"},"image":{"@id":"https:\/\/consortium.hr\/product\/jednorucna-mjesalica-za-sudoper-kratka-3bc\/#primaryimage"},"thumbnailUrl":"https:\/\/consortium.hr\/wp-content\/uploads\/2024\/07\/Jednorucna-mjesalica-za-sudoper-kratka-3BC.jpg","datePublished":"2024-07-15T10:34:58+00:00","dateModified":"2026-01-16T07:19:50+00:00","breadcrumb":{"@id":"https:\/\/consortium.hr\/product\/jednorucna-mjesalica-za-sudoper-kratka-3bc\/#breadcrumb"},"inLanguage":"sl-SI","potentialAction":[{"@type":"ReadAction","target":["https:\/\/consortium.hr\/product\/jednorucna-mjesalica-za-sudoper-kratka-3bc\/"]}]},{"@type":"ImageObject","inLanguage":"sl-SI","@id":"https:\/\/consortium.hr\/product\/jednorucna-mjesalica-za-sudoper-kratka-3bc\/#primaryimage","url":"https:\/\/consortium.hr\/wp-content\/uploads\/2024\/07\/Jednorucna-mjesalica-za-sudoper-kratka-3BC.jpg","contentUrl":"https:\/\/consortium.hr\/wp-content\/uploads\/2024\/07\/Jednorucna-mjesalica-za-sudoper-kratka-3BC.jpg","width":800,"height":800},{"@type":"BreadcrumbList","@id":"https:\/\/consortium.hr\/product\/jednorucna-mjesalica-za-sudoper-kratka-3bc\/#breadcrumb","itemListElement":[{"@type":"ListItem","position":1,"name":"Po\u010detna stranica","item":"https:\/\/consortium.hr\/sl\/"},{"@type":"ListItem","position":2,"name":"Shop","item":"https:\/\/consortium.hr\/sl\/shop\/"},{"@type":"ListItem","position":3,"name":"Jednoru\u010dna mje\u0161alica za sudoper kratka 3BC"}]},{"@type":"WebSite","@id":"https:\/\/consortium.hr\/#website","url":"https:\/\/consortium.hr\/","name":"Consortium","description":"Gra\u0111evinski Materijal - Odli\u010dna Ponuda i Cijena","alternateName":"Gra\u0111evinski Materijal - Odli\u010dna Ponuda i Cijena","potentialAction":[{"@type":"SearchAction","target":{"@type":"EntryPoint","urlTemplate":"https:\/\/consortium.hr\/?s={search_term_string}"},"query-input":{"@type":"PropertyValueSpecification","valueRequired":true,"valueName":"search_term_string"}}],"inLanguage":"sl-SI"}]}},"_links":{"self":[{"href":"http:\/\/consortium.hr\/sl\/wp-json\/wp\/v2\/product\/7896","targetHints":{"allow":["GET"]}}],"collection":[{"href":"http:\/\/consortium.hr\/sl\/wp-json\/wp\/v2\/product"}],"about":[{"href":"http:\/\/consortium.hr\/sl\/wp-json\/wp\/v2\/types\/product"}],"wp:featuredmedia":[{"embeddable":true,"href":"http:\/\/consortium.hr\/sl\/wp-json\/wp\/v2\/media\/7897"}],"wp:attachment":[{"href":"http:\/\/consortium.hr\/sl\/wp-json\/wp\/v2\/media?parent=7896"}],"wp:term":[{"taxonomy":"product_brand","embeddable":true,"href":"http:\/\/consortium.hr\/sl\/wp-json\/wp\/v2\/product_brand?post=7896"},{"taxonomy":"product_cat","embeddable":true,"href":"http:\/\/consortium.hr\/sl\/wp-json\/wp\/v2\/product_cat?post=7896"},{"taxonomy":"product_tag","embeddable":true,"href":"http:\/\/consortium.hr\/sl\/wp-json\/wp\/v2\/product_tag?post=7896"}],"curies":[{"name":"wp","href":"https:\/\/api.w.org\/{rel}","templated":true}]}}