{"id":7908,"date":"2024-07-15T10:43:48","date_gmt":"2024-07-15T10:43:48","guid":{"rendered":"https:\/\/consortium.hr\/?post_type=product&#038;p=7908"},"modified":"2026-03-18T08:52:54","modified_gmt":"2026-03-18T08:52:54","slug":"slavina-za-hladnu-vodu-zidna-u-izljev","status":"publish","type":"product","link":"http:\/\/consortium.hr\/sl\/product\/slavina-za-hladnu-vodu-zidna-u-izljev\/","title":{"rendered":"Pipa za hladno vodo, stenska U-izliv"},"content":{"rendered":"<li>\"U\" izliv \u00f812 x 200 mm<\/li>\n<li>Kerami\u010dni obrat<\/li>\n<li>Dr\u017eava izvora: Srbija<\/li>","protected":false},"excerpt":{"rendered":"<p>\"U\" izljev \u00f812 x 200 mm Kerami\u010dki obrtaj Zemlja prrijekla: Srbija<\/p>","protected":false},"featured_media":7909,"template":"","meta":{"_acf_changed":false},"product_brand":[],"product_cat":[286,221,218],"product_tag":[],"class_list":{"0":"post-7908","1":"product","2":"type-product","3":"status-publish","4":"has-post-thumbnail","6":"product_cat-mjesalice-i-pribor","7":"product_cat-sanitarije","8":"product_cat-vodovod-i-sanitarije","10":"first","11":"instock","12":"shipping-taxable","13":"purchasable","14":"product-type-simple"},"acf":[],"yoast_head":"<!-- This site is optimized with the Yoast SEO plugin v26.1.1 - https:\/\/yoast.com\/wordpress\/plugins\/seo\/ -->\n<title>Slavina za hladnu vodu, zidna U-izljev - Consortium<\/title>\n<meta name=\"robots\" content=\"index, follow, max-snippet:-1, max-image-preview:large, max-video-preview:-1\" \/>\n<link rel=\"canonical\" href=\"https:\/\/consortium.hr\/sl\/product\/slavina-za-hladnu-vodu-zidna-u-izljev\/\" \/>\n<meta property=\"og:locale\" content=\"sl_SI\" \/>\n<meta property=\"og:type\" content=\"article\" \/>\n<meta property=\"og:title\" content=\"Slavina za hladnu vodu, zidna U-izljev - Consortium\" \/>\n<meta property=\"og:description\" content=\"&quot;U&quot; izljev \u00f812 x 200 mm Kerami\u010dki obrtaj Zemlja prrijekla: Srbija\" \/>\n<meta property=\"og:url\" content=\"https:\/\/consortium.hr\/sl\/product\/slavina-za-hladnu-vodu-zidna-u-izljev\/\" \/>\n<meta property=\"og:site_name\" content=\"Consortium\" \/>\n<meta property=\"article:modified_time\" content=\"2026-03-18T08:52:54+00:00\" \/>\n<meta property=\"og:image\" content=\"https:\/\/consortium.hr\/wp-content\/uploads\/2024\/07\/Slavina-za-hladnu-vodu-zidna-U-izljev.jpg\" \/>\n\t<meta property=\"og:image:width\" content=\"800\" \/>\n\t<meta property=\"og:image:height\" content=\"800\" \/>\n\t<meta property=\"og:image:type\" content=\"image\/jpeg\" \/>\n<meta name=\"twitter:card\" content=\"summary_large_image\" \/>\n<script type=\"application\/ld+json\" class=\"yoast-schema-graph\">{\"@context\":\"https:\/\/schema.org\",\"@graph\":[{\"@type\":\"WebPage\",\"@id\":\"https:\/\/consortium.hr\/product\/slavina-za-hladnu-vodu-zidna-u-izljev\/\",\"url\":\"https:\/\/consortium.hr\/product\/slavina-za-hladnu-vodu-zidna-u-izljev\/\",\"name\":\"Slavina za hladnu vodu, zidna U-izljev - Consortium\",\"isPartOf\":{\"@id\":\"https:\/\/consortium.hr\/#website\"},\"primaryImageOfPage\":{\"@id\":\"https:\/\/consortium.hr\/product\/slavina-za-hladnu-vodu-zidna-u-izljev\/#primaryimage\"},\"image\":{\"@id\":\"https:\/\/consortium.hr\/product\/slavina-za-hladnu-vodu-zidna-u-izljev\/#primaryimage\"},\"thumbnailUrl\":\"https:\/\/consortium.hr\/wp-content\/uploads\/2024\/07\/Slavina-za-hladnu-vodu-zidna-U-izljev.jpg\",\"datePublished\":\"2024-07-15T10:43:48+00:00\",\"dateModified\":\"2026-03-18T08:52:54+00:00\",\"breadcrumb\":{\"@id\":\"https:\/\/consortium.hr\/product\/slavina-za-hladnu-vodu-zidna-u-izljev\/#breadcrumb\"},\"inLanguage\":\"sl-SI\",\"potentialAction\":[{\"@type\":\"ReadAction\",\"target\":[\"https:\/\/consortium.hr\/product\/slavina-za-hladnu-vodu-zidna-u-izljev\/\"]}]},{\"@type\":\"ImageObject\",\"inLanguage\":\"sl-SI\",\"@id\":\"https:\/\/consortium.hr\/product\/slavina-za-hladnu-vodu-zidna-u-izljev\/#primaryimage\",\"url\":\"https:\/\/consortium.hr\/wp-content\/uploads\/2024\/07\/Slavina-za-hladnu-vodu-zidna-U-izljev.jpg\",\"contentUrl\":\"https:\/\/consortium.hr\/wp-content\/uploads\/2024\/07\/Slavina-za-hladnu-vodu-zidna-U-izljev.jpg\",\"width\":800,\"height\":800},{\"@type\":\"BreadcrumbList\",\"@id\":\"https:\/\/consortium.hr\/product\/slavina-za-hladnu-vodu-zidna-u-izljev\/#breadcrumb\",\"itemListElement\":[{\"@type\":\"ListItem\",\"position\":1,\"name\":\"Po\u010detna stranica\",\"item\":\"https:\/\/consortium.hr\/sl\/\"},{\"@type\":\"ListItem\",\"position\":2,\"name\":\"Shop\",\"item\":\"https:\/\/consortium.hr\/sl\/shop\/\"},{\"@type\":\"ListItem\",\"position\":3,\"name\":\"Slavina za hladnu vodu, zidna U-izljev\"}]},{\"@type\":\"WebSite\",\"@id\":\"https:\/\/consortium.hr\/#website\",\"url\":\"https:\/\/consortium.hr\/\",\"name\":\"Consortium\",\"description\":\"Gra\u0111evinski Materijal - Odli\u010dna Ponuda i Cijena\",\"alternateName\":\"Gra\u0111evinski Materijal - Odli\u010dna Ponuda i Cijena\",\"potentialAction\":[{\"@type\":\"SearchAction\",\"target\":{\"@type\":\"EntryPoint\",\"urlTemplate\":\"https:\/\/consortium.hr\/?s={search_term_string}\"},\"query-input\":{\"@type\":\"PropertyValueSpecification\",\"valueRequired\":true,\"valueName\":\"search_term_string\"}}],\"inLanguage\":\"sl-SI\"}]}<\/script>\n<!-- \/ Yoast SEO plugin. -->","yoast_head_json":{"title":"Slavina za hladnu vodu, zidna U-izljev - Consortium","robots":{"index":"index","follow":"follow","max-snippet":"max-snippet:-1","max-image-preview":"max-image-preview:large","max-video-preview":"max-video-preview:-1"},"canonical":"https:\/\/consortium.hr\/sl\/product\/slavina-za-hladnu-vodu-zidna-u-izljev\/","og_locale":"sl_SI","og_type":"article","og_title":"Slavina za hladnu vodu, zidna U-izljev - Consortium","og_description":"\"U\" izljev \u00f812 x 200 mm Kerami\u010dki obrtaj Zemlja prrijekla: Srbija","og_url":"https:\/\/consortium.hr\/sl\/product\/slavina-za-hladnu-vodu-zidna-u-izljev\/","og_site_name":"Consortium","article_modified_time":"2026-03-18T08:52:54+00:00","og_image":[{"width":800,"height":800,"url":"https:\/\/consortium.hr\/wp-content\/uploads\/2024\/07\/Slavina-za-hladnu-vodu-zidna-U-izljev.jpg","type":"image\/jpeg"}],"twitter_card":"summary_large_image","schema":{"@context":"https:\/\/schema.org","@graph":[{"@type":"WebPage","@id":"https:\/\/consortium.hr\/product\/slavina-za-hladnu-vodu-zidna-u-izljev\/","url":"https:\/\/consortium.hr\/product\/slavina-za-hladnu-vodu-zidna-u-izljev\/","name":"Slavina za hladnu vodu, zidna U-izljev - Consortium","isPartOf":{"@id":"https:\/\/consortium.hr\/#website"},"primaryImageOfPage":{"@id":"https:\/\/consortium.hr\/product\/slavina-za-hladnu-vodu-zidna-u-izljev\/#primaryimage"},"image":{"@id":"https:\/\/consortium.hr\/product\/slavina-za-hladnu-vodu-zidna-u-izljev\/#primaryimage"},"thumbnailUrl":"https:\/\/consortium.hr\/wp-content\/uploads\/2024\/07\/Slavina-za-hladnu-vodu-zidna-U-izljev.jpg","datePublished":"2024-07-15T10:43:48+00:00","dateModified":"2026-03-18T08:52:54+00:00","breadcrumb":{"@id":"https:\/\/consortium.hr\/product\/slavina-za-hladnu-vodu-zidna-u-izljev\/#breadcrumb"},"inLanguage":"sl-SI","potentialAction":[{"@type":"ReadAction","target":["https:\/\/consortium.hr\/product\/slavina-za-hladnu-vodu-zidna-u-izljev\/"]}]},{"@type":"ImageObject","inLanguage":"sl-SI","@id":"https:\/\/consortium.hr\/product\/slavina-za-hladnu-vodu-zidna-u-izljev\/#primaryimage","url":"https:\/\/consortium.hr\/wp-content\/uploads\/2024\/07\/Slavina-za-hladnu-vodu-zidna-U-izljev.jpg","contentUrl":"https:\/\/consortium.hr\/wp-content\/uploads\/2024\/07\/Slavina-za-hladnu-vodu-zidna-U-izljev.jpg","width":800,"height":800},{"@type":"BreadcrumbList","@id":"https:\/\/consortium.hr\/product\/slavina-za-hladnu-vodu-zidna-u-izljev\/#breadcrumb","itemListElement":[{"@type":"ListItem","position":1,"name":"Po\u010detna stranica","item":"https:\/\/consortium.hr\/sl\/"},{"@type":"ListItem","position":2,"name":"Shop","item":"https:\/\/consortium.hr\/sl\/shop\/"},{"@type":"ListItem","position":3,"name":"Slavina za hladnu vodu, zidna U-izljev"}]},{"@type":"WebSite","@id":"https:\/\/consortium.hr\/#website","url":"https:\/\/consortium.hr\/","name":"Consortium","description":"Gra\u0111evinski Materijal - Odli\u010dna Ponuda i Cijena","alternateName":"Gra\u0111evinski Materijal - Odli\u010dna Ponuda i Cijena","potentialAction":[{"@type":"SearchAction","target":{"@type":"EntryPoint","urlTemplate":"https:\/\/consortium.hr\/?s={search_term_string}"},"query-input":{"@type":"PropertyValueSpecification","valueRequired":true,"valueName":"search_term_string"}}],"inLanguage":"sl-SI"}]}},"_links":{"self":[{"href":"http:\/\/consortium.hr\/sl\/wp-json\/wp\/v2\/product\/7908","targetHints":{"allow":["GET"]}}],"collection":[{"href":"http:\/\/consortium.hr\/sl\/wp-json\/wp\/v2\/product"}],"about":[{"href":"http:\/\/consortium.hr\/sl\/wp-json\/wp\/v2\/types\/product"}],"wp:featuredmedia":[{"embeddable":true,"href":"http:\/\/consortium.hr\/sl\/wp-json\/wp\/v2\/media\/7909"}],"wp:attachment":[{"href":"http:\/\/consortium.hr\/sl\/wp-json\/wp\/v2\/media?parent=7908"}],"wp:term":[{"taxonomy":"product_brand","embeddable":true,"href":"http:\/\/consortium.hr\/sl\/wp-json\/wp\/v2\/product_brand?post=7908"},{"taxonomy":"product_cat","embeddable":true,"href":"http:\/\/consortium.hr\/sl\/wp-json\/wp\/v2\/product_cat?post=7908"},{"taxonomy":"product_tag","embeddable":true,"href":"http:\/\/consortium.hr\/sl\/wp-json\/wp\/v2\/product_tag?post=7908"}],"curies":[{"name":"wp","href":"https:\/\/api.w.org\/{rel}","templated":true}]}}