{"id":8260,"date":"2024-07-17T14:35:26","date_gmt":"2024-07-17T14:35:26","guid":{"rendered":"https:\/\/consortium.hr\/?post_type=product&#038;p=8260"},"modified":"2025-10-22T09:48:11","modified_gmt":"2025-10-22T09:48:11","slug":"bihui-tpr-stitnici-za-koljena","status":"publish","type":"product","link":"http:\/\/consortium.hr\/sl\/product\/bihui-tpr-stitnici-za-koljena\/","title":{"rendered":"Bihui TPR \u0161\u010ditniki za kolena"},"content":{"rendered":"<li>Vodoodporna in protizdrsna PVC\/TPR prevleka.<\/li>\n<li>Izdelana iz zra\u010dne potaplja\u0161ke tkanine in oksfordske tkanine.<\/li>\n<li>Vzdr\u017eljivi oja\u010dani \u0161ivi in dodatno penasto jedro.<\/li>\n<li>Mehko gel jedro in debelo oblazinjeno penasto jedro zagotavljata vrhunsko za\u0161\u010dito.<\/li>\n<li>Preprost in varen sistem pritrjevanja z je\u017ekom.<\/li>\n<li>\u0160\u010diti pred \u017eeblji, vijaki, steklom in drobci.<\/li>","protected":false},"excerpt":{"rendered":"<p>Vodootporna i protuklizna PVC\/TPR navlaka. Izra\u0111ena od prozra\u010dne ronila\u010dke tkanine i oksford tkanine. Izdr\u017eljivi oja\u010dani \u0161avovi i dodatna pjenasta jezgra. Meka gel jezgra i debela jastu\u010di\u0107na pjenasta jezgra pru\u017eaju vrhunsku za\u0161titu. Jednostavan i siguran sustav pri\u010dvr\u0161\u0107ivanja na \u010di\u010dak. \u0160titi od \u010davala, vijaka, stakla i krhotina.<\/p>","protected":false},"featured_media":8261,"template":"","meta":{"_acf_changed":false},"product_brand":[],"product_cat":[222,227],"product_tag":[],"class_list":{"0":"post-8260","1":"product","2":"type-product","3":"status-publish","4":"has-post-thumbnail","6":"product_cat-alati","7":"product_cat-alati-za-keramicare","9":"first","10":"outofstock","11":"shipping-taxable","12":"purchasable","13":"product-type-simple"},"acf":[],"yoast_head":"<!-- This site is optimized with the Yoast SEO plugin v26.1.1 - https:\/\/yoast.com\/wordpress\/plugins\/seo\/ -->\n<title>Bihui TPR \u0161titnici za koljena - Consortium<\/title>\n<meta name=\"robots\" content=\"index, follow, max-snippet:-1, max-image-preview:large, max-video-preview:-1\" \/>\n<link rel=\"canonical\" href=\"https:\/\/consortium.hr\/sl\/product\/bihui-tpr-stitnici-za-koljena\/\" \/>\n<meta property=\"og:locale\" content=\"sl_SI\" \/>\n<meta property=\"og:type\" content=\"article\" \/>\n<meta property=\"og:title\" content=\"Bihui TPR \u0161titnici za koljena - Consortium\" \/>\n<meta property=\"og:description\" content=\"Vodootporna i protuklizna PVC\/TPR navlaka. Izra\u0111ena od prozra\u010dne ronila\u010dke tkanine i oksford tkanine. Izdr\u017eljivi oja\u010dani \u0161avovi i dodatna pjenasta jezgra. Meka gel jezgra i debela jastu\u010di\u0107na pjenasta jezgra pru\u017eaju vrhunsku za\u0161titu. Jednostavan i siguran sustav pri\u010dvr\u0161\u0107ivanja na \u010di\u010dak. \u0160titi od \u010davala, vijaka, stakla i krhotina.\" \/>\n<meta property=\"og:url\" content=\"https:\/\/consortium.hr\/sl\/product\/bihui-tpr-stitnici-za-koljena\/\" \/>\n<meta property=\"og:site_name\" content=\"Consortium\" \/>\n<meta property=\"article:modified_time\" content=\"2025-10-22T09:48:11+00:00\" \/>\n<meta property=\"og:image\" content=\"https:\/\/consortium.hr\/wp-content\/uploads\/2024\/07\/Bihui-TPR-stitnici-za-koljena.jpg\" \/>\n\t<meta property=\"og:image:width\" content=\"800\" \/>\n\t<meta property=\"og:image:height\" content=\"800\" \/>\n\t<meta property=\"og:image:type\" content=\"image\/jpeg\" \/>\n<meta name=\"twitter:card\" content=\"summary_large_image\" \/>\n<script type=\"application\/ld+json\" class=\"yoast-schema-graph\">{\"@context\":\"https:\/\/schema.org\",\"@graph\":[{\"@type\":\"WebPage\",\"@id\":\"https:\/\/consortium.hr\/product\/bihui-tpr-stitnici-za-koljena\/\",\"url\":\"https:\/\/consortium.hr\/product\/bihui-tpr-stitnici-za-koljena\/\",\"name\":\"Bihui TPR \u0161titnici za koljena - Consortium\",\"isPartOf\":{\"@id\":\"https:\/\/consortium.hr\/#website\"},\"primaryImageOfPage\":{\"@id\":\"https:\/\/consortium.hr\/product\/bihui-tpr-stitnici-za-koljena\/#primaryimage\"},\"image\":{\"@id\":\"https:\/\/consortium.hr\/product\/bihui-tpr-stitnici-za-koljena\/#primaryimage\"},\"thumbnailUrl\":\"https:\/\/consortium.hr\/wp-content\/uploads\/2024\/07\/Bihui-TPR-stitnici-za-koljena.jpg\",\"datePublished\":\"2024-07-17T14:35:26+00:00\",\"dateModified\":\"2025-10-22T09:48:11+00:00\",\"breadcrumb\":{\"@id\":\"https:\/\/consortium.hr\/product\/bihui-tpr-stitnici-za-koljena\/#breadcrumb\"},\"inLanguage\":\"sl-SI\",\"potentialAction\":[{\"@type\":\"ReadAction\",\"target\":[\"https:\/\/consortium.hr\/product\/bihui-tpr-stitnici-za-koljena\/\"]}]},{\"@type\":\"ImageObject\",\"inLanguage\":\"sl-SI\",\"@id\":\"https:\/\/consortium.hr\/product\/bihui-tpr-stitnici-za-koljena\/#primaryimage\",\"url\":\"https:\/\/consortium.hr\/wp-content\/uploads\/2024\/07\/Bihui-TPR-stitnici-za-koljena.jpg\",\"contentUrl\":\"https:\/\/consortium.hr\/wp-content\/uploads\/2024\/07\/Bihui-TPR-stitnici-za-koljena.jpg\",\"width\":800,\"height\":800},{\"@type\":\"BreadcrumbList\",\"@id\":\"https:\/\/consortium.hr\/product\/bihui-tpr-stitnici-za-koljena\/#breadcrumb\",\"itemListElement\":[{\"@type\":\"ListItem\",\"position\":1,\"name\":\"Po\u010detna stranica\",\"item\":\"https:\/\/consortium.hr\/sl\/\"},{\"@type\":\"ListItem\",\"position\":2,\"name\":\"Shop\",\"item\":\"https:\/\/consortium.hr\/sl\/shop\/\"},{\"@type\":\"ListItem\",\"position\":3,\"name\":\"Bihui TPR \u0161titnici za koljena\"}]},{\"@type\":\"WebSite\",\"@id\":\"https:\/\/consortium.hr\/#website\",\"url\":\"https:\/\/consortium.hr\/\",\"name\":\"Consortium\",\"description\":\"Gra\u0111evinski Materijal - Odli\u010dna Ponuda i Cijena\",\"alternateName\":\"Gra\u0111evinski Materijal - Odli\u010dna Ponuda i Cijena\",\"potentialAction\":[{\"@type\":\"SearchAction\",\"target\":{\"@type\":\"EntryPoint\",\"urlTemplate\":\"https:\/\/consortium.hr\/?s={search_term_string}\"},\"query-input\":{\"@type\":\"PropertyValueSpecification\",\"valueRequired\":true,\"valueName\":\"search_term_string\"}}],\"inLanguage\":\"sl-SI\"}]}<\/script>\n<!-- \/ Yoast SEO plugin. -->","yoast_head_json":{"title":"Bihui TPR \u0161titnici za koljena - Consortium","robots":{"index":"index","follow":"follow","max-snippet":"max-snippet:-1","max-image-preview":"max-image-preview:large","max-video-preview":"max-video-preview:-1"},"canonical":"https:\/\/consortium.hr\/sl\/product\/bihui-tpr-stitnici-za-koljena\/","og_locale":"sl_SI","og_type":"article","og_title":"Bihui TPR \u0161titnici za koljena - Consortium","og_description":"Vodootporna i protuklizna PVC\/TPR navlaka. Izra\u0111ena od prozra\u010dne ronila\u010dke tkanine i oksford tkanine. Izdr\u017eljivi oja\u010dani \u0161avovi i dodatna pjenasta jezgra. Meka gel jezgra i debela jastu\u010di\u0107na pjenasta jezgra pru\u017eaju vrhunsku za\u0161titu. Jednostavan i siguran sustav pri\u010dvr\u0161\u0107ivanja na \u010di\u010dak. \u0160titi od \u010davala, vijaka, stakla i krhotina.","og_url":"https:\/\/consortium.hr\/sl\/product\/bihui-tpr-stitnici-za-koljena\/","og_site_name":"Consortium","article_modified_time":"2025-10-22T09:48:11+00:00","og_image":[{"width":800,"height":800,"url":"https:\/\/consortium.hr\/wp-content\/uploads\/2024\/07\/Bihui-TPR-stitnici-za-koljena.jpg","type":"image\/jpeg"}],"twitter_card":"summary_large_image","schema":{"@context":"https:\/\/schema.org","@graph":[{"@type":"WebPage","@id":"https:\/\/consortium.hr\/product\/bihui-tpr-stitnici-za-koljena\/","url":"https:\/\/consortium.hr\/product\/bihui-tpr-stitnici-za-koljena\/","name":"Bihui TPR \u0161titnici za koljena - Consortium","isPartOf":{"@id":"https:\/\/consortium.hr\/#website"},"primaryImageOfPage":{"@id":"https:\/\/consortium.hr\/product\/bihui-tpr-stitnici-za-koljena\/#primaryimage"},"image":{"@id":"https:\/\/consortium.hr\/product\/bihui-tpr-stitnici-za-koljena\/#primaryimage"},"thumbnailUrl":"https:\/\/consortium.hr\/wp-content\/uploads\/2024\/07\/Bihui-TPR-stitnici-za-koljena.jpg","datePublished":"2024-07-17T14:35:26+00:00","dateModified":"2025-10-22T09:48:11+00:00","breadcrumb":{"@id":"https:\/\/consortium.hr\/product\/bihui-tpr-stitnici-za-koljena\/#breadcrumb"},"inLanguage":"sl-SI","potentialAction":[{"@type":"ReadAction","target":["https:\/\/consortium.hr\/product\/bihui-tpr-stitnici-za-koljena\/"]}]},{"@type":"ImageObject","inLanguage":"sl-SI","@id":"https:\/\/consortium.hr\/product\/bihui-tpr-stitnici-za-koljena\/#primaryimage","url":"https:\/\/consortium.hr\/wp-content\/uploads\/2024\/07\/Bihui-TPR-stitnici-za-koljena.jpg","contentUrl":"https:\/\/consortium.hr\/wp-content\/uploads\/2024\/07\/Bihui-TPR-stitnici-za-koljena.jpg","width":800,"height":800},{"@type":"BreadcrumbList","@id":"https:\/\/consortium.hr\/product\/bihui-tpr-stitnici-za-koljena\/#breadcrumb","itemListElement":[{"@type":"ListItem","position":1,"name":"Po\u010detna stranica","item":"https:\/\/consortium.hr\/sl\/"},{"@type":"ListItem","position":2,"name":"Shop","item":"https:\/\/consortium.hr\/sl\/shop\/"},{"@type":"ListItem","position":3,"name":"Bihui TPR \u0161titnici za koljena"}]},{"@type":"WebSite","@id":"https:\/\/consortium.hr\/#website","url":"https:\/\/consortium.hr\/","name":"Consortium","description":"Gra\u0111evinski Materijal - Odli\u010dna Ponuda i Cijena","alternateName":"Gra\u0111evinski Materijal - Odli\u010dna Ponuda i Cijena","potentialAction":[{"@type":"SearchAction","target":{"@type":"EntryPoint","urlTemplate":"https:\/\/consortium.hr\/?s={search_term_string}"},"query-input":{"@type":"PropertyValueSpecification","valueRequired":true,"valueName":"search_term_string"}}],"inLanguage":"sl-SI"}]}},"_links":{"self":[{"href":"http:\/\/consortium.hr\/sl\/wp-json\/wp\/v2\/product\/8260","targetHints":{"allow":["GET"]}}],"collection":[{"href":"http:\/\/consortium.hr\/sl\/wp-json\/wp\/v2\/product"}],"about":[{"href":"http:\/\/consortium.hr\/sl\/wp-json\/wp\/v2\/types\/product"}],"wp:featuredmedia":[{"embeddable":true,"href":"http:\/\/consortium.hr\/sl\/wp-json\/wp\/v2\/media\/8261"}],"wp:attachment":[{"href":"http:\/\/consortium.hr\/sl\/wp-json\/wp\/v2\/media?parent=8260"}],"wp:term":[{"taxonomy":"product_brand","embeddable":true,"href":"http:\/\/consortium.hr\/sl\/wp-json\/wp\/v2\/product_brand?post=8260"},{"taxonomy":"product_cat","embeddable":true,"href":"http:\/\/consortium.hr\/sl\/wp-json\/wp\/v2\/product_cat?post=8260"},{"taxonomy":"product_tag","embeddable":true,"href":"http:\/\/consortium.hr\/sl\/wp-json\/wp\/v2\/product_tag?post=8260"}],"curies":[{"name":"wp","href":"https:\/\/api.w.org\/{rel}","templated":true}]}}