{"id":8330,"date":"2024-07-18T12:39:09","date_gmt":"2024-07-18T12:39:09","guid":{"rendered":"https:\/\/consortium.hr\/?post_type=product&#038;p=8330"},"modified":"2026-04-10T15:33:01","modified_gmt":"2026-04-10T15:33:01","slug":"ispirna-cijev-s-univ-manzetom","status":"publish","type":"product","link":"http:\/\/consortium.hr\/sl\/product\/ispirna-cijev-s-univ-manzetom\/","title":{"rendered":"Izplakovalna cev z univerzalno man\u0161eto"},"content":{"rendered":"<li>Material: PVC<\/li>\n<li>Notranje stene brez robov<\/li>","protected":false},"excerpt":{"rendered":"<p>Materijal: PVC Unutra\u0161nje stjenke bez rubova<\/p>","protected":false},"featured_media":8331,"template":"","meta":{"_acf_changed":false},"product_brand":[],"product_cat":[221,290,218],"product_tag":[],"class_list":{"0":"post-8330","1":"product","2":"type-product","3":"status-publish","4":"has-post-thumbnail","6":"product_cat-sanitarije","7":"product_cat-vodokotlici-i-pribor","8":"product_cat-vodovod-i-sanitarije","10":"first","11":"instock","12":"shipping-taxable","13":"purchasable","14":"product-type-variable","15":"wvs-archive-product-wrapper"},"acf":[],"yoast_head":"<!-- This site is optimized with the Yoast SEO plugin v26.1.1 - https:\/\/yoast.com\/wordpress\/plugins\/seo\/ -->\n<title>Ispirna cijev s univ. man\u017eetom - Consortium<\/title>\n<meta name=\"robots\" content=\"index, follow, max-snippet:-1, max-image-preview:large, max-video-preview:-1\" \/>\n<link rel=\"canonical\" href=\"https:\/\/consortium.hr\/sl\/product\/ispirna-cijev-s-univ-manzetom\/\" \/>\n<meta property=\"og:locale\" content=\"sl_SI\" \/>\n<meta property=\"og:type\" content=\"article\" \/>\n<meta property=\"og:title\" content=\"Ispirna cijev s univ. man\u017eetom - Consortium\" \/>\n<meta property=\"og:description\" content=\"Materijal: PVC Unutra\u0161nje stjenke bez rubova\" \/>\n<meta property=\"og:url\" content=\"https:\/\/consortium.hr\/sl\/product\/ispirna-cijev-s-univ-manzetom\/\" \/>\n<meta property=\"og:site_name\" content=\"Consortium\" \/>\n<meta property=\"article:modified_time\" content=\"2026-04-10T15:33:01+00:00\" \/>\n<meta property=\"og:image\" content=\"https:\/\/consortium.hr\/wp-content\/uploads\/2024\/07\/Ispirna-cijev-s-univ.-manzetom.jpg\" \/>\n\t<meta property=\"og:image:width\" content=\"800\" \/>\n\t<meta property=\"og:image:height\" content=\"800\" \/>\n\t<meta property=\"og:image:type\" content=\"image\/jpeg\" \/>\n<meta name=\"twitter:card\" content=\"summary_large_image\" \/>\n<script type=\"application\/ld+json\" class=\"yoast-schema-graph\">{\"@context\":\"https:\/\/schema.org\",\"@graph\":[{\"@type\":\"WebPage\",\"@id\":\"https:\/\/consortium.hr\/product\/ispirna-cijev-s-univ-manzetom\/\",\"url\":\"https:\/\/consortium.hr\/product\/ispirna-cijev-s-univ-manzetom\/\",\"name\":\"Ispirna cijev s univ. man\u017eetom - Consortium\",\"isPartOf\":{\"@id\":\"https:\/\/consortium.hr\/#website\"},\"primaryImageOfPage\":{\"@id\":\"https:\/\/consortium.hr\/product\/ispirna-cijev-s-univ-manzetom\/#primaryimage\"},\"image\":{\"@id\":\"https:\/\/consortium.hr\/product\/ispirna-cijev-s-univ-manzetom\/#primaryimage\"},\"thumbnailUrl\":\"https:\/\/consortium.hr\/wp-content\/uploads\/2024\/07\/Ispirna-cijev-s-univ.-manzetom.jpg\",\"datePublished\":\"2024-07-18T12:39:09+00:00\",\"dateModified\":\"2026-04-10T15:33:01+00:00\",\"breadcrumb\":{\"@id\":\"https:\/\/consortium.hr\/product\/ispirna-cijev-s-univ-manzetom\/#breadcrumb\"},\"inLanguage\":\"sl-SI\",\"potentialAction\":[{\"@type\":\"ReadAction\",\"target\":[\"https:\/\/consortium.hr\/product\/ispirna-cijev-s-univ-manzetom\/\"]}]},{\"@type\":\"ImageObject\",\"inLanguage\":\"sl-SI\",\"@id\":\"https:\/\/consortium.hr\/product\/ispirna-cijev-s-univ-manzetom\/#primaryimage\",\"url\":\"https:\/\/consortium.hr\/wp-content\/uploads\/2024\/07\/Ispirna-cijev-s-univ.-manzetom.jpg\",\"contentUrl\":\"https:\/\/consortium.hr\/wp-content\/uploads\/2024\/07\/Ispirna-cijev-s-univ.-manzetom.jpg\",\"width\":800,\"height\":800},{\"@type\":\"BreadcrumbList\",\"@id\":\"https:\/\/consortium.hr\/product\/ispirna-cijev-s-univ-manzetom\/#breadcrumb\",\"itemListElement\":[{\"@type\":\"ListItem\",\"position\":1,\"name\":\"Po\u010detna stranica\",\"item\":\"https:\/\/consortium.hr\/sl\/\"},{\"@type\":\"ListItem\",\"position\":2,\"name\":\"Shop\",\"item\":\"https:\/\/consortium.hr\/sl\/shop\/\"},{\"@type\":\"ListItem\",\"position\":3,\"name\":\"Ispirna cijev s univ. man\u017eetom\"}]},{\"@type\":\"WebSite\",\"@id\":\"https:\/\/consortium.hr\/#website\",\"url\":\"https:\/\/consortium.hr\/\",\"name\":\"Consortium\",\"description\":\"Gra\u0111evinski Materijal - Odli\u010dna Ponuda i Cijena\",\"alternateName\":\"Gra\u0111evinski Materijal - Odli\u010dna Ponuda i Cijena\",\"potentialAction\":[{\"@type\":\"SearchAction\",\"target\":{\"@type\":\"EntryPoint\",\"urlTemplate\":\"https:\/\/consortium.hr\/?s={search_term_string}\"},\"query-input\":{\"@type\":\"PropertyValueSpecification\",\"valueRequired\":true,\"valueName\":\"search_term_string\"}}],\"inLanguage\":\"sl-SI\"}]}<\/script>\n<!-- \/ Yoast SEO plugin. -->","yoast_head_json":{"title":"Ispirna cijev s univ. man\u017eetom - Consortium","robots":{"index":"index","follow":"follow","max-snippet":"max-snippet:-1","max-image-preview":"max-image-preview:large","max-video-preview":"max-video-preview:-1"},"canonical":"https:\/\/consortium.hr\/sl\/product\/ispirna-cijev-s-univ-manzetom\/","og_locale":"sl_SI","og_type":"article","og_title":"Ispirna cijev s univ. man\u017eetom - Consortium","og_description":"Materijal: PVC Unutra\u0161nje stjenke bez rubova","og_url":"https:\/\/consortium.hr\/sl\/product\/ispirna-cijev-s-univ-manzetom\/","og_site_name":"Consortium","article_modified_time":"2026-04-10T15:33:01+00:00","og_image":[{"width":800,"height":800,"url":"https:\/\/consortium.hr\/wp-content\/uploads\/2024\/07\/Ispirna-cijev-s-univ.-manzetom.jpg","type":"image\/jpeg"}],"twitter_card":"summary_large_image","schema":{"@context":"https:\/\/schema.org","@graph":[{"@type":"WebPage","@id":"https:\/\/consortium.hr\/product\/ispirna-cijev-s-univ-manzetom\/","url":"https:\/\/consortium.hr\/product\/ispirna-cijev-s-univ-manzetom\/","name":"Ispirna cijev s univ. man\u017eetom - Consortium","isPartOf":{"@id":"https:\/\/consortium.hr\/#website"},"primaryImageOfPage":{"@id":"https:\/\/consortium.hr\/product\/ispirna-cijev-s-univ-manzetom\/#primaryimage"},"image":{"@id":"https:\/\/consortium.hr\/product\/ispirna-cijev-s-univ-manzetom\/#primaryimage"},"thumbnailUrl":"https:\/\/consortium.hr\/wp-content\/uploads\/2024\/07\/Ispirna-cijev-s-univ.-manzetom.jpg","datePublished":"2024-07-18T12:39:09+00:00","dateModified":"2026-04-10T15:33:01+00:00","breadcrumb":{"@id":"https:\/\/consortium.hr\/product\/ispirna-cijev-s-univ-manzetom\/#breadcrumb"},"inLanguage":"sl-SI","potentialAction":[{"@type":"ReadAction","target":["https:\/\/consortium.hr\/product\/ispirna-cijev-s-univ-manzetom\/"]}]},{"@type":"ImageObject","inLanguage":"sl-SI","@id":"https:\/\/consortium.hr\/product\/ispirna-cijev-s-univ-manzetom\/#primaryimage","url":"https:\/\/consortium.hr\/wp-content\/uploads\/2024\/07\/Ispirna-cijev-s-univ.-manzetom.jpg","contentUrl":"https:\/\/consortium.hr\/wp-content\/uploads\/2024\/07\/Ispirna-cijev-s-univ.-manzetom.jpg","width":800,"height":800},{"@type":"BreadcrumbList","@id":"https:\/\/consortium.hr\/product\/ispirna-cijev-s-univ-manzetom\/#breadcrumb","itemListElement":[{"@type":"ListItem","position":1,"name":"Po\u010detna stranica","item":"https:\/\/consortium.hr\/sl\/"},{"@type":"ListItem","position":2,"name":"Shop","item":"https:\/\/consortium.hr\/sl\/shop\/"},{"@type":"ListItem","position":3,"name":"Ispirna cijev s univ. man\u017eetom"}]},{"@type":"WebSite","@id":"https:\/\/consortium.hr\/#website","url":"https:\/\/consortium.hr\/","name":"Consortium","description":"Gra\u0111evinski Materijal - Odli\u010dna Ponuda i Cijena","alternateName":"Gra\u0111evinski Materijal - Odli\u010dna Ponuda i Cijena","potentialAction":[{"@type":"SearchAction","target":{"@type":"EntryPoint","urlTemplate":"https:\/\/consortium.hr\/?s={search_term_string}"},"query-input":{"@type":"PropertyValueSpecification","valueRequired":true,"valueName":"search_term_string"}}],"inLanguage":"sl-SI"}]}},"_links":{"self":[{"href":"http:\/\/consortium.hr\/sl\/wp-json\/wp\/v2\/product\/8330","targetHints":{"allow":["GET"]}}],"collection":[{"href":"http:\/\/consortium.hr\/sl\/wp-json\/wp\/v2\/product"}],"about":[{"href":"http:\/\/consortium.hr\/sl\/wp-json\/wp\/v2\/types\/product"}],"wp:featuredmedia":[{"embeddable":true,"href":"http:\/\/consortium.hr\/sl\/wp-json\/wp\/v2\/media\/8331"}],"wp:attachment":[{"href":"http:\/\/consortium.hr\/sl\/wp-json\/wp\/v2\/media?parent=8330"}],"wp:term":[{"taxonomy":"product_brand","embeddable":true,"href":"http:\/\/consortium.hr\/sl\/wp-json\/wp\/v2\/product_brand?post=8330"},{"taxonomy":"product_cat","embeddable":true,"href":"http:\/\/consortium.hr\/sl\/wp-json\/wp\/v2\/product_cat?post=8330"},{"taxonomy":"product_tag","embeddable":true,"href":"http:\/\/consortium.hr\/sl\/wp-json\/wp\/v2\/product_tag?post=8330"}],"curies":[{"name":"wp","href":"https:\/\/api.w.org\/{rel}","templated":true}]}}