{"id":9130,"date":"2024-08-13T12:19:49","date_gmt":"2024-08-13T12:19:49","guid":{"rendered":"https:\/\/consortium.hr\/?post_type=product&#038;p=9130"},"modified":"2026-01-16T07:19:49","modified_gmt":"2026-01-16T07:19:49","slug":"prskalica-vrtna-1-2-s-kolcem-corona","status":"publish","type":"product","link":"http:\/\/consortium.hr\/sl\/product\/prskalica-vrtna-1-2-s-kolcem-corona\/","title":{"rendered":"Prskalica vrtna 1\/2\" s kolcem"},"content":{"rendered":"","protected":false},"excerpt":{"rendered":"","protected":false},"featured_media":9131,"template":"","meta":{"_acf_changed":false},"product_brand":[],"product_cat":[222,228],"product_tag":[],"class_list":{"0":"post-9130","1":"product","2":"type-product","3":"status-publish","4":"has-post-thumbnail","6":"product_cat-alati","7":"product_cat-vrtni-alati","9":"first","10":"instock","11":"shipping-taxable","12":"purchasable","13":"product-type-simple"},"acf":[],"yoast_head":"<!-- This site is optimized with the Yoast SEO plugin v26.1.1 - https:\/\/yoast.com\/wordpress\/plugins\/seo\/ -->\n<title>Prskalica vrtna 1\/2&quot; s kolcem - Consortium<\/title>\n<meta name=\"robots\" content=\"index, follow, max-snippet:-1, max-image-preview:large, max-video-preview:-1\" \/>\n<link rel=\"canonical\" href=\"https:\/\/consortium.hr\/sl\/product\/prskalica-vrtna-1-2-s-kolcem-corona\/\" \/>\n<meta property=\"og:locale\" content=\"sl_SI\" \/>\n<meta property=\"og:type\" content=\"article\" \/>\n<meta property=\"og:title\" content=\"Prskalica vrtna 1\/2&quot; s kolcem - Consortium\" \/>\n<meta property=\"og:url\" content=\"https:\/\/consortium.hr\/sl\/product\/prskalica-vrtna-1-2-s-kolcem-corona\/\" \/>\n<meta property=\"og:site_name\" content=\"Consortium\" \/>\n<meta property=\"article:modified_time\" content=\"2026-01-16T07:19:49+00:00\" \/>\n<meta property=\"og:image\" content=\"https:\/\/consortium.hr\/wp-content\/uploads\/2024\/08\/Prskalica-vrtna-12-s-kolcem-Corona.jpg\" \/>\n\t<meta property=\"og:image:width\" content=\"800\" \/>\n\t<meta property=\"og:image:height\" content=\"800\" \/>\n\t<meta property=\"og:image:type\" content=\"image\/jpeg\" \/>\n<meta name=\"twitter:card\" content=\"summary_large_image\" \/>\n<script type=\"application\/ld+json\" class=\"yoast-schema-graph\">{\"@context\":\"https:\/\/schema.org\",\"@graph\":[{\"@type\":\"WebPage\",\"@id\":\"https:\/\/consortium.hr\/product\/prskalica-vrtna-1-2-s-kolcem-corona\/\",\"url\":\"https:\/\/consortium.hr\/product\/prskalica-vrtna-1-2-s-kolcem-corona\/\",\"name\":\"Prskalica vrtna 1\/2\\\" s kolcem - Consortium\",\"isPartOf\":{\"@id\":\"https:\/\/consortium.hr\/#website\"},\"primaryImageOfPage\":{\"@id\":\"https:\/\/consortium.hr\/product\/prskalica-vrtna-1-2-s-kolcem-corona\/#primaryimage\"},\"image\":{\"@id\":\"https:\/\/consortium.hr\/product\/prskalica-vrtna-1-2-s-kolcem-corona\/#primaryimage\"},\"thumbnailUrl\":\"https:\/\/consortium.hr\/wp-content\/uploads\/2024\/08\/Prskalica-vrtna-12-s-kolcem-Corona.jpg\",\"datePublished\":\"2024-08-13T12:19:49+00:00\",\"dateModified\":\"2026-01-16T07:19:49+00:00\",\"breadcrumb\":{\"@id\":\"https:\/\/consortium.hr\/product\/prskalica-vrtna-1-2-s-kolcem-corona\/#breadcrumb\"},\"inLanguage\":\"sl-SI\",\"potentialAction\":[{\"@type\":\"ReadAction\",\"target\":[\"https:\/\/consortium.hr\/product\/prskalica-vrtna-1-2-s-kolcem-corona\/\"]}]},{\"@type\":\"ImageObject\",\"inLanguage\":\"sl-SI\",\"@id\":\"https:\/\/consortium.hr\/product\/prskalica-vrtna-1-2-s-kolcem-corona\/#primaryimage\",\"url\":\"https:\/\/consortium.hr\/wp-content\/uploads\/2024\/08\/Prskalica-vrtna-12-s-kolcem-Corona.jpg\",\"contentUrl\":\"https:\/\/consortium.hr\/wp-content\/uploads\/2024\/08\/Prskalica-vrtna-12-s-kolcem-Corona.jpg\",\"width\":800,\"height\":800},{\"@type\":\"BreadcrumbList\",\"@id\":\"https:\/\/consortium.hr\/product\/prskalica-vrtna-1-2-s-kolcem-corona\/#breadcrumb\",\"itemListElement\":[{\"@type\":\"ListItem\",\"position\":1,\"name\":\"Po\u010detna stranica\",\"item\":\"https:\/\/consortium.hr\/sl\/\"},{\"@type\":\"ListItem\",\"position\":2,\"name\":\"Shop\",\"item\":\"https:\/\/consortium.hr\/sl\/shop\/\"},{\"@type\":\"ListItem\",\"position\":3,\"name\":\"Prskalica vrtna 1\/2\\\" s kolcem\"}]},{\"@type\":\"WebSite\",\"@id\":\"https:\/\/consortium.hr\/#website\",\"url\":\"https:\/\/consortium.hr\/\",\"name\":\"Consortium\",\"description\":\"Gra\u0111evinski Materijal - Odli\u010dna Ponuda i Cijena\",\"alternateName\":\"Gra\u0111evinski Materijal - Odli\u010dna Ponuda i Cijena\",\"potentialAction\":[{\"@type\":\"SearchAction\",\"target\":{\"@type\":\"EntryPoint\",\"urlTemplate\":\"https:\/\/consortium.hr\/?s={search_term_string}\"},\"query-input\":{\"@type\":\"PropertyValueSpecification\",\"valueRequired\":true,\"valueName\":\"search_term_string\"}}],\"inLanguage\":\"sl-SI\"}]}<\/script>\n<!-- \/ Yoast SEO plugin. -->","yoast_head_json":{"title":"Prskalica vrtna 1\/2\" s kolcem - Consortium","robots":{"index":"index","follow":"follow","max-snippet":"max-snippet:-1","max-image-preview":"max-image-preview:large","max-video-preview":"max-video-preview:-1"},"canonical":"https:\/\/consortium.hr\/sl\/product\/prskalica-vrtna-1-2-s-kolcem-corona\/","og_locale":"sl_SI","og_type":"article","og_title":"Prskalica vrtna 1\/2\" s kolcem - Consortium","og_url":"https:\/\/consortium.hr\/sl\/product\/prskalica-vrtna-1-2-s-kolcem-corona\/","og_site_name":"Consortium","article_modified_time":"2026-01-16T07:19:49+00:00","og_image":[{"width":800,"height":800,"url":"https:\/\/consortium.hr\/wp-content\/uploads\/2024\/08\/Prskalica-vrtna-12-s-kolcem-Corona.jpg","type":"image\/jpeg"}],"twitter_card":"summary_large_image","schema":{"@context":"https:\/\/schema.org","@graph":[{"@type":"WebPage","@id":"https:\/\/consortium.hr\/product\/prskalica-vrtna-1-2-s-kolcem-corona\/","url":"https:\/\/consortium.hr\/product\/prskalica-vrtna-1-2-s-kolcem-corona\/","name":"Prskalica vrtna 1\/2\" s kolcem - Consortium","isPartOf":{"@id":"https:\/\/consortium.hr\/#website"},"primaryImageOfPage":{"@id":"https:\/\/consortium.hr\/product\/prskalica-vrtna-1-2-s-kolcem-corona\/#primaryimage"},"image":{"@id":"https:\/\/consortium.hr\/product\/prskalica-vrtna-1-2-s-kolcem-corona\/#primaryimage"},"thumbnailUrl":"https:\/\/consortium.hr\/wp-content\/uploads\/2024\/08\/Prskalica-vrtna-12-s-kolcem-Corona.jpg","datePublished":"2024-08-13T12:19:49+00:00","dateModified":"2026-01-16T07:19:49+00:00","breadcrumb":{"@id":"https:\/\/consortium.hr\/product\/prskalica-vrtna-1-2-s-kolcem-corona\/#breadcrumb"},"inLanguage":"sl-SI","potentialAction":[{"@type":"ReadAction","target":["https:\/\/consortium.hr\/product\/prskalica-vrtna-1-2-s-kolcem-corona\/"]}]},{"@type":"ImageObject","inLanguage":"sl-SI","@id":"https:\/\/consortium.hr\/product\/prskalica-vrtna-1-2-s-kolcem-corona\/#primaryimage","url":"https:\/\/consortium.hr\/wp-content\/uploads\/2024\/08\/Prskalica-vrtna-12-s-kolcem-Corona.jpg","contentUrl":"https:\/\/consortium.hr\/wp-content\/uploads\/2024\/08\/Prskalica-vrtna-12-s-kolcem-Corona.jpg","width":800,"height":800},{"@type":"BreadcrumbList","@id":"https:\/\/consortium.hr\/product\/prskalica-vrtna-1-2-s-kolcem-corona\/#breadcrumb","itemListElement":[{"@type":"ListItem","position":1,"name":"Po\u010detna stranica","item":"https:\/\/consortium.hr\/sl\/"},{"@type":"ListItem","position":2,"name":"Shop","item":"https:\/\/consortium.hr\/sl\/shop\/"},{"@type":"ListItem","position":3,"name":"Prskalica vrtna 1\/2\" s kolcem"}]},{"@type":"WebSite","@id":"https:\/\/consortium.hr\/#website","url":"https:\/\/consortium.hr\/","name":"Consortium","description":"Gra\u0111evinski Materijal - Odli\u010dna Ponuda i Cijena","alternateName":"Gra\u0111evinski Materijal - Odli\u010dna Ponuda i Cijena","potentialAction":[{"@type":"SearchAction","target":{"@type":"EntryPoint","urlTemplate":"https:\/\/consortium.hr\/?s={search_term_string}"},"query-input":{"@type":"PropertyValueSpecification","valueRequired":true,"valueName":"search_term_string"}}],"inLanguage":"sl-SI"}]}},"_links":{"self":[{"href":"http:\/\/consortium.hr\/sl\/wp-json\/wp\/v2\/product\/9130","targetHints":{"allow":["GET"]}}],"collection":[{"href":"http:\/\/consortium.hr\/sl\/wp-json\/wp\/v2\/product"}],"about":[{"href":"http:\/\/consortium.hr\/sl\/wp-json\/wp\/v2\/types\/product"}],"wp:featuredmedia":[{"embeddable":true,"href":"http:\/\/consortium.hr\/sl\/wp-json\/wp\/v2\/media\/9131"}],"wp:attachment":[{"href":"http:\/\/consortium.hr\/sl\/wp-json\/wp\/v2\/media?parent=9130"}],"wp:term":[{"taxonomy":"product_brand","embeddable":true,"href":"http:\/\/consortium.hr\/sl\/wp-json\/wp\/v2\/product_brand?post=9130"},{"taxonomy":"product_cat","embeddable":true,"href":"http:\/\/consortium.hr\/sl\/wp-json\/wp\/v2\/product_cat?post=9130"},{"taxonomy":"product_tag","embeddable":true,"href":"http:\/\/consortium.hr\/sl\/wp-json\/wp\/v2\/product_tag?post=9130"}],"curies":[{"name":"wp","href":"https:\/\/api.w.org\/{rel}","templated":true}]}}