{"id":12445,"date":"2025-05-07T09:56:34","date_gmt":"2025-05-07T09:56:34","guid":{"rendered":"https:\/\/consortium.hr\/?page_id=12445"},"modified":"2025-10-20T19:04:29","modified_gmt":"2025-10-20T19:04:29","slug":"consortium-hr","status":"publish","type":"page","link":"https:\/\/consortium.hr\/sl\/","title":{"rendered":"Gra\u0111evinski Materijal - Odli\u010dna Ponuda i Cijena"},"content":{"rendered":"","protected":false},"excerpt":{"rendered":"","protected":false},"author":2,"featured_media":0,"parent":0,"menu_order":0,"comment_status":"closed","ping_status":"closed","template":"","meta":{"_acf_changed":false,"footnotes":""},"class_list":["post-12445","page","type-page","status-publish","hentry"],"acf":[],"yoast_head":"<!-- This site is optimized with the Yoast SEO plugin v26.1.1 - https:\/\/yoast.com\/wordpress\/plugins\/seo\/ -->\n<title>Gra\u0111evinski Materijal - Odli\u010dna Ponuda i Cijena - Consortium<\/title>\n<meta name=\"robots\" content=\"index, follow, max-snippet:-1, max-image-preview:large, max-video-preview:-1\" \/>\n<link rel=\"canonical\" href=\"https:\/\/consortium.hr\/sl\/\" \/>\n<meta property=\"og:locale\" content=\"sl_SI\" \/>\n<meta property=\"og:type\" content=\"article\" \/>\n<meta property=\"og:title\" content=\"Gra\u0111evinski Materijal - Odli\u010dna Ponuda i Cijena - Consortium\" \/>\n<meta property=\"og:url\" content=\"https:\/\/consortium.hr\/sl\/\" \/>\n<meta property=\"og:site_name\" content=\"Consortium\" \/>\n<meta property=\"article:modified_time\" content=\"2025-10-20T19:04:29+00:00\" \/>\n<meta name=\"twitter:card\" content=\"summary_large_image\" \/>\n<script type=\"application\/ld+json\" class=\"yoast-schema-graph\">{\"@context\":\"https:\/\/schema.org\",\"@graph\":[{\"@type\":\"WebPage\",\"@id\":\"https:\/\/consortium.hr\/sl\/\",\"url\":\"https:\/\/consortium.hr\/sl\/\",\"name\":\"Gra\u0111evinski Materijal - Odli\u010dna Ponuda i Cijena - Consortium\",\"isPartOf\":{\"@id\":\"https:\/\/consortium.hr\/#website\"},\"datePublished\":\"2025-05-07T09:56:34+00:00\",\"dateModified\":\"2025-10-20T19:04:29+00:00\",\"breadcrumb\":{\"@id\":\"https:\/\/consortium.hr\/sl\/#breadcrumb\"},\"inLanguage\":\"sl-SI\",\"potentialAction\":[{\"@type\":\"ReadAction\",\"target\":[\"https:\/\/consortium.hr\/sl\/\"]}]},{\"@type\":\"BreadcrumbList\",\"@id\":\"https:\/\/consortium.hr\/sl\/#breadcrumb\",\"itemListElement\":[{\"@type\":\"ListItem\",\"position\":1,\"name\":\"Po\u010detna stranica\",\"item\":\"https:\/\/consortium.hr\/sl\/\"},{\"@type\":\"ListItem\",\"position\":2,\"name\":\"Gra\u0111evinski Materijal - Odli\u010dna Ponuda i Cijena\"}]},{\"@type\":\"WebSite\",\"@id\":\"https:\/\/consortium.hr\/#website\",\"url\":\"https:\/\/consortium.hr\/\",\"name\":\"Consortium\",\"description\":\"Gra\u0111evinski Materijal - Odli\u010dna Ponuda i Cijena\",\"alternateName\":\"Gra\u0111evinski Materijal - Odli\u010dna Ponuda i Cijena\",\"potentialAction\":[{\"@type\":\"SearchAction\",\"target\":{\"@type\":\"EntryPoint\",\"urlTemplate\":\"https:\/\/consortium.hr\/?s={search_term_string}\"},\"query-input\":{\"@type\":\"PropertyValueSpecification\",\"valueRequired\":true,\"valueName\":\"search_term_string\"}}],\"inLanguage\":\"sl-SI\"}]}<\/script>\n<!-- \/ Yoast SEO plugin. -->","yoast_head_json":{"title":"Gra\u0111evinski Materijal - Odli\u010dna Ponuda i Cijena - Consortium","robots":{"index":"index","follow":"follow","max-snippet":"max-snippet:-1","max-image-preview":"max-image-preview:large","max-video-preview":"max-video-preview:-1"},"canonical":"https:\/\/consortium.hr\/sl\/","og_locale":"sl_SI","og_type":"article","og_title":"Gra\u0111evinski Materijal - Odli\u010dna Ponuda i Cijena - Consortium","og_url":"https:\/\/consortium.hr\/sl\/","og_site_name":"Consortium","article_modified_time":"2025-10-20T19:04:29+00:00","twitter_card":"summary_large_image","schema":{"@context":"https:\/\/schema.org","@graph":[{"@type":"WebPage","@id":"https:\/\/consortium.hr\/sl\/","url":"https:\/\/consortium.hr\/sl\/","name":"Gra\u0111evinski Materijal - Odli\u010dna Ponuda i Cijena - Consortium","isPartOf":{"@id":"https:\/\/consortium.hr\/#website"},"datePublished":"2025-05-07T09:56:34+00:00","dateModified":"2025-10-20T19:04:29+00:00","breadcrumb":{"@id":"https:\/\/consortium.hr\/sl\/#breadcrumb"},"inLanguage":"sl-SI","potentialAction":[{"@type":"ReadAction","target":["https:\/\/consortium.hr\/sl\/"]}]},{"@type":"BreadcrumbList","@id":"https:\/\/consortium.hr\/sl\/#breadcrumb","itemListElement":[{"@type":"ListItem","position":1,"name":"Po\u010detna stranica","item":"https:\/\/consortium.hr\/sl\/"},{"@type":"ListItem","position":2,"name":"Gra\u0111evinski Materijal - Odli\u010dna Ponuda i Cijena"}]},{"@type":"WebSite","@id":"https:\/\/consortium.hr\/#website","url":"https:\/\/consortium.hr\/","name":"Consortium","description":"Gra\u0111evinski Materijal - Odli\u010dna Ponuda i Cijena","alternateName":"Gra\u0111evinski Materijal - Odli\u010dna Ponuda i Cijena","potentialAction":[{"@type":"SearchAction","target":{"@type":"EntryPoint","urlTemplate":"https:\/\/consortium.hr\/?s={search_term_string}"},"query-input":{"@type":"PropertyValueSpecification","valueRequired":true,"valueName":"search_term_string"}}],"inLanguage":"sl-SI"}]}},"_links":{"self":[{"href":"https:\/\/consortium.hr\/sl\/wp-json\/wp\/v2\/pages\/12445","targetHints":{"allow":["GET"]}}],"collection":[{"href":"https:\/\/consortium.hr\/sl\/wp-json\/wp\/v2\/pages"}],"about":[{"href":"https:\/\/consortium.hr\/sl\/wp-json\/wp\/v2\/types\/page"}],"author":[{"embeddable":true,"href":"https:\/\/consortium.hr\/sl\/wp-json\/wp\/v2\/users\/2"}],"replies":[{"embeddable":true,"href":"https:\/\/consortium.hr\/sl\/wp-json\/wp\/v2\/comments?post=12445"}],"version-history":[{"count":4,"href":"https:\/\/consortium.hr\/sl\/wp-json\/wp\/v2\/pages\/12445\/revisions"}],"predecessor-version":[{"id":13161,"href":"https:\/\/consortium.hr\/sl\/wp-json\/wp\/v2\/pages\/12445\/revisions\/13161"}],"wp:attachment":[{"href":"https:\/\/consortium.hr\/sl\/wp-json\/wp\/v2\/media?parent=12445"}],"curies":[{"name":"wp","href":"https:\/\/api.w.org\/{rel}","templated":true}]}}