{"id":10083,"date":"2024-10-09T10:42:38","date_gmt":"2024-10-09T10:42:38","guid":{"rendered":"https:\/\/consortium.hr\/?post_type=product&#038;p=10083"},"modified":"2026-04-27T16:18:18","modified_gmt":"2026-04-27T16:18:18","slug":"jupol-block","status":"publish","type":"product","link":"https:\/\/consortium.hr\/sl\/product\/jupol-block\/","title":{"rendered":"Jupol Block"},"content":{"rendered":"<p><strong>Za zidne povr\u0161ine, onesna\u017eene made\u017ei, ki nastajajo v gospodinjstvih, kot so nikotin, katran ... na primer v kuhinjah, restavracijah, hotelih, \u0161olah, vrtcih itd.<\/strong><\/p>\n<p><strong>Lastnosti:<\/strong><\/p>\n<ul>\n<li>Odli\u010dno prekriva in blokira problemati\u010dne made\u017ee, kot so nikotin, katran, po\u017ear, umazanija, tanini in druga barvila, vino, sokovi, kava, vodene barve, olja itd.<\/li>\n<li>Made\u017ei se ve\u017eejo z barvo, s \u010dimer se prepre\u010di pojav made\u017eev skozi barvni film.<\/li>\n<li>Hitro su\u0161enje<\/li>\n<li>Visoka prekrivnost in paropropustnost barve<\/li>\n<li>Nizka emisija lahko hlape\u010dih organskih spojin v okolje<\/li>\n<li>GLOBOKO MAT IZGLED BARVNEGA FILMA<\/li>\n<\/ul>\n<p><strong>Prednosti\/koristi za investitorja i izvo\u0111a\u010da:<\/strong><\/p>\n<ul>\n<li>Idealna izbira za blokiranje razli\u010dnih vrst made\u017eev<\/li>\n<li>Kraj\u0161i \u010das izvedbe - naslednji nanos je mogo\u010d po 4 urah<\/li>\n<li>Enostavna uporaba<\/li>\n<li>Zagotovljen vrhunski rezultat barvanja umazanih povr\u0161in in blokiranja made\u017eev<\/li>\n<\/ul>","protected":false},"excerpt":{"rendered":"<p>Za zidne povr\u0161ine zaprljane mrljama koje nastaju u ku\u0107anstvima, nikotinom, katranom... npr. kuhinje, restorani, hoteli, \u0161kole, vrti\u0107i, itd. Karakteristike Odli\u010dno prekriva i blokira problemati\u010dne mrlje nikotina, katrana, po\u017eara, prljav\u0161tine, tanina i drugih bojila, vina, sokova, kave, vodenih boja, ulja, itd. Mrlje se ve\u017eu sa bojom, na taj se na\u010din sprje\u010dava izbijanje mrlja preko filma boje [&hellip;]<\/p>","protected":false},"featured_media":10087,"template":"","meta":{"_acf_changed":false},"product_brand":[],"product_cat":[169,183,170],"product_tag":[],"class_list":{"0":"post-10083","1":"product","2":"type-product","3":"status-publish","4":"has-post-thumbnail","6":"product_cat-boje-i-lakovi","7":"product_cat-specijalne-boje","8":"product_cat-unutarnje-boje","10":"first","11":"instock","12":"shipping-taxable","13":"purchasable","14":"product-type-variable","15":"wvs-archive-product-wrapper"},"acf":[],"yoast_head":"<!-- This site is optimized with the Yoast SEO plugin v26.1.1 - https:\/\/yoast.com\/wordpress\/plugins\/seo\/ -->\n<title>Jupol Block - Consortium<\/title>\n<meta name=\"robots\" content=\"index, follow, max-snippet:-1, max-image-preview:large, max-video-preview:-1\" \/>\n<link rel=\"canonical\" href=\"https:\/\/consortium.hr\/sl\/product\/jupol-block\/\" \/>\n<meta property=\"og:locale\" content=\"sl_SI\" \/>\n<meta property=\"og:type\" content=\"article\" \/>\n<meta property=\"og:title\" content=\"Jupol Block - Consortium\" \/>\n<meta property=\"og:description\" content=\"Za zidne povr\u0161ine zaprljane mrljama koje nastaju u ku\u0107anstvima, nikotinom, katranom... npr. kuhinje, restorani, hoteli, \u0161kole, vrti\u0107i, itd. Karakteristike Odli\u010dno prekriva i blokira problemati\u010dne mrlje nikotina, katrana, po\u017eara, prljav\u0161tine, tanina i drugih bojila, vina, sokova, kave, vodenih boja, ulja, itd. Mrlje se ve\u017eu sa bojom, na taj se na\u010din sprje\u010dava izbijanje mrlja preko filma boje [&hellip;]\" \/>\n<meta property=\"og:url\" content=\"https:\/\/consortium.hr\/sl\/product\/jupol-block\/\" \/>\n<meta property=\"og:site_name\" content=\"Consortium\" \/>\n<meta property=\"article:modified_time\" content=\"2026-04-27T16:18:18+00:00\" \/>\n<meta property=\"og:image\" content=\"https:\/\/consortium.hr\/wp-content\/uploads\/2024\/10\/Jupol-Block.jpg\" \/>\n\t<meta property=\"og:image:width\" content=\"800\" \/>\n\t<meta property=\"og:image:height\" content=\"800\" \/>\n\t<meta property=\"og:image:type\" content=\"image\/jpeg\" \/>\n<meta name=\"twitter:card\" content=\"summary_large_image\" \/>\n<meta name=\"twitter:label1\" content=\"Est. reading time\" \/>\n\t<meta name=\"twitter:data1\" content=\"1 minuta\" \/>\n<script type=\"application\/ld+json\" class=\"yoast-schema-graph\">{\"@context\":\"https:\/\/schema.org\",\"@graph\":[{\"@type\":\"WebPage\",\"@id\":\"https:\/\/consortium.hr\/product\/jupol-block\/\",\"url\":\"https:\/\/consortium.hr\/product\/jupol-block\/\",\"name\":\"Jupol Block - Consortium\",\"isPartOf\":{\"@id\":\"https:\/\/consortium.hr\/#website\"},\"primaryImageOfPage\":{\"@id\":\"https:\/\/consortium.hr\/product\/jupol-block\/#primaryimage\"},\"image\":{\"@id\":\"https:\/\/consortium.hr\/product\/jupol-block\/#primaryimage\"},\"thumbnailUrl\":\"https:\/\/consortium.hr\/wp-content\/uploads\/2024\/10\/Jupol-Block.jpg\",\"datePublished\":\"2024-10-09T10:42:38+00:00\",\"dateModified\":\"2026-04-27T16:18:18+00:00\",\"breadcrumb\":{\"@id\":\"https:\/\/consortium.hr\/product\/jupol-block\/#breadcrumb\"},\"inLanguage\":\"sl-SI\",\"potentialAction\":[{\"@type\":\"ReadAction\",\"target\":[\"https:\/\/consortium.hr\/product\/jupol-block\/\"]}]},{\"@type\":\"ImageObject\",\"inLanguage\":\"sl-SI\",\"@id\":\"https:\/\/consortium.hr\/product\/jupol-block\/#primaryimage\",\"url\":\"https:\/\/consortium.hr\/wp-content\/uploads\/2024\/10\/Jupol-Block.jpg\",\"contentUrl\":\"https:\/\/consortium.hr\/wp-content\/uploads\/2024\/10\/Jupol-Block.jpg\",\"width\":800,\"height\":800},{\"@type\":\"BreadcrumbList\",\"@id\":\"https:\/\/consortium.hr\/product\/jupol-block\/#breadcrumb\",\"itemListElement\":[{\"@type\":\"ListItem\",\"position\":1,\"name\":\"Po\u010detna stranica\",\"item\":\"https:\/\/consortium.hr\/sl\/\"},{\"@type\":\"ListItem\",\"position\":2,\"name\":\"Shop\",\"item\":\"https:\/\/consortium.hr\/sl\/shop\/\"},{\"@type\":\"ListItem\",\"position\":3,\"name\":\"Jupol Block\"}]},{\"@type\":\"WebSite\",\"@id\":\"https:\/\/consortium.hr\/#website\",\"url\":\"https:\/\/consortium.hr\/\",\"name\":\"Consortium\",\"description\":\"Gra\u0111evinski Materijal - Odli\u010dna Ponuda i Cijena\",\"alternateName\":\"Gra\u0111evinski Materijal - Odli\u010dna Ponuda i Cijena\",\"potentialAction\":[{\"@type\":\"SearchAction\",\"target\":{\"@type\":\"EntryPoint\",\"urlTemplate\":\"https:\/\/consortium.hr\/?s={search_term_string}\"},\"query-input\":{\"@type\":\"PropertyValueSpecification\",\"valueRequired\":true,\"valueName\":\"search_term_string\"}}],\"inLanguage\":\"sl-SI\"}]}<\/script>\n<!-- \/ Yoast SEO plugin. -->","yoast_head_json":{"title":"Jupol Block - Consortium","robots":{"index":"index","follow":"follow","max-snippet":"max-snippet:-1","max-image-preview":"max-image-preview:large","max-video-preview":"max-video-preview:-1"},"canonical":"https:\/\/consortium.hr\/sl\/product\/jupol-block\/","og_locale":"sl_SI","og_type":"article","og_title":"Jupol Block - Consortium","og_description":"Za zidne povr\u0161ine zaprljane mrljama koje nastaju u ku\u0107anstvima, nikotinom, katranom... npr. kuhinje, restorani, hoteli, \u0161kole, vrti\u0107i, itd. Karakteristike Odli\u010dno prekriva i blokira problemati\u010dne mrlje nikotina, katrana, po\u017eara, prljav\u0161tine, tanina i drugih bojila, vina, sokova, kave, vodenih boja, ulja, itd. Mrlje se ve\u017eu sa bojom, na taj se na\u010din sprje\u010dava izbijanje mrlja preko filma boje [&hellip;]","og_url":"https:\/\/consortium.hr\/sl\/product\/jupol-block\/","og_site_name":"Consortium","article_modified_time":"2026-04-27T16:18:18+00:00","og_image":[{"width":800,"height":800,"url":"https:\/\/consortium.hr\/wp-content\/uploads\/2024\/10\/Jupol-Block.jpg","type":"image\/jpeg"}],"twitter_card":"summary_large_image","twitter_misc":{"Est. reading time":"1 minuta"},"schema":{"@context":"https:\/\/schema.org","@graph":[{"@type":"WebPage","@id":"https:\/\/consortium.hr\/product\/jupol-block\/","url":"https:\/\/consortium.hr\/product\/jupol-block\/","name":"Jupol Block - Consortium","isPartOf":{"@id":"https:\/\/consortium.hr\/#website"},"primaryImageOfPage":{"@id":"https:\/\/consortium.hr\/product\/jupol-block\/#primaryimage"},"image":{"@id":"https:\/\/consortium.hr\/product\/jupol-block\/#primaryimage"},"thumbnailUrl":"https:\/\/consortium.hr\/wp-content\/uploads\/2024\/10\/Jupol-Block.jpg","datePublished":"2024-10-09T10:42:38+00:00","dateModified":"2026-04-27T16:18:18+00:00","breadcrumb":{"@id":"https:\/\/consortium.hr\/product\/jupol-block\/#breadcrumb"},"inLanguage":"sl-SI","potentialAction":[{"@type":"ReadAction","target":["https:\/\/consortium.hr\/product\/jupol-block\/"]}]},{"@type":"ImageObject","inLanguage":"sl-SI","@id":"https:\/\/consortium.hr\/product\/jupol-block\/#primaryimage","url":"https:\/\/consortium.hr\/wp-content\/uploads\/2024\/10\/Jupol-Block.jpg","contentUrl":"https:\/\/consortium.hr\/wp-content\/uploads\/2024\/10\/Jupol-Block.jpg","width":800,"height":800},{"@type":"BreadcrumbList","@id":"https:\/\/consortium.hr\/product\/jupol-block\/#breadcrumb","itemListElement":[{"@type":"ListItem","position":1,"name":"Po\u010detna stranica","item":"https:\/\/consortium.hr\/sl\/"},{"@type":"ListItem","position":2,"name":"Shop","item":"https:\/\/consortium.hr\/sl\/shop\/"},{"@type":"ListItem","position":3,"name":"Jupol Block"}]},{"@type":"WebSite","@id":"https:\/\/consortium.hr\/#website","url":"https:\/\/consortium.hr\/","name":"Consortium","description":"Gra\u0111evinski Materijal - Odli\u010dna Ponuda i Cijena","alternateName":"Gra\u0111evinski Materijal - Odli\u010dna Ponuda i Cijena","potentialAction":[{"@type":"SearchAction","target":{"@type":"EntryPoint","urlTemplate":"https:\/\/consortium.hr\/?s={search_term_string}"},"query-input":{"@type":"PropertyValueSpecification","valueRequired":true,"valueName":"search_term_string"}}],"inLanguage":"sl-SI"}]}},"_links":{"self":[{"href":"https:\/\/consortium.hr\/sl\/wp-json\/wp\/v2\/product\/10083","targetHints":{"allow":["GET"]}}],"collection":[{"href":"https:\/\/consortium.hr\/sl\/wp-json\/wp\/v2\/product"}],"about":[{"href":"https:\/\/consortium.hr\/sl\/wp-json\/wp\/v2\/types\/product"}],"wp:featuredmedia":[{"embeddable":true,"href":"https:\/\/consortium.hr\/sl\/wp-json\/wp\/v2\/media\/10087"}],"wp:attachment":[{"href":"https:\/\/consortium.hr\/sl\/wp-json\/wp\/v2\/media?parent=10083"}],"wp:term":[{"taxonomy":"product_brand","embeddable":true,"href":"https:\/\/consortium.hr\/sl\/wp-json\/wp\/v2\/product_brand?post=10083"},{"taxonomy":"product_cat","embeddable":true,"href":"https:\/\/consortium.hr\/sl\/wp-json\/wp\/v2\/product_cat?post=10083"},{"taxonomy":"product_tag","embeddable":true,"href":"https:\/\/consortium.hr\/sl\/wp-json\/wp\/v2\/product_tag?post=10083"}],"curies":[{"name":"wp","href":"https:\/\/api.w.org\/{rel}","templated":true}]}}