{"id":10097,"date":"2024-10-09T10:46:54","date_gmt":"2024-10-09T10:46:54","guid":{"rendered":"https:\/\/consortium.hr\/?post_type=product&#038;p=10097"},"modified":"2025-10-22T09:55:59","modified_gmt":"2025-10-22T09:55:59","slug":"hempadur-filer-sivi-013l","status":"publish","type":"product","link":"https:\/\/consortium.hr\/sl\/product\/hempadur-filer-sivi-013l\/","title":{"rendered":"Hempel's Epoxy Filler 35253"},"content":{"rendered":"<p><strong>Hempel's Epoxy Filler 35253 je dvokomponentni epoksi kit brez topil.<\/strong><\/p>\n<ul>\n<li>Posebej je primeren za popravilo razpok, razcepljenih mest in manj\u0161ih napak.<\/li>\n<li>Primeren je za nanose na steklenih vlakenih materialih, trdem lesu, jeklu in drugih trdnih materialih.<\/li>\n<li>Za uporabo znotraj in zunaj, nad in pod vodno linijo.<\/li>\n<\/ul>","protected":false},"excerpt":{"rendered":"<p>Hempel's Epoxy Filler 35253 je dvokomponentni epoksi kit bez otapala. Naro\u010dito je prikladan za popravak napuklina, rascjepa i manjih nedostataka. Pogodan za nano\u0161enje na stakloplastici, punom drvu, \u010deliku i drugim \u010dvrstim materijalima. Za primjenu iznutra i izvana iznad i ispod vodne linije.<\/p>","protected":false},"featured_media":10099,"template":"","meta":{"_acf_changed":false},"product_brand":[],"product_cat":[169,179,366,367],"product_tag":[],"class_list":{"0":"post-10097","1":"product","2":"type-product","3":"status-publish","4":"has-post-thumbnail","6":"product_cat-boje-i-lakovi","7":"product_cat-kitovi","8":"product_cat-kitovi-za-drvo","9":"product_cat-kitovi-za-metal","11":"first","12":"outofstock","13":"shipping-taxable","14":"purchasable","15":"product-type-simple"},"acf":[],"yoast_head":"<!-- This site is optimized with the Yoast SEO plugin v26.1.1 - https:\/\/yoast.com\/wordpress\/plugins\/seo\/ -->\n<title>Hempel&#039;s Epoxy Filler 35253 - Consortium<\/title>\n<meta name=\"robots\" content=\"index, follow, max-snippet:-1, max-image-preview:large, max-video-preview:-1\" \/>\n<link rel=\"canonical\" href=\"https:\/\/consortium.hr\/sl\/product\/hempadur-filer-sivi-013l\/\" \/>\n<meta property=\"og:locale\" content=\"sl_SI\" \/>\n<meta property=\"og:type\" content=\"article\" \/>\n<meta property=\"og:title\" content=\"Hempel&#039;s Epoxy Filler 35253 - Consortium\" \/>\n<meta property=\"og:description\" content=\"Hempel&#039;s Epoxy Filler 35253 je dvokomponentni epoksi kit bez otapala. Naro\u010dito je prikladan za popravak napuklina, rascjepa i manjih nedostataka. Pogodan za nano\u0161enje na stakloplastici, punom drvu, \u010deliku i drugim \u010dvrstim materijalima. Za primjenu iznutra i izvana iznad i ispod vodne linije.\" \/>\n<meta property=\"og:url\" content=\"https:\/\/consortium.hr\/sl\/product\/hempadur-filer-sivi-013l\/\" \/>\n<meta property=\"og:site_name\" content=\"Consortium\" \/>\n<meta property=\"article:modified_time\" content=\"2025-10-22T09:55:59+00:00\" \/>\n<meta property=\"og:image\" content=\"https:\/\/consortium.hr\/wp-content\/uploads\/2024\/10\/Hempadur-Filer-sivi-013L.jpg\" \/>\n\t<meta property=\"og:image:width\" content=\"800\" \/>\n\t<meta property=\"og:image:height\" content=\"800\" \/>\n\t<meta property=\"og:image:type\" content=\"image\/jpeg\" \/>\n<meta name=\"twitter:card\" content=\"summary_large_image\" \/>\n<script type=\"application\/ld+json\" class=\"yoast-schema-graph\">{\"@context\":\"https:\/\/schema.org\",\"@graph\":[{\"@type\":\"WebPage\",\"@id\":\"https:\/\/consortium.hr\/product\/hempadur-filer-sivi-013l\/\",\"url\":\"https:\/\/consortium.hr\/product\/hempadur-filer-sivi-013l\/\",\"name\":\"Hempel's Epoxy Filler 35253 - Consortium\",\"isPartOf\":{\"@id\":\"https:\/\/consortium.hr\/#website\"},\"primaryImageOfPage\":{\"@id\":\"https:\/\/consortium.hr\/product\/hempadur-filer-sivi-013l\/#primaryimage\"},\"image\":{\"@id\":\"https:\/\/consortium.hr\/product\/hempadur-filer-sivi-013l\/#primaryimage\"},\"thumbnailUrl\":\"https:\/\/consortium.hr\/wp-content\/uploads\/2024\/10\/Hempadur-Filer-sivi-013L.jpg\",\"datePublished\":\"2024-10-09T10:46:54+00:00\",\"dateModified\":\"2025-10-22T09:55:59+00:00\",\"breadcrumb\":{\"@id\":\"https:\/\/consortium.hr\/product\/hempadur-filer-sivi-013l\/#breadcrumb\"},\"inLanguage\":\"sl-SI\",\"potentialAction\":[{\"@type\":\"ReadAction\",\"target\":[\"https:\/\/consortium.hr\/product\/hempadur-filer-sivi-013l\/\"]}]},{\"@type\":\"ImageObject\",\"inLanguage\":\"sl-SI\",\"@id\":\"https:\/\/consortium.hr\/product\/hempadur-filer-sivi-013l\/#primaryimage\",\"url\":\"https:\/\/consortium.hr\/wp-content\/uploads\/2024\/10\/Hempadur-Filer-sivi-013L.jpg\",\"contentUrl\":\"https:\/\/consortium.hr\/wp-content\/uploads\/2024\/10\/Hempadur-Filer-sivi-013L.jpg\",\"width\":800,\"height\":800},{\"@type\":\"BreadcrumbList\",\"@id\":\"https:\/\/consortium.hr\/product\/hempadur-filer-sivi-013l\/#breadcrumb\",\"itemListElement\":[{\"@type\":\"ListItem\",\"position\":1,\"name\":\"Po\u010detna stranica\",\"item\":\"https:\/\/consortium.hr\/sl\/\"},{\"@type\":\"ListItem\",\"position\":2,\"name\":\"Shop\",\"item\":\"https:\/\/consortium.hr\/sl\/shop\/\"},{\"@type\":\"ListItem\",\"position\":3,\"name\":\"Hempel's Epoxy Filler 35253\"}]},{\"@type\":\"WebSite\",\"@id\":\"https:\/\/consortium.hr\/#website\",\"url\":\"https:\/\/consortium.hr\/\",\"name\":\"Consortium\",\"description\":\"Gra\u0111evinski Materijal - Odli\u010dna Ponuda i Cijena\",\"alternateName\":\"Gra\u0111evinski Materijal - Odli\u010dna Ponuda i Cijena\",\"potentialAction\":[{\"@type\":\"SearchAction\",\"target\":{\"@type\":\"EntryPoint\",\"urlTemplate\":\"https:\/\/consortium.hr\/?s={search_term_string}\"},\"query-input\":{\"@type\":\"PropertyValueSpecification\",\"valueRequired\":true,\"valueName\":\"search_term_string\"}}],\"inLanguage\":\"sl-SI\"}]}<\/script>\n<!-- \/ Yoast SEO plugin. -->","yoast_head_json":{"title":"Hempel's Epoxy Filler 35253 - Consortium","robots":{"index":"index","follow":"follow","max-snippet":"max-snippet:-1","max-image-preview":"max-image-preview:large","max-video-preview":"max-video-preview:-1"},"canonical":"https:\/\/consortium.hr\/sl\/product\/hempadur-filer-sivi-013l\/","og_locale":"sl_SI","og_type":"article","og_title":"Hempel's Epoxy Filler 35253 - Consortium","og_description":"Hempel's Epoxy Filler 35253 je dvokomponentni epoksi kit bez otapala. Naro\u010dito je prikladan za popravak napuklina, rascjepa i manjih nedostataka. Pogodan za nano\u0161enje na stakloplastici, punom drvu, \u010deliku i drugim \u010dvrstim materijalima. Za primjenu iznutra i izvana iznad i ispod vodne linije.","og_url":"https:\/\/consortium.hr\/sl\/product\/hempadur-filer-sivi-013l\/","og_site_name":"Consortium","article_modified_time":"2025-10-22T09:55:59+00:00","og_image":[{"width":800,"height":800,"url":"https:\/\/consortium.hr\/wp-content\/uploads\/2024\/10\/Hempadur-Filer-sivi-013L.jpg","type":"image\/jpeg"}],"twitter_card":"summary_large_image","schema":{"@context":"https:\/\/schema.org","@graph":[{"@type":"WebPage","@id":"https:\/\/consortium.hr\/product\/hempadur-filer-sivi-013l\/","url":"https:\/\/consortium.hr\/product\/hempadur-filer-sivi-013l\/","name":"Hempel's Epoxy Filler 35253 - Consortium","isPartOf":{"@id":"https:\/\/consortium.hr\/#website"},"primaryImageOfPage":{"@id":"https:\/\/consortium.hr\/product\/hempadur-filer-sivi-013l\/#primaryimage"},"image":{"@id":"https:\/\/consortium.hr\/product\/hempadur-filer-sivi-013l\/#primaryimage"},"thumbnailUrl":"https:\/\/consortium.hr\/wp-content\/uploads\/2024\/10\/Hempadur-Filer-sivi-013L.jpg","datePublished":"2024-10-09T10:46:54+00:00","dateModified":"2025-10-22T09:55:59+00:00","breadcrumb":{"@id":"https:\/\/consortium.hr\/product\/hempadur-filer-sivi-013l\/#breadcrumb"},"inLanguage":"sl-SI","potentialAction":[{"@type":"ReadAction","target":["https:\/\/consortium.hr\/product\/hempadur-filer-sivi-013l\/"]}]},{"@type":"ImageObject","inLanguage":"sl-SI","@id":"https:\/\/consortium.hr\/product\/hempadur-filer-sivi-013l\/#primaryimage","url":"https:\/\/consortium.hr\/wp-content\/uploads\/2024\/10\/Hempadur-Filer-sivi-013L.jpg","contentUrl":"https:\/\/consortium.hr\/wp-content\/uploads\/2024\/10\/Hempadur-Filer-sivi-013L.jpg","width":800,"height":800},{"@type":"BreadcrumbList","@id":"https:\/\/consortium.hr\/product\/hempadur-filer-sivi-013l\/#breadcrumb","itemListElement":[{"@type":"ListItem","position":1,"name":"Po\u010detna stranica","item":"https:\/\/consortium.hr\/sl\/"},{"@type":"ListItem","position":2,"name":"Shop","item":"https:\/\/consortium.hr\/sl\/shop\/"},{"@type":"ListItem","position":3,"name":"Hempel's Epoxy Filler 35253"}]},{"@type":"WebSite","@id":"https:\/\/consortium.hr\/#website","url":"https:\/\/consortium.hr\/","name":"Consortium","description":"Gra\u0111evinski Materijal - Odli\u010dna Ponuda i Cijena","alternateName":"Gra\u0111evinski Materijal - Odli\u010dna Ponuda i Cijena","potentialAction":[{"@type":"SearchAction","target":{"@type":"EntryPoint","urlTemplate":"https:\/\/consortium.hr\/?s={search_term_string}"},"query-input":{"@type":"PropertyValueSpecification","valueRequired":true,"valueName":"search_term_string"}}],"inLanguage":"sl-SI"}]}},"_links":{"self":[{"href":"https:\/\/consortium.hr\/sl\/wp-json\/wp\/v2\/product\/10097","targetHints":{"allow":["GET"]}}],"collection":[{"href":"https:\/\/consortium.hr\/sl\/wp-json\/wp\/v2\/product"}],"about":[{"href":"https:\/\/consortium.hr\/sl\/wp-json\/wp\/v2\/types\/product"}],"wp:featuredmedia":[{"embeddable":true,"href":"https:\/\/consortium.hr\/sl\/wp-json\/wp\/v2\/media\/10099"}],"wp:attachment":[{"href":"https:\/\/consortium.hr\/sl\/wp-json\/wp\/v2\/media?parent=10097"}],"wp:term":[{"taxonomy":"product_brand","embeddable":true,"href":"https:\/\/consortium.hr\/sl\/wp-json\/wp\/v2\/product_brand?post=10097"},{"taxonomy":"product_cat","embeddable":true,"href":"https:\/\/consortium.hr\/sl\/wp-json\/wp\/v2\/product_cat?post=10097"},{"taxonomy":"product_tag","embeddable":true,"href":"https:\/\/consortium.hr\/sl\/wp-json\/wp\/v2\/product_tag?post=10097"}],"curies":[{"name":"wp","href":"https:\/\/api.w.org\/{rel}","templated":true}]}}