{"id":10251,"date":"2025-01-27T19:39:51","date_gmt":"2025-01-27T19:39:51","guid":{"rendered":"https:\/\/consortium.hr\/?post_type=product&#038;p=10251"},"modified":"2026-04-28T07:44:14","modified_gmt":"2026-04-28T07:44:14","slug":"monto-ovaldine-mate-50","status":"publish","type":"product","link":"https:\/\/consortium.hr\/sl\/product\/monto-ovaldine-mate-50\/","title":{"rendered":"Monto Ovaldine Mate 50"},"content":{"rendered":"<p><strong>Visokokakovostna emulzijska barva z mat zaklju\u010dnim slojem<\/strong><\/p>\n<p><strong>MONTO OVALDINE MATE 50<\/strong> je posebno izdanje visokokvalitetne boje stvoreno u \u010dast 50. obljetnice Pinturas Mont\u00f3. Ova emulzijska boja na bazi vode osigurava izvanredne rezultate uz tehnologiju protiv prskanja, \u010dine\u0107i proces bojanja jednostavnijim i u\u010dinkovitijim. S dodatkom mirisa tropskog vo\u0107a, bojanje postaje ugodnije iskustvo.<\/p>\n<p><strong>Klju\u010dne zna\u010dilnosti:<\/strong><\/p>\n<p><strong>\u2713<\/strong> Kakovosten zaklju\u010dek z elegantnim mat efektom (sijaj &lt;10\u00b0).<br \/>\n<strong>\u2713<\/strong> Odli\u010dna prekrivnost, ki omogo\u010da dosego popolnih rezultatov z manj sloji.<br \/>\n<strong>\u2713<\/strong> Tehnologija proti pr\u0161enju za urejen in natan\u010den na\u010din dela.<br \/>\n<strong>\u2713<\/strong> Dolgoro\u010dna odpornost in zmogljivost za notranje prostore.<br \/>\n<strong>\u2713<\/strong>Edinstven vonj tropskega sadja za prijetnej\u0161e barvanje.<\/p>\n<p><strong>Navodila za uporabo:<\/strong> Prije upotrebe, boju temeljito promije\u0161ajte kako biste postigli homogenu konzistenciju. Kod prvog sloja, osobito na vrlo poroznim povr\u0161inama, boju razrijedite s 30% vode. Za drugi sloj preporu\u010duje se razrje\u0111ivanje od pribli\u017eno 10%.<\/p>\n<p>\u010ce barvate \u017ee pobarvane povr\u0161ine, odstranite vse dele, ki se lu\u0161\u010dijo ali slabo prijemajo. Izogibajte se nana\u0161anju barve, \u010de se pri\u010dakuje de\u017e v dveh urah po barvanju ali \u010de je temperatura ni\u017eja od 5\u00b0C.<\/p>\n<p>Po nanosu zidov ne perite najmanj 24 dni, da barva dose\u017ee polno trajnost in stabilnost.<\/p>\n<p>MONTO OVALDINE MATE 50 je popolna izbira za notranjo dekoracijo, saj zagotavlja profesionalne rezultate in visoko estetiko. Oglejte si tudi ostale izdelke iz na\u0161e ponudbe za barvanje in dekoracijo prostorov!<\/p>","protected":false},"excerpt":{"rendered":"<p>Visokokvalitetna emulzijska boja s mat zavr\u0161nim slojem MONTO OVALDINE MATE 50 je posebno izdanje visokokvalitetne boje stvoreno u \u010dast 50. obljetnice Pinturas Mont\u00f3. Ova emulzijska boja na bazi vode osigurava izvanredne rezultate uz tehnologiju protiv prskanja, \u010dine\u0107i proces bojanja jednostavnijim i u\u010dinkovitijim. S dodatkom mirisa tropskog vo\u0107a, bojanje postaje ugodnije iskustvo. Klju\u010dne zna\u010dajke: \u2713 Kvalitetna [&hellip;]<\/p>","protected":false},"featured_media":10256,"template":"","meta":{"_acf_changed":false},"product_brand":[],"product_cat":[169,170,181],"product_tag":[],"class_list":{"0":"post-10251","1":"product","2":"type-product","3":"status-publish","4":"has-post-thumbnail","6":"product_cat-boje-i-lakovi","7":"product_cat-unutarnje-boje","8":"product_cat-unutarnje-zidne-boje","10":"first","11":"instock","12":"shipping-taxable","13":"purchasable","14":"product-type-variable","15":"wvs-archive-product-wrapper"},"acf":[],"yoast_head":"<!-- This site is optimized with the Yoast SEO plugin v26.1.1 - https:\/\/yoast.com\/wordpress\/plugins\/seo\/ -->\n<title>Monto Ovaldine Mate 50 - Consortium<\/title>\n<meta name=\"robots\" content=\"index, follow, max-snippet:-1, max-image-preview:large, max-video-preview:-1\" \/>\n<link rel=\"canonical\" href=\"https:\/\/consortium.hr\/sl\/product\/monto-ovaldine-mate-50\/\" \/>\n<meta property=\"og:locale\" content=\"sl_SI\" \/>\n<meta property=\"og:type\" content=\"article\" \/>\n<meta property=\"og:title\" content=\"Monto Ovaldine Mate 50 - Consortium\" \/>\n<meta property=\"og:description\" content=\"Visokokvalitetna emulzijska boja s mat zavr\u0161nim slojem MONTO OVALDINE MATE 50 je posebno izdanje visokokvalitetne boje stvoreno u \u010dast 50. obljetnice Pinturas Mont\u00f3. Ova emulzijska boja na bazi vode osigurava izvanredne rezultate uz tehnologiju protiv prskanja, \u010dine\u0107i proces bojanja jednostavnijim i u\u010dinkovitijim. S dodatkom mirisa tropskog vo\u0107a, bojanje postaje ugodnije iskustvo. Klju\u010dne zna\u010dajke: \u2713 Kvalitetna [&hellip;]\" \/>\n<meta property=\"og:url\" content=\"https:\/\/consortium.hr\/sl\/product\/monto-ovaldine-mate-50\/\" \/>\n<meta property=\"og:site_name\" content=\"Consortium\" \/>\n<meta property=\"article:modified_time\" content=\"2026-04-28T07:44:14+00:00\" \/>\n<meta property=\"og:image\" content=\"https:\/\/consortium.hr\/wp-content\/uploads\/2025\/01\/monto-ovaldine-mate-50.jpg\" \/>\n\t<meta property=\"og:image:width\" content=\"800\" \/>\n\t<meta property=\"og:image:height\" content=\"800\" \/>\n\t<meta property=\"og:image:type\" content=\"image\/jpeg\" \/>\n<meta name=\"twitter:card\" content=\"summary_large_image\" \/>\n<meta name=\"twitter:label1\" content=\"Est. reading time\" \/>\n\t<meta name=\"twitter:data1\" content=\"1 minuta\" \/>\n<script type=\"application\/ld+json\" class=\"yoast-schema-graph\">{\"@context\":\"https:\/\/schema.org\",\"@graph\":[{\"@type\":\"WebPage\",\"@id\":\"https:\/\/consortium.hr\/product\/monto-ovaldine-mate-50\/\",\"url\":\"https:\/\/consortium.hr\/product\/monto-ovaldine-mate-50\/\",\"name\":\"Monto Ovaldine Mate 50 - Consortium\",\"isPartOf\":{\"@id\":\"https:\/\/consortium.hr\/#website\"},\"primaryImageOfPage\":{\"@id\":\"https:\/\/consortium.hr\/product\/monto-ovaldine-mate-50\/#primaryimage\"},\"image\":{\"@id\":\"https:\/\/consortium.hr\/product\/monto-ovaldine-mate-50\/#primaryimage\"},\"thumbnailUrl\":\"https:\/\/consortium.hr\/wp-content\/uploads\/2025\/01\/monto-ovaldine-mate-50.jpg\",\"datePublished\":\"2025-01-27T19:39:51+00:00\",\"dateModified\":\"2026-04-28T07:44:14+00:00\",\"breadcrumb\":{\"@id\":\"https:\/\/consortium.hr\/product\/monto-ovaldine-mate-50\/#breadcrumb\"},\"inLanguage\":\"sl-SI\",\"potentialAction\":[{\"@type\":\"ReadAction\",\"target\":[\"https:\/\/consortium.hr\/product\/monto-ovaldine-mate-50\/\"]}]},{\"@type\":\"ImageObject\",\"inLanguage\":\"sl-SI\",\"@id\":\"https:\/\/consortium.hr\/product\/monto-ovaldine-mate-50\/#primaryimage\",\"url\":\"https:\/\/consortium.hr\/wp-content\/uploads\/2025\/01\/monto-ovaldine-mate-50.jpg\",\"contentUrl\":\"https:\/\/consortium.hr\/wp-content\/uploads\/2025\/01\/monto-ovaldine-mate-50.jpg\",\"width\":800,\"height\":800,\"caption\":\"CREATOR: gd-jpeg v1.0 (using IJG JPEG v90), quality = 70\"},{\"@type\":\"BreadcrumbList\",\"@id\":\"https:\/\/consortium.hr\/product\/monto-ovaldine-mate-50\/#breadcrumb\",\"itemListElement\":[{\"@type\":\"ListItem\",\"position\":1,\"name\":\"Po\u010detna stranica\",\"item\":\"https:\/\/consortium.hr\/sl\/\"},{\"@type\":\"ListItem\",\"position\":2,\"name\":\"Shop\",\"item\":\"https:\/\/consortium.hr\/sl\/shop\/\"},{\"@type\":\"ListItem\",\"position\":3,\"name\":\"Monto Ovaldine Mate 50\"}]},{\"@type\":\"WebSite\",\"@id\":\"https:\/\/consortium.hr\/#website\",\"url\":\"https:\/\/consortium.hr\/\",\"name\":\"Consortium\",\"description\":\"Gra\u0111evinski Materijal - Odli\u010dna Ponuda i Cijena\",\"alternateName\":\"Gra\u0111evinski Materijal - Odli\u010dna Ponuda i Cijena\",\"potentialAction\":[{\"@type\":\"SearchAction\",\"target\":{\"@type\":\"EntryPoint\",\"urlTemplate\":\"https:\/\/consortium.hr\/?s={search_term_string}\"},\"query-input\":{\"@type\":\"PropertyValueSpecification\",\"valueRequired\":true,\"valueName\":\"search_term_string\"}}],\"inLanguage\":\"sl-SI\"}]}<\/script>\n<!-- \/ Yoast SEO plugin. -->","yoast_head_json":{"title":"Monto Ovaldine Mate 50 - Consortium","robots":{"index":"index","follow":"follow","max-snippet":"max-snippet:-1","max-image-preview":"max-image-preview:large","max-video-preview":"max-video-preview:-1"},"canonical":"https:\/\/consortium.hr\/sl\/product\/monto-ovaldine-mate-50\/","og_locale":"sl_SI","og_type":"article","og_title":"Monto Ovaldine Mate 50 - Consortium","og_description":"Visokokvalitetna emulzijska boja s mat zavr\u0161nim slojem MONTO OVALDINE MATE 50 je posebno izdanje visokokvalitetne boje stvoreno u \u010dast 50. obljetnice Pinturas Mont\u00f3. Ova emulzijska boja na bazi vode osigurava izvanredne rezultate uz tehnologiju protiv prskanja, \u010dine\u0107i proces bojanja jednostavnijim i u\u010dinkovitijim. S dodatkom mirisa tropskog vo\u0107a, bojanje postaje ugodnije iskustvo. Klju\u010dne zna\u010dajke: \u2713 Kvalitetna [&hellip;]","og_url":"https:\/\/consortium.hr\/sl\/product\/monto-ovaldine-mate-50\/","og_site_name":"Consortium","article_modified_time":"2026-04-28T07:44:14+00:00","og_image":[{"width":800,"height":800,"url":"https:\/\/consortium.hr\/wp-content\/uploads\/2025\/01\/monto-ovaldine-mate-50.jpg","type":"image\/jpeg"}],"twitter_card":"summary_large_image","twitter_misc":{"Est. reading time":"1 minuta"},"schema":{"@context":"https:\/\/schema.org","@graph":[{"@type":"WebPage","@id":"https:\/\/consortium.hr\/product\/monto-ovaldine-mate-50\/","url":"https:\/\/consortium.hr\/product\/monto-ovaldine-mate-50\/","name":"Monto Ovaldine Mate 50 - Consortium","isPartOf":{"@id":"https:\/\/consortium.hr\/#website"},"primaryImageOfPage":{"@id":"https:\/\/consortium.hr\/product\/monto-ovaldine-mate-50\/#primaryimage"},"image":{"@id":"https:\/\/consortium.hr\/product\/monto-ovaldine-mate-50\/#primaryimage"},"thumbnailUrl":"https:\/\/consortium.hr\/wp-content\/uploads\/2025\/01\/monto-ovaldine-mate-50.jpg","datePublished":"2025-01-27T19:39:51+00:00","dateModified":"2026-04-28T07:44:14+00:00","breadcrumb":{"@id":"https:\/\/consortium.hr\/product\/monto-ovaldine-mate-50\/#breadcrumb"},"inLanguage":"sl-SI","potentialAction":[{"@type":"ReadAction","target":["https:\/\/consortium.hr\/product\/monto-ovaldine-mate-50\/"]}]},{"@type":"ImageObject","inLanguage":"sl-SI","@id":"https:\/\/consortium.hr\/product\/monto-ovaldine-mate-50\/#primaryimage","url":"https:\/\/consortium.hr\/wp-content\/uploads\/2025\/01\/monto-ovaldine-mate-50.jpg","contentUrl":"https:\/\/consortium.hr\/wp-content\/uploads\/2025\/01\/monto-ovaldine-mate-50.jpg","width":800,"height":800,"caption":"CREATOR: gd-jpeg v1.0 (using IJG JPEG v90), quality = 70"},{"@type":"BreadcrumbList","@id":"https:\/\/consortium.hr\/product\/monto-ovaldine-mate-50\/#breadcrumb","itemListElement":[{"@type":"ListItem","position":1,"name":"Po\u010detna stranica","item":"https:\/\/consortium.hr\/sl\/"},{"@type":"ListItem","position":2,"name":"Shop","item":"https:\/\/consortium.hr\/sl\/shop\/"},{"@type":"ListItem","position":3,"name":"Monto Ovaldine Mate 50"}]},{"@type":"WebSite","@id":"https:\/\/consortium.hr\/#website","url":"https:\/\/consortium.hr\/","name":"Consortium","description":"Gra\u0111evinski Materijal - Odli\u010dna Ponuda i Cijena","alternateName":"Gra\u0111evinski Materijal - Odli\u010dna Ponuda i Cijena","potentialAction":[{"@type":"SearchAction","target":{"@type":"EntryPoint","urlTemplate":"https:\/\/consortium.hr\/?s={search_term_string}"},"query-input":{"@type":"PropertyValueSpecification","valueRequired":true,"valueName":"search_term_string"}}],"inLanguage":"sl-SI"}]}},"_links":{"self":[{"href":"https:\/\/consortium.hr\/sl\/wp-json\/wp\/v2\/product\/10251","targetHints":{"allow":["GET"]}}],"collection":[{"href":"https:\/\/consortium.hr\/sl\/wp-json\/wp\/v2\/product"}],"about":[{"href":"https:\/\/consortium.hr\/sl\/wp-json\/wp\/v2\/types\/product"}],"wp:featuredmedia":[{"embeddable":true,"href":"https:\/\/consortium.hr\/sl\/wp-json\/wp\/v2\/media\/10256"}],"wp:attachment":[{"href":"https:\/\/consortium.hr\/sl\/wp-json\/wp\/v2\/media?parent=10251"}],"wp:term":[{"taxonomy":"product_brand","embeddable":true,"href":"https:\/\/consortium.hr\/sl\/wp-json\/wp\/v2\/product_brand?post=10251"},{"taxonomy":"product_cat","embeddable":true,"href":"https:\/\/consortium.hr\/sl\/wp-json\/wp\/v2\/product_cat?post=10251"},{"taxonomy":"product_tag","embeddable":true,"href":"https:\/\/consortium.hr\/sl\/wp-json\/wp\/v2\/product_tag?post=10251"}],"curies":[{"name":"wp","href":"https:\/\/api.w.org\/{rel}","templated":true}]}}