{"id":10299,"date":"2025-01-28T13:05:09","date_gmt":"2025-01-28T13:05:09","guid":{"rendered":"https:\/\/consortium.hr\/?post_type=product&#038;p=10299"},"modified":"2026-04-29T08:08:15","modified_gmt":"2026-04-29T08:08:15","slug":"san-marco-marcopolo-luxury","status":"publish","type":"product","link":"https:\/\/consortium.hr\/sl\/product\/san-marco-marcopolo-luxury\/","title":{"rendered":"San Marco Marcopolo Luxury"},"content":{"rendered":"<p><strong>MARCOPOLO LUXURY je dekorativna notranja barva, ki omogo\u010da izdelavo stenskih zaklju\u010dnih slojev z ne\u017eno kovinsko teksturo.<\/strong><\/p>\n<ul>\n<li>Idealna za okrasitev sten in stropov.<\/li>\n<li>Lahko se nana\u0161a na nove ali stare omete ter betonske, mav\u010dne ali mav\u010dne plo\u0161\u010de, zagotavljajo\u010d preprostost in prefinjenost ambienta ter zdru\u017euje sodobne zna\u010dilnosti z elementi starodavnega \u0161arma.<\/li>\n<li>Posebni pigmenti v MARCOPOLO LUXURY krasijo povr\u0161ine, zagotavljajo svetlobo, mo\u010dne kontraste sijaja in prefinjene kovinske odseve.<\/li>\n<li>MARCOPOLO LUXURY je dekorativna zaklju\u010dna obloga na vodni osnovi, pripravljena za uporabo.<\/li>\n<li>Enostavno se nana\u0161a s \u010dopi\u010dem in gobo, da se dose\u017eejo razli\u010dni vizualni u\u010dinki, svetlobni efekti in odsevi, ki izpolnjujejo vse stilisti\u010dne zahteve.<\/li>\n<li>MARCOPOLO LUXURY zdru\u017euje visoko dekorativno vrednost z dolgo obstojnostjo.<\/li>\n<li>Na voljo je v \u0161iroki paleti barv.<\/li>\n<li>Ko je delo kon\u010dano, uporabite vodo za razred\u010devanje izdelka in \u010di\u0161\u010denje orodja.<\/li>\n<li>Proizvod ustvarjen s pozornostjo na ekolo\u0161ko trajnost.<\/li>\n<li>Za odpravo zidne plesni, pred barvanjem o\u010distite povr\u0161ine s sredstvom <a href=\"https:\/\/consortium.hr\/sl\/trgovina\/boje-i-lakovi\/sanacija-plijesni-i-vlage\/san-marco-combat-222\/\">COMBAT 222<\/a>.<\/li>\n<li>Za optimalne rezultate priporo\u010damo nanos <a href=\"https:\/\/consortium.hr\/sl\/trgovina\/boje-i-lakovi\/impregnacije-za-zidove\/san-marco-decorfond-2\/\">DECORFOND-a<\/a> kot podlaga, ki izena\u010duje povr\u0161ine in izbolj\u0161uje vpojnost dekorativnega premaza.<\/li>\n<\/ul>\n<ul>\n<li data-start=\"101\" data-end=\"130\"><strong data-start=\"103\" data-end=\"111\">Orodje<\/strong>: \u010copi\u010d ali goba<\/li>\n<li data-start=\"131\" data-end=\"165\"><strong data-start=\"133\" data-end=\"146\">Poraba<\/strong>: 4-6 m\u00b2\/l na sloj<\/li>\n<li data-start=\"166\" data-end=\"187\"><strong data-start=\"168\" data-end=\"184\">\u0160tevilo slojev<\/strong>: 1<\/li>\n<li data-start=\"188\" data-end=\"355\"><strong data-start=\"190\" data-end=\"207\">Red\u010denje<\/strong>:\n<ul data-start=\"212\" data-end=\"355\">\n<li data-start=\"212\" data-end=\"280\">Za \u010dopi\u010d: pripravljeno za uporabo, lahko se razred\u010di do 5% maksimalno.<\/li>\n<li data-start=\"283\" data-end=\"355\">Za gobo: pripravljeno za uporabo, lahko se razred\u010di do 5% maksimalno.<\/li>\n<\/ul>\n<\/li>\n<li data-start=\"356\" data-end=\"395\"><strong data-start=\"358\" data-end=\"371\">Marcromie<\/strong>: Sistem za nijansiranje<\/li>\n<li data-start=\"396\" data-end=\"432\"><strong data-start=\"398\" data-end=\"428\">Kakovost notranjega zraka<\/strong>: A+<\/li>\n<\/ul>\n<p><strong><em>Teksture in toni, prikazani v digitalni obliki, so indikativni, saj se lahko zaznava barv na video prikazu razlikuje od izvirne barve.<\/em><\/strong><br \/>\n<strong><em>Zaradi tega priporo\u010damo, da izbrano teksturo izberete v vzor\u010dni karti v najbli\u017eji prodajalni izdelkov San Marco.\u00a0<\/em><\/strong><\/p>","protected":false},"excerpt":{"rendered":"<p>MARCOPOLO LUXURY je dekorativna unutarnja boja koja vam omogu\u0107uje izradu zidnih zavr\u0161nih slojeva s finom metalik teksturom. Idealna za ukra\u0161avanje zidova i stropova. Mo\u017ee se nanositi na nove ili stare \u017ebuke i betonske, gipsane ili gipsane povr\u0161ine, jam\u010de\u0107i esencijalnost i otmjenost atmosfere, kombiniraju\u0107i moderne zna\u010dajke s onima drevnog \u0161arma. Posebni pigmenti u MARCOPOLO LUXURY ukra\u0161avaju [&hellip;]<\/p>","protected":false},"featured_media":1935,"template":"","meta":{"_acf_changed":false},"product_brand":[],"product_cat":[188,186,279],"product_tag":[],"class_list":{"0":"post-10299","1":"product","2":"type-product","3":"status-publish","4":"has-post-thumbnail","6":"product_cat-dekorativne-boje-za-zidove-i-dodaci","7":"product_cat-dekorativni-program","8":"product_cat-sm-kalkulacije","10":"first","11":"instock","12":"shipping-taxable","13":"purchasable","14":"product-type-variable","15":"wvs-archive-product-wrapper"},"acf":[],"yoast_head":"<!-- This site is optimized with the Yoast SEO plugin v26.1.1 - https:\/\/yoast.com\/wordpress\/plugins\/seo\/ -->\n<title>San Marco Marcopolo Luxury - Consortium<\/title>\n<meta name=\"robots\" content=\"index, follow, max-snippet:-1, max-image-preview:large, max-video-preview:-1\" \/>\n<link rel=\"canonical\" href=\"https:\/\/consortium.hr\/sl\/product\/san-marco-marcopolo-luxury\/\" \/>\n<meta property=\"og:locale\" content=\"sl_SI\" \/>\n<meta property=\"og:type\" content=\"article\" \/>\n<meta property=\"og:title\" content=\"San Marco Marcopolo Luxury - Consortium\" \/>\n<meta property=\"og:description\" content=\"MARCOPOLO LUXURY je dekorativna unutarnja boja koja vam omogu\u0107uje izradu zidnih zavr\u0161nih slojeva s finom metalik teksturom. Idealna za ukra\u0161avanje zidova i stropova. Mo\u017ee se nanositi na nove ili stare \u017ebuke i betonske, gipsane ili gipsane povr\u0161ine, jam\u010de\u0107i esencijalnost i otmjenost atmosfere, kombiniraju\u0107i moderne zna\u010dajke s onima drevnog \u0161arma. Posebni pigmenti u MARCOPOLO LUXURY ukra\u0161avaju [&hellip;]\" \/>\n<meta property=\"og:url\" content=\"https:\/\/consortium.hr\/sl\/product\/san-marco-marcopolo-luxury\/\" \/>\n<meta property=\"og:site_name\" content=\"Consortium\" \/>\n<meta property=\"article:modified_time\" content=\"2026-04-29T08:08:15+00:00\" \/>\n<meta property=\"og:image\" content=\"https:\/\/consortium.hr\/wp-content\/uploads\/2022\/10\/Marcopolo-Luxury.png\" \/>\n\t<meta property=\"og:image:width\" content=\"700\" \/>\n\t<meta property=\"og:image:height\" content=\"700\" \/>\n\t<meta property=\"og:image:type\" content=\"image\/png\" \/>\n<meta name=\"twitter:card\" content=\"summary_large_image\" \/>\n<meta name=\"twitter:label1\" content=\"Est. reading time\" \/>\n\t<meta name=\"twitter:data1\" content=\"1 minuta\" \/>\n<script type=\"application\/ld+json\" class=\"yoast-schema-graph\">{\"@context\":\"https:\/\/schema.org\",\"@graph\":[{\"@type\":\"WebPage\",\"@id\":\"https:\/\/consortium.hr\/product\/san-marco-marcopolo-luxury\/\",\"url\":\"https:\/\/consortium.hr\/product\/san-marco-marcopolo-luxury\/\",\"name\":\"San Marco Marcopolo Luxury - Consortium\",\"isPartOf\":{\"@id\":\"https:\/\/consortium.hr\/#website\"},\"primaryImageOfPage\":{\"@id\":\"https:\/\/consortium.hr\/product\/san-marco-marcopolo-luxury\/#primaryimage\"},\"image\":{\"@id\":\"https:\/\/consortium.hr\/product\/san-marco-marcopolo-luxury\/#primaryimage\"},\"thumbnailUrl\":\"https:\/\/consortium.hr\/wp-content\/uploads\/2022\/10\/Marcopolo-Luxury.png\",\"datePublished\":\"2025-01-28T13:05:09+00:00\",\"dateModified\":\"2026-04-29T08:08:15+00:00\",\"breadcrumb\":{\"@id\":\"https:\/\/consortium.hr\/product\/san-marco-marcopolo-luxury\/#breadcrumb\"},\"inLanguage\":\"sl-SI\",\"potentialAction\":[{\"@type\":\"ReadAction\",\"target\":[\"https:\/\/consortium.hr\/product\/san-marco-marcopolo-luxury\/\"]}]},{\"@type\":\"ImageObject\",\"inLanguage\":\"sl-SI\",\"@id\":\"https:\/\/consortium.hr\/product\/san-marco-marcopolo-luxury\/#primaryimage\",\"url\":\"https:\/\/consortium.hr\/wp-content\/uploads\/2022\/10\/Marcopolo-Luxury.png\",\"contentUrl\":\"https:\/\/consortium.hr\/wp-content\/uploads\/2022\/10\/Marcopolo-Luxury.png\",\"width\":700,\"height\":700},{\"@type\":\"BreadcrumbList\",\"@id\":\"https:\/\/consortium.hr\/product\/san-marco-marcopolo-luxury\/#breadcrumb\",\"itemListElement\":[{\"@type\":\"ListItem\",\"position\":1,\"name\":\"Po\u010detna stranica\",\"item\":\"https:\/\/consortium.hr\/sl\/\"},{\"@type\":\"ListItem\",\"position\":2,\"name\":\"Shop\",\"item\":\"https:\/\/consortium.hr\/sl\/shop\/\"},{\"@type\":\"ListItem\",\"position\":3,\"name\":\"San Marco Marcopolo Luxury\"}]},{\"@type\":\"WebSite\",\"@id\":\"https:\/\/consortium.hr\/#website\",\"url\":\"https:\/\/consortium.hr\/\",\"name\":\"Consortium\",\"description\":\"Gra\u0111evinski Materijal - Odli\u010dna Ponuda i Cijena\",\"alternateName\":\"Gra\u0111evinski Materijal - Odli\u010dna Ponuda i Cijena\",\"potentialAction\":[{\"@type\":\"SearchAction\",\"target\":{\"@type\":\"EntryPoint\",\"urlTemplate\":\"https:\/\/consortium.hr\/?s={search_term_string}\"},\"query-input\":{\"@type\":\"PropertyValueSpecification\",\"valueRequired\":true,\"valueName\":\"search_term_string\"}}],\"inLanguage\":\"sl-SI\"}]}<\/script>\n<!-- \/ Yoast SEO plugin. -->","yoast_head_json":{"title":"San Marco Marcopolo Luxury - Consortium","robots":{"index":"index","follow":"follow","max-snippet":"max-snippet:-1","max-image-preview":"max-image-preview:large","max-video-preview":"max-video-preview:-1"},"canonical":"https:\/\/consortium.hr\/sl\/product\/san-marco-marcopolo-luxury\/","og_locale":"sl_SI","og_type":"article","og_title":"San Marco Marcopolo Luxury - Consortium","og_description":"MARCOPOLO LUXURY je dekorativna unutarnja boja koja vam omogu\u0107uje izradu zidnih zavr\u0161nih slojeva s finom metalik teksturom. Idealna za ukra\u0161avanje zidova i stropova. Mo\u017ee se nanositi na nove ili stare \u017ebuke i betonske, gipsane ili gipsane povr\u0161ine, jam\u010de\u0107i esencijalnost i otmjenost atmosfere, kombiniraju\u0107i moderne zna\u010dajke s onima drevnog \u0161arma. Posebni pigmenti u MARCOPOLO LUXURY ukra\u0161avaju [&hellip;]","og_url":"https:\/\/consortium.hr\/sl\/product\/san-marco-marcopolo-luxury\/","og_site_name":"Consortium","article_modified_time":"2026-04-29T08:08:15+00:00","og_image":[{"width":700,"height":700,"url":"https:\/\/consortium.hr\/wp-content\/uploads\/2022\/10\/Marcopolo-Luxury.png","type":"image\/png"}],"twitter_card":"summary_large_image","twitter_misc":{"Est. reading time":"1 minuta"},"schema":{"@context":"https:\/\/schema.org","@graph":[{"@type":"WebPage","@id":"https:\/\/consortium.hr\/product\/san-marco-marcopolo-luxury\/","url":"https:\/\/consortium.hr\/product\/san-marco-marcopolo-luxury\/","name":"San Marco Marcopolo Luxury - Consortium","isPartOf":{"@id":"https:\/\/consortium.hr\/#website"},"primaryImageOfPage":{"@id":"https:\/\/consortium.hr\/product\/san-marco-marcopolo-luxury\/#primaryimage"},"image":{"@id":"https:\/\/consortium.hr\/product\/san-marco-marcopolo-luxury\/#primaryimage"},"thumbnailUrl":"https:\/\/consortium.hr\/wp-content\/uploads\/2022\/10\/Marcopolo-Luxury.png","datePublished":"2025-01-28T13:05:09+00:00","dateModified":"2026-04-29T08:08:15+00:00","breadcrumb":{"@id":"https:\/\/consortium.hr\/product\/san-marco-marcopolo-luxury\/#breadcrumb"},"inLanguage":"sl-SI","potentialAction":[{"@type":"ReadAction","target":["https:\/\/consortium.hr\/product\/san-marco-marcopolo-luxury\/"]}]},{"@type":"ImageObject","inLanguage":"sl-SI","@id":"https:\/\/consortium.hr\/product\/san-marco-marcopolo-luxury\/#primaryimage","url":"https:\/\/consortium.hr\/wp-content\/uploads\/2022\/10\/Marcopolo-Luxury.png","contentUrl":"https:\/\/consortium.hr\/wp-content\/uploads\/2022\/10\/Marcopolo-Luxury.png","width":700,"height":700},{"@type":"BreadcrumbList","@id":"https:\/\/consortium.hr\/product\/san-marco-marcopolo-luxury\/#breadcrumb","itemListElement":[{"@type":"ListItem","position":1,"name":"Po\u010detna stranica","item":"https:\/\/consortium.hr\/sl\/"},{"@type":"ListItem","position":2,"name":"Shop","item":"https:\/\/consortium.hr\/sl\/shop\/"},{"@type":"ListItem","position":3,"name":"San Marco Marcopolo Luxury"}]},{"@type":"WebSite","@id":"https:\/\/consortium.hr\/#website","url":"https:\/\/consortium.hr\/","name":"Consortium","description":"Gra\u0111evinski Materijal - Odli\u010dna Ponuda i Cijena","alternateName":"Gra\u0111evinski Materijal - Odli\u010dna Ponuda i Cijena","potentialAction":[{"@type":"SearchAction","target":{"@type":"EntryPoint","urlTemplate":"https:\/\/consortium.hr\/?s={search_term_string}"},"query-input":{"@type":"PropertyValueSpecification","valueRequired":true,"valueName":"search_term_string"}}],"inLanguage":"sl-SI"}]}},"_links":{"self":[{"href":"https:\/\/consortium.hr\/sl\/wp-json\/wp\/v2\/product\/10299","targetHints":{"allow":["GET"]}}],"collection":[{"href":"https:\/\/consortium.hr\/sl\/wp-json\/wp\/v2\/product"}],"about":[{"href":"https:\/\/consortium.hr\/sl\/wp-json\/wp\/v2\/types\/product"}],"wp:featuredmedia":[{"embeddable":true,"href":"https:\/\/consortium.hr\/sl\/wp-json\/wp\/v2\/media\/1935"}],"wp:attachment":[{"href":"https:\/\/consortium.hr\/sl\/wp-json\/wp\/v2\/media?parent=10299"}],"wp:term":[{"taxonomy":"product_brand","embeddable":true,"href":"https:\/\/consortium.hr\/sl\/wp-json\/wp\/v2\/product_brand?post=10299"},{"taxonomy":"product_cat","embeddable":true,"href":"https:\/\/consortium.hr\/sl\/wp-json\/wp\/v2\/product_cat?post=10299"},{"taxonomy":"product_tag","embeddable":true,"href":"https:\/\/consortium.hr\/sl\/wp-json\/wp\/v2\/product_tag?post=10299"}],"curies":[{"name":"wp","href":"https:\/\/api.w.org\/{rel}","templated":true}]}}