{"id":10355,"date":"2025-01-28T15:59:32","date_gmt":"2025-01-28T15:59:32","guid":{"rendered":"https:\/\/consortium.hr\/?post_type=product&#038;p=10355"},"modified":"2026-01-16T07:24:32","modified_gmt":"2026-01-16T07:24:32","slug":"monto-montoplac-extramate","status":"publish","type":"product","link":"https:\/\/consortium.hr\/sl\/product\/monto-montoplac-extramate\/","title":{"rendered":"Monto Montoplac Extramate+"},"content":{"rendered":"<p><strong>Idealna barva za izravno dekoracijo laminiranih mav\u010dnih plo\u0161\u010d (PYL).<\/strong><\/p>\n<p>Poenostavi profesionalno uporabo, zmanj\u0161a \u0161tevilo slojev, potrebnih za prekrivanje fug in polnila, ter pomaga skriti fuge, ko so izpostavljene svetlobi.<\/p>\n<p>Idealna kot zaklju\u010dna barva pri Q2 in Q3 namestitvah.<\/p>\n<ul>\n<li>Zidovi in stropi<\/li>\n<li>Notranji\/Zunanje<\/li>\n<li>Mav\u010dne plo\u0161\u010de (PYL)<\/li>\n<li>Lahko se nana\u0161a tudi na druge podlage, kot so omet, stropni omet, cement, opeka...<\/li>\n<\/ul>","protected":false},"excerpt":{"rendered":"<p>Idealna boja za izravnu dekoraciju laminiranih gips plo\u010da (PYL). Olak\u0161ava profesionalnu primjenu, smanjuju\u0107i broj slojeva potrebnih za pokrivanje fuga i punila, kao i pomo\u0107 u skrivanju fuga kada su izlo\u017eene svjetlu. Idealan kao zavr\u0161na boja u Q2 i Q3 instalacijama. Zidovi i stropovi Unutarnji\/Vanjski Gips plo\u010de (PYL) Mo\u017ee se nanositi i na druge podloge kao [&hellip;]<\/p>","protected":false},"featured_media":10358,"template":"","meta":{"_acf_changed":false},"product_brand":[],"product_cat":[169,170,181],"product_tag":[],"class_list":{"0":"post-10355","1":"product","2":"type-product","3":"status-publish","4":"has-post-thumbnail","6":"product_cat-boje-i-lakovi","7":"product_cat-unutarnje-boje","8":"product_cat-unutarnje-zidne-boje","10":"first","11":"instock","12":"shipping-taxable","13":"purchasable","14":"product-type-variable","15":"wvs-archive-product-wrapper"},"acf":[],"yoast_head":"<!-- This site is optimized with the Yoast SEO plugin v26.1.1 - https:\/\/yoast.com\/wordpress\/plugins\/seo\/ -->\n<title>Monto Montoplac Extramate+ - Consortium<\/title>\n<meta name=\"robots\" content=\"index, follow, max-snippet:-1, max-image-preview:large, max-video-preview:-1\" \/>\n<link rel=\"canonical\" href=\"https:\/\/consortium.hr\/sl\/product\/monto-montoplac-extramate\/\" \/>\n<meta property=\"og:locale\" content=\"sl_SI\" \/>\n<meta property=\"og:type\" content=\"article\" \/>\n<meta property=\"og:title\" content=\"Monto Montoplac Extramate+ - Consortium\" \/>\n<meta property=\"og:description\" content=\"Idealna boja za izravnu dekoraciju laminiranih gips plo\u010da (PYL). Olak\u0161ava profesionalnu primjenu, smanjuju\u0107i broj slojeva potrebnih za pokrivanje fuga i punila, kao i pomo\u0107 u skrivanju fuga kada su izlo\u017eene svjetlu. Idealan kao zavr\u0161na boja u Q2 i Q3 instalacijama. Zidovi i stropovi Unutarnji\/Vanjski Gips plo\u010de (PYL) Mo\u017ee se nanositi i na druge podloge kao [&hellip;]\" \/>\n<meta property=\"og:url\" content=\"https:\/\/consortium.hr\/sl\/product\/monto-montoplac-extramate\/\" \/>\n<meta property=\"og:site_name\" content=\"Consortium\" \/>\n<meta property=\"article:modified_time\" content=\"2026-01-16T07:24:32+00:00\" \/>\n<meta property=\"og:image\" content=\"https:\/\/consortium.hr\/wp-content\/uploads\/2025\/01\/monto-montoplac-extramate-1.png\" \/>\n\t<meta property=\"og:image:width\" content=\"800\" \/>\n\t<meta property=\"og:image:height\" content=\"800\" \/>\n\t<meta property=\"og:image:type\" content=\"image\/png\" \/>\n<meta name=\"twitter:card\" content=\"summary_large_image\" \/>\n<script type=\"application\/ld+json\" class=\"yoast-schema-graph\">{\"@context\":\"https:\/\/schema.org\",\"@graph\":[{\"@type\":\"WebPage\",\"@id\":\"https:\/\/consortium.hr\/product\/monto-montoplac-extramate\/\",\"url\":\"https:\/\/consortium.hr\/product\/monto-montoplac-extramate\/\",\"name\":\"Monto Montoplac Extramate+ - Consortium\",\"isPartOf\":{\"@id\":\"https:\/\/consortium.hr\/#website\"},\"primaryImageOfPage\":{\"@id\":\"https:\/\/consortium.hr\/product\/monto-montoplac-extramate\/#primaryimage\"},\"image\":{\"@id\":\"https:\/\/consortium.hr\/product\/monto-montoplac-extramate\/#primaryimage\"},\"thumbnailUrl\":\"https:\/\/consortium.hr\/wp-content\/uploads\/2025\/01\/monto-montoplac-extramate-1.png\",\"datePublished\":\"2025-01-28T15:59:32+00:00\",\"dateModified\":\"2026-01-16T07:24:32+00:00\",\"breadcrumb\":{\"@id\":\"https:\/\/consortium.hr\/product\/monto-montoplac-extramate\/#breadcrumb\"},\"inLanguage\":\"sl-SI\",\"potentialAction\":[{\"@type\":\"ReadAction\",\"target\":[\"https:\/\/consortium.hr\/product\/monto-montoplac-extramate\/\"]}]},{\"@type\":\"ImageObject\",\"inLanguage\":\"sl-SI\",\"@id\":\"https:\/\/consortium.hr\/product\/monto-montoplac-extramate\/#primaryimage\",\"url\":\"https:\/\/consortium.hr\/wp-content\/uploads\/2025\/01\/monto-montoplac-extramate-1.png\",\"contentUrl\":\"https:\/\/consortium.hr\/wp-content\/uploads\/2025\/01\/monto-montoplac-extramate-1.png\",\"width\":800,\"height\":800},{\"@type\":\"BreadcrumbList\",\"@id\":\"https:\/\/consortium.hr\/product\/monto-montoplac-extramate\/#breadcrumb\",\"itemListElement\":[{\"@type\":\"ListItem\",\"position\":1,\"name\":\"Po\u010detna stranica\",\"item\":\"https:\/\/consortium.hr\/sl\/\"},{\"@type\":\"ListItem\",\"position\":2,\"name\":\"Shop\",\"item\":\"https:\/\/consortium.hr\/sl\/shop\/\"},{\"@type\":\"ListItem\",\"position\":3,\"name\":\"Monto Montoplac Extramate+\"}]},{\"@type\":\"WebSite\",\"@id\":\"https:\/\/consortium.hr\/#website\",\"url\":\"https:\/\/consortium.hr\/\",\"name\":\"Consortium\",\"description\":\"Gra\u0111evinski Materijal - Odli\u010dna Ponuda i Cijena\",\"alternateName\":\"Gra\u0111evinski Materijal - Odli\u010dna Ponuda i Cijena\",\"potentialAction\":[{\"@type\":\"SearchAction\",\"target\":{\"@type\":\"EntryPoint\",\"urlTemplate\":\"https:\/\/consortium.hr\/?s={search_term_string}\"},\"query-input\":{\"@type\":\"PropertyValueSpecification\",\"valueRequired\":true,\"valueName\":\"search_term_string\"}}],\"inLanguage\":\"sl-SI\"}]}<\/script>\n<!-- \/ Yoast SEO plugin. -->","yoast_head_json":{"title":"Monto Montoplac Extramate+ - Consortium","robots":{"index":"index","follow":"follow","max-snippet":"max-snippet:-1","max-image-preview":"max-image-preview:large","max-video-preview":"max-video-preview:-1"},"canonical":"https:\/\/consortium.hr\/sl\/product\/monto-montoplac-extramate\/","og_locale":"sl_SI","og_type":"article","og_title":"Monto Montoplac Extramate+ - Consortium","og_description":"Idealna boja za izravnu dekoraciju laminiranih gips plo\u010da (PYL). Olak\u0161ava profesionalnu primjenu, smanjuju\u0107i broj slojeva potrebnih za pokrivanje fuga i punila, kao i pomo\u0107 u skrivanju fuga kada su izlo\u017eene svjetlu. Idealan kao zavr\u0161na boja u Q2 i Q3 instalacijama. Zidovi i stropovi Unutarnji\/Vanjski Gips plo\u010de (PYL) Mo\u017ee se nanositi i na druge podloge kao [&hellip;]","og_url":"https:\/\/consortium.hr\/sl\/product\/monto-montoplac-extramate\/","og_site_name":"Consortium","article_modified_time":"2026-01-16T07:24:32+00:00","og_image":[{"width":800,"height":800,"url":"https:\/\/consortium.hr\/wp-content\/uploads\/2025\/01\/monto-montoplac-extramate-1.png","type":"image\/png"}],"twitter_card":"summary_large_image","schema":{"@context":"https:\/\/schema.org","@graph":[{"@type":"WebPage","@id":"https:\/\/consortium.hr\/product\/monto-montoplac-extramate\/","url":"https:\/\/consortium.hr\/product\/monto-montoplac-extramate\/","name":"Monto Montoplac Extramate+ - Consortium","isPartOf":{"@id":"https:\/\/consortium.hr\/#website"},"primaryImageOfPage":{"@id":"https:\/\/consortium.hr\/product\/monto-montoplac-extramate\/#primaryimage"},"image":{"@id":"https:\/\/consortium.hr\/product\/monto-montoplac-extramate\/#primaryimage"},"thumbnailUrl":"https:\/\/consortium.hr\/wp-content\/uploads\/2025\/01\/monto-montoplac-extramate-1.png","datePublished":"2025-01-28T15:59:32+00:00","dateModified":"2026-01-16T07:24:32+00:00","breadcrumb":{"@id":"https:\/\/consortium.hr\/product\/monto-montoplac-extramate\/#breadcrumb"},"inLanguage":"sl-SI","potentialAction":[{"@type":"ReadAction","target":["https:\/\/consortium.hr\/product\/monto-montoplac-extramate\/"]}]},{"@type":"ImageObject","inLanguage":"sl-SI","@id":"https:\/\/consortium.hr\/product\/monto-montoplac-extramate\/#primaryimage","url":"https:\/\/consortium.hr\/wp-content\/uploads\/2025\/01\/monto-montoplac-extramate-1.png","contentUrl":"https:\/\/consortium.hr\/wp-content\/uploads\/2025\/01\/monto-montoplac-extramate-1.png","width":800,"height":800},{"@type":"BreadcrumbList","@id":"https:\/\/consortium.hr\/product\/monto-montoplac-extramate\/#breadcrumb","itemListElement":[{"@type":"ListItem","position":1,"name":"Po\u010detna stranica","item":"https:\/\/consortium.hr\/sl\/"},{"@type":"ListItem","position":2,"name":"Shop","item":"https:\/\/consortium.hr\/sl\/shop\/"},{"@type":"ListItem","position":3,"name":"Monto Montoplac Extramate+"}]},{"@type":"WebSite","@id":"https:\/\/consortium.hr\/#website","url":"https:\/\/consortium.hr\/","name":"Consortium","description":"Gra\u0111evinski Materijal - Odli\u010dna Ponuda i Cijena","alternateName":"Gra\u0111evinski Materijal - Odli\u010dna Ponuda i Cijena","potentialAction":[{"@type":"SearchAction","target":{"@type":"EntryPoint","urlTemplate":"https:\/\/consortium.hr\/?s={search_term_string}"},"query-input":{"@type":"PropertyValueSpecification","valueRequired":true,"valueName":"search_term_string"}}],"inLanguage":"sl-SI"}]}},"_links":{"self":[{"href":"https:\/\/consortium.hr\/sl\/wp-json\/wp\/v2\/product\/10355","targetHints":{"allow":["GET"]}}],"collection":[{"href":"https:\/\/consortium.hr\/sl\/wp-json\/wp\/v2\/product"}],"about":[{"href":"https:\/\/consortium.hr\/sl\/wp-json\/wp\/v2\/types\/product"}],"wp:featuredmedia":[{"embeddable":true,"href":"https:\/\/consortium.hr\/sl\/wp-json\/wp\/v2\/media\/10358"}],"wp:attachment":[{"href":"https:\/\/consortium.hr\/sl\/wp-json\/wp\/v2\/media?parent=10355"}],"wp:term":[{"taxonomy":"product_brand","embeddable":true,"href":"https:\/\/consortium.hr\/sl\/wp-json\/wp\/v2\/product_brand?post=10355"},{"taxonomy":"product_cat","embeddable":true,"href":"https:\/\/consortium.hr\/sl\/wp-json\/wp\/v2\/product_cat?post=10355"},{"taxonomy":"product_tag","embeddable":true,"href":"https:\/\/consortium.hr\/sl\/wp-json\/wp\/v2\/product_tag?post=10355"}],"curies":[{"name":"wp","href":"https:\/\/api.w.org\/{rel}","templated":true}]}}