{"id":10609,"date":"2025-02-11T13:01:42","date_gmt":"2025-02-11T13:01:42","guid":{"rendered":"https:\/\/consortium.hr\/?post_type=product&#038;p=10609"},"modified":"2026-01-16T07:23:43","modified_gmt":"2026-01-16T07:23:43","slug":"id-nacre-mat-2","status":"publish","type":"product","link":"https:\/\/consortium.hr\/sl\/product\/id-nacre-mat-2\/","title":{"rendered":"id Nacre &amp; Mat"},"content":{"rendered":"<p><strong>'id' NACRE &amp; MAT 2 Lit\u00a0 <\/strong><\/p>\n<p>Dizajnerska boja za zidove i drvo s perla mat sedefastim efektom.<\/p>\n<p>6 izrazito nje\u017enih i toplih nijansi za stvaranje interijera sa \u010darobno mirnim i opu\u0161taju\u0107im ugo\u0111ajem.<\/p>\n<p>Potro\u0161nja: 2Lit = teoretski 12 do 16 m\u00b2 (1 tanak sloj) ovisi o alatu, podlozi i nano\u0161enju. To\u010dnu potro\u0161nju utvrditi test probom.<\/p>\n<p>Uradi-Sam akrilna polutransparentna boja na bazi vode.<\/p>\n<p>Poja\u010dano otporna na habanje i neupojna za mrlje od vode i hrane. Pogodna i za zidove kupaona (van tu\u0161 zone), kuhinja, soba, ugostiteljskih prostora\u2026<\/p>\n<p>Nije za uporabu vani, niti nano\u0161enje na pod, tapete niti za povr\u0161ine na kojima se zadr\u017eava teku\u0107ina.<\/p>\n<p>Prije uporabe dobro prou\u010diti sva iznad navedene upute za uporabu i kori\u0161tenje. Ako postoje nejasno\u0107e o kori\u0161tenju ovog proizvoda obratite nam se putem kontakata prije kupnje. Uvijek napraviti probu na manjoj po\u010detnoj povr\u0161ini pa nastaviti na cijelu povr\u0161inu samo ako je rezultat probe zadovoljavaju\u0107i. Ovaj proizvod je deklariran kao \u2018uradi-sam\u2019 jer je spreman za uporabu iz ambala\u017ee i da bi se koristio ne zahtijeva prethodno stru\u010dnu doradu, niti nu\u017eno\u00a0 profesionalan alat i\/ili profesionalnu za\u0161titnu opremu, pa ne postoji od proizvo\u0111a\u010da licencirani profesionalan izvo\u0111a\u010d i\/ili nadzor ugradnje. Sukladno navedenome ugradnja ovog uradi-sam proizvoda je van kontrole proizvo\u0111a\u010da pa na ugra\u0111eni proizvod nema jamstava \u0161to kupac prihva\u0107a kupnjom.<\/p>\n<p>Proizvo\u0111a\u010d: Initiatives Decoration, Francuska<\/p>\n<p><a href=\"http:\/\/www.id-paris.com\" target=\"_blank\" rel=\"noopener\">www.id-paris.com<\/a><\/p>\n<p>Dr\u017eava porekla: EU - Francija<\/p>","protected":false},"excerpt":{"rendered":"<p>Dizajnerska boja za zidove i drvo s perla mat sedefastim efektom.<\/p>","protected":false},"featured_media":940,"template":"","meta":{"_acf_changed":false},"product_brand":[],"product_cat":[188,186],"product_tag":[],"class_list":{"0":"post-10609","1":"product","2":"type-product","3":"status-publish","4":"has-post-thumbnail","6":"product_cat-dekorativne-boje-za-zidove-i-dodaci","7":"product_cat-dekorativni-program","9":"first","10":"instock","11":"shipping-taxable","12":"purchasable","13":"product-type-variable","14":"wvs-archive-product-wrapper"},"acf":[],"yoast_head":"<!-- This site is optimized with the Yoast SEO plugin v26.1.1 - https:\/\/yoast.com\/wordpress\/plugins\/seo\/ -->\n<title>id Nacre &amp; Mat - Consortium<\/title>\n<meta name=\"robots\" content=\"index, follow, max-snippet:-1, max-image-preview:large, max-video-preview:-1\" \/>\n<link rel=\"canonical\" href=\"https:\/\/consortium.hr\/sl\/product\/id-nacre-mat-2\/\" \/>\n<meta property=\"og:locale\" content=\"sl_SI\" \/>\n<meta property=\"og:type\" content=\"article\" \/>\n<meta property=\"og:title\" content=\"id Nacre &amp; Mat - Consortium\" \/>\n<meta property=\"og:description\" content=\"Dizajnerska boja za zidove i drvo s perla mat sedefastim efektom.\" \/>\n<meta property=\"og:url\" content=\"https:\/\/consortium.hr\/sl\/product\/id-nacre-mat-2\/\" \/>\n<meta property=\"og:site_name\" content=\"Consortium\" \/>\n<meta property=\"article:modified_time\" content=\"2026-01-16T07:23:43+00:00\" \/>\n<meta property=\"og:image\" content=\"https:\/\/consortium.hr\/wp-content\/uploads\/2021\/02\/id-NACRE-MAT-1.jpg\" \/>\n\t<meta property=\"og:image:width\" content=\"700\" \/>\n\t<meta property=\"og:image:height\" content=\"700\" \/>\n\t<meta property=\"og:image:type\" content=\"image\/jpeg\" \/>\n<meta name=\"twitter:card\" content=\"summary_large_image\" \/>\n<meta name=\"twitter:label1\" content=\"Est. reading time\" \/>\n\t<meta name=\"twitter:data1\" content=\"1 minuta\" \/>\n<script type=\"application\/ld+json\" class=\"yoast-schema-graph\">{\"@context\":\"https:\/\/schema.org\",\"@graph\":[{\"@type\":\"WebPage\",\"@id\":\"https:\/\/consortium.hr\/product\/id-nacre-mat-2\/\",\"url\":\"https:\/\/consortium.hr\/product\/id-nacre-mat-2\/\",\"name\":\"id Nacre & Mat - Consortium\",\"isPartOf\":{\"@id\":\"https:\/\/consortium.hr\/#website\"},\"primaryImageOfPage\":{\"@id\":\"https:\/\/consortium.hr\/product\/id-nacre-mat-2\/#primaryimage\"},\"image\":{\"@id\":\"https:\/\/consortium.hr\/product\/id-nacre-mat-2\/#primaryimage\"},\"thumbnailUrl\":\"https:\/\/consortium.hr\/wp-content\/uploads\/2021\/02\/id-NACRE-MAT-1.jpg\",\"datePublished\":\"2025-02-11T13:01:42+00:00\",\"dateModified\":\"2026-01-16T07:23:43+00:00\",\"breadcrumb\":{\"@id\":\"https:\/\/consortium.hr\/product\/id-nacre-mat-2\/#breadcrumb\"},\"inLanguage\":\"sl-SI\",\"potentialAction\":[{\"@type\":\"ReadAction\",\"target\":[\"https:\/\/consortium.hr\/product\/id-nacre-mat-2\/\"]}]},{\"@type\":\"ImageObject\",\"inLanguage\":\"sl-SI\",\"@id\":\"https:\/\/consortium.hr\/product\/id-nacre-mat-2\/#primaryimage\",\"url\":\"https:\/\/consortium.hr\/wp-content\/uploads\/2021\/02\/id-NACRE-MAT-1.jpg\",\"contentUrl\":\"https:\/\/consortium.hr\/wp-content\/uploads\/2021\/02\/id-NACRE-MAT-1.jpg\",\"width\":700,\"height\":700},{\"@type\":\"BreadcrumbList\",\"@id\":\"https:\/\/consortium.hr\/product\/id-nacre-mat-2\/#breadcrumb\",\"itemListElement\":[{\"@type\":\"ListItem\",\"position\":1,\"name\":\"Po\u010detna stranica\",\"item\":\"https:\/\/consortium.hr\/sl\/\"},{\"@type\":\"ListItem\",\"position\":2,\"name\":\"Shop\",\"item\":\"https:\/\/consortium.hr\/sl\/shop\/\"},{\"@type\":\"ListItem\",\"position\":3,\"name\":\"id Nacre &#038; Mat\"}]},{\"@type\":\"WebSite\",\"@id\":\"https:\/\/consortium.hr\/#website\",\"url\":\"https:\/\/consortium.hr\/\",\"name\":\"Consortium\",\"description\":\"Gra\u0111evinski Materijal - Odli\u010dna Ponuda i Cijena\",\"alternateName\":\"Gra\u0111evinski Materijal - Odli\u010dna Ponuda i Cijena\",\"potentialAction\":[{\"@type\":\"SearchAction\",\"target\":{\"@type\":\"EntryPoint\",\"urlTemplate\":\"https:\/\/consortium.hr\/?s={search_term_string}\"},\"query-input\":{\"@type\":\"PropertyValueSpecification\",\"valueRequired\":true,\"valueName\":\"search_term_string\"}}],\"inLanguage\":\"sl-SI\"}]}<\/script>\n<!-- \/ Yoast SEO plugin. -->","yoast_head_json":{"title":"id Nacre & Mat - Consortium","robots":{"index":"index","follow":"follow","max-snippet":"max-snippet:-1","max-image-preview":"max-image-preview:large","max-video-preview":"max-video-preview:-1"},"canonical":"https:\/\/consortium.hr\/sl\/product\/id-nacre-mat-2\/","og_locale":"sl_SI","og_type":"article","og_title":"id Nacre & Mat - Consortium","og_description":"Dizajnerska boja za zidove i drvo s perla mat sedefastim efektom.","og_url":"https:\/\/consortium.hr\/sl\/product\/id-nacre-mat-2\/","og_site_name":"Consortium","article_modified_time":"2026-01-16T07:23:43+00:00","og_image":[{"width":700,"height":700,"url":"https:\/\/consortium.hr\/wp-content\/uploads\/2021\/02\/id-NACRE-MAT-1.jpg","type":"image\/jpeg"}],"twitter_card":"summary_large_image","twitter_misc":{"Est. reading time":"1 minuta"},"schema":{"@context":"https:\/\/schema.org","@graph":[{"@type":"WebPage","@id":"https:\/\/consortium.hr\/product\/id-nacre-mat-2\/","url":"https:\/\/consortium.hr\/product\/id-nacre-mat-2\/","name":"id Nacre & Mat - Consortium","isPartOf":{"@id":"https:\/\/consortium.hr\/#website"},"primaryImageOfPage":{"@id":"https:\/\/consortium.hr\/product\/id-nacre-mat-2\/#primaryimage"},"image":{"@id":"https:\/\/consortium.hr\/product\/id-nacre-mat-2\/#primaryimage"},"thumbnailUrl":"https:\/\/consortium.hr\/wp-content\/uploads\/2021\/02\/id-NACRE-MAT-1.jpg","datePublished":"2025-02-11T13:01:42+00:00","dateModified":"2026-01-16T07:23:43+00:00","breadcrumb":{"@id":"https:\/\/consortium.hr\/product\/id-nacre-mat-2\/#breadcrumb"},"inLanguage":"sl-SI","potentialAction":[{"@type":"ReadAction","target":["https:\/\/consortium.hr\/product\/id-nacre-mat-2\/"]}]},{"@type":"ImageObject","inLanguage":"sl-SI","@id":"https:\/\/consortium.hr\/product\/id-nacre-mat-2\/#primaryimage","url":"https:\/\/consortium.hr\/wp-content\/uploads\/2021\/02\/id-NACRE-MAT-1.jpg","contentUrl":"https:\/\/consortium.hr\/wp-content\/uploads\/2021\/02\/id-NACRE-MAT-1.jpg","width":700,"height":700},{"@type":"BreadcrumbList","@id":"https:\/\/consortium.hr\/product\/id-nacre-mat-2\/#breadcrumb","itemListElement":[{"@type":"ListItem","position":1,"name":"Po\u010detna stranica","item":"https:\/\/consortium.hr\/sl\/"},{"@type":"ListItem","position":2,"name":"Shop","item":"https:\/\/consortium.hr\/sl\/shop\/"},{"@type":"ListItem","position":3,"name":"id Nacre &#038; Mat"}]},{"@type":"WebSite","@id":"https:\/\/consortium.hr\/#website","url":"https:\/\/consortium.hr\/","name":"Consortium","description":"Gra\u0111evinski Materijal - Odli\u010dna Ponuda i Cijena","alternateName":"Gra\u0111evinski Materijal - Odli\u010dna Ponuda i Cijena","potentialAction":[{"@type":"SearchAction","target":{"@type":"EntryPoint","urlTemplate":"https:\/\/consortium.hr\/?s={search_term_string}"},"query-input":{"@type":"PropertyValueSpecification","valueRequired":true,"valueName":"search_term_string"}}],"inLanguage":"sl-SI"}]}},"_links":{"self":[{"href":"https:\/\/consortium.hr\/sl\/wp-json\/wp\/v2\/product\/10609","targetHints":{"allow":["GET"]}}],"collection":[{"href":"https:\/\/consortium.hr\/sl\/wp-json\/wp\/v2\/product"}],"about":[{"href":"https:\/\/consortium.hr\/sl\/wp-json\/wp\/v2\/types\/product"}],"wp:featuredmedia":[{"embeddable":true,"href":"https:\/\/consortium.hr\/sl\/wp-json\/wp\/v2\/media\/940"}],"wp:attachment":[{"href":"https:\/\/consortium.hr\/sl\/wp-json\/wp\/v2\/media?parent=10609"}],"wp:term":[{"taxonomy":"product_brand","embeddable":true,"href":"https:\/\/consortium.hr\/sl\/wp-json\/wp\/v2\/product_brand?post=10609"},{"taxonomy":"product_cat","embeddable":true,"href":"https:\/\/consortium.hr\/sl\/wp-json\/wp\/v2\/product_cat?post=10609"},{"taxonomy":"product_tag","embeddable":true,"href":"https:\/\/consortium.hr\/sl\/wp-json\/wp\/v2\/product_tag?post=10609"}],"curies":[{"name":"wp","href":"https:\/\/api.w.org\/{rel}","templated":true}]}}