{"id":10899,"date":"2025-02-17T09:01:24","date_gmt":"2025-02-17T09:01:24","guid":{"rendered":"https:\/\/consortium.hr\/?post_type=product&#038;p=10899"},"modified":"2026-04-27T11:53:19","modified_gmt":"2026-04-27T11:53:19","slug":"san-marco-decorfond-2","status":"publish","type":"product","link":"https:\/\/consortium.hr\/sl\/product\/san-marco-decorfond-2\/","title":{"rendered":"San Marco Decorfond"},"content":{"rendered":"<p><strong>DECORFOND je zelo pralni temeljni izdelek, posebej razvit za pripravo notranjih zidnih povr\u0161in pred uporabo izdelkov, kot so VELATURE, PERLACEO, DECORI CLASSICI, CADORO, CADORO VELVET, ABC RIFLESSI in MARCOPOLO.<\/strong><\/p>\n<p>Formuliran z vezivom na osnovi akrilnega polimera, DECORFOND ustvarja film, odporen na alkalnost ometa.<\/p>\n<p>Zahvaljujo\u010d svoji posebni formuli je popolnoma sposobna izena\u010diti vpijanje podlag.<br \/>\nZahvaljujo\u010d svoji sposobnosti izravnavanja, odli\u010dni neprosoznosti, dobri prekrivnosti in belini, DECORFOND pomaga pri doseganju najbolj\u0161ih rezultatov glede videza in dekoracije.<\/p>","protected":false},"excerpt":{"rendered":"<p>DECORFOND je vrlo periv temeljni proizvod posebno razvijen za pripremu unutarnjih zidnih povr\u0161ina prije proizvoda VELATURE, PERLACEO, DECORI CLASSICI, CADORO, CADORO VELVET, ABC RIFLESSI, MARCOPOLO. Formuliran s vezivom na bazi akrilnog polimera, DECORFOND stvara film otporan na lu\u017enatost \u017ebuke. Zahvaljuju\u0107i svojoj posebnoj formuli savr\u0161eno je u stanju izjedna\u010diti upijanje potporne povr\u0161ine. Zahvaljuju\u0107i mo\u0107i izravnavanja, izvrsnoj [&hellip;]<\/p>","protected":false},"featured_media":10903,"template":"","meta":{"_acf_changed":false},"product_brand":[],"product_cat":[188,186],"product_tag":[],"class_list":{"0":"post-10899","1":"product","2":"type-product","3":"status-publish","4":"has-post-thumbnail","6":"product_cat-dekorativne-boje-za-zidove-i-dodaci","7":"product_cat-dekorativni-program","9":"first","10":"instock","11":"shipping-taxable","12":"purchasable","13":"product-type-variable","14":"wvs-archive-product-wrapper"},"acf":[],"yoast_head":"<!-- This site is optimized with the Yoast SEO plugin v26.1.1 - https:\/\/yoast.com\/wordpress\/plugins\/seo\/ -->\n<title>San Marco Decorfond - Consortium<\/title>\n<meta name=\"robots\" content=\"index, follow, max-snippet:-1, max-image-preview:large, max-video-preview:-1\" \/>\n<link rel=\"canonical\" href=\"https:\/\/consortium.hr\/sl\/product\/san-marco-decorfond-2\/\" \/>\n<meta property=\"og:locale\" content=\"sl_SI\" \/>\n<meta property=\"og:type\" content=\"article\" \/>\n<meta property=\"og:title\" content=\"San Marco Decorfond - Consortium\" \/>\n<meta property=\"og:description\" content=\"DECORFOND je vrlo periv temeljni proizvod posebno razvijen za pripremu unutarnjih zidnih povr\u0161ina prije proizvoda VELATURE, PERLACEO, DECORI CLASSICI, CADORO, CADORO VELVET, ABC RIFLESSI, MARCOPOLO. Formuliran s vezivom na bazi akrilnog polimera, DECORFOND stvara film otporan na lu\u017enatost \u017ebuke. Zahvaljuju\u0107i svojoj posebnoj formuli savr\u0161eno je u stanju izjedna\u010diti upijanje potporne povr\u0161ine. Zahvaljuju\u0107i mo\u0107i izravnavanja, izvrsnoj [&hellip;]\" \/>\n<meta property=\"og:url\" content=\"https:\/\/consortium.hr\/sl\/product\/san-marco-decorfond-2\/\" \/>\n<meta property=\"og:site_name\" content=\"Consortium\" \/>\n<meta property=\"article:modified_time\" content=\"2026-04-27T11:53:19+00:00\" \/>\n<meta property=\"og:image\" content=\"https:\/\/consortium.hr\/wp-content\/uploads\/2025\/02\/decorfond.png\" \/>\n\t<meta property=\"og:image:width\" content=\"800\" \/>\n\t<meta property=\"og:image:height\" content=\"800\" \/>\n\t<meta property=\"og:image:type\" content=\"image\/png\" \/>\n<meta name=\"twitter:card\" content=\"summary_large_image\" \/>\n<script type=\"application\/ld+json\" class=\"yoast-schema-graph\">{\"@context\":\"https:\/\/schema.org\",\"@graph\":[{\"@type\":\"WebPage\",\"@id\":\"https:\/\/consortium.hr\/product\/san-marco-decorfond-2\/\",\"url\":\"https:\/\/consortium.hr\/product\/san-marco-decorfond-2\/\",\"name\":\"San Marco Decorfond - Consortium\",\"isPartOf\":{\"@id\":\"https:\/\/consortium.hr\/#website\"},\"primaryImageOfPage\":{\"@id\":\"https:\/\/consortium.hr\/product\/san-marco-decorfond-2\/#primaryimage\"},\"image\":{\"@id\":\"https:\/\/consortium.hr\/product\/san-marco-decorfond-2\/#primaryimage\"},\"thumbnailUrl\":\"https:\/\/consortium.hr\/wp-content\/uploads\/2025\/02\/decorfond.png\",\"datePublished\":\"2025-02-17T09:01:24+00:00\",\"dateModified\":\"2026-04-27T11:53:19+00:00\",\"breadcrumb\":{\"@id\":\"https:\/\/consortium.hr\/product\/san-marco-decorfond-2\/#breadcrumb\"},\"inLanguage\":\"sl-SI\",\"potentialAction\":[{\"@type\":\"ReadAction\",\"target\":[\"https:\/\/consortium.hr\/product\/san-marco-decorfond-2\/\"]}]},{\"@type\":\"ImageObject\",\"inLanguage\":\"sl-SI\",\"@id\":\"https:\/\/consortium.hr\/product\/san-marco-decorfond-2\/#primaryimage\",\"url\":\"https:\/\/consortium.hr\/wp-content\/uploads\/2025\/02\/decorfond.png\",\"contentUrl\":\"https:\/\/consortium.hr\/wp-content\/uploads\/2025\/02\/decorfond.png\",\"width\":800,\"height\":800},{\"@type\":\"BreadcrumbList\",\"@id\":\"https:\/\/consortium.hr\/product\/san-marco-decorfond-2\/#breadcrumb\",\"itemListElement\":[{\"@type\":\"ListItem\",\"position\":1,\"name\":\"Po\u010detna stranica\",\"item\":\"https:\/\/consortium.hr\/sl\/\"},{\"@type\":\"ListItem\",\"position\":2,\"name\":\"Shop\",\"item\":\"https:\/\/consortium.hr\/sl\/shop\/\"},{\"@type\":\"ListItem\",\"position\":3,\"name\":\"San Marco Decorfond\"}]},{\"@type\":\"WebSite\",\"@id\":\"https:\/\/consortium.hr\/#website\",\"url\":\"https:\/\/consortium.hr\/\",\"name\":\"Consortium\",\"description\":\"Gra\u0111evinski Materijal - Odli\u010dna Ponuda i Cijena\",\"alternateName\":\"Gra\u0111evinski Materijal - Odli\u010dna Ponuda i Cijena\",\"potentialAction\":[{\"@type\":\"SearchAction\",\"target\":{\"@type\":\"EntryPoint\",\"urlTemplate\":\"https:\/\/consortium.hr\/?s={search_term_string}\"},\"query-input\":{\"@type\":\"PropertyValueSpecification\",\"valueRequired\":true,\"valueName\":\"search_term_string\"}}],\"inLanguage\":\"sl-SI\"}]}<\/script>\n<!-- \/ Yoast SEO plugin. -->","yoast_head_json":{"title":"San Marco Decorfond - Consortium","robots":{"index":"index","follow":"follow","max-snippet":"max-snippet:-1","max-image-preview":"max-image-preview:large","max-video-preview":"max-video-preview:-1"},"canonical":"https:\/\/consortium.hr\/sl\/product\/san-marco-decorfond-2\/","og_locale":"sl_SI","og_type":"article","og_title":"San Marco Decorfond - Consortium","og_description":"DECORFOND je vrlo periv temeljni proizvod posebno razvijen za pripremu unutarnjih zidnih povr\u0161ina prije proizvoda VELATURE, PERLACEO, DECORI CLASSICI, CADORO, CADORO VELVET, ABC RIFLESSI, MARCOPOLO. Formuliran s vezivom na bazi akrilnog polimera, DECORFOND stvara film otporan na lu\u017enatost \u017ebuke. Zahvaljuju\u0107i svojoj posebnoj formuli savr\u0161eno je u stanju izjedna\u010diti upijanje potporne povr\u0161ine. Zahvaljuju\u0107i mo\u0107i izravnavanja, izvrsnoj [&hellip;]","og_url":"https:\/\/consortium.hr\/sl\/product\/san-marco-decorfond-2\/","og_site_name":"Consortium","article_modified_time":"2026-04-27T11:53:19+00:00","og_image":[{"width":800,"height":800,"url":"https:\/\/consortium.hr\/wp-content\/uploads\/2025\/02\/decorfond.png","type":"image\/png"}],"twitter_card":"summary_large_image","schema":{"@context":"https:\/\/schema.org","@graph":[{"@type":"WebPage","@id":"https:\/\/consortium.hr\/product\/san-marco-decorfond-2\/","url":"https:\/\/consortium.hr\/product\/san-marco-decorfond-2\/","name":"San Marco Decorfond - Consortium","isPartOf":{"@id":"https:\/\/consortium.hr\/#website"},"primaryImageOfPage":{"@id":"https:\/\/consortium.hr\/product\/san-marco-decorfond-2\/#primaryimage"},"image":{"@id":"https:\/\/consortium.hr\/product\/san-marco-decorfond-2\/#primaryimage"},"thumbnailUrl":"https:\/\/consortium.hr\/wp-content\/uploads\/2025\/02\/decorfond.png","datePublished":"2025-02-17T09:01:24+00:00","dateModified":"2026-04-27T11:53:19+00:00","breadcrumb":{"@id":"https:\/\/consortium.hr\/product\/san-marco-decorfond-2\/#breadcrumb"},"inLanguage":"sl-SI","potentialAction":[{"@type":"ReadAction","target":["https:\/\/consortium.hr\/product\/san-marco-decorfond-2\/"]}]},{"@type":"ImageObject","inLanguage":"sl-SI","@id":"https:\/\/consortium.hr\/product\/san-marco-decorfond-2\/#primaryimage","url":"https:\/\/consortium.hr\/wp-content\/uploads\/2025\/02\/decorfond.png","contentUrl":"https:\/\/consortium.hr\/wp-content\/uploads\/2025\/02\/decorfond.png","width":800,"height":800},{"@type":"BreadcrumbList","@id":"https:\/\/consortium.hr\/product\/san-marco-decorfond-2\/#breadcrumb","itemListElement":[{"@type":"ListItem","position":1,"name":"Po\u010detna stranica","item":"https:\/\/consortium.hr\/sl\/"},{"@type":"ListItem","position":2,"name":"Shop","item":"https:\/\/consortium.hr\/sl\/shop\/"},{"@type":"ListItem","position":3,"name":"San Marco Decorfond"}]},{"@type":"WebSite","@id":"https:\/\/consortium.hr\/#website","url":"https:\/\/consortium.hr\/","name":"Consortium","description":"Gra\u0111evinski Materijal - Odli\u010dna Ponuda i Cijena","alternateName":"Gra\u0111evinski Materijal - Odli\u010dna Ponuda i Cijena","potentialAction":[{"@type":"SearchAction","target":{"@type":"EntryPoint","urlTemplate":"https:\/\/consortium.hr\/?s={search_term_string}"},"query-input":{"@type":"PropertyValueSpecification","valueRequired":true,"valueName":"search_term_string"}}],"inLanguage":"sl-SI"}]}},"_links":{"self":[{"href":"https:\/\/consortium.hr\/sl\/wp-json\/wp\/v2\/product\/10899","targetHints":{"allow":["GET"]}}],"collection":[{"href":"https:\/\/consortium.hr\/sl\/wp-json\/wp\/v2\/product"}],"about":[{"href":"https:\/\/consortium.hr\/sl\/wp-json\/wp\/v2\/types\/product"}],"wp:featuredmedia":[{"embeddable":true,"href":"https:\/\/consortium.hr\/sl\/wp-json\/wp\/v2\/media\/10903"}],"wp:attachment":[{"href":"https:\/\/consortium.hr\/sl\/wp-json\/wp\/v2\/media?parent=10899"}],"wp:term":[{"taxonomy":"product_brand","embeddable":true,"href":"https:\/\/consortium.hr\/sl\/wp-json\/wp\/v2\/product_brand?post=10899"},{"taxonomy":"product_cat","embeddable":true,"href":"https:\/\/consortium.hr\/sl\/wp-json\/wp\/v2\/product_cat?post=10899"},{"taxonomy":"product_tag","embeddable":true,"href":"https:\/\/consortium.hr\/sl\/wp-json\/wp\/v2\/product_tag?post=10899"}],"curies":[{"name":"wp","href":"https:\/\/api.w.org\/{rel}","templated":true}]}}