{"id":11105,"date":"2025-03-11T12:43:59","date_gmt":"2025-03-11T12:43:59","guid":{"rendered":"https:\/\/consortium.hr\/?post_type=product&#038;p=11105"},"modified":"2026-04-23T14:12:48","modified_gmt":"2026-04-23T14:12:48","slug":"texo-sredstvo-za-ciscenje-pu-pjene-500ml","status":"publish","type":"product","link":"https:\/\/consortium.hr\/sl\/product\/texo-sredstvo-za-ciscenje-pu-pjene-500ml\/","title":{"rendered":"Texo sredstvo za \u010di\u0161\u010denje PU pene 500 ml"},"content":{"rendered":"<p><strong>TEXO sredstvo za \u010di\u0161\u010denje PU-pene je sestavljeno iz usklajene kombinacije razli\u010dnih topil in \u010distilnih sredstev, ki so izjemno u\u010dinkovita pri \u010di\u0161\u010denju delov, onesna\u017eenih z novo poliuretansko peno. <\/strong><\/p>\n<p>Me\u0161anica aktivnih snovi je dobro prena\u0161ljiva za elemente pi\u0161tole, ki se uporabljajo za iztiskanje poliuretanske pene.<\/p>\n<p>S temeljitim \u010di\u0161\u010denjem se podalj\u0161a njihov vek trajanja in funkcionalnost.<\/p>\n<p>S pomo\u010djo prilo\u017eene \u0161obe za pr\u0161enje je mo\u017ena univerzalna uporaba tudi za druga \u010di\u0161\u010denja.<\/p>\n<p>Uporabljen potisni plin ne vsebuje fluor-klor-ogljikovodikov (CFC) niti halogeniziranih fluor-klor-ogljikovodikov (HCFC).<\/p>\n<p>TEXO sredstvo za \u010di\u0161\u010denje PU-pene lahko topi le sve\u017eo poliuretansko peno. Strjena pena SE NE more o\u010distiti s \u010distilom za PU-peno, temve\u010d se jo lahko odstrani le mehansko.<\/p>","protected":false},"excerpt":{"rendered":"<p>TEXO sredstvo za \u010di\u0161\u0107enje PU-pjene sastoji se od uskla\u0111ene kombinacije razli\u010ditih otapala i sredstava za \u010di\u0161\u0107enje koja su izrazito djelotvorna pri \u010di\u0161\u0107enju dijelova one\u010di\u0161\u0107enih svje\u017eom poliuretanskom pjenom. Mje\u0161avina djelatnih tvari dobro je podno\u0161ljiva za elemente pi\u0161tolja koji se primjenjuju za istiskivanje poliuretanske pjene. Temeljitim \u010di\u0161\u0107enjem produ\u017euje se njihov vijek trajanja i funkcionalnost. Pomo\u0107u prilo\u017eene glave [&hellip;]<\/p>","protected":false},"featured_media":13412,"template":"","meta":{"_acf_changed":false},"product_brand":[],"product_cat":[368],"product_tag":[],"class_list":{"0":"post-11105","1":"product","2":"type-product","3":"status-publish","4":"has-post-thumbnail","6":"product_cat-poliuretanske-pjene","8":"first","9":"instock","10":"shipping-taxable","11":"purchasable","12":"product-type-simple"},"acf":[],"yoast_head":"<!-- This site is optimized with the Yoast SEO plugin v26.1.1 - https:\/\/yoast.com\/wordpress\/plugins\/seo\/ -->\n<title>Texo sredstvo za \u010di\u0161\u0107enje PU pjene 500 ml - Consortium<\/title>\n<meta name=\"robots\" content=\"index, follow, max-snippet:-1, max-image-preview:large, max-video-preview:-1\" \/>\n<link rel=\"canonical\" href=\"https:\/\/consortium.hr\/sl\/product\/texo-sredstvo-za-ciscenje-pu-pjene-500ml\/\" \/>\n<meta property=\"og:locale\" content=\"sl_SI\" \/>\n<meta property=\"og:type\" content=\"article\" \/>\n<meta property=\"og:title\" content=\"Texo sredstvo za \u010di\u0161\u0107enje PU pjene 500 ml - Consortium\" \/>\n<meta property=\"og:description\" content=\"TEXO sredstvo za \u010di\u0161\u0107enje PU-pjene sastoji se od uskla\u0111ene kombinacije razli\u010ditih otapala i sredstava za \u010di\u0161\u0107enje koja su izrazito djelotvorna pri \u010di\u0161\u0107enju dijelova one\u010di\u0161\u0107enih svje\u017eom poliuretanskom pjenom. Mje\u0161avina djelatnih tvari dobro je podno\u0161ljiva za elemente pi\u0161tolja koji se primjenjuju za istiskivanje poliuretanske pjene. Temeljitim \u010di\u0161\u0107enjem produ\u017euje se njihov vijek trajanja i funkcionalnost. Pomo\u0107u prilo\u017eene glave [&hellip;]\" \/>\n<meta property=\"og:url\" content=\"https:\/\/consortium.hr\/sl\/product\/texo-sredstvo-za-ciscenje-pu-pjene-500ml\/\" \/>\n<meta property=\"og:site_name\" content=\"Consortium\" \/>\n<meta property=\"article:modified_time\" content=\"2026-04-23T14:12:48+00:00\" \/>\n<meta property=\"og:image\" content=\"https:\/\/consortium.hr\/wp-content\/uploads\/2025\/03\/texo-sredstvo-za-ciscenje-pu-pjene.png\" \/>\n\t<meta property=\"og:image:width\" content=\"800\" \/>\n\t<meta property=\"og:image:height\" content=\"800\" \/>\n\t<meta property=\"og:image:type\" content=\"image\/png\" \/>\n<meta name=\"twitter:card\" content=\"summary_large_image\" \/>\n<meta name=\"twitter:label1\" content=\"Est. reading time\" \/>\n\t<meta name=\"twitter:data1\" content=\"1 minuta\" \/>\n<script type=\"application\/ld+json\" class=\"yoast-schema-graph\">{\"@context\":\"https:\/\/schema.org\",\"@graph\":[{\"@type\":\"WebPage\",\"@id\":\"https:\/\/consortium.hr\/product\/texo-sredstvo-za-ciscenje-pu-pjene-500ml\/\",\"url\":\"https:\/\/consortium.hr\/product\/texo-sredstvo-za-ciscenje-pu-pjene-500ml\/\",\"name\":\"Texo sredstvo za \u010di\u0161\u0107enje PU pjene 500 ml - Consortium\",\"isPartOf\":{\"@id\":\"https:\/\/consortium.hr\/#website\"},\"primaryImageOfPage\":{\"@id\":\"https:\/\/consortium.hr\/product\/texo-sredstvo-za-ciscenje-pu-pjene-500ml\/#primaryimage\"},\"image\":{\"@id\":\"https:\/\/consortium.hr\/product\/texo-sredstvo-za-ciscenje-pu-pjene-500ml\/#primaryimage\"},\"thumbnailUrl\":\"https:\/\/consortium.hr\/wp-content\/uploads\/2025\/03\/texo-sredstvo-za-ciscenje-pu-pjene.png\",\"datePublished\":\"2025-03-11T12:43:59+00:00\",\"dateModified\":\"2026-04-23T14:12:48+00:00\",\"breadcrumb\":{\"@id\":\"https:\/\/consortium.hr\/product\/texo-sredstvo-za-ciscenje-pu-pjene-500ml\/#breadcrumb\"},\"inLanguage\":\"sl-SI\",\"potentialAction\":[{\"@type\":\"ReadAction\",\"target\":[\"https:\/\/consortium.hr\/product\/texo-sredstvo-za-ciscenje-pu-pjene-500ml\/\"]}]},{\"@type\":\"ImageObject\",\"inLanguage\":\"sl-SI\",\"@id\":\"https:\/\/consortium.hr\/product\/texo-sredstvo-za-ciscenje-pu-pjene-500ml\/#primaryimage\",\"url\":\"https:\/\/consortium.hr\/wp-content\/uploads\/2025\/03\/texo-sredstvo-za-ciscenje-pu-pjene.png\",\"contentUrl\":\"https:\/\/consortium.hr\/wp-content\/uploads\/2025\/03\/texo-sredstvo-za-ciscenje-pu-pjene.png\",\"width\":800,\"height\":800},{\"@type\":\"BreadcrumbList\",\"@id\":\"https:\/\/consortium.hr\/product\/texo-sredstvo-za-ciscenje-pu-pjene-500ml\/#breadcrumb\",\"itemListElement\":[{\"@type\":\"ListItem\",\"position\":1,\"name\":\"Po\u010detna stranica\",\"item\":\"https:\/\/consortium.hr\/sl\/\"},{\"@type\":\"ListItem\",\"position\":2,\"name\":\"Shop\",\"item\":\"https:\/\/consortium.hr\/sl\/shop\/\"},{\"@type\":\"ListItem\",\"position\":3,\"name\":\"Texo sredstvo za \u010di\u0161\u0107enje PU pjene 500 ml\"}]},{\"@type\":\"WebSite\",\"@id\":\"https:\/\/consortium.hr\/#website\",\"url\":\"https:\/\/consortium.hr\/\",\"name\":\"Consortium\",\"description\":\"Gra\u0111evinski Materijal - Odli\u010dna Ponuda i Cijena\",\"alternateName\":\"Gra\u0111evinski Materijal - Odli\u010dna Ponuda i Cijena\",\"potentialAction\":[{\"@type\":\"SearchAction\",\"target\":{\"@type\":\"EntryPoint\",\"urlTemplate\":\"https:\/\/consortium.hr\/?s={search_term_string}\"},\"query-input\":{\"@type\":\"PropertyValueSpecification\",\"valueRequired\":true,\"valueName\":\"search_term_string\"}}],\"inLanguage\":\"sl-SI\"}]}<\/script>\n<!-- \/ Yoast SEO plugin. -->","yoast_head_json":{"title":"Texo sredstvo za \u010di\u0161\u0107enje PU pjene 500 ml - Consortium","robots":{"index":"index","follow":"follow","max-snippet":"max-snippet:-1","max-image-preview":"max-image-preview:large","max-video-preview":"max-video-preview:-1"},"canonical":"https:\/\/consortium.hr\/sl\/product\/texo-sredstvo-za-ciscenje-pu-pjene-500ml\/","og_locale":"sl_SI","og_type":"article","og_title":"Texo sredstvo za \u010di\u0161\u0107enje PU pjene 500 ml - Consortium","og_description":"TEXO sredstvo za \u010di\u0161\u0107enje PU-pjene sastoji se od uskla\u0111ene kombinacije razli\u010ditih otapala i sredstava za \u010di\u0161\u0107enje koja su izrazito djelotvorna pri \u010di\u0161\u0107enju dijelova one\u010di\u0161\u0107enih svje\u017eom poliuretanskom pjenom. Mje\u0161avina djelatnih tvari dobro je podno\u0161ljiva za elemente pi\u0161tolja koji se primjenjuju za istiskivanje poliuretanske pjene. Temeljitim \u010di\u0161\u0107enjem produ\u017euje se njihov vijek trajanja i funkcionalnost. Pomo\u0107u prilo\u017eene glave [&hellip;]","og_url":"https:\/\/consortium.hr\/sl\/product\/texo-sredstvo-za-ciscenje-pu-pjene-500ml\/","og_site_name":"Consortium","article_modified_time":"2026-04-23T14:12:48+00:00","og_image":[{"width":800,"height":800,"url":"https:\/\/consortium.hr\/wp-content\/uploads\/2025\/03\/texo-sredstvo-za-ciscenje-pu-pjene.png","type":"image\/png"}],"twitter_card":"summary_large_image","twitter_misc":{"Est. reading time":"1 minuta"},"schema":{"@context":"https:\/\/schema.org","@graph":[{"@type":"WebPage","@id":"https:\/\/consortium.hr\/product\/texo-sredstvo-za-ciscenje-pu-pjene-500ml\/","url":"https:\/\/consortium.hr\/product\/texo-sredstvo-za-ciscenje-pu-pjene-500ml\/","name":"Texo sredstvo za \u010di\u0161\u0107enje PU pjene 500 ml - Consortium","isPartOf":{"@id":"https:\/\/consortium.hr\/#website"},"primaryImageOfPage":{"@id":"https:\/\/consortium.hr\/product\/texo-sredstvo-za-ciscenje-pu-pjene-500ml\/#primaryimage"},"image":{"@id":"https:\/\/consortium.hr\/product\/texo-sredstvo-za-ciscenje-pu-pjene-500ml\/#primaryimage"},"thumbnailUrl":"https:\/\/consortium.hr\/wp-content\/uploads\/2025\/03\/texo-sredstvo-za-ciscenje-pu-pjene.png","datePublished":"2025-03-11T12:43:59+00:00","dateModified":"2026-04-23T14:12:48+00:00","breadcrumb":{"@id":"https:\/\/consortium.hr\/product\/texo-sredstvo-za-ciscenje-pu-pjene-500ml\/#breadcrumb"},"inLanguage":"sl-SI","potentialAction":[{"@type":"ReadAction","target":["https:\/\/consortium.hr\/product\/texo-sredstvo-za-ciscenje-pu-pjene-500ml\/"]}]},{"@type":"ImageObject","inLanguage":"sl-SI","@id":"https:\/\/consortium.hr\/product\/texo-sredstvo-za-ciscenje-pu-pjene-500ml\/#primaryimage","url":"https:\/\/consortium.hr\/wp-content\/uploads\/2025\/03\/texo-sredstvo-za-ciscenje-pu-pjene.png","contentUrl":"https:\/\/consortium.hr\/wp-content\/uploads\/2025\/03\/texo-sredstvo-za-ciscenje-pu-pjene.png","width":800,"height":800},{"@type":"BreadcrumbList","@id":"https:\/\/consortium.hr\/product\/texo-sredstvo-za-ciscenje-pu-pjene-500ml\/#breadcrumb","itemListElement":[{"@type":"ListItem","position":1,"name":"Po\u010detna stranica","item":"https:\/\/consortium.hr\/sl\/"},{"@type":"ListItem","position":2,"name":"Shop","item":"https:\/\/consortium.hr\/sl\/shop\/"},{"@type":"ListItem","position":3,"name":"Texo sredstvo za \u010di\u0161\u0107enje PU pjene 500 ml"}]},{"@type":"WebSite","@id":"https:\/\/consortium.hr\/#website","url":"https:\/\/consortium.hr\/","name":"Consortium","description":"Gra\u0111evinski Materijal - Odli\u010dna Ponuda i Cijena","alternateName":"Gra\u0111evinski Materijal - Odli\u010dna Ponuda i Cijena","potentialAction":[{"@type":"SearchAction","target":{"@type":"EntryPoint","urlTemplate":"https:\/\/consortium.hr\/?s={search_term_string}"},"query-input":{"@type":"PropertyValueSpecification","valueRequired":true,"valueName":"search_term_string"}}],"inLanguage":"sl-SI"}]}},"_links":{"self":[{"href":"https:\/\/consortium.hr\/sl\/wp-json\/wp\/v2\/product\/11105","targetHints":{"allow":["GET"]}}],"collection":[{"href":"https:\/\/consortium.hr\/sl\/wp-json\/wp\/v2\/product"}],"about":[{"href":"https:\/\/consortium.hr\/sl\/wp-json\/wp\/v2\/types\/product"}],"wp:featuredmedia":[{"embeddable":true,"href":"https:\/\/consortium.hr\/sl\/wp-json\/wp\/v2\/media\/13412"}],"wp:attachment":[{"href":"https:\/\/consortium.hr\/sl\/wp-json\/wp\/v2\/media?parent=11105"}],"wp:term":[{"taxonomy":"product_brand","embeddable":true,"href":"https:\/\/consortium.hr\/sl\/wp-json\/wp\/v2\/product_brand?post=11105"},{"taxonomy":"product_cat","embeddable":true,"href":"https:\/\/consortium.hr\/sl\/wp-json\/wp\/v2\/product_cat?post=11105"},{"taxonomy":"product_tag","embeddable":true,"href":"https:\/\/consortium.hr\/sl\/wp-json\/wp\/v2\/product_tag?post=11105"}],"curies":[{"name":"wp","href":"https:\/\/api.w.org\/{rel}","templated":true}]}}