{"id":12030,"date":"2025-03-28T07:39:10","date_gmt":"2025-03-28T07:39:10","guid":{"rendered":"https:\/\/consortium.hr\/?post_type=product&#038;p=12030"},"modified":"2026-04-20T14:03:06","modified_gmt":"2026-04-20T14:03:06","slug":"dulux-super-grip-primer-1-l-univerzalni-temeljni-premaz-za-neupojne-podloge","status":"publish","type":"product","link":"https:\/\/consortium.hr\/sl\/product\/dulux-super-grip-primer-1-l-univerzalni-temeljni-premaz-za-neupojne-podloge\/","title":{"rendered":"Dulux Super Grip Primer 1 L - Univerzalni temeljni premaz za nevpojne povr\u0161ine"},"content":{"rendered":"<p>Dulux Super Grip Primer je temeljni premaz na vodni osnovi, zasnovan tako, da omogo\u010da dobro oprijemanje naslednjih slojev barve, ki se nana\u0161ajo na te\u017eko vpojne podlage, kot so kerami\u010dne plo\u0161\u010dice, melamin, steklo, anodizirani aluminij, pe\u010deni emajl in pra\u0161kaste barve.<\/p>\n<p>Pred nanosom Super Grip Primera se priporo\u010da, da se povr\u0161ina rahlo pobrska s finim brusnim papirjem.<\/p>\n<p>Lahko se uporablja v notranjih in zunanjih prostorih.<\/p>\n<p class=\"tab_title\"><strong>Poraba<\/strong><\/p>\n<p>Okvirna pokritost, ki jo je mogo\u010de dose\u010di v normalnih pogojih, je do 18 m\u00b2\/L.<\/p>","protected":false},"excerpt":{"rendered":"<p>Dulux Super Grip Primer je temeljni premaz na bazi vode, na\u010dinjen tako da omogu\u0107uje dobro prijanjanje sljede\u0107ih slojeva boje koja se nanosi na te\u0161ko upojne podloge kao npr. kerami\u010dke plo\u010dice, melamin, staklo, anodizirani aluminij, pe\u010deni emajl i pra\u0161kaste boje. Prije nano\u0161enja Super Grip Primera preporu\u010da se lagano prebrusiti povr\u0161inu finim brusnim papirom. Mogu\u0107e ga je [&hellip;]<\/p>","protected":false},"featured_media":12031,"template":"","meta":{"_acf_changed":false},"product_brand":[],"product_cat":[169,171],"product_tag":[],"class_list":{"0":"post-12030","1":"product","2":"type-product","3":"status-publish","4":"has-post-thumbnail","6":"product_cat-boje-i-lakovi","7":"product_cat-impregnacije-za-zidove","9":"first","10":"instock","11":"shipping-taxable","12":"purchasable","13":"product-type-simple"},"acf":[],"yoast_head":"<!-- This site is optimized with the Yoast SEO plugin v26.1.1 - https:\/\/yoast.com\/wordpress\/plugins\/seo\/ -->\n<title>Dulux Super Grip Primer 1 L - Univerzalni temeljni premaz za neupojne povr\u0161ine - Consortium<\/title>\n<meta name=\"robots\" content=\"index, follow, max-snippet:-1, max-image-preview:large, max-video-preview:-1\" \/>\n<link rel=\"canonical\" href=\"https:\/\/consortium.hr\/sl\/product\/dulux-super-grip-primer-1-l-univerzalni-temeljni-premaz-za-neupojne-podloge\/\" \/>\n<meta property=\"og:locale\" content=\"sl_SI\" \/>\n<meta property=\"og:type\" content=\"article\" \/>\n<meta property=\"og:title\" content=\"Dulux Super Grip Primer 1 L - Univerzalni temeljni premaz za neupojne povr\u0161ine - Consortium\" \/>\n<meta property=\"og:description\" content=\"Dulux Super Grip Primer je temeljni premaz na bazi vode, na\u010dinjen tako da omogu\u0107uje dobro prijanjanje sljede\u0107ih slojeva boje koja se nanosi na te\u0161ko upojne podloge kao npr. kerami\u010dke plo\u010dice, melamin, staklo, anodizirani aluminij, pe\u010deni emajl i pra\u0161kaste boje. Prije nano\u0161enja Super Grip Primera preporu\u010da se lagano prebrusiti povr\u0161inu finim brusnim papirom. Mogu\u0107e ga je [&hellip;]\" \/>\n<meta property=\"og:url\" content=\"https:\/\/consortium.hr\/sl\/product\/dulux-super-grip-primer-1-l-univerzalni-temeljni-premaz-za-neupojne-podloge\/\" \/>\n<meta property=\"og:site_name\" content=\"Consortium\" \/>\n<meta property=\"article:modified_time\" content=\"2026-04-20T14:03:06+00:00\" \/>\n<meta property=\"og:image\" content=\"https:\/\/consortium.hr\/wp-content\/uploads\/2025\/03\/dulux-super-grip-primer.webp\" \/>\n\t<meta property=\"og:image:width\" content=\"720\" \/>\n\t<meta property=\"og:image:height\" content=\"720\" \/>\n\t<meta property=\"og:image:type\" content=\"image\/webp\" \/>\n<meta name=\"twitter:card\" content=\"summary_large_image\" \/>\n<script type=\"application\/ld+json\" class=\"yoast-schema-graph\">{\"@context\":\"https:\/\/schema.org\",\"@graph\":[{\"@type\":\"WebPage\",\"@id\":\"https:\/\/consortium.hr\/product\/dulux-super-grip-primer-1-l-univerzalni-temeljni-premaz-za-neupojne-podloge\/\",\"url\":\"https:\/\/consortium.hr\/product\/dulux-super-grip-primer-1-l-univerzalni-temeljni-premaz-za-neupojne-podloge\/\",\"name\":\"Dulux Super Grip Primer 1 L - Univerzalni temeljni premaz za neupojne povr\u0161ine - Consortium\",\"isPartOf\":{\"@id\":\"https:\/\/consortium.hr\/#website\"},\"primaryImageOfPage\":{\"@id\":\"https:\/\/consortium.hr\/product\/dulux-super-grip-primer-1-l-univerzalni-temeljni-premaz-za-neupojne-podloge\/#primaryimage\"},\"image\":{\"@id\":\"https:\/\/consortium.hr\/product\/dulux-super-grip-primer-1-l-univerzalni-temeljni-premaz-za-neupojne-podloge\/#primaryimage\"},\"thumbnailUrl\":\"https:\/\/consortium.hr\/wp-content\/uploads\/2025\/03\/dulux-super-grip-primer.webp\",\"datePublished\":\"2025-03-28T07:39:10+00:00\",\"dateModified\":\"2026-04-20T14:03:06+00:00\",\"breadcrumb\":{\"@id\":\"https:\/\/consortium.hr\/product\/dulux-super-grip-primer-1-l-univerzalni-temeljni-premaz-za-neupojne-podloge\/#breadcrumb\"},\"inLanguage\":\"sl-SI\",\"potentialAction\":[{\"@type\":\"ReadAction\",\"target\":[\"https:\/\/consortium.hr\/product\/dulux-super-grip-primer-1-l-univerzalni-temeljni-premaz-za-neupojne-podloge\/\"]}]},{\"@type\":\"ImageObject\",\"inLanguage\":\"sl-SI\",\"@id\":\"https:\/\/consortium.hr\/product\/dulux-super-grip-primer-1-l-univerzalni-temeljni-premaz-za-neupojne-podloge\/#primaryimage\",\"url\":\"https:\/\/consortium.hr\/wp-content\/uploads\/2025\/03\/dulux-super-grip-primer.webp\",\"contentUrl\":\"https:\/\/consortium.hr\/wp-content\/uploads\/2025\/03\/dulux-super-grip-primer.webp\",\"width\":720,\"height\":720},{\"@type\":\"BreadcrumbList\",\"@id\":\"https:\/\/consortium.hr\/product\/dulux-super-grip-primer-1-l-univerzalni-temeljni-premaz-za-neupojne-podloge\/#breadcrumb\",\"itemListElement\":[{\"@type\":\"ListItem\",\"position\":1,\"name\":\"Po\u010detna stranica\",\"item\":\"https:\/\/consortium.hr\/sl\/\"},{\"@type\":\"ListItem\",\"position\":2,\"name\":\"Shop\",\"item\":\"https:\/\/consortium.hr\/sl\/shop\/\"},{\"@type\":\"ListItem\",\"position\":3,\"name\":\"Dulux Super Grip Primer 1 L - Univerzalni temeljni premaz za neupojne povr\u0161ine\"}]},{\"@type\":\"WebSite\",\"@id\":\"https:\/\/consortium.hr\/#website\",\"url\":\"https:\/\/consortium.hr\/\",\"name\":\"Consortium\",\"description\":\"Gra\u0111evinski Materijal - Odli\u010dna Ponuda i Cijena\",\"alternateName\":\"Gra\u0111evinski Materijal - Odli\u010dna Ponuda i Cijena\",\"potentialAction\":[{\"@type\":\"SearchAction\",\"target\":{\"@type\":\"EntryPoint\",\"urlTemplate\":\"https:\/\/consortium.hr\/?s={search_term_string}\"},\"query-input\":{\"@type\":\"PropertyValueSpecification\",\"valueRequired\":true,\"valueName\":\"search_term_string\"}}],\"inLanguage\":\"sl-SI\"}]}<\/script>\n<!-- \/ Yoast SEO plugin. -->","yoast_head_json":{"title":"Dulux Super Grip Primer 1 L - Univerzalni temeljni premaz za neupojne povr\u0161ine - Consortium","robots":{"index":"index","follow":"follow","max-snippet":"max-snippet:-1","max-image-preview":"max-image-preview:large","max-video-preview":"max-video-preview:-1"},"canonical":"https:\/\/consortium.hr\/sl\/product\/dulux-super-grip-primer-1-l-univerzalni-temeljni-premaz-za-neupojne-podloge\/","og_locale":"sl_SI","og_type":"article","og_title":"Dulux Super Grip Primer 1 L - Univerzalni temeljni premaz za neupojne povr\u0161ine - Consortium","og_description":"Dulux Super Grip Primer je temeljni premaz na bazi vode, na\u010dinjen tako da omogu\u0107uje dobro prijanjanje sljede\u0107ih slojeva boje koja se nanosi na te\u0161ko upojne podloge kao npr. kerami\u010dke plo\u010dice, melamin, staklo, anodizirani aluminij, pe\u010deni emajl i pra\u0161kaste boje. Prije nano\u0161enja Super Grip Primera preporu\u010da se lagano prebrusiti povr\u0161inu finim brusnim papirom. Mogu\u0107e ga je [&hellip;]","og_url":"https:\/\/consortium.hr\/sl\/product\/dulux-super-grip-primer-1-l-univerzalni-temeljni-premaz-za-neupojne-podloge\/","og_site_name":"Consortium","article_modified_time":"2026-04-20T14:03:06+00:00","og_image":[{"width":720,"height":720,"url":"https:\/\/consortium.hr\/wp-content\/uploads\/2025\/03\/dulux-super-grip-primer.webp","type":"image\/webp"}],"twitter_card":"summary_large_image","schema":{"@context":"https:\/\/schema.org","@graph":[{"@type":"WebPage","@id":"https:\/\/consortium.hr\/product\/dulux-super-grip-primer-1-l-univerzalni-temeljni-premaz-za-neupojne-podloge\/","url":"https:\/\/consortium.hr\/product\/dulux-super-grip-primer-1-l-univerzalni-temeljni-premaz-za-neupojne-podloge\/","name":"Dulux Super Grip Primer 1 L - Univerzalni temeljni premaz za neupojne povr\u0161ine - Consortium","isPartOf":{"@id":"https:\/\/consortium.hr\/#website"},"primaryImageOfPage":{"@id":"https:\/\/consortium.hr\/product\/dulux-super-grip-primer-1-l-univerzalni-temeljni-premaz-za-neupojne-podloge\/#primaryimage"},"image":{"@id":"https:\/\/consortium.hr\/product\/dulux-super-grip-primer-1-l-univerzalni-temeljni-premaz-za-neupojne-podloge\/#primaryimage"},"thumbnailUrl":"https:\/\/consortium.hr\/wp-content\/uploads\/2025\/03\/dulux-super-grip-primer.webp","datePublished":"2025-03-28T07:39:10+00:00","dateModified":"2026-04-20T14:03:06+00:00","breadcrumb":{"@id":"https:\/\/consortium.hr\/product\/dulux-super-grip-primer-1-l-univerzalni-temeljni-premaz-za-neupojne-podloge\/#breadcrumb"},"inLanguage":"sl-SI","potentialAction":[{"@type":"ReadAction","target":["https:\/\/consortium.hr\/product\/dulux-super-grip-primer-1-l-univerzalni-temeljni-premaz-za-neupojne-podloge\/"]}]},{"@type":"ImageObject","inLanguage":"sl-SI","@id":"https:\/\/consortium.hr\/product\/dulux-super-grip-primer-1-l-univerzalni-temeljni-premaz-za-neupojne-podloge\/#primaryimage","url":"https:\/\/consortium.hr\/wp-content\/uploads\/2025\/03\/dulux-super-grip-primer.webp","contentUrl":"https:\/\/consortium.hr\/wp-content\/uploads\/2025\/03\/dulux-super-grip-primer.webp","width":720,"height":720},{"@type":"BreadcrumbList","@id":"https:\/\/consortium.hr\/product\/dulux-super-grip-primer-1-l-univerzalni-temeljni-premaz-za-neupojne-podloge\/#breadcrumb","itemListElement":[{"@type":"ListItem","position":1,"name":"Po\u010detna stranica","item":"https:\/\/consortium.hr\/sl\/"},{"@type":"ListItem","position":2,"name":"Shop","item":"https:\/\/consortium.hr\/sl\/shop\/"},{"@type":"ListItem","position":3,"name":"Dulux Super Grip Primer 1 L - Univerzalni temeljni premaz za neupojne povr\u0161ine"}]},{"@type":"WebSite","@id":"https:\/\/consortium.hr\/#website","url":"https:\/\/consortium.hr\/","name":"Consortium","description":"Gra\u0111evinski Materijal - Odli\u010dna Ponuda i Cijena","alternateName":"Gra\u0111evinski Materijal - Odli\u010dna Ponuda i Cijena","potentialAction":[{"@type":"SearchAction","target":{"@type":"EntryPoint","urlTemplate":"https:\/\/consortium.hr\/?s={search_term_string}"},"query-input":{"@type":"PropertyValueSpecification","valueRequired":true,"valueName":"search_term_string"}}],"inLanguage":"sl-SI"}]}},"_links":{"self":[{"href":"https:\/\/consortium.hr\/sl\/wp-json\/wp\/v2\/product\/12030","targetHints":{"allow":["GET"]}}],"collection":[{"href":"https:\/\/consortium.hr\/sl\/wp-json\/wp\/v2\/product"}],"about":[{"href":"https:\/\/consortium.hr\/sl\/wp-json\/wp\/v2\/types\/product"}],"wp:featuredmedia":[{"embeddable":true,"href":"https:\/\/consortium.hr\/sl\/wp-json\/wp\/v2\/media\/12031"}],"wp:attachment":[{"href":"https:\/\/consortium.hr\/sl\/wp-json\/wp\/v2\/media?parent=12030"}],"wp:term":[{"taxonomy":"product_brand","embeddable":true,"href":"https:\/\/consortium.hr\/sl\/wp-json\/wp\/v2\/product_brand?post=12030"},{"taxonomy":"product_cat","embeddable":true,"href":"https:\/\/consortium.hr\/sl\/wp-json\/wp\/v2\/product_cat?post=12030"},{"taxonomy":"product_tag","embeddable":true,"href":"https:\/\/consortium.hr\/sl\/wp-json\/wp\/v2\/product_tag?post=12030"}],"curies":[{"name":"wp","href":"https:\/\/api.w.org\/{rel}","templated":true}]}}