{"id":12041,"date":"2025-03-28T08:19:38","date_gmt":"2025-03-28T08:19:38","guid":{"rendered":"https:\/\/consortium.hr\/?post_type=product&#038;p=12041"},"modified":"2026-04-29T15:08:21","modified_gmt":"2026-04-29T15:08:21","slug":"ceresit-ct-19-pretpremaz-za-kriticne-podloge","status":"publish","type":"product","link":"https:\/\/consortium.hr\/sl\/product\/ceresit-ct-19-pretpremaz-za-kriticne-podloge\/","title":{"rendered":"Ceresit CT 19 SuperContact Primer - Pretpremaz za kriti\u010dne podloge"},"content":{"rendered":"<p><strong>CERESIT\u00ae CT 19 je brzovezuju\u0107i temeljni premaz za sigurno spajanje kerami\u010dkih obloga, prirodnog kamena, podova i zidnih cementnih podloga i kriti\u010dnih povr\u0161ina. <\/strong><\/p>\n<p>Za unutra\u0161nju i vanjsku primjenu.<\/p>\n<p>CT 19 se koristi za pripremu podloge prije nano\u0161enja ljepila za polaganje kerami\u010dkih plo\u010dica, zidnih i podnih obloga i prije nano\u0161enja \u017ebuke.<\/p>\n<p>CT 19 je savr\u0161eno rje\u0161enje za sve upijaju\u0107e i neupijaju\u0107e podloge.<\/p>\n<div id=\"section-70dd821038\" class=\"section__content content limited-container customizations__section\">\n<div class=\"experiencefragment\">\n<div id=\"experiencefragment-30b2c68295\" class=\"cmp-experiencefragment cmp-experiencefragment--pdp\">\n<div class=\"xf-content-height\">\n<div class=\"aem-Grid aem-Grid--12 aem-Grid--default--12\">\n<div id=\"title-c72b995870\" class=\"heliux-text__wrapper inpagenavigation__item limited-container skip-margins title1687891811242\" data-type=\"h3\">\n<p class=\"heading4 hide-if-empty-placeholder apply-margins apply-font-style title__heading\"><strong>Lastnosti:<\/strong><\/p>\n<\/div>\n<\/div>\n<\/div>\n<\/div>\n<\/div>\n<div class=\"linklist__wrapper linklist__wrapper--base linklist1694687173483 accordion__collapsable\" data-components=\"LinkList\" data-components-params-accordion=\"{&quot;isCollapsable&quot;: &quot;true&quot;, &quot;matchMedia&quot;: &quot;all&quot;}\">\n<ul class=\"linklist__base accordion__base heading4\">\n<li class=\"linklist__item accordion__item\">\n<div class=\"linklist__item-content\">\n<div class=\"linklist__item-main\">\n<div class=\"linklist__item-icon linklist\">Za problemati\u010dne podloge, \u010dak i za tvrdi PVC<\/div>\n<\/div>\n<div class=\"linklist__item-texts linklist\"><\/div>\n<\/div>\n<\/li>\n<li class=\"linklist__item accordion__item\">\n<div class=\"linklist__item-content\">\n<div class=\"linklist__item-main\">\n<div class=\"linklist__item-icon linklist\">Sadr\u017ei zrna kvarcnog pijeska<\/div>\n<\/div>\n<\/div>\n<\/li>\n<\/ul>\n<p><strong>Tehni\u010dni podatki:<\/strong><\/p>\n<p>Pakiranje: 1 l<br \/>\nPotro\u0161nja: Upojne podloge: 200 \u2013 300 g\/m2<br \/>\nNeupojne podloge: 100 \u2013 150 g\/m2<\/p>\n<\/div>\n<\/div>","protected":false},"excerpt":{"rendered":"<p>CERESIT\u00ae CT 19 je brzovezuju\u0107i temeljni premaz za sigurno spajanje kerami\u010dkih obloga, prirodnog kamena, podova i zidnih cementnih podloga i kriti\u010dnih povr\u0161ina. Za unutra\u0161nju i vanjsku primjenu. CT 19 se koristi za pripremu podloge prije nano\u0161enja ljepila za polaganje kerami\u010dkih plo\u010dica, zidnih i podnih obloga i prije nano\u0161enja \u017ebuke. CT 19 je savr\u0161eno rje\u0161enje za [&hellip;]<\/p>","protected":false},"featured_media":12042,"template":"","meta":{"_acf_changed":false},"product_brand":[],"product_cat":[343,214],"product_tag":[],"class_list":{"0":"post-12041","1":"product","2":"type-product","3":"status-publish","4":"has-post-thumbnail","6":"product_cat-impregnacija","7":"product_cat-polaganje-keramike","9":"first","10":"instock","11":"shipping-taxable","12":"purchasable","13":"product-type-variable","14":"wvs-archive-product-wrapper"},"acf":[],"yoast_head":"<!-- This site is optimized with the Yoast SEO plugin v26.1.1 - https:\/\/yoast.com\/wordpress\/plugins\/seo\/ -->\n<title>Ceresit CT 19 SuperContact Primer - Pretpremaz za kriti\u010dne podloge - Consortium<\/title>\n<meta name=\"robots\" content=\"index, follow, max-snippet:-1, max-image-preview:large, max-video-preview:-1\" \/>\n<link rel=\"canonical\" href=\"https:\/\/consortium.hr\/sl\/product\/ceresit-ct-19-pretpremaz-za-kriticne-podloge\/\" \/>\n<meta property=\"og:locale\" content=\"sl_SI\" \/>\n<meta property=\"og:type\" content=\"article\" \/>\n<meta property=\"og:title\" content=\"Ceresit CT 19 SuperContact Primer - Pretpremaz za kriti\u010dne podloge - Consortium\" \/>\n<meta property=\"og:description\" content=\"CERESIT\u00ae CT 19 je brzovezuju\u0107i temeljni premaz za sigurno spajanje kerami\u010dkih obloga, prirodnog kamena, podova i zidnih cementnih podloga i kriti\u010dnih povr\u0161ina. Za unutra\u0161nju i vanjsku primjenu. CT 19 se koristi za pripremu podloge prije nano\u0161enja ljepila za polaganje kerami\u010dkih plo\u010dica, zidnih i podnih obloga i prije nano\u0161enja \u017ebuke. CT 19 je savr\u0161eno rje\u0161enje za [&hellip;]\" \/>\n<meta property=\"og:url\" content=\"https:\/\/consortium.hr\/sl\/product\/ceresit-ct-19-pretpremaz-za-kriticne-podloge\/\" \/>\n<meta property=\"og:site_name\" content=\"Consortium\" \/>\n<meta property=\"article:modified_time\" content=\"2026-04-29T15:08:21+00:00\" \/>\n<meta property=\"og:image\" content=\"https:\/\/consortium.hr\/wp-content\/uploads\/2025\/03\/ceresit-ct19.jpg\" \/>\n\t<meta property=\"og:image:width\" content=\"800\" \/>\n\t<meta property=\"og:image:height\" content=\"800\" \/>\n\t<meta property=\"og:image:type\" content=\"image\/jpeg\" \/>\n<meta name=\"twitter:card\" content=\"summary_large_image\" \/>\n<meta name=\"twitter:label1\" content=\"Est. reading time\" \/>\n\t<meta name=\"twitter:data1\" content=\"1 minuta\" \/>\n<script type=\"application\/ld+json\" class=\"yoast-schema-graph\">{\"@context\":\"https:\/\/schema.org\",\"@graph\":[{\"@type\":\"WebPage\",\"@id\":\"https:\/\/consortium.hr\/product\/ceresit-ct-19-pretpremaz-za-kriticne-podloge\/\",\"url\":\"https:\/\/consortium.hr\/product\/ceresit-ct-19-pretpremaz-za-kriticne-podloge\/\",\"name\":\"Ceresit CT 19 SuperContact Primer - Pretpremaz za kriti\u010dne podloge - Consortium\",\"isPartOf\":{\"@id\":\"https:\/\/consortium.hr\/#website\"},\"primaryImageOfPage\":{\"@id\":\"https:\/\/consortium.hr\/product\/ceresit-ct-19-pretpremaz-za-kriticne-podloge\/#primaryimage\"},\"image\":{\"@id\":\"https:\/\/consortium.hr\/product\/ceresit-ct-19-pretpremaz-za-kriticne-podloge\/#primaryimage\"},\"thumbnailUrl\":\"https:\/\/consortium.hr\/wp-content\/uploads\/2025\/03\/ceresit-ct19.jpg\",\"datePublished\":\"2025-03-28T08:19:38+00:00\",\"dateModified\":\"2026-04-29T15:08:21+00:00\",\"breadcrumb\":{\"@id\":\"https:\/\/consortium.hr\/product\/ceresit-ct-19-pretpremaz-za-kriticne-podloge\/#breadcrumb\"},\"inLanguage\":\"sl-SI\",\"potentialAction\":[{\"@type\":\"ReadAction\",\"target\":[\"https:\/\/consortium.hr\/product\/ceresit-ct-19-pretpremaz-za-kriticne-podloge\/\"]}]},{\"@type\":\"ImageObject\",\"inLanguage\":\"sl-SI\",\"@id\":\"https:\/\/consortium.hr\/product\/ceresit-ct-19-pretpremaz-za-kriticne-podloge\/#primaryimage\",\"url\":\"https:\/\/consortium.hr\/wp-content\/uploads\/2025\/03\/ceresit-ct19.jpg\",\"contentUrl\":\"https:\/\/consortium.hr\/wp-content\/uploads\/2025\/03\/ceresit-ct19.jpg\",\"width\":800,\"height\":800},{\"@type\":\"BreadcrumbList\",\"@id\":\"https:\/\/consortium.hr\/product\/ceresit-ct-19-pretpremaz-za-kriticne-podloge\/#breadcrumb\",\"itemListElement\":[{\"@type\":\"ListItem\",\"position\":1,\"name\":\"Po\u010detna stranica\",\"item\":\"https:\/\/consortium.hr\/sl\/\"},{\"@type\":\"ListItem\",\"position\":2,\"name\":\"Shop\",\"item\":\"https:\/\/consortium.hr\/sl\/shop\/\"},{\"@type\":\"ListItem\",\"position\":3,\"name\":\"Ceresit CT 19 SuperContact Primer - Pretpremaz za kriti\u010dne podloge\"}]},{\"@type\":\"WebSite\",\"@id\":\"https:\/\/consortium.hr\/#website\",\"url\":\"https:\/\/consortium.hr\/\",\"name\":\"Consortium\",\"description\":\"Gra\u0111evinski Materijal - Odli\u010dna Ponuda i Cijena\",\"alternateName\":\"Gra\u0111evinski Materijal - Odli\u010dna Ponuda i Cijena\",\"potentialAction\":[{\"@type\":\"SearchAction\",\"target\":{\"@type\":\"EntryPoint\",\"urlTemplate\":\"https:\/\/consortium.hr\/?s={search_term_string}\"},\"query-input\":{\"@type\":\"PropertyValueSpecification\",\"valueRequired\":true,\"valueName\":\"search_term_string\"}}],\"inLanguage\":\"sl-SI\"}]}<\/script>\n<!-- \/ Yoast SEO plugin. -->","yoast_head_json":{"title":"Ceresit CT 19 SuperContact Primer - Pretpremaz za kriti\u010dne podloge - Consortium","robots":{"index":"index","follow":"follow","max-snippet":"max-snippet:-1","max-image-preview":"max-image-preview:large","max-video-preview":"max-video-preview:-1"},"canonical":"https:\/\/consortium.hr\/sl\/product\/ceresit-ct-19-pretpremaz-za-kriticne-podloge\/","og_locale":"sl_SI","og_type":"article","og_title":"Ceresit CT 19 SuperContact Primer - Pretpremaz za kriti\u010dne podloge - Consortium","og_description":"CERESIT\u00ae CT 19 je brzovezuju\u0107i temeljni premaz za sigurno spajanje kerami\u010dkih obloga, prirodnog kamena, podova i zidnih cementnih podloga i kriti\u010dnih povr\u0161ina. Za unutra\u0161nju i vanjsku primjenu. CT 19 se koristi za pripremu podloge prije nano\u0161enja ljepila za polaganje kerami\u010dkih plo\u010dica, zidnih i podnih obloga i prije nano\u0161enja \u017ebuke. CT 19 je savr\u0161eno rje\u0161enje za [&hellip;]","og_url":"https:\/\/consortium.hr\/sl\/product\/ceresit-ct-19-pretpremaz-za-kriticne-podloge\/","og_site_name":"Consortium","article_modified_time":"2026-04-29T15:08:21+00:00","og_image":[{"width":800,"height":800,"url":"https:\/\/consortium.hr\/wp-content\/uploads\/2025\/03\/ceresit-ct19.jpg","type":"image\/jpeg"}],"twitter_card":"summary_large_image","twitter_misc":{"Est. reading time":"1 minuta"},"schema":{"@context":"https:\/\/schema.org","@graph":[{"@type":"WebPage","@id":"https:\/\/consortium.hr\/product\/ceresit-ct-19-pretpremaz-za-kriticne-podloge\/","url":"https:\/\/consortium.hr\/product\/ceresit-ct-19-pretpremaz-za-kriticne-podloge\/","name":"Ceresit CT 19 SuperContact Primer - Pretpremaz za kriti\u010dne podloge - Consortium","isPartOf":{"@id":"https:\/\/consortium.hr\/#website"},"primaryImageOfPage":{"@id":"https:\/\/consortium.hr\/product\/ceresit-ct-19-pretpremaz-za-kriticne-podloge\/#primaryimage"},"image":{"@id":"https:\/\/consortium.hr\/product\/ceresit-ct-19-pretpremaz-za-kriticne-podloge\/#primaryimage"},"thumbnailUrl":"https:\/\/consortium.hr\/wp-content\/uploads\/2025\/03\/ceresit-ct19.jpg","datePublished":"2025-03-28T08:19:38+00:00","dateModified":"2026-04-29T15:08:21+00:00","breadcrumb":{"@id":"https:\/\/consortium.hr\/product\/ceresit-ct-19-pretpremaz-za-kriticne-podloge\/#breadcrumb"},"inLanguage":"sl-SI","potentialAction":[{"@type":"ReadAction","target":["https:\/\/consortium.hr\/product\/ceresit-ct-19-pretpremaz-za-kriticne-podloge\/"]}]},{"@type":"ImageObject","inLanguage":"sl-SI","@id":"https:\/\/consortium.hr\/product\/ceresit-ct-19-pretpremaz-za-kriticne-podloge\/#primaryimage","url":"https:\/\/consortium.hr\/wp-content\/uploads\/2025\/03\/ceresit-ct19.jpg","contentUrl":"https:\/\/consortium.hr\/wp-content\/uploads\/2025\/03\/ceresit-ct19.jpg","width":800,"height":800},{"@type":"BreadcrumbList","@id":"https:\/\/consortium.hr\/product\/ceresit-ct-19-pretpremaz-za-kriticne-podloge\/#breadcrumb","itemListElement":[{"@type":"ListItem","position":1,"name":"Po\u010detna stranica","item":"https:\/\/consortium.hr\/sl\/"},{"@type":"ListItem","position":2,"name":"Shop","item":"https:\/\/consortium.hr\/sl\/shop\/"},{"@type":"ListItem","position":3,"name":"Ceresit CT 19 SuperContact Primer - Pretpremaz za kriti\u010dne podloge"}]},{"@type":"WebSite","@id":"https:\/\/consortium.hr\/#website","url":"https:\/\/consortium.hr\/","name":"Consortium","description":"Gra\u0111evinski Materijal - Odli\u010dna Ponuda i Cijena","alternateName":"Gra\u0111evinski Materijal - Odli\u010dna Ponuda i Cijena","potentialAction":[{"@type":"SearchAction","target":{"@type":"EntryPoint","urlTemplate":"https:\/\/consortium.hr\/?s={search_term_string}"},"query-input":{"@type":"PropertyValueSpecification","valueRequired":true,"valueName":"search_term_string"}}],"inLanguage":"sl-SI"}]}},"_links":{"self":[{"href":"https:\/\/consortium.hr\/sl\/wp-json\/wp\/v2\/product\/12041","targetHints":{"allow":["GET"]}}],"collection":[{"href":"https:\/\/consortium.hr\/sl\/wp-json\/wp\/v2\/product"}],"about":[{"href":"https:\/\/consortium.hr\/sl\/wp-json\/wp\/v2\/types\/product"}],"wp:featuredmedia":[{"embeddable":true,"href":"https:\/\/consortium.hr\/sl\/wp-json\/wp\/v2\/media\/12042"}],"wp:attachment":[{"href":"https:\/\/consortium.hr\/sl\/wp-json\/wp\/v2\/media?parent=12041"}],"wp:term":[{"taxonomy":"product_brand","embeddable":true,"href":"https:\/\/consortium.hr\/sl\/wp-json\/wp\/v2\/product_brand?post=12041"},{"taxonomy":"product_cat","embeddable":true,"href":"https:\/\/consortium.hr\/sl\/wp-json\/wp\/v2\/product_cat?post=12041"},{"taxonomy":"product_tag","embeddable":true,"href":"https:\/\/consortium.hr\/sl\/wp-json\/wp\/v2\/product_tag?post=12041"}],"curies":[{"name":"wp","href":"https:\/\/api.w.org\/{rel}","templated":true}]}}