{"id":12105,"date":"2025-03-28T11:00:00","date_gmt":"2025-03-28T11:00:00","guid":{"rendered":"https:\/\/consortium.hr\/?post_type=product&#038;p=12105"},"modified":"2026-03-06T10:55:17","modified_gmt":"2026-03-06T10:55:17","slug":"akril-latex-precision-kist-m","status":"publish","type":"product","link":"https:\/\/consortium.hr\/sl\/product\/akril-latex-precision-kist-m\/","title":{"rendered":"Akril Latex Precision \u010dopi\u010d M"},"content":{"rendered":"<ul>\n<li>Izdelan pod specifi\u010dnim kotom, kar omogo\u010da zelo natan\u010dno delo<\/li>\n<li>Izjemno zbiranje barve, odli\u010dna kontrola, vrhunski premaz na dol\u017einah in preko 100 cm<\/li>\n<li>Ergonomsko oblikovana ro\u010dica iz evropskega bukovega lesa<\/li>\n<li>Dimenzija: 2\u201d x 18mm<\/li>\n<li>Dol\u017eina dla\u010dic: 70 mm<\/li>\n<\/ul>","protected":false},"excerpt":{"rendered":"<p>Izra\u0111ena pod specifi\u010dnim kutom i omogu\u0107ava veoma precizan rad Vrhunsko prikupljanje boje, odli\u010dna\u00a0kontrola, superioran premaz na du\u017einama i preko 100cm Ergonomski izra\u0111ena dr\u0161ka od europskog bukovog drveta Dimenzija: 2\u201d x 18mm Du\u017eina dlake: 70mm<\/p>","protected":false},"featured_media":12106,"template":"","meta":{"_acf_changed":false},"product_brand":[],"product_cat":[205,203],"product_tag":[],"class_list":{"0":"post-12105","1":"product","2":"type-product","3":"status-publish","4":"has-post-thumbnail","6":"product_cat-kistovi-i-cetke-za-bojanje","7":"product_cat-licilacki-pribor","9":"first","10":"instock","11":"shipping-taxable","12":"purchasable","13":"product-type-simple"},"acf":[],"yoast_head":"<!-- This site is optimized with the Yoast SEO plugin v26.1.1 - https:\/\/yoast.com\/wordpress\/plugins\/seo\/ -->\n<title>Akril Latex Precision kist M - Consortium<\/title>\n<meta name=\"robots\" content=\"index, follow, max-snippet:-1, max-image-preview:large, max-video-preview:-1\" \/>\n<link rel=\"canonical\" href=\"https:\/\/consortium.hr\/sl\/product\/akril-latex-precision-kist-m\/\" \/>\n<meta property=\"og:locale\" content=\"sl_SI\" \/>\n<meta property=\"og:type\" content=\"article\" \/>\n<meta property=\"og:title\" content=\"Akril Latex Precision kist M - Consortium\" \/>\n<meta property=\"og:description\" content=\"Izra\u0111ena pod specifi\u010dnim kutom i omogu\u0107ava veoma precizan rad Vrhunsko prikupljanje boje, odli\u010dna\u00a0kontrola, superioran premaz na du\u017einama i preko 100cm Ergonomski izra\u0111ena dr\u0161ka od europskog bukovog drveta Dimenzija: 2\u201d x 18mm Du\u017eina dlake: 70mm\" \/>\n<meta property=\"og:url\" content=\"https:\/\/consortium.hr\/sl\/product\/akril-latex-precision-kist-m\/\" \/>\n<meta property=\"og:site_name\" content=\"Consortium\" \/>\n<meta property=\"article:modified_time\" content=\"2026-03-06T10:55:17+00:00\" \/>\n<meta property=\"og:image\" content=\"https:\/\/consortium.hr\/wp-content\/uploads\/2025\/03\/akril-latex-precision-kist-m.jpg\" \/>\n\t<meta property=\"og:image:width\" content=\"800\" \/>\n\t<meta property=\"og:image:height\" content=\"800\" \/>\n\t<meta property=\"og:image:type\" content=\"image\/jpeg\" \/>\n<meta name=\"twitter:card\" content=\"summary_large_image\" \/>\n<script type=\"application\/ld+json\" class=\"yoast-schema-graph\">{\"@context\":\"https:\/\/schema.org\",\"@graph\":[{\"@type\":\"WebPage\",\"@id\":\"https:\/\/consortium.hr\/product\/akril-latex-precision-kist-m\/\",\"url\":\"https:\/\/consortium.hr\/product\/akril-latex-precision-kist-m\/\",\"name\":\"Akril Latex Precision kist M - Consortium\",\"isPartOf\":{\"@id\":\"https:\/\/consortium.hr\/#website\"},\"primaryImageOfPage\":{\"@id\":\"https:\/\/consortium.hr\/product\/akril-latex-precision-kist-m\/#primaryimage\"},\"image\":{\"@id\":\"https:\/\/consortium.hr\/product\/akril-latex-precision-kist-m\/#primaryimage\"},\"thumbnailUrl\":\"https:\/\/consortium.hr\/wp-content\/uploads\/2025\/03\/akril-latex-precision-kist-m.jpg\",\"datePublished\":\"2025-03-28T11:00:00+00:00\",\"dateModified\":\"2026-03-06T10:55:17+00:00\",\"breadcrumb\":{\"@id\":\"https:\/\/consortium.hr\/product\/akril-latex-precision-kist-m\/#breadcrumb\"},\"inLanguage\":\"sl-SI\",\"potentialAction\":[{\"@type\":\"ReadAction\",\"target\":[\"https:\/\/consortium.hr\/product\/akril-latex-precision-kist-m\/\"]}]},{\"@type\":\"ImageObject\",\"inLanguage\":\"sl-SI\",\"@id\":\"https:\/\/consortium.hr\/product\/akril-latex-precision-kist-m\/#primaryimage\",\"url\":\"https:\/\/consortium.hr\/wp-content\/uploads\/2025\/03\/akril-latex-precision-kist-m.jpg\",\"contentUrl\":\"https:\/\/consortium.hr\/wp-content\/uploads\/2025\/03\/akril-latex-precision-kist-m.jpg\",\"width\":800,\"height\":800},{\"@type\":\"BreadcrumbList\",\"@id\":\"https:\/\/consortium.hr\/product\/akril-latex-precision-kist-m\/#breadcrumb\",\"itemListElement\":[{\"@type\":\"ListItem\",\"position\":1,\"name\":\"Po\u010detna stranica\",\"item\":\"https:\/\/consortium.hr\/sl\/\"},{\"@type\":\"ListItem\",\"position\":2,\"name\":\"Shop\",\"item\":\"https:\/\/consortium.hr\/sl\/shop\/\"},{\"@type\":\"ListItem\",\"position\":3,\"name\":\"Akril Latex Precision kist M\"}]},{\"@type\":\"WebSite\",\"@id\":\"https:\/\/consortium.hr\/#website\",\"url\":\"https:\/\/consortium.hr\/\",\"name\":\"Consortium\",\"description\":\"Gra\u0111evinski Materijal - Odli\u010dna Ponuda i Cijena\",\"alternateName\":\"Gra\u0111evinski Materijal - Odli\u010dna Ponuda i Cijena\",\"potentialAction\":[{\"@type\":\"SearchAction\",\"target\":{\"@type\":\"EntryPoint\",\"urlTemplate\":\"https:\/\/consortium.hr\/?s={search_term_string}\"},\"query-input\":{\"@type\":\"PropertyValueSpecification\",\"valueRequired\":true,\"valueName\":\"search_term_string\"}}],\"inLanguage\":\"sl-SI\"}]}<\/script>\n<!-- \/ Yoast SEO plugin. -->","yoast_head_json":{"title":"Akril Latex Precision kist M - Consortium","robots":{"index":"index","follow":"follow","max-snippet":"max-snippet:-1","max-image-preview":"max-image-preview:large","max-video-preview":"max-video-preview:-1"},"canonical":"https:\/\/consortium.hr\/sl\/product\/akril-latex-precision-kist-m\/","og_locale":"sl_SI","og_type":"article","og_title":"Akril Latex Precision kist M - Consortium","og_description":"Izra\u0111ena pod specifi\u010dnim kutom i omogu\u0107ava veoma precizan rad Vrhunsko prikupljanje boje, odli\u010dna\u00a0kontrola, superioran premaz na du\u017einama i preko 100cm Ergonomski izra\u0111ena dr\u0161ka od europskog bukovog drveta Dimenzija: 2\u201d x 18mm Du\u017eina dlake: 70mm","og_url":"https:\/\/consortium.hr\/sl\/product\/akril-latex-precision-kist-m\/","og_site_name":"Consortium","article_modified_time":"2026-03-06T10:55:17+00:00","og_image":[{"width":800,"height":800,"url":"https:\/\/consortium.hr\/wp-content\/uploads\/2025\/03\/akril-latex-precision-kist-m.jpg","type":"image\/jpeg"}],"twitter_card":"summary_large_image","schema":{"@context":"https:\/\/schema.org","@graph":[{"@type":"WebPage","@id":"https:\/\/consortium.hr\/product\/akril-latex-precision-kist-m\/","url":"https:\/\/consortium.hr\/product\/akril-latex-precision-kist-m\/","name":"Akril Latex Precision kist M - Consortium","isPartOf":{"@id":"https:\/\/consortium.hr\/#website"},"primaryImageOfPage":{"@id":"https:\/\/consortium.hr\/product\/akril-latex-precision-kist-m\/#primaryimage"},"image":{"@id":"https:\/\/consortium.hr\/product\/akril-latex-precision-kist-m\/#primaryimage"},"thumbnailUrl":"https:\/\/consortium.hr\/wp-content\/uploads\/2025\/03\/akril-latex-precision-kist-m.jpg","datePublished":"2025-03-28T11:00:00+00:00","dateModified":"2026-03-06T10:55:17+00:00","breadcrumb":{"@id":"https:\/\/consortium.hr\/product\/akril-latex-precision-kist-m\/#breadcrumb"},"inLanguage":"sl-SI","potentialAction":[{"@type":"ReadAction","target":["https:\/\/consortium.hr\/product\/akril-latex-precision-kist-m\/"]}]},{"@type":"ImageObject","inLanguage":"sl-SI","@id":"https:\/\/consortium.hr\/product\/akril-latex-precision-kist-m\/#primaryimage","url":"https:\/\/consortium.hr\/wp-content\/uploads\/2025\/03\/akril-latex-precision-kist-m.jpg","contentUrl":"https:\/\/consortium.hr\/wp-content\/uploads\/2025\/03\/akril-latex-precision-kist-m.jpg","width":800,"height":800},{"@type":"BreadcrumbList","@id":"https:\/\/consortium.hr\/product\/akril-latex-precision-kist-m\/#breadcrumb","itemListElement":[{"@type":"ListItem","position":1,"name":"Po\u010detna stranica","item":"https:\/\/consortium.hr\/sl\/"},{"@type":"ListItem","position":2,"name":"Shop","item":"https:\/\/consortium.hr\/sl\/shop\/"},{"@type":"ListItem","position":3,"name":"Akril Latex Precision kist M"}]},{"@type":"WebSite","@id":"https:\/\/consortium.hr\/#website","url":"https:\/\/consortium.hr\/","name":"Consortium","description":"Gra\u0111evinski Materijal - Odli\u010dna Ponuda i Cijena","alternateName":"Gra\u0111evinski Materijal - Odli\u010dna Ponuda i Cijena","potentialAction":[{"@type":"SearchAction","target":{"@type":"EntryPoint","urlTemplate":"https:\/\/consortium.hr\/?s={search_term_string}"},"query-input":{"@type":"PropertyValueSpecification","valueRequired":true,"valueName":"search_term_string"}}],"inLanguage":"sl-SI"}]}},"_links":{"self":[{"href":"https:\/\/consortium.hr\/sl\/wp-json\/wp\/v2\/product\/12105","targetHints":{"allow":["GET"]}}],"collection":[{"href":"https:\/\/consortium.hr\/sl\/wp-json\/wp\/v2\/product"}],"about":[{"href":"https:\/\/consortium.hr\/sl\/wp-json\/wp\/v2\/types\/product"}],"wp:featuredmedia":[{"embeddable":true,"href":"https:\/\/consortium.hr\/sl\/wp-json\/wp\/v2\/media\/12106"}],"wp:attachment":[{"href":"https:\/\/consortium.hr\/sl\/wp-json\/wp\/v2\/media?parent=12105"}],"wp:term":[{"taxonomy":"product_brand","embeddable":true,"href":"https:\/\/consortium.hr\/sl\/wp-json\/wp\/v2\/product_brand?post=12105"},{"taxonomy":"product_cat","embeddable":true,"href":"https:\/\/consortium.hr\/sl\/wp-json\/wp\/v2\/product_cat?post=12105"},{"taxonomy":"product_tag","embeddable":true,"href":"https:\/\/consortium.hr\/sl\/wp-json\/wp\/v2\/product_tag?post=12105"}],"curies":[{"name":"wp","href":"https:\/\/api.w.org\/{rel}","templated":true}]}}