{"id":1212,"date":"2021-03-02T12:59:30","date_gmt":"2021-03-02T12:59:30","guid":{"rendered":"https:\/\/consortium.hr\/product\/import-placeholder-for-698\/"},"modified":"2026-04-13T14:34:00","modified_gmt":"2026-04-13T14:34:00","slug":"id-charme","status":"publish","type":"product","link":"https:\/\/consortium.hr\/sl\/product\/id-charme\/","title":{"rendered":"id Charme"},"content":{"rendered":"<p><strong>id CHARME 500 ml <\/strong><\/p>\n<p>Originalna francoska SHABBY CHIC kredna barva!<\/p>\n<p><strong>OPIS:<\/strong> Uradi-sam dizajnerska akrilna ultra-mat puderasta brzosu\u0161iva teku\u0107a visokoprekrivna chalky boja na bazi vode. Bez \u0161tetnih isparavanja i neugodnih mirisa, sigurna za upotrebu u interijerima. Za najbr\u017ee i najjednostavnije postizanje originalnog francuskog 'SHABBY-CHIC' istro\u0161enog tj. sporadi\u010dno izlizanog efekta. Spremna za uporabu direktno iz kantice, tvorni\u010dki nijansirana boja u toplim puderasto-pastelnim ultra-mat nijansama. Jednostavna uradi-sam primjena.<\/p>\n<p><strong>NAMEN:<\/strong>\u00a0 Za dekoriranje ili renoviranje starog ili novog namje\u0161taja, stolarije, dekorativnih predmeta i svih drugih povr\u0161ina u interijerima.<\/p>\n<p>Mo\u017eni so trije razli\u010dni kon\u010dni videzi:<\/p>\n<ol>\n<li>Enobarvni (monocolor) shabby chic u\u010dinek,<\/li>\n<li>Dvobarvni (bicolor) shabby chic u\u010dinek,<\/li>\n<li>Enobarvni gladek ultra-mat kredasti videz povr\u0161ine.<\/li>\n<\/ol>\n<p><strong>POTRO\u0160NJA:<\/strong> do 5 m\u00b2 \/ 500 ml za 1 sloj, ovisi o alatu, nano\u0161enju i podlozi. To\u010dnu potro\u0161nju utvrditi test probom.<\/p>\n<p>Pred uporabo si oglejte video z navodili in preberite vse navedene informacije o izdelku na teh straneh. \u010ce so po tem \u0161e vedno nejasnosti glede uporabe, vpra\u0161ajte za pojasnila in nasvet prek kontaktov na teh straneh pred nakupom in uporabo izdelka. Vedno najprej opravite testni nanos na manj\u0161i povr\u0161ini, in \u010de je rezultat zadovoljiv, nadaljujte z nanosom na celotno povr\u0161ino. Ker je ta izdelek zasnovan za samostojno uporabo in monta\u017ea ni pod nadzorom proizvajalca (ni licenciranih izvajalcev ali nadzora monta\u017ee), ni jamstva za kon\u010dni videz, porabo ali funkcionalnost po monta\u017ei.<\/p>\n<p>&nbsp;<\/p>\n<p>Povezava na video uporabe:<\/p>\n<p><a href=\"https:\/\/youtu.be\/GukEoriTRHY\" target=\"_blank\" rel=\"noopener\">https:\/\/youtu.be\/GukEoriTRHY<\/a><\/p>","protected":false},"excerpt":{"rendered":"<p>Originalna francoska SHABBY CHIC kredna barva!<\/p>","protected":false},"featured_media":771,"template":"","meta":{"_acf_changed":false},"product_brand":[],"product_cat":[291,186],"product_tag":[],"class_list":{"0":"post-1212","1":"product","2":"type-product","3":"status-publish","4":"has-post-thumbnail","6":"product_cat-dekorativne-boje-za-namjestaj","7":"product_cat-dekorativni-program","9":"first","10":"instock","11":"featured","12":"shipping-taxable","13":"purchasable","14":"product-type-variable","15":"wvs-archive-product-wrapper"},"acf":[],"yoast_head":"<!-- This site is optimized with the Yoast SEO plugin v26.1.1 - https:\/\/yoast.com\/wordpress\/plugins\/seo\/ -->\n<title>id Charme - Consortium<\/title>\n<meta name=\"robots\" content=\"index, follow, max-snippet:-1, max-image-preview:large, max-video-preview:-1\" \/>\n<link rel=\"canonical\" href=\"https:\/\/consortium.hr\/sl\/product\/id-charme\/\" \/>\n<meta property=\"og:locale\" content=\"sl_SI\" \/>\n<meta property=\"og:type\" content=\"article\" \/>\n<meta property=\"og:title\" content=\"id Charme - Consortium\" \/>\n<meta property=\"og:description\" content=\"Originalna francuska SHABBY CHIC chalky boja!\" \/>\n<meta property=\"og:url\" content=\"https:\/\/consortium.hr\/sl\/product\/id-charme\/\" \/>\n<meta property=\"og:site_name\" content=\"Consortium\" \/>\n<meta property=\"article:modified_time\" content=\"2026-04-13T14:34:00+00:00\" \/>\n<meta property=\"og:image\" content=\"https:\/\/consortium.hr\/wp-content\/uploads\/2021\/02\/Id-Charme-1.jpg\" \/>\n\t<meta property=\"og:image:width\" content=\"700\" \/>\n\t<meta property=\"og:image:height\" content=\"700\" \/>\n\t<meta property=\"og:image:type\" content=\"image\/jpeg\" \/>\n<meta name=\"twitter:card\" content=\"summary_large_image\" \/>\n<meta name=\"twitter:label1\" content=\"Est. reading time\" \/>\n\t<meta name=\"twitter:data1\" content=\"2 minuti\" \/>\n<script type=\"application\/ld+json\" class=\"yoast-schema-graph\">{\"@context\":\"https:\/\/schema.org\",\"@graph\":[{\"@type\":\"WebPage\",\"@id\":\"https:\/\/consortium.hr\/product\/id-charme\/\",\"url\":\"https:\/\/consortium.hr\/product\/id-charme\/\",\"name\":\"id Charme - Consortium\",\"isPartOf\":{\"@id\":\"https:\/\/consortium.hr\/#website\"},\"primaryImageOfPage\":{\"@id\":\"https:\/\/consortium.hr\/product\/id-charme\/#primaryimage\"},\"image\":{\"@id\":\"https:\/\/consortium.hr\/product\/id-charme\/#primaryimage\"},\"thumbnailUrl\":\"https:\/\/consortium.hr\/wp-content\/uploads\/2021\/02\/Id-Charme-1.jpg\",\"datePublished\":\"2021-03-02T12:59:30+00:00\",\"dateModified\":\"2026-04-13T14:34:00+00:00\",\"breadcrumb\":{\"@id\":\"https:\/\/consortium.hr\/product\/id-charme\/#breadcrumb\"},\"inLanguage\":\"sl-SI\",\"potentialAction\":[{\"@type\":\"ReadAction\",\"target\":[\"https:\/\/consortium.hr\/product\/id-charme\/\"]}]},{\"@type\":\"ImageObject\",\"inLanguage\":\"sl-SI\",\"@id\":\"https:\/\/consortium.hr\/product\/id-charme\/#primaryimage\",\"url\":\"https:\/\/consortium.hr\/wp-content\/uploads\/2021\/02\/Id-Charme-1.jpg\",\"contentUrl\":\"https:\/\/consortium.hr\/wp-content\/uploads\/2021\/02\/Id-Charme-1.jpg\",\"width\":700,\"height\":700},{\"@type\":\"BreadcrumbList\",\"@id\":\"https:\/\/consortium.hr\/product\/id-charme\/#breadcrumb\",\"itemListElement\":[{\"@type\":\"ListItem\",\"position\":1,\"name\":\"Po\u010detna stranica\",\"item\":\"https:\/\/consortium.hr\/sl\/\"},{\"@type\":\"ListItem\",\"position\":2,\"name\":\"Shop\",\"item\":\"https:\/\/consortium.hr\/sl\/shop\/\"},{\"@type\":\"ListItem\",\"position\":3,\"name\":\"id Charme\"}]},{\"@type\":\"WebSite\",\"@id\":\"https:\/\/consortium.hr\/#website\",\"url\":\"https:\/\/consortium.hr\/\",\"name\":\"Consortium\",\"description\":\"Gra\u0111evinski Materijal - Odli\u010dna Ponuda i Cijena\",\"alternateName\":\"Gra\u0111evinski Materijal - Odli\u010dna Ponuda i Cijena\",\"potentialAction\":[{\"@type\":\"SearchAction\",\"target\":{\"@type\":\"EntryPoint\",\"urlTemplate\":\"https:\/\/consortium.hr\/?s={search_term_string}\"},\"query-input\":{\"@type\":\"PropertyValueSpecification\",\"valueRequired\":true,\"valueName\":\"search_term_string\"}}],\"inLanguage\":\"sl-SI\"}]}<\/script>\n<!-- \/ Yoast SEO plugin. -->","yoast_head_json":{"title":"id Charme - Consortium","robots":{"index":"index","follow":"follow","max-snippet":"max-snippet:-1","max-image-preview":"max-image-preview:large","max-video-preview":"max-video-preview:-1"},"canonical":"https:\/\/consortium.hr\/sl\/product\/id-charme\/","og_locale":"sl_SI","og_type":"article","og_title":"id Charme - Consortium","og_description":"Originalna francuska SHABBY CHIC chalky boja!","og_url":"https:\/\/consortium.hr\/sl\/product\/id-charme\/","og_site_name":"Consortium","article_modified_time":"2026-04-13T14:34:00+00:00","og_image":[{"width":700,"height":700,"url":"https:\/\/consortium.hr\/wp-content\/uploads\/2021\/02\/Id-Charme-1.jpg","type":"image\/jpeg"}],"twitter_card":"summary_large_image","twitter_misc":{"Est. reading time":"2 minuti"},"schema":{"@context":"https:\/\/schema.org","@graph":[{"@type":"WebPage","@id":"https:\/\/consortium.hr\/product\/id-charme\/","url":"https:\/\/consortium.hr\/product\/id-charme\/","name":"id Charme - Consortium","isPartOf":{"@id":"https:\/\/consortium.hr\/#website"},"primaryImageOfPage":{"@id":"https:\/\/consortium.hr\/product\/id-charme\/#primaryimage"},"image":{"@id":"https:\/\/consortium.hr\/product\/id-charme\/#primaryimage"},"thumbnailUrl":"https:\/\/consortium.hr\/wp-content\/uploads\/2021\/02\/Id-Charme-1.jpg","datePublished":"2021-03-02T12:59:30+00:00","dateModified":"2026-04-13T14:34:00+00:00","breadcrumb":{"@id":"https:\/\/consortium.hr\/product\/id-charme\/#breadcrumb"},"inLanguage":"sl-SI","potentialAction":[{"@type":"ReadAction","target":["https:\/\/consortium.hr\/product\/id-charme\/"]}]},{"@type":"ImageObject","inLanguage":"sl-SI","@id":"https:\/\/consortium.hr\/product\/id-charme\/#primaryimage","url":"https:\/\/consortium.hr\/wp-content\/uploads\/2021\/02\/Id-Charme-1.jpg","contentUrl":"https:\/\/consortium.hr\/wp-content\/uploads\/2021\/02\/Id-Charme-1.jpg","width":700,"height":700},{"@type":"BreadcrumbList","@id":"https:\/\/consortium.hr\/product\/id-charme\/#breadcrumb","itemListElement":[{"@type":"ListItem","position":1,"name":"Po\u010detna stranica","item":"https:\/\/consortium.hr\/sl\/"},{"@type":"ListItem","position":2,"name":"Shop","item":"https:\/\/consortium.hr\/sl\/shop\/"},{"@type":"ListItem","position":3,"name":"id Charme"}]},{"@type":"WebSite","@id":"https:\/\/consortium.hr\/#website","url":"https:\/\/consortium.hr\/","name":"Consortium","description":"Gra\u0111evinski Materijal - Odli\u010dna Ponuda i Cijena","alternateName":"Gra\u0111evinski Materijal - Odli\u010dna Ponuda i Cijena","potentialAction":[{"@type":"SearchAction","target":{"@type":"EntryPoint","urlTemplate":"https:\/\/consortium.hr\/?s={search_term_string}"},"query-input":{"@type":"PropertyValueSpecification","valueRequired":true,"valueName":"search_term_string"}}],"inLanguage":"sl-SI"}]}},"_links":{"self":[{"href":"https:\/\/consortium.hr\/sl\/wp-json\/wp\/v2\/product\/1212","targetHints":{"allow":["GET"]}}],"collection":[{"href":"https:\/\/consortium.hr\/sl\/wp-json\/wp\/v2\/product"}],"about":[{"href":"https:\/\/consortium.hr\/sl\/wp-json\/wp\/v2\/types\/product"}],"wp:featuredmedia":[{"embeddable":true,"href":"https:\/\/consortium.hr\/sl\/wp-json\/wp\/v2\/media\/771"}],"wp:attachment":[{"href":"https:\/\/consortium.hr\/sl\/wp-json\/wp\/v2\/media?parent=1212"}],"wp:term":[{"taxonomy":"product_brand","embeddable":true,"href":"https:\/\/consortium.hr\/sl\/wp-json\/wp\/v2\/product_brand?post=1212"},{"taxonomy":"product_cat","embeddable":true,"href":"https:\/\/consortium.hr\/sl\/wp-json\/wp\/v2\/product_cat?post=1212"},{"taxonomy":"product_tag","embeddable":true,"href":"https:\/\/consortium.hr\/sl\/wp-json\/wp\/v2\/product_tag?post=1212"}],"curies":[{"name":"wp","href":"https:\/\/api.w.org\/{rel}","templated":true}]}}