{"id":1218,"date":"2021-03-02T12:59:32","date_gmt":"2021-03-02T12:59:32","guid":{"rendered":"https:\/\/consortium.hr\/product\/import-placeholder-for-704\/"},"modified":"2026-01-16T07:20:26","modified_gmt":"2026-01-16T07:20:26","slug":"id-delaquer-temelj-za-matiranje-0-5-l","status":"publish","type":"product","link":"https:\/\/consortium.hr\/sl\/product\/id-delaquer-temelj-za-matiranje-0-5-l\/","title":{"rendered":"id Delaquer temelj za matiranje 0.5 L"},"content":{"rendered":"<p><strong>'id DELAQUER TEMELJ ZA MATIRANJE' 0.5L <\/strong><\/p>\n<p>Primer, ki nadome\u0161\u010da bru\u0161enje starih lakiranih podlag! Idealen za naredi-sam renovacijo lakiranega pohi\u0161tva.<\/p>\n<p>Poseben hitro su\u0161e\u010d primer za podlage iz starih sijajnih lakov in barv, ki brez kakr\u0161nega koli predhodnega bru\u0161enja hitro in enostavno spremeni podlage v matirane povr\u0161ine, pripravljene za nanos zaklju\u010dnih premazov \u2013 in to \u017ee z enim slojem!<\/p>\n<p>Poraba: do 8 m\u00b2 \/ 500 ml za 1 sloj na nevpijajo\u010dih podlagah, odvisno od na\u010dina nanosa in podlage. Natan\u010dno porabo po m\u00b2 dolo\u010dite s testnim nanosom.<\/p>\n<p>Primer za podlage iz stare sijajne barve ali laka, ki jih \u017eelite prebarvati. Z enim nanosom razmasti in odstrani sijaj s podlage, da zagotovi oprijem nove barve ali laka brez bru\u0161enja in odstranjevanja prahu s povr\u0161ine. Kon\u010dni premaz se lahko izvede z vsemi barvami na vodni osnovi, vodnimi akrilnimi, vodnimi poliuretnimi, alkidnimi in oljnimi barvami.<\/p>\n<p>Pred nakupom in uporabo preberite vse navedene specifikacije in navodila na tej strani ali na uradni strani www.id-paris.com. \u010ce potrebujete dodatna pojasnila o uporabi tega izdelka, nas pred nakupom in uporabo kontaktirajte prek navedenih kontaktnih podatkov na tej strani. Vedno najprej opravite testni nanos na manj\u0161i povr\u0161ini, in \u010de je rezultat zadovoljiv, nadaljujte z nanosom na celotno povr\u0161ino. Uporaba tega naredi-sam izdelka je zunaj nadzora proizvajalca, saj ne obstajajo licencirani izvajalci in\/ali nadzor monta\u017ee, zato ni jamstva za videz, funkcijo in\/ali porabo po m\u00b2 po monta\u017ei.<\/p>\n<p>Proizvajalec: 'Initiatives Decoration', Francija.<\/p>\n<p>Dr\u017eava porekla: EU - Francija<\/p>","protected":false},"excerpt":{"rendered":"<p>Prajmer koji zamjenjuje bru\u0161enje starih lakiranih podloga!<\/p>","protected":false},"featured_media":864,"template":"","meta":{"_acf_changed":false},"product_brand":[],"product_cat":[291,186],"product_tag":[],"class_list":{"0":"post-1218","1":"product","2":"type-product","3":"status-publish","4":"has-post-thumbnail","6":"product_cat-dekorativne-boje-za-namjestaj","7":"product_cat-dekorativni-program","9":"first","10":"instock","11":"shipping-taxable","12":"purchasable","13":"product-type-simple"},"acf":[],"yoast_head":"<!-- This site is optimized with the Yoast SEO plugin v26.1.1 - https:\/\/yoast.com\/wordpress\/plugins\/seo\/ -->\n<title>id Delaquer temelj za matiranje 0.5 L - Consortium<\/title>\n<meta name=\"robots\" content=\"index, follow, max-snippet:-1, max-image-preview:large, max-video-preview:-1\" \/>\n<link rel=\"canonical\" href=\"https:\/\/consortium.hr\/sl\/product\/id-delaquer-temelj-za-matiranje-0-5-l\/\" \/>\n<meta property=\"og:locale\" content=\"sl_SI\" \/>\n<meta property=\"og:type\" content=\"article\" \/>\n<meta property=\"og:title\" content=\"id Delaquer temelj za matiranje 0.5 L - Consortium\" \/>\n<meta property=\"og:description\" content=\"Prajmer koji zamjenjuje bru\u0161enje starih lakiranih podloga!\" \/>\n<meta property=\"og:url\" content=\"https:\/\/consortium.hr\/sl\/product\/id-delaquer-temelj-za-matiranje-0-5-l\/\" \/>\n<meta property=\"og:site_name\" content=\"Consortium\" \/>\n<meta property=\"article:modified_time\" content=\"2026-01-16T07:20:26+00:00\" \/>\n<meta property=\"og:image\" content=\"https:\/\/consortium.hr\/wp-content\/uploads\/2021\/02\/Id-delaqueur-temelj.jpg\" \/>\n\t<meta property=\"og:image:width\" content=\"700\" \/>\n\t<meta property=\"og:image:height\" content=\"700\" \/>\n\t<meta property=\"og:image:type\" content=\"image\/jpeg\" \/>\n<meta name=\"twitter:card\" content=\"summary_large_image\" \/>\n<meta name=\"twitter:label1\" content=\"Est. reading time\" \/>\n\t<meta name=\"twitter:data1\" content=\"1 minuta\" \/>\n<script type=\"application\/ld+json\" class=\"yoast-schema-graph\">{\"@context\":\"https:\/\/schema.org\",\"@graph\":[{\"@type\":\"WebPage\",\"@id\":\"https:\/\/consortium.hr\/product\/id-delaquer-temelj-za-matiranje-0-5-l\/\",\"url\":\"https:\/\/consortium.hr\/product\/id-delaquer-temelj-za-matiranje-0-5-l\/\",\"name\":\"id Delaquer temelj za matiranje 0.5 L - Consortium\",\"isPartOf\":{\"@id\":\"https:\/\/consortium.hr\/#website\"},\"primaryImageOfPage\":{\"@id\":\"https:\/\/consortium.hr\/product\/id-delaquer-temelj-za-matiranje-0-5-l\/#primaryimage\"},\"image\":{\"@id\":\"https:\/\/consortium.hr\/product\/id-delaquer-temelj-za-matiranje-0-5-l\/#primaryimage\"},\"thumbnailUrl\":\"https:\/\/consortium.hr\/wp-content\/uploads\/2021\/02\/Id-delaqueur-temelj.jpg\",\"datePublished\":\"2021-03-02T12:59:32+00:00\",\"dateModified\":\"2026-01-16T07:20:26+00:00\",\"breadcrumb\":{\"@id\":\"https:\/\/consortium.hr\/product\/id-delaquer-temelj-za-matiranje-0-5-l\/#breadcrumb\"},\"inLanguage\":\"sl-SI\",\"potentialAction\":[{\"@type\":\"ReadAction\",\"target\":[\"https:\/\/consortium.hr\/product\/id-delaquer-temelj-za-matiranje-0-5-l\/\"]}]},{\"@type\":\"ImageObject\",\"inLanguage\":\"sl-SI\",\"@id\":\"https:\/\/consortium.hr\/product\/id-delaquer-temelj-za-matiranje-0-5-l\/#primaryimage\",\"url\":\"https:\/\/consortium.hr\/wp-content\/uploads\/2021\/02\/Id-delaqueur-temelj.jpg\",\"contentUrl\":\"https:\/\/consortium.hr\/wp-content\/uploads\/2021\/02\/Id-delaqueur-temelj.jpg\",\"width\":700,\"height\":700},{\"@type\":\"BreadcrumbList\",\"@id\":\"https:\/\/consortium.hr\/product\/id-delaquer-temelj-za-matiranje-0-5-l\/#breadcrumb\",\"itemListElement\":[{\"@type\":\"ListItem\",\"position\":1,\"name\":\"Po\u010detna stranica\",\"item\":\"https:\/\/consortium.hr\/sl\/\"},{\"@type\":\"ListItem\",\"position\":2,\"name\":\"Shop\",\"item\":\"https:\/\/consortium.hr\/sl\/shop\/\"},{\"@type\":\"ListItem\",\"position\":3,\"name\":\"id Delaquer temelj za matiranje 0.5 L\"}]},{\"@type\":\"WebSite\",\"@id\":\"https:\/\/consortium.hr\/#website\",\"url\":\"https:\/\/consortium.hr\/\",\"name\":\"Consortium\",\"description\":\"Gra\u0111evinski Materijal - Odli\u010dna Ponuda i Cijena\",\"alternateName\":\"Gra\u0111evinski Materijal - Odli\u010dna Ponuda i Cijena\",\"potentialAction\":[{\"@type\":\"SearchAction\",\"target\":{\"@type\":\"EntryPoint\",\"urlTemplate\":\"https:\/\/consortium.hr\/?s={search_term_string}\"},\"query-input\":{\"@type\":\"PropertyValueSpecification\",\"valueRequired\":true,\"valueName\":\"search_term_string\"}}],\"inLanguage\":\"sl-SI\"}]}<\/script>\n<!-- \/ Yoast SEO plugin. -->","yoast_head_json":{"title":"id Delaquer temelj za matiranje 0.5 L - Consortium","robots":{"index":"index","follow":"follow","max-snippet":"max-snippet:-1","max-image-preview":"max-image-preview:large","max-video-preview":"max-video-preview:-1"},"canonical":"https:\/\/consortium.hr\/sl\/product\/id-delaquer-temelj-za-matiranje-0-5-l\/","og_locale":"sl_SI","og_type":"article","og_title":"id Delaquer temelj za matiranje 0.5 L - Consortium","og_description":"Prajmer koji zamjenjuje bru\u0161enje starih lakiranih podloga!","og_url":"https:\/\/consortium.hr\/sl\/product\/id-delaquer-temelj-za-matiranje-0-5-l\/","og_site_name":"Consortium","article_modified_time":"2026-01-16T07:20:26+00:00","og_image":[{"width":700,"height":700,"url":"https:\/\/consortium.hr\/wp-content\/uploads\/2021\/02\/Id-delaqueur-temelj.jpg","type":"image\/jpeg"}],"twitter_card":"summary_large_image","twitter_misc":{"Est. reading time":"1 minuta"},"schema":{"@context":"https:\/\/schema.org","@graph":[{"@type":"WebPage","@id":"https:\/\/consortium.hr\/product\/id-delaquer-temelj-za-matiranje-0-5-l\/","url":"https:\/\/consortium.hr\/product\/id-delaquer-temelj-za-matiranje-0-5-l\/","name":"id Delaquer temelj za matiranje 0.5 L - Consortium","isPartOf":{"@id":"https:\/\/consortium.hr\/#website"},"primaryImageOfPage":{"@id":"https:\/\/consortium.hr\/product\/id-delaquer-temelj-za-matiranje-0-5-l\/#primaryimage"},"image":{"@id":"https:\/\/consortium.hr\/product\/id-delaquer-temelj-za-matiranje-0-5-l\/#primaryimage"},"thumbnailUrl":"https:\/\/consortium.hr\/wp-content\/uploads\/2021\/02\/Id-delaqueur-temelj.jpg","datePublished":"2021-03-02T12:59:32+00:00","dateModified":"2026-01-16T07:20:26+00:00","breadcrumb":{"@id":"https:\/\/consortium.hr\/product\/id-delaquer-temelj-za-matiranje-0-5-l\/#breadcrumb"},"inLanguage":"sl-SI","potentialAction":[{"@type":"ReadAction","target":["https:\/\/consortium.hr\/product\/id-delaquer-temelj-za-matiranje-0-5-l\/"]}]},{"@type":"ImageObject","inLanguage":"sl-SI","@id":"https:\/\/consortium.hr\/product\/id-delaquer-temelj-za-matiranje-0-5-l\/#primaryimage","url":"https:\/\/consortium.hr\/wp-content\/uploads\/2021\/02\/Id-delaqueur-temelj.jpg","contentUrl":"https:\/\/consortium.hr\/wp-content\/uploads\/2021\/02\/Id-delaqueur-temelj.jpg","width":700,"height":700},{"@type":"BreadcrumbList","@id":"https:\/\/consortium.hr\/product\/id-delaquer-temelj-za-matiranje-0-5-l\/#breadcrumb","itemListElement":[{"@type":"ListItem","position":1,"name":"Po\u010detna stranica","item":"https:\/\/consortium.hr\/sl\/"},{"@type":"ListItem","position":2,"name":"Shop","item":"https:\/\/consortium.hr\/sl\/shop\/"},{"@type":"ListItem","position":3,"name":"id Delaquer temelj za matiranje 0.5 L"}]},{"@type":"WebSite","@id":"https:\/\/consortium.hr\/#website","url":"https:\/\/consortium.hr\/","name":"Consortium","description":"Gra\u0111evinski Materijal - Odli\u010dna Ponuda i Cijena","alternateName":"Gra\u0111evinski Materijal - Odli\u010dna Ponuda i Cijena","potentialAction":[{"@type":"SearchAction","target":{"@type":"EntryPoint","urlTemplate":"https:\/\/consortium.hr\/?s={search_term_string}"},"query-input":{"@type":"PropertyValueSpecification","valueRequired":true,"valueName":"search_term_string"}}],"inLanguage":"sl-SI"}]}},"_links":{"self":[{"href":"https:\/\/consortium.hr\/sl\/wp-json\/wp\/v2\/product\/1218","targetHints":{"allow":["GET"]}}],"collection":[{"href":"https:\/\/consortium.hr\/sl\/wp-json\/wp\/v2\/product"}],"about":[{"href":"https:\/\/consortium.hr\/sl\/wp-json\/wp\/v2\/types\/product"}],"wp:featuredmedia":[{"embeddable":true,"href":"https:\/\/consortium.hr\/sl\/wp-json\/wp\/v2\/media\/864"}],"wp:attachment":[{"href":"https:\/\/consortium.hr\/sl\/wp-json\/wp\/v2\/media?parent=1218"}],"wp:term":[{"taxonomy":"product_brand","embeddable":true,"href":"https:\/\/consortium.hr\/sl\/wp-json\/wp\/v2\/product_brand?post=1218"},{"taxonomy":"product_cat","embeddable":true,"href":"https:\/\/consortium.hr\/sl\/wp-json\/wp\/v2\/product_cat?post=1218"},{"taxonomy":"product_tag","embeddable":true,"href":"https:\/\/consortium.hr\/sl\/wp-json\/wp\/v2\/product_tag?post=1218"}],"curies":[{"name":"wp","href":"https:\/\/api.w.org\/{rel}","templated":true}]}}