{"id":1221,"date":"2021-03-02T12:59:32","date_gmt":"2021-03-02T12:59:32","guid":{"rendered":"https:\/\/consortium.hr\/product\/import-placeholder-for-707\/"},"modified":"2026-01-16T07:20:26","modified_gmt":"2026-01-16T07:20:26","slug":"id-zastita-visokootporna-bezboj-saten-0-5-l","status":"publish","type":"product","link":"https:\/\/consortium.hr\/sl\/product\/id-zastita-visokootporna-bezboj-saten-0-5-l\/","title":{"rendered":"id Za\u0161\u010dita visoko odporna brezbarvna satenska 0,5 L"},"content":{"rendered":"<p><strong>'id' ZA\u0160\u010cITA VISOKOODPORNA BREZBARVNA SATEN 0,5L<\/strong><\/p>\n<p>Visoko odporna brezbarvna za\u0161\u010dita je univerzalen hitro su\u0161e\u010d brezbarven akrilni premaz na vodni osnovi satenastega polmat sijaja.<\/p>\n<p>Ne spreminja barve niti strukture podlage.<\/p>\n<p>Odporna je na toploto vro\u010dih kuhinjskih posod ter na obrabo, zna\u010dilno za gospodinjska okolja. \u0160\u010diti prej pobarvane povr\u0161ine pred vodo, sokovi, kavo, alkoholom, oljem in made\u017ei od ostankov hrane ter pred umazanijo ob stiku s hi\u0161nimi ljubljen\u010dki ipd. Ustvari brezbarven sloj satenastega polmat sijaja, ki se zlahka \u010disti z vla\u017eno krpo in je odporen na obi\u010dajne gospodinjske made\u017ee in umazanijo (npr. made\u017ee od hrane in pija\u010de, otro\u0161ke igre, umazanijo od hi\u0161nih ljubljen\u010dkov ipd.). Idealna za naredi-sam uporabo v kuhinji in kopalnici ter vseh drugih notranjih prostorih, kjer je potrebna bolj odporna za\u0161\u010dita povr\u0161in pred obi\u010dajnimi gospodinjskimi made\u017ei, obrabo in umazanijo. Primjena na: delovne plo\u0161\u010de in pulti, mize, stene, pohi\u0161tvo, dekorativni in okrasni predmeti, stavbno pohi\u0161tvo ipd. Ni primerna za: zunanje povr\u0161ine, splo\u0161no tla niti povr\u0161ine, kjer se voda zadr\u017euje (kadi, umivalniki, bazeni, rezervoarji za vodo ipd.).<\/p>\n<p>Potro\u0161nja: do 10 m\u00b2 \/ 500 ml za 1 sloj na gladki podlagi od stare barve, odvisno od nanosa, orodja in podlage. To\u010dno porabo po m\u00b2 dolo\u010diti s testnim nanosom.<\/p>\n<p>Pred nakupom in uporabo preberite vse navedene specifikacije in navodila na tej strani ali na uradni strani www.id-paris.com. \u010ce potrebujete dodatna pojasnila o uporabi tega izdelka, nas pred nakupom in uporabo kontaktirajte prek navedenih kontaktnih podatkov na tej strani. Vedno najprej opravite testni nanos na manj\u0161i povr\u0161ini, in \u010de je rezultat zadovoljiv, nadaljujte z nanosom na celotno povr\u0161ino. Uporaba tega naredi-sam izdelka je zunaj nadzora proizvajalca, saj ne obstajajo licencirani izvajalci in\/ali nadzor monta\u017ee, zato ni jamstva za videz, funkcijo in\/ali porabo po m\u00b2 po monta\u017ei.<\/p>\n<p>Proizvajalec: 'Initiatives Decoration', Francija<\/p>\n<p><a href=\"http:\/\/www.id-paris.com\" target=\"_blank\" rel=\"noopener\">www.id-paris.com<\/a><\/p>\n<p>Dr\u017eava porekla: EU - Francija<\/p>\n<p>Povezava na video uporabe:<\/p>\n<p><a href=\"https:\/\/youtu.be\/o3Y7LGZ89sQ\" target=\"_blank\" rel=\"noopener\">https:\/\/youtu.be\/o3Y7LGZ89sQ<\/a><\/p>\n<p>&nbsp;<\/p>","protected":false},"excerpt":{"rendered":"<p>Visoko odporna brezbarvna za\u0161\u010dita je univerzalen hitro su\u0161e\u010d brezbarven akrilni premaz na vodni osnovi satenastega polmat sijaja.<\/p>","protected":false},"featured_media":868,"template":"","meta":{"_acf_changed":false},"product_brand":[],"product_cat":[291,186],"product_tag":[],"class_list":{"0":"post-1221","1":"product","2":"type-product","3":"status-publish","4":"has-post-thumbnail","6":"product_cat-dekorativne-boje-za-namjestaj","7":"product_cat-dekorativni-program","9":"first","10":"instock","11":"shipping-taxable","12":"purchasable","13":"product-type-simple"},"acf":[],"yoast_head":"<!-- This site is optimized with the Yoast SEO plugin v26.1.1 - https:\/\/yoast.com\/wordpress\/plugins\/seo\/ -->\n<title>id Za\u0161tita visokootporna bezboj. saten 0.5 L - Consortium<\/title>\n<meta name=\"robots\" content=\"index, follow, max-snippet:-1, max-image-preview:large, max-video-preview:-1\" \/>\n<link rel=\"canonical\" href=\"https:\/\/consortium.hr\/sl\/product\/id-zastita-visokootporna-bezboj-saten-0-5-l\/\" \/>\n<meta property=\"og:locale\" content=\"sl_SI\" \/>\n<meta property=\"og:type\" content=\"article\" \/>\n<meta property=\"og:title\" content=\"id Za\u0161tita visokootporna bezboj. saten 0.5 L - Consortium\" \/>\n<meta property=\"og:description\" content=\"Visokootporna bezbojna za\u0161tita je univerzalan brzosu\u0161ivi bezbojni akrilni premaz na bazi vode satenskog polumat zavr\u0161nog odsjaja.\" \/>\n<meta property=\"og:url\" content=\"https:\/\/consortium.hr\/sl\/product\/id-zastita-visokootporna-bezboj-saten-0-5-l\/\" \/>\n<meta property=\"og:site_name\" content=\"Consortium\" \/>\n<meta property=\"article:modified_time\" content=\"2026-01-16T07:20:26+00:00\" \/>\n<meta property=\"og:image\" content=\"https:\/\/consortium.hr\/wp-content\/uploads\/2021\/02\/iD-Zastita-visokootporna-bb-saten.jpg\" \/>\n\t<meta property=\"og:image:width\" content=\"700\" \/>\n\t<meta property=\"og:image:height\" content=\"700\" \/>\n\t<meta property=\"og:image:type\" content=\"image\/jpeg\" \/>\n<meta name=\"twitter:card\" content=\"summary_large_image\" \/>\n<meta name=\"twitter:label1\" content=\"Est. reading time\" \/>\n\t<meta name=\"twitter:data1\" content=\"2 minuti\" \/>\n<script type=\"application\/ld+json\" class=\"yoast-schema-graph\">{\"@context\":\"https:\/\/schema.org\",\"@graph\":[{\"@type\":\"WebPage\",\"@id\":\"https:\/\/consortium.hr\/product\/id-zastita-visokootporna-bezboj-saten-0-5-l\/\",\"url\":\"https:\/\/consortium.hr\/product\/id-zastita-visokootporna-bezboj-saten-0-5-l\/\",\"name\":\"id Za\u0161tita visokootporna bezboj. saten 0.5 L - Consortium\",\"isPartOf\":{\"@id\":\"https:\/\/consortium.hr\/#website\"},\"primaryImageOfPage\":{\"@id\":\"https:\/\/consortium.hr\/product\/id-zastita-visokootporna-bezboj-saten-0-5-l\/#primaryimage\"},\"image\":{\"@id\":\"https:\/\/consortium.hr\/product\/id-zastita-visokootporna-bezboj-saten-0-5-l\/#primaryimage\"},\"thumbnailUrl\":\"https:\/\/consortium.hr\/wp-content\/uploads\/2021\/02\/iD-Zastita-visokootporna-bb-saten.jpg\",\"datePublished\":\"2021-03-02T12:59:32+00:00\",\"dateModified\":\"2026-01-16T07:20:26+00:00\",\"breadcrumb\":{\"@id\":\"https:\/\/consortium.hr\/product\/id-zastita-visokootporna-bezboj-saten-0-5-l\/#breadcrumb\"},\"inLanguage\":\"sl-SI\",\"potentialAction\":[{\"@type\":\"ReadAction\",\"target\":[\"https:\/\/consortium.hr\/product\/id-zastita-visokootporna-bezboj-saten-0-5-l\/\"]}]},{\"@type\":\"ImageObject\",\"inLanguage\":\"sl-SI\",\"@id\":\"https:\/\/consortium.hr\/product\/id-zastita-visokootporna-bezboj-saten-0-5-l\/#primaryimage\",\"url\":\"https:\/\/consortium.hr\/wp-content\/uploads\/2021\/02\/iD-Zastita-visokootporna-bb-saten.jpg\",\"contentUrl\":\"https:\/\/consortium.hr\/wp-content\/uploads\/2021\/02\/iD-Zastita-visokootporna-bb-saten.jpg\",\"width\":700,\"height\":700},{\"@type\":\"BreadcrumbList\",\"@id\":\"https:\/\/consortium.hr\/product\/id-zastita-visokootporna-bezboj-saten-0-5-l\/#breadcrumb\",\"itemListElement\":[{\"@type\":\"ListItem\",\"position\":1,\"name\":\"Po\u010detna stranica\",\"item\":\"https:\/\/consortium.hr\/sl\/\"},{\"@type\":\"ListItem\",\"position\":2,\"name\":\"Shop\",\"item\":\"https:\/\/consortium.hr\/sl\/shop\/\"},{\"@type\":\"ListItem\",\"position\":3,\"name\":\"id Za\u0161tita visokootporna bezboj. saten 0.5 L\"}]},{\"@type\":\"WebSite\",\"@id\":\"https:\/\/consortium.hr\/#website\",\"url\":\"https:\/\/consortium.hr\/\",\"name\":\"Consortium\",\"description\":\"Gra\u0111evinski Materijal - Odli\u010dna Ponuda i Cijena\",\"alternateName\":\"Gra\u0111evinski Materijal - Odli\u010dna Ponuda i Cijena\",\"potentialAction\":[{\"@type\":\"SearchAction\",\"target\":{\"@type\":\"EntryPoint\",\"urlTemplate\":\"https:\/\/consortium.hr\/?s={search_term_string}\"},\"query-input\":{\"@type\":\"PropertyValueSpecification\",\"valueRequired\":true,\"valueName\":\"search_term_string\"}}],\"inLanguage\":\"sl-SI\"}]}<\/script>\n<!-- \/ Yoast SEO plugin. -->","yoast_head_json":{"title":"id Za\u0161tita visokootporna bezboj. saten 0.5 L - Consortium","robots":{"index":"index","follow":"follow","max-snippet":"max-snippet:-1","max-image-preview":"max-image-preview:large","max-video-preview":"max-video-preview:-1"},"canonical":"https:\/\/consortium.hr\/sl\/product\/id-zastita-visokootporna-bezboj-saten-0-5-l\/","og_locale":"sl_SI","og_type":"article","og_title":"id Za\u0161tita visokootporna bezboj. saten 0.5 L - Consortium","og_description":"Visokootporna bezbojna za\u0161tita je univerzalan brzosu\u0161ivi bezbojni akrilni premaz na bazi vode satenskog polumat zavr\u0161nog odsjaja.","og_url":"https:\/\/consortium.hr\/sl\/product\/id-zastita-visokootporna-bezboj-saten-0-5-l\/","og_site_name":"Consortium","article_modified_time":"2026-01-16T07:20:26+00:00","og_image":[{"width":700,"height":700,"url":"https:\/\/consortium.hr\/wp-content\/uploads\/2021\/02\/iD-Zastita-visokootporna-bb-saten.jpg","type":"image\/jpeg"}],"twitter_card":"summary_large_image","twitter_misc":{"Est. reading time":"2 minuti"},"schema":{"@context":"https:\/\/schema.org","@graph":[{"@type":"WebPage","@id":"https:\/\/consortium.hr\/product\/id-zastita-visokootporna-bezboj-saten-0-5-l\/","url":"https:\/\/consortium.hr\/product\/id-zastita-visokootporna-bezboj-saten-0-5-l\/","name":"id Za\u0161tita visokootporna bezboj. saten 0.5 L - Consortium","isPartOf":{"@id":"https:\/\/consortium.hr\/#website"},"primaryImageOfPage":{"@id":"https:\/\/consortium.hr\/product\/id-zastita-visokootporna-bezboj-saten-0-5-l\/#primaryimage"},"image":{"@id":"https:\/\/consortium.hr\/product\/id-zastita-visokootporna-bezboj-saten-0-5-l\/#primaryimage"},"thumbnailUrl":"https:\/\/consortium.hr\/wp-content\/uploads\/2021\/02\/iD-Zastita-visokootporna-bb-saten.jpg","datePublished":"2021-03-02T12:59:32+00:00","dateModified":"2026-01-16T07:20:26+00:00","breadcrumb":{"@id":"https:\/\/consortium.hr\/product\/id-zastita-visokootporna-bezboj-saten-0-5-l\/#breadcrumb"},"inLanguage":"sl-SI","potentialAction":[{"@type":"ReadAction","target":["https:\/\/consortium.hr\/product\/id-zastita-visokootporna-bezboj-saten-0-5-l\/"]}]},{"@type":"ImageObject","inLanguage":"sl-SI","@id":"https:\/\/consortium.hr\/product\/id-zastita-visokootporna-bezboj-saten-0-5-l\/#primaryimage","url":"https:\/\/consortium.hr\/wp-content\/uploads\/2021\/02\/iD-Zastita-visokootporna-bb-saten.jpg","contentUrl":"https:\/\/consortium.hr\/wp-content\/uploads\/2021\/02\/iD-Zastita-visokootporna-bb-saten.jpg","width":700,"height":700},{"@type":"BreadcrumbList","@id":"https:\/\/consortium.hr\/product\/id-zastita-visokootporna-bezboj-saten-0-5-l\/#breadcrumb","itemListElement":[{"@type":"ListItem","position":1,"name":"Po\u010detna stranica","item":"https:\/\/consortium.hr\/sl\/"},{"@type":"ListItem","position":2,"name":"Shop","item":"https:\/\/consortium.hr\/sl\/shop\/"},{"@type":"ListItem","position":3,"name":"id Za\u0161tita visokootporna bezboj. saten 0.5 L"}]},{"@type":"WebSite","@id":"https:\/\/consortium.hr\/#website","url":"https:\/\/consortium.hr\/","name":"Consortium","description":"Gra\u0111evinski Materijal - Odli\u010dna Ponuda i Cijena","alternateName":"Gra\u0111evinski Materijal - Odli\u010dna Ponuda i Cijena","potentialAction":[{"@type":"SearchAction","target":{"@type":"EntryPoint","urlTemplate":"https:\/\/consortium.hr\/?s={search_term_string}"},"query-input":{"@type":"PropertyValueSpecification","valueRequired":true,"valueName":"search_term_string"}}],"inLanguage":"sl-SI"}]}},"_links":{"self":[{"href":"https:\/\/consortium.hr\/sl\/wp-json\/wp\/v2\/product\/1221","targetHints":{"allow":["GET"]}}],"collection":[{"href":"https:\/\/consortium.hr\/sl\/wp-json\/wp\/v2\/product"}],"about":[{"href":"https:\/\/consortium.hr\/sl\/wp-json\/wp\/v2\/types\/product"}],"wp:featuredmedia":[{"embeddable":true,"href":"https:\/\/consortium.hr\/sl\/wp-json\/wp\/v2\/media\/868"}],"wp:attachment":[{"href":"https:\/\/consortium.hr\/sl\/wp-json\/wp\/v2\/media?parent=1221"}],"wp:term":[{"taxonomy":"product_brand","embeddable":true,"href":"https:\/\/consortium.hr\/sl\/wp-json\/wp\/v2\/product_brand?post=1221"},{"taxonomy":"product_cat","embeddable":true,"href":"https:\/\/consortium.hr\/sl\/wp-json\/wp\/v2\/product_cat?post=1221"},{"taxonomy":"product_tag","embeddable":true,"href":"https:\/\/consortium.hr\/sl\/wp-json\/wp\/v2\/product_tag?post=1221"}],"curies":[{"name":"wp","href":"https:\/\/api.w.org\/{rel}","templated":true}]}}