{"id":1227,"date":"2021-03-02T12:59:33","date_gmt":"2021-03-02T12:59:33","guid":{"rendered":"https:\/\/consortium.hr\/product\/import-placeholder-for-713\/"},"modified":"2026-01-16T07:20:22","modified_gmt":"2026-01-16T07:20:22","slug":"id-loft-zastita-zidna-mat","status":"publish","type":"product","link":"https:\/\/consortium.hr\/sl\/product\/id-loft-zastita-zidna-mat\/","title":{"rendered":"id LOFT za\u0161\u010dita stenska mat"},"content":{"rendered":"<p><strong>id LOFT ZA\u0160\u010cITA STENSKA MAT 1L <\/strong><\/p>\n<p>Brezbarven za\u0161\u010ditni premaz pred vpijanje vode in made\u017eev od pija\u010d in hrane za <a href=\"https:\/\/consortium.hr\/sl\/product\/id-loft-original-beton\/\" target=\"_blank\" rel=\"noopener\"><u>'id <\/u><u>Loft Beton Orignal'<\/u><\/a> ko je nanesen na zidove notranjih prostorov: sobe, kuhinje, kopalnice (ne v tu\u0161 prostorih), hodnike itd.<\/p>\n<p>Akrilni premaz na vodni osnovi. Naredi-sam uporaba.<\/p>\n<p>Ekstra-mat sijaj, ki pu\u0161\u010da skoraj nespremenjen originalen videz surovega betona <a href=\"https:\/\/consortium.hr\/sl\/product\/id-loft-original-beton\/\" target=\"_blank\" rel=\"noopener\"><u>'id <\/u><u>Loft Beton Orignal'<\/u>-a<\/a><\/p>\n<p>Poraba: 1 liter = teoreti\u010dno do 12 m\u00b2 za 1 tanko plast na izjemno gladki podlagi, mo\u010dno odvisno od podlage, orodja in nanosa. To\u010dno porabo dolo\u010dite z testnim nanosom na manj\u0161ih povr\u0161inah.<\/p>\n<p>Izdelek je deklariran za Naredi-sam uporabo, saj ni nevaren za zdravje pri namestitvi v zra\u010denih notranjih prostorih in ne zahteva uporabe posebnega profesionalnega orodja in\/ali za\u0161\u010ditne varnostne opreme, zato za ta izdelek ni licenciranega izvajalca ali nadzora pri namestitvi s strani proizvajalca.<\/p>\n<p>Izjava o omejitvi odgovornosti: Ponudba je bila ustvarjena z veliko pozornostjo, vendar je odgovornost kupca, da prebere vse tukaj navedene informacije o izdelku, si ogleda video uporabo, \u010de je omogo\u010deno na teh straneh, ter po potrebi zahteva dodatne informacije o izdelku in uporabi izdelka pred naro\u010dilom, nakupom ali uporabo. Navedena pokritost na liter izdelka je \u010dim natan\u010dnej\u0161a, vendar pribli\u017ena, saj se pokritost lahko znatno spreminja glede na stanje podlage, vpijanje, teksturo podlage in na\u010din nanosa. Priporo\u010damo, da vedno najprej naredite testni nanos na manj\u0161ih povr\u0161inah in tako preverite, ali izdelek izpolnjuje va\u0161a pri\u010dakovanja, in \u0161ele, ko ste prepri\u010dani, da izdelek izpolnjuje, nadaljujte z nanosom na celotno povr\u0161ino. Ponudba in specifikacija izdelka sta podana v najbolj\u0161i veri, na podlagi razpolo\u017eljivih informacij, vendar brez jamstva, saj je nana\u0161anje in uporaba tega izdelka za Naredi-sam uporabo izven na\u0161ega nadzora, s \u010dimer se strinjate in sprejemate ob naro\u010dilu in\/ali nakupu.<\/p>\n<p>Proizvajalec: INITIATIVES DECORATION \u2013 FRANCIA<\/p>\n<p><a href=\"http:\/\/www.id-paris.com\" target=\"_blank\" rel=\"noopener\">www.id-paris.com<\/a><\/p>\n<p>Dr\u017eava porekla: EU - Francija<\/p>","protected":false},"excerpt":{"rendered":"<p>Bezbojan za\u0161titni premaz od upijanja vode i mrlja od pi\u0107a i hrane.<\/p>","protected":false},"featured_media":893,"template":"","meta":{"_acf_changed":false},"product_brand":[],"product_cat":[188,186],"product_tag":[],"class_list":{"0":"post-1227","1":"product","2":"type-product","3":"status-publish","4":"has-post-thumbnail","6":"product_cat-dekorativne-boje-za-zidove-i-dodaci","7":"product_cat-dekorativni-program","9":"first","10":"instock","11":"shipping-taxable","12":"purchasable","13":"product-type-simple"},"acf":[],"yoast_head":"<!-- This site is optimized with the Yoast SEO plugin v26.1.1 - https:\/\/yoast.com\/wordpress\/plugins\/seo\/ -->\n<title>id LOFT za\u0161tita zidna mat - Consortium<\/title>\n<meta name=\"robots\" content=\"index, follow, max-snippet:-1, max-image-preview:large, max-video-preview:-1\" \/>\n<link rel=\"canonical\" href=\"https:\/\/consortium.hr\/sl\/product\/id-loft-zastita-zidna-mat\/\" \/>\n<meta property=\"og:locale\" content=\"sl_SI\" \/>\n<meta property=\"og:type\" content=\"article\" \/>\n<meta property=\"og:title\" content=\"id LOFT za\u0161tita zidna mat - Consortium\" \/>\n<meta property=\"og:description\" content=\"Bezbojan za\u0161titni premaz od upijanja vode i mrlja od pi\u0107a i hrane.\" \/>\n<meta property=\"og:url\" content=\"https:\/\/consortium.hr\/sl\/product\/id-loft-zastita-zidna-mat\/\" \/>\n<meta property=\"og:site_name\" content=\"Consortium\" \/>\n<meta property=\"article:modified_time\" content=\"2026-01-16T07:20:22+00:00\" \/>\n<meta property=\"og:image\" content=\"https:\/\/consortium.hr\/wp-content\/uploads\/2021\/02\/id-LOFT-ZASTITA-ZIDNA-MAT-1.jpg\" \/>\n\t<meta property=\"og:image:width\" content=\"700\" \/>\n\t<meta property=\"og:image:height\" content=\"700\" \/>\n\t<meta property=\"og:image:type\" content=\"image\/jpeg\" \/>\n<meta name=\"twitter:card\" content=\"summary_large_image\" \/>\n<meta name=\"twitter:label1\" content=\"Est. reading time\" \/>\n\t<meta name=\"twitter:data1\" content=\"2 minuti\" \/>\n<script type=\"application\/ld+json\" class=\"yoast-schema-graph\">{\"@context\":\"https:\/\/schema.org\",\"@graph\":[{\"@type\":\"WebPage\",\"@id\":\"https:\/\/consortium.hr\/product\/id-loft-zastita-zidna-mat\/\",\"url\":\"https:\/\/consortium.hr\/product\/id-loft-zastita-zidna-mat\/\",\"name\":\"id LOFT za\u0161tita zidna mat - Consortium\",\"isPartOf\":{\"@id\":\"https:\/\/consortium.hr\/#website\"},\"primaryImageOfPage\":{\"@id\":\"https:\/\/consortium.hr\/product\/id-loft-zastita-zidna-mat\/#primaryimage\"},\"image\":{\"@id\":\"https:\/\/consortium.hr\/product\/id-loft-zastita-zidna-mat\/#primaryimage\"},\"thumbnailUrl\":\"https:\/\/consortium.hr\/wp-content\/uploads\/2021\/02\/id-LOFT-ZASTITA-ZIDNA-MAT-1.jpg\",\"datePublished\":\"2021-03-02T12:59:33+00:00\",\"dateModified\":\"2026-01-16T07:20:22+00:00\",\"breadcrumb\":{\"@id\":\"https:\/\/consortium.hr\/product\/id-loft-zastita-zidna-mat\/#breadcrumb\"},\"inLanguage\":\"sl-SI\",\"potentialAction\":[{\"@type\":\"ReadAction\",\"target\":[\"https:\/\/consortium.hr\/product\/id-loft-zastita-zidna-mat\/\"]}]},{\"@type\":\"ImageObject\",\"inLanguage\":\"sl-SI\",\"@id\":\"https:\/\/consortium.hr\/product\/id-loft-zastita-zidna-mat\/#primaryimage\",\"url\":\"https:\/\/consortium.hr\/wp-content\/uploads\/2021\/02\/id-LOFT-ZASTITA-ZIDNA-MAT-1.jpg\",\"contentUrl\":\"https:\/\/consortium.hr\/wp-content\/uploads\/2021\/02\/id-LOFT-ZASTITA-ZIDNA-MAT-1.jpg\",\"width\":700,\"height\":700},{\"@type\":\"BreadcrumbList\",\"@id\":\"https:\/\/consortium.hr\/product\/id-loft-zastita-zidna-mat\/#breadcrumb\",\"itemListElement\":[{\"@type\":\"ListItem\",\"position\":1,\"name\":\"Po\u010detna stranica\",\"item\":\"https:\/\/consortium.hr\/sl\/\"},{\"@type\":\"ListItem\",\"position\":2,\"name\":\"Shop\",\"item\":\"https:\/\/consortium.hr\/sl\/shop\/\"},{\"@type\":\"ListItem\",\"position\":3,\"name\":\"id LOFT za\u0161tita zidna mat\"}]},{\"@type\":\"WebSite\",\"@id\":\"https:\/\/consortium.hr\/#website\",\"url\":\"https:\/\/consortium.hr\/\",\"name\":\"Consortium\",\"description\":\"Gra\u0111evinski Materijal - Odli\u010dna Ponuda i Cijena\",\"alternateName\":\"Gra\u0111evinski Materijal - Odli\u010dna Ponuda i Cijena\",\"potentialAction\":[{\"@type\":\"SearchAction\",\"target\":{\"@type\":\"EntryPoint\",\"urlTemplate\":\"https:\/\/consortium.hr\/?s={search_term_string}\"},\"query-input\":{\"@type\":\"PropertyValueSpecification\",\"valueRequired\":true,\"valueName\":\"search_term_string\"}}],\"inLanguage\":\"sl-SI\"}]}<\/script>\n<!-- \/ Yoast SEO plugin. -->","yoast_head_json":{"title":"id LOFT za\u0161tita zidna mat - Consortium","robots":{"index":"index","follow":"follow","max-snippet":"max-snippet:-1","max-image-preview":"max-image-preview:large","max-video-preview":"max-video-preview:-1"},"canonical":"https:\/\/consortium.hr\/sl\/product\/id-loft-zastita-zidna-mat\/","og_locale":"sl_SI","og_type":"article","og_title":"id LOFT za\u0161tita zidna mat - Consortium","og_description":"Bezbojan za\u0161titni premaz od upijanja vode i mrlja od pi\u0107a i hrane.","og_url":"https:\/\/consortium.hr\/sl\/product\/id-loft-zastita-zidna-mat\/","og_site_name":"Consortium","article_modified_time":"2026-01-16T07:20:22+00:00","og_image":[{"width":700,"height":700,"url":"https:\/\/consortium.hr\/wp-content\/uploads\/2021\/02\/id-LOFT-ZASTITA-ZIDNA-MAT-1.jpg","type":"image\/jpeg"}],"twitter_card":"summary_large_image","twitter_misc":{"Est. reading time":"2 minuti"},"schema":{"@context":"https:\/\/schema.org","@graph":[{"@type":"WebPage","@id":"https:\/\/consortium.hr\/product\/id-loft-zastita-zidna-mat\/","url":"https:\/\/consortium.hr\/product\/id-loft-zastita-zidna-mat\/","name":"id LOFT za\u0161tita zidna mat - Consortium","isPartOf":{"@id":"https:\/\/consortium.hr\/#website"},"primaryImageOfPage":{"@id":"https:\/\/consortium.hr\/product\/id-loft-zastita-zidna-mat\/#primaryimage"},"image":{"@id":"https:\/\/consortium.hr\/product\/id-loft-zastita-zidna-mat\/#primaryimage"},"thumbnailUrl":"https:\/\/consortium.hr\/wp-content\/uploads\/2021\/02\/id-LOFT-ZASTITA-ZIDNA-MAT-1.jpg","datePublished":"2021-03-02T12:59:33+00:00","dateModified":"2026-01-16T07:20:22+00:00","breadcrumb":{"@id":"https:\/\/consortium.hr\/product\/id-loft-zastita-zidna-mat\/#breadcrumb"},"inLanguage":"sl-SI","potentialAction":[{"@type":"ReadAction","target":["https:\/\/consortium.hr\/product\/id-loft-zastita-zidna-mat\/"]}]},{"@type":"ImageObject","inLanguage":"sl-SI","@id":"https:\/\/consortium.hr\/product\/id-loft-zastita-zidna-mat\/#primaryimage","url":"https:\/\/consortium.hr\/wp-content\/uploads\/2021\/02\/id-LOFT-ZASTITA-ZIDNA-MAT-1.jpg","contentUrl":"https:\/\/consortium.hr\/wp-content\/uploads\/2021\/02\/id-LOFT-ZASTITA-ZIDNA-MAT-1.jpg","width":700,"height":700},{"@type":"BreadcrumbList","@id":"https:\/\/consortium.hr\/product\/id-loft-zastita-zidna-mat\/#breadcrumb","itemListElement":[{"@type":"ListItem","position":1,"name":"Po\u010detna stranica","item":"https:\/\/consortium.hr\/sl\/"},{"@type":"ListItem","position":2,"name":"Shop","item":"https:\/\/consortium.hr\/sl\/shop\/"},{"@type":"ListItem","position":3,"name":"id LOFT za\u0161tita zidna mat"}]},{"@type":"WebSite","@id":"https:\/\/consortium.hr\/#website","url":"https:\/\/consortium.hr\/","name":"Consortium","description":"Gra\u0111evinski Materijal - Odli\u010dna Ponuda i Cijena","alternateName":"Gra\u0111evinski Materijal - Odli\u010dna Ponuda i Cijena","potentialAction":[{"@type":"SearchAction","target":{"@type":"EntryPoint","urlTemplate":"https:\/\/consortium.hr\/?s={search_term_string}"},"query-input":{"@type":"PropertyValueSpecification","valueRequired":true,"valueName":"search_term_string"}}],"inLanguage":"sl-SI"}]}},"_links":{"self":[{"href":"https:\/\/consortium.hr\/sl\/wp-json\/wp\/v2\/product\/1227","targetHints":{"allow":["GET"]}}],"collection":[{"href":"https:\/\/consortium.hr\/sl\/wp-json\/wp\/v2\/product"}],"about":[{"href":"https:\/\/consortium.hr\/sl\/wp-json\/wp\/v2\/types\/product"}],"wp:featuredmedia":[{"embeddable":true,"href":"https:\/\/consortium.hr\/sl\/wp-json\/wp\/v2\/media\/893"}],"wp:attachment":[{"href":"https:\/\/consortium.hr\/sl\/wp-json\/wp\/v2\/media?parent=1227"}],"wp:term":[{"taxonomy":"product_brand","embeddable":true,"href":"https:\/\/consortium.hr\/sl\/wp-json\/wp\/v2\/product_brand?post=1227"},{"taxonomy":"product_cat","embeddable":true,"href":"https:\/\/consortium.hr\/sl\/wp-json\/wp\/v2\/product_cat?post=1227"},{"taxonomy":"product_tag","embeddable":true,"href":"https:\/\/consortium.hr\/sl\/wp-json\/wp\/v2\/product_tag?post=1227"}],"curies":[{"name":"wp","href":"https:\/\/api.w.org\/{rel}","templated":true}]}}