{"id":12272,"date":"2025-04-17T06:32:45","date_gmt":"2025-04-17T06:32:45","guid":{"rendered":"https:\/\/consortium.hr\/?post_type=product&#038;p=12272"},"modified":"2026-01-16T07:23:05","modified_gmt":"2026-01-16T07:23:05","slug":"bosch-expert-svrdlo-za-keramicke-plocice-10x90","status":"publish","type":"product","link":"https:\/\/consortium.hr\/sl\/product\/bosch-expert-svrdlo-za-keramicke-plocice-10x90\/","title":{"rendered":"Bosch Expert sveder za kerami\u010dne plo\u0161\u010dice 10x90"},"content":{"rendered":"<p class=\"product-detail-stage__headline\"><strong>Sveder za mehke kerami\u010dne plo\u0161\u010dice CYL-9 SoftCeramic je standardna izbira pri vrtanju plo\u0161\u010dic<\/strong><\/p>\n<ul class=\"product-detail-stage__list a-list\">\n<li>Suho vrtanje brez mazanja za prakti\u010dno uporabo<\/li>\n<li>Enostavna zasnova brez spirale je posebej primerna za vrtanje skozi plo\u0161\u010dice<\/li>\n<li>Cilindri\u010dni nastavek je zdru\u017eljiv s trokrakimi steznimi glavami<\/li>\n<\/ul>","protected":false},"excerpt":{"rendered":"<p>Svrdlo za meke kerami\u010dke plo\u010dice CYL-9 SoftCeramic standardni je izbor pri bu\u0161enju plo\u010dica Suho bu\u0161enje bez podmazivanja za prakti\u010dnu upotrebu Jednostavan dizajn bez spirale posebno je prikladan za bu\u0161enje kroz plo\u010dice Cilindri\u010dni prihvat kompatibilan je s tro\u010deljusnim steznim glavama<\/p>","protected":false},"featured_media":12273,"template":"","meta":{"_acf_changed":false},"product_brand":[],"product_cat":[222,227,226,348],"product_tag":[],"class_list":{"0":"post-12272","1":"product","2":"type-product","3":"status-publish","4":"has-post-thumbnail","6":"product_cat-alati","7":"product_cat-alati-za-keramicare","8":"product_cat-elektricni-i-akumulatorski-alati","9":"product_cat-pribor-za-elektricni-alat","11":"first","12":"instock","13":"shipping-taxable","14":"purchasable","15":"product-type-simple"},"acf":[],"yoast_head":"<!-- This site is optimized with the Yoast SEO plugin v26.1.1 - https:\/\/yoast.com\/wordpress\/plugins\/seo\/ -->\n<title>Bosch Expert svrdlo za kerami\u010dke plo\u010dice 10x90 - Consortium<\/title>\n<meta name=\"robots\" content=\"index, follow, max-snippet:-1, max-image-preview:large, max-video-preview:-1\" \/>\n<link rel=\"canonical\" href=\"https:\/\/consortium.hr\/sl\/product\/bosch-expert-svrdlo-za-keramicke-plocice-10x90\/\" \/>\n<meta property=\"og:locale\" content=\"sl_SI\" \/>\n<meta property=\"og:type\" content=\"article\" \/>\n<meta property=\"og:title\" content=\"Bosch Expert svrdlo za kerami\u010dke plo\u010dice 10x90 - Consortium\" \/>\n<meta property=\"og:description\" content=\"Svrdlo za meke kerami\u010dke plo\u010dice CYL-9 SoftCeramic standardni je izbor pri bu\u0161enju plo\u010dica Suho bu\u0161enje bez podmazivanja za prakti\u010dnu upotrebu Jednostavan dizajn bez spirale posebno je prikladan za bu\u0161enje kroz plo\u010dice Cilindri\u010dni prihvat kompatibilan je s tro\u010deljusnim steznim glavama\" \/>\n<meta property=\"og:url\" content=\"https:\/\/consortium.hr\/sl\/product\/bosch-expert-svrdlo-za-keramicke-plocice-10x90\/\" \/>\n<meta property=\"og:site_name\" content=\"Consortium\" \/>\n<meta property=\"article:modified_time\" content=\"2026-01-16T07:23:05+00:00\" \/>\n<meta property=\"og:image\" content=\"https:\/\/consortium.hr\/wp-content\/uploads\/2025\/04\/Bosch-Expert-svrdlo-za-keramicke-plocice-10x90-1.png\" \/>\n\t<meta property=\"og:image:width\" content=\"800\" \/>\n\t<meta property=\"og:image:height\" content=\"800\" \/>\n\t<meta property=\"og:image:type\" content=\"image\/png\" \/>\n<meta name=\"twitter:card\" content=\"summary_large_image\" \/>\n<script type=\"application\/ld+json\" class=\"yoast-schema-graph\">{\"@context\":\"https:\/\/schema.org\",\"@graph\":[{\"@type\":\"WebPage\",\"@id\":\"https:\/\/consortium.hr\/product\/bosch-expert-svrdlo-za-keramicke-plocice-10x90\/\",\"url\":\"https:\/\/consortium.hr\/product\/bosch-expert-svrdlo-za-keramicke-plocice-10x90\/\",\"name\":\"Bosch Expert svrdlo za kerami\u010dke plo\u010dice 10x90 - Consortium\",\"isPartOf\":{\"@id\":\"https:\/\/consortium.hr\/#website\"},\"primaryImageOfPage\":{\"@id\":\"https:\/\/consortium.hr\/product\/bosch-expert-svrdlo-za-keramicke-plocice-10x90\/#primaryimage\"},\"image\":{\"@id\":\"https:\/\/consortium.hr\/product\/bosch-expert-svrdlo-za-keramicke-plocice-10x90\/#primaryimage\"},\"thumbnailUrl\":\"https:\/\/consortium.hr\/wp-content\/uploads\/2025\/04\/Bosch-Expert-svrdlo-za-keramicke-plocice-10x90-1.png\",\"datePublished\":\"2025-04-17T06:32:45+00:00\",\"dateModified\":\"2026-01-16T07:23:05+00:00\",\"breadcrumb\":{\"@id\":\"https:\/\/consortium.hr\/product\/bosch-expert-svrdlo-za-keramicke-plocice-10x90\/#breadcrumb\"},\"inLanguage\":\"sl-SI\",\"potentialAction\":[{\"@type\":\"ReadAction\",\"target\":[\"https:\/\/consortium.hr\/product\/bosch-expert-svrdlo-za-keramicke-plocice-10x90\/\"]}]},{\"@type\":\"ImageObject\",\"inLanguage\":\"sl-SI\",\"@id\":\"https:\/\/consortium.hr\/product\/bosch-expert-svrdlo-za-keramicke-plocice-10x90\/#primaryimage\",\"url\":\"https:\/\/consortium.hr\/wp-content\/uploads\/2025\/04\/Bosch-Expert-svrdlo-za-keramicke-plocice-10x90-1.png\",\"contentUrl\":\"https:\/\/consortium.hr\/wp-content\/uploads\/2025\/04\/Bosch-Expert-svrdlo-za-keramicke-plocice-10x90-1.png\",\"width\":800,\"height\":800},{\"@type\":\"BreadcrumbList\",\"@id\":\"https:\/\/consortium.hr\/product\/bosch-expert-svrdlo-za-keramicke-plocice-10x90\/#breadcrumb\",\"itemListElement\":[{\"@type\":\"ListItem\",\"position\":1,\"name\":\"Po\u010detna stranica\",\"item\":\"https:\/\/consortium.hr\/sl\/\"},{\"@type\":\"ListItem\",\"position\":2,\"name\":\"Shop\",\"item\":\"https:\/\/consortium.hr\/sl\/shop\/\"},{\"@type\":\"ListItem\",\"position\":3,\"name\":\"Bosch Expert svrdlo za kerami\u010dke plo\u010dice 10x90\"}]},{\"@type\":\"WebSite\",\"@id\":\"https:\/\/consortium.hr\/#website\",\"url\":\"https:\/\/consortium.hr\/\",\"name\":\"Consortium\",\"description\":\"Gra\u0111evinski Materijal - Odli\u010dna Ponuda i Cijena\",\"alternateName\":\"Gra\u0111evinski Materijal - Odli\u010dna Ponuda i Cijena\",\"potentialAction\":[{\"@type\":\"SearchAction\",\"target\":{\"@type\":\"EntryPoint\",\"urlTemplate\":\"https:\/\/consortium.hr\/?s={search_term_string}\"},\"query-input\":{\"@type\":\"PropertyValueSpecification\",\"valueRequired\":true,\"valueName\":\"search_term_string\"}}],\"inLanguage\":\"sl-SI\"}]}<\/script>\n<!-- \/ Yoast SEO plugin. -->","yoast_head_json":{"title":"Bosch Expert svrdlo za kerami\u010dke plo\u010dice 10x90 - Consortium","robots":{"index":"index","follow":"follow","max-snippet":"max-snippet:-1","max-image-preview":"max-image-preview:large","max-video-preview":"max-video-preview:-1"},"canonical":"https:\/\/consortium.hr\/sl\/product\/bosch-expert-svrdlo-za-keramicke-plocice-10x90\/","og_locale":"sl_SI","og_type":"article","og_title":"Bosch Expert svrdlo za kerami\u010dke plo\u010dice 10x90 - Consortium","og_description":"Svrdlo za meke kerami\u010dke plo\u010dice CYL-9 SoftCeramic standardni je izbor pri bu\u0161enju plo\u010dica Suho bu\u0161enje bez podmazivanja za prakti\u010dnu upotrebu Jednostavan dizajn bez spirale posebno je prikladan za bu\u0161enje kroz plo\u010dice Cilindri\u010dni prihvat kompatibilan je s tro\u010deljusnim steznim glavama","og_url":"https:\/\/consortium.hr\/sl\/product\/bosch-expert-svrdlo-za-keramicke-plocice-10x90\/","og_site_name":"Consortium","article_modified_time":"2026-01-16T07:23:05+00:00","og_image":[{"width":800,"height":800,"url":"https:\/\/consortium.hr\/wp-content\/uploads\/2025\/04\/Bosch-Expert-svrdlo-za-keramicke-plocice-10x90-1.png","type":"image\/png"}],"twitter_card":"summary_large_image","schema":{"@context":"https:\/\/schema.org","@graph":[{"@type":"WebPage","@id":"https:\/\/consortium.hr\/product\/bosch-expert-svrdlo-za-keramicke-plocice-10x90\/","url":"https:\/\/consortium.hr\/product\/bosch-expert-svrdlo-za-keramicke-plocice-10x90\/","name":"Bosch Expert svrdlo za kerami\u010dke plo\u010dice 10x90 - Consortium","isPartOf":{"@id":"https:\/\/consortium.hr\/#website"},"primaryImageOfPage":{"@id":"https:\/\/consortium.hr\/product\/bosch-expert-svrdlo-za-keramicke-plocice-10x90\/#primaryimage"},"image":{"@id":"https:\/\/consortium.hr\/product\/bosch-expert-svrdlo-za-keramicke-plocice-10x90\/#primaryimage"},"thumbnailUrl":"https:\/\/consortium.hr\/wp-content\/uploads\/2025\/04\/Bosch-Expert-svrdlo-za-keramicke-plocice-10x90-1.png","datePublished":"2025-04-17T06:32:45+00:00","dateModified":"2026-01-16T07:23:05+00:00","breadcrumb":{"@id":"https:\/\/consortium.hr\/product\/bosch-expert-svrdlo-za-keramicke-plocice-10x90\/#breadcrumb"},"inLanguage":"sl-SI","potentialAction":[{"@type":"ReadAction","target":["https:\/\/consortium.hr\/product\/bosch-expert-svrdlo-za-keramicke-plocice-10x90\/"]}]},{"@type":"ImageObject","inLanguage":"sl-SI","@id":"https:\/\/consortium.hr\/product\/bosch-expert-svrdlo-za-keramicke-plocice-10x90\/#primaryimage","url":"https:\/\/consortium.hr\/wp-content\/uploads\/2025\/04\/Bosch-Expert-svrdlo-za-keramicke-plocice-10x90-1.png","contentUrl":"https:\/\/consortium.hr\/wp-content\/uploads\/2025\/04\/Bosch-Expert-svrdlo-za-keramicke-plocice-10x90-1.png","width":800,"height":800},{"@type":"BreadcrumbList","@id":"https:\/\/consortium.hr\/product\/bosch-expert-svrdlo-za-keramicke-plocice-10x90\/#breadcrumb","itemListElement":[{"@type":"ListItem","position":1,"name":"Po\u010detna stranica","item":"https:\/\/consortium.hr\/sl\/"},{"@type":"ListItem","position":2,"name":"Shop","item":"https:\/\/consortium.hr\/sl\/shop\/"},{"@type":"ListItem","position":3,"name":"Bosch Expert svrdlo za kerami\u010dke plo\u010dice 10x90"}]},{"@type":"WebSite","@id":"https:\/\/consortium.hr\/#website","url":"https:\/\/consortium.hr\/","name":"Consortium","description":"Gra\u0111evinski Materijal - Odli\u010dna Ponuda i Cijena","alternateName":"Gra\u0111evinski Materijal - Odli\u010dna Ponuda i Cijena","potentialAction":[{"@type":"SearchAction","target":{"@type":"EntryPoint","urlTemplate":"https:\/\/consortium.hr\/?s={search_term_string}"},"query-input":{"@type":"PropertyValueSpecification","valueRequired":true,"valueName":"search_term_string"}}],"inLanguage":"sl-SI"}]}},"_links":{"self":[{"href":"https:\/\/consortium.hr\/sl\/wp-json\/wp\/v2\/product\/12272","targetHints":{"allow":["GET"]}}],"collection":[{"href":"https:\/\/consortium.hr\/sl\/wp-json\/wp\/v2\/product"}],"about":[{"href":"https:\/\/consortium.hr\/sl\/wp-json\/wp\/v2\/types\/product"}],"wp:featuredmedia":[{"embeddable":true,"href":"https:\/\/consortium.hr\/sl\/wp-json\/wp\/v2\/media\/12273"}],"wp:attachment":[{"href":"https:\/\/consortium.hr\/sl\/wp-json\/wp\/v2\/media?parent=12272"}],"wp:term":[{"taxonomy":"product_brand","embeddable":true,"href":"https:\/\/consortium.hr\/sl\/wp-json\/wp\/v2\/product_brand?post=12272"},{"taxonomy":"product_cat","embeddable":true,"href":"https:\/\/consortium.hr\/sl\/wp-json\/wp\/v2\/product_cat?post=12272"},{"taxonomy":"product_tag","embeddable":true,"href":"https:\/\/consortium.hr\/sl\/wp-json\/wp\/v2\/product_tag?post=12272"}],"curies":[{"name":"wp","href":"https:\/\/api.w.org\/{rel}","templated":true}]}}