{"id":1233,"date":"2021-03-02T12:59:33","date_gmt":"2021-03-02T12:59:33","guid":{"rendered":"https:\/\/consortium.hr\/product\/import-placeholder-for-719\/"},"modified":"2026-01-16T07:20:22","modified_gmt":"2026-01-16T07:20:22","slug":"id-paillett-zidna-zastita-bezbojna-0-75-l","status":"publish","type":"product","link":"https:\/\/consortium.hr\/sl\/product\/id-paillett-zidna-zastita-bezbojna-0-75-l\/","title":{"rendered":"id Paillett zidna za\u0161\u010dita brezbarvna 0,75 L"},"content":{"rendered":"<p><strong>\u2018id\u2019 PAILLETT ZA\u0160\u010cITA 0,75 L <\/strong><\/p>\n<p>Brezbarven mat univerzalni za\u0161\u010ditni premaz za svetle\u010d u\u010dinek na stenah notranjih prostorov. Vsebuje ble\u0161\u010dice, ki so podobne tistim v oblikovalski barvi za notranje prostore <a href=\"https:\/\/consortium.hr\/sl\/product\/id-paillett-zidni-2-l\/\" target=\"_blank\" rel=\"noopener\"><u>'id Paillett'<\/u><\/a> tako da z nanosom na isto ustvarimo \u0161e izrazitej\u0161i svetle\u010d u\u010dinek in za\u0161\u010dito pred pr\u0161enjem vode in made\u017ei.<\/p>\n<p>Nanesti ga je mogo\u010de tudi na vse druge popolnoma suhe, nezmazane in \u010diste pralne vodene barve.<\/p>\n<p>Akrilni premaz na vodni osnovi. Uporaba za \"naredi sam\".<\/p>\n<p>Pokritost: 1 L = \u00b115 m\u00b2, za 1 sloj na izjemno gladkih in nasi\u010denih podlagah.<\/p>\n<p>Omejitev odgovornosti: Z velikim ob\u010dutkom smo pripravili to ponudbo, vendar je va\u0161a odgovornost kot kupca, da preberete vse tukaj navedene informacije o izdelku, si ogledate videoposnetek uporabe, \u010de je na teh straneh na voljo, in \u010de je potrebno, na zahtevo prek kontaktov, navedenih na teh straneh, poi\u0161\u010dete dodatne podatke o izdelku in uporabi izdelka, pred naro\u010dilom, nakupom in\/ali uporabo tega. Navedene kvadrature pokritosti na liter izdelka so najnatan\u010dnej\u0161e mogo\u010de, vendar pribli\u017ene, saj se lahko pokritost ob\u010dutno razlikuje glede na stanje podlage, absorpcijo povr\u0161ine, teksturo podlage in na\u010din nanosa. Prikazi barv in u\u010dinkov izdelka na zaslonu so kar se da blizu dejanskim, vendar zaradi tehni\u010dnih omejitev prikaza na zaslonu morda niso 100 % dejanski, zato ne jam\u010dimo, da bo kon\u010dni rezultat uporabe izdelka enak tistemu, ki je prikazan na zaslonu. Vsekakor priporo\u010damo, da vedno najprej izvedete test s testnim nanosom izdelka na manj\u0161o povr\u0161ino in tako preverite, ali izdelek ustreza va\u0161im pri\u010dakovanjem, \u0161ele potem, ko ste prepri\u010dani, da ustreza, nadaljujte z nanosom na celotno povr\u0161ino. Ponudba in specifikacije izdelka so dane v najbolj\u0161i veri, glede na razpolo\u017eljive podatke, vendar brez jamstva, saj je nana\u0161anje in uporaba tega deklariranega \"naredi sam\" izdelka izven na\u0161e kontrole, s \u010dimer se strinjate in sprejmete z naro\u010dilom in\/ali nakupom.<\/p>\n<p>Proizvajalec<u>:<\/u> INITIATIVES DECORATION \u2013 FRANCIA<\/p>\n<p>Dr\u017eava porekla: EU - Francija<\/p>\n<p>&nbsp;<\/p>","protected":false},"excerpt":{"rendered":"<p>Bezbojan mat univerzalni za\u0161titni premaz za svjetlucavi efekt na zidovima interijera.<\/p>","protected":false},"featured_media":973,"template":"","meta":{"_acf_changed":false},"product_brand":[],"product_cat":[188,186],"product_tag":[],"class_list":{"0":"post-1233","1":"product","2":"type-product","3":"status-publish","4":"has-post-thumbnail","6":"product_cat-dekorativne-boje-za-zidove-i-dodaci","7":"product_cat-dekorativni-program","9":"first","10":"instock","11":"featured","12":"shipping-taxable","13":"purchasable","14":"product-type-simple"},"acf":[],"yoast_head":"<!-- This site is optimized with the Yoast SEO plugin v26.1.1 - https:\/\/yoast.com\/wordpress\/plugins\/seo\/ -->\n<title>id Paillett zidna za\u0161tita bezbojna 0.75 L - Consortium<\/title>\n<meta name=\"robots\" content=\"index, follow, max-snippet:-1, max-image-preview:large, max-video-preview:-1\" \/>\n<link rel=\"canonical\" href=\"https:\/\/consortium.hr\/sl\/product\/id-paillett-zidna-zastita-bezbojna-0-75-l\/\" \/>\n<meta property=\"og:locale\" content=\"sl_SI\" \/>\n<meta property=\"og:type\" content=\"article\" \/>\n<meta property=\"og:title\" content=\"id Paillett zidna za\u0161tita bezbojna 0.75 L - Consortium\" \/>\n<meta property=\"og:description\" content=\"Bezbojan mat univerzalni za\u0161titni premaz za svjetlucavi efekt na zidovima interijera.\" \/>\n<meta property=\"og:url\" content=\"https:\/\/consortium.hr\/sl\/product\/id-paillett-zidna-zastita-bezbojna-0-75-l\/\" \/>\n<meta property=\"og:site_name\" content=\"Consortium\" \/>\n<meta property=\"article:modified_time\" content=\"2026-01-16T07:20:22+00:00\" \/>\n<meta property=\"og:image\" content=\"https:\/\/consortium.hr\/wp-content\/uploads\/2021\/02\/id-PAILLETT-ZIDNA-ZASTITA-BEZBOJNA-075l.jpg\" \/>\n\t<meta property=\"og:image:width\" content=\"800\" \/>\n\t<meta property=\"og:image:height\" content=\"800\" \/>\n\t<meta property=\"og:image:type\" content=\"image\/jpeg\" \/>\n<meta name=\"twitter:card\" content=\"summary_large_image\" \/>\n<meta name=\"twitter:label1\" content=\"Est. reading time\" \/>\n\t<meta name=\"twitter:data1\" content=\"2 minuti\" \/>\n<script type=\"application\/ld+json\" class=\"yoast-schema-graph\">{\"@context\":\"https:\/\/schema.org\",\"@graph\":[{\"@type\":\"WebPage\",\"@id\":\"https:\/\/consortium.hr\/product\/id-paillett-zidna-zastita-bezbojna-0-75-l\/\",\"url\":\"https:\/\/consortium.hr\/product\/id-paillett-zidna-zastita-bezbojna-0-75-l\/\",\"name\":\"id Paillett zidna za\u0161tita bezbojna 0.75 L - Consortium\",\"isPartOf\":{\"@id\":\"https:\/\/consortium.hr\/#website\"},\"primaryImageOfPage\":{\"@id\":\"https:\/\/consortium.hr\/product\/id-paillett-zidna-zastita-bezbojna-0-75-l\/#primaryimage\"},\"image\":{\"@id\":\"https:\/\/consortium.hr\/product\/id-paillett-zidna-zastita-bezbojna-0-75-l\/#primaryimage\"},\"thumbnailUrl\":\"https:\/\/consortium.hr\/wp-content\/uploads\/2021\/02\/id-PAILLETT-ZIDNA-ZASTITA-BEZBOJNA-075l.jpg\",\"datePublished\":\"2021-03-02T12:59:33+00:00\",\"dateModified\":\"2026-01-16T07:20:22+00:00\",\"breadcrumb\":{\"@id\":\"https:\/\/consortium.hr\/product\/id-paillett-zidna-zastita-bezbojna-0-75-l\/#breadcrumb\"},\"inLanguage\":\"sl-SI\",\"potentialAction\":[{\"@type\":\"ReadAction\",\"target\":[\"https:\/\/consortium.hr\/product\/id-paillett-zidna-zastita-bezbojna-0-75-l\/\"]}]},{\"@type\":\"ImageObject\",\"inLanguage\":\"sl-SI\",\"@id\":\"https:\/\/consortium.hr\/product\/id-paillett-zidna-zastita-bezbojna-0-75-l\/#primaryimage\",\"url\":\"https:\/\/consortium.hr\/wp-content\/uploads\/2021\/02\/id-PAILLETT-ZIDNA-ZASTITA-BEZBOJNA-075l.jpg\",\"contentUrl\":\"https:\/\/consortium.hr\/wp-content\/uploads\/2021\/02\/id-PAILLETT-ZIDNA-ZASTITA-BEZBOJNA-075l.jpg\",\"width\":800,\"height\":800},{\"@type\":\"BreadcrumbList\",\"@id\":\"https:\/\/consortium.hr\/product\/id-paillett-zidna-zastita-bezbojna-0-75-l\/#breadcrumb\",\"itemListElement\":[{\"@type\":\"ListItem\",\"position\":1,\"name\":\"Po\u010detna stranica\",\"item\":\"https:\/\/consortium.hr\/sl\/\"},{\"@type\":\"ListItem\",\"position\":2,\"name\":\"Shop\",\"item\":\"https:\/\/consortium.hr\/sl\/shop\/\"},{\"@type\":\"ListItem\",\"position\":3,\"name\":\"id Paillett zidna za\u0161tita bezbojna 0.75 L\"}]},{\"@type\":\"WebSite\",\"@id\":\"https:\/\/consortium.hr\/#website\",\"url\":\"https:\/\/consortium.hr\/\",\"name\":\"Consortium\",\"description\":\"Gra\u0111evinski Materijal - Odli\u010dna Ponuda i Cijena\",\"alternateName\":\"Gra\u0111evinski Materijal - Odli\u010dna Ponuda i Cijena\",\"potentialAction\":[{\"@type\":\"SearchAction\",\"target\":{\"@type\":\"EntryPoint\",\"urlTemplate\":\"https:\/\/consortium.hr\/?s={search_term_string}\"},\"query-input\":{\"@type\":\"PropertyValueSpecification\",\"valueRequired\":true,\"valueName\":\"search_term_string\"}}],\"inLanguage\":\"sl-SI\"}]}<\/script>\n<!-- \/ Yoast SEO plugin. -->","yoast_head_json":{"title":"id Paillett zidna za\u0161tita bezbojna 0.75 L - Consortium","robots":{"index":"index","follow":"follow","max-snippet":"max-snippet:-1","max-image-preview":"max-image-preview:large","max-video-preview":"max-video-preview:-1"},"canonical":"https:\/\/consortium.hr\/sl\/product\/id-paillett-zidna-zastita-bezbojna-0-75-l\/","og_locale":"sl_SI","og_type":"article","og_title":"id Paillett zidna za\u0161tita bezbojna 0.75 L - Consortium","og_description":"Bezbojan mat univerzalni za\u0161titni premaz za svjetlucavi efekt na zidovima interijera.","og_url":"https:\/\/consortium.hr\/sl\/product\/id-paillett-zidna-zastita-bezbojna-0-75-l\/","og_site_name":"Consortium","article_modified_time":"2026-01-16T07:20:22+00:00","og_image":[{"width":800,"height":800,"url":"https:\/\/consortium.hr\/wp-content\/uploads\/2021\/02\/id-PAILLETT-ZIDNA-ZASTITA-BEZBOJNA-075l.jpg","type":"image\/jpeg"}],"twitter_card":"summary_large_image","twitter_misc":{"Est. reading time":"2 minuti"},"schema":{"@context":"https:\/\/schema.org","@graph":[{"@type":"WebPage","@id":"https:\/\/consortium.hr\/product\/id-paillett-zidna-zastita-bezbojna-0-75-l\/","url":"https:\/\/consortium.hr\/product\/id-paillett-zidna-zastita-bezbojna-0-75-l\/","name":"id Paillett zidna za\u0161tita bezbojna 0.75 L - Consortium","isPartOf":{"@id":"https:\/\/consortium.hr\/#website"},"primaryImageOfPage":{"@id":"https:\/\/consortium.hr\/product\/id-paillett-zidna-zastita-bezbojna-0-75-l\/#primaryimage"},"image":{"@id":"https:\/\/consortium.hr\/product\/id-paillett-zidna-zastita-bezbojna-0-75-l\/#primaryimage"},"thumbnailUrl":"https:\/\/consortium.hr\/wp-content\/uploads\/2021\/02\/id-PAILLETT-ZIDNA-ZASTITA-BEZBOJNA-075l.jpg","datePublished":"2021-03-02T12:59:33+00:00","dateModified":"2026-01-16T07:20:22+00:00","breadcrumb":{"@id":"https:\/\/consortium.hr\/product\/id-paillett-zidna-zastita-bezbojna-0-75-l\/#breadcrumb"},"inLanguage":"sl-SI","potentialAction":[{"@type":"ReadAction","target":["https:\/\/consortium.hr\/product\/id-paillett-zidna-zastita-bezbojna-0-75-l\/"]}]},{"@type":"ImageObject","inLanguage":"sl-SI","@id":"https:\/\/consortium.hr\/product\/id-paillett-zidna-zastita-bezbojna-0-75-l\/#primaryimage","url":"https:\/\/consortium.hr\/wp-content\/uploads\/2021\/02\/id-PAILLETT-ZIDNA-ZASTITA-BEZBOJNA-075l.jpg","contentUrl":"https:\/\/consortium.hr\/wp-content\/uploads\/2021\/02\/id-PAILLETT-ZIDNA-ZASTITA-BEZBOJNA-075l.jpg","width":800,"height":800},{"@type":"BreadcrumbList","@id":"https:\/\/consortium.hr\/product\/id-paillett-zidna-zastita-bezbojna-0-75-l\/#breadcrumb","itemListElement":[{"@type":"ListItem","position":1,"name":"Po\u010detna stranica","item":"https:\/\/consortium.hr\/sl\/"},{"@type":"ListItem","position":2,"name":"Shop","item":"https:\/\/consortium.hr\/sl\/shop\/"},{"@type":"ListItem","position":3,"name":"id Paillett zidna za\u0161tita bezbojna 0.75 L"}]},{"@type":"WebSite","@id":"https:\/\/consortium.hr\/#website","url":"https:\/\/consortium.hr\/","name":"Consortium","description":"Gra\u0111evinski Materijal - Odli\u010dna Ponuda i Cijena","alternateName":"Gra\u0111evinski Materijal - Odli\u010dna Ponuda i Cijena","potentialAction":[{"@type":"SearchAction","target":{"@type":"EntryPoint","urlTemplate":"https:\/\/consortium.hr\/?s={search_term_string}"},"query-input":{"@type":"PropertyValueSpecification","valueRequired":true,"valueName":"search_term_string"}}],"inLanguage":"sl-SI"}]}},"_links":{"self":[{"href":"https:\/\/consortium.hr\/sl\/wp-json\/wp\/v2\/product\/1233","targetHints":{"allow":["GET"]}}],"collection":[{"href":"https:\/\/consortium.hr\/sl\/wp-json\/wp\/v2\/product"}],"about":[{"href":"https:\/\/consortium.hr\/sl\/wp-json\/wp\/v2\/types\/product"}],"wp:featuredmedia":[{"embeddable":true,"href":"https:\/\/consortium.hr\/sl\/wp-json\/wp\/v2\/media\/973"}],"wp:attachment":[{"href":"https:\/\/consortium.hr\/sl\/wp-json\/wp\/v2\/media?parent=1233"}],"wp:term":[{"taxonomy":"product_brand","embeddable":true,"href":"https:\/\/consortium.hr\/sl\/wp-json\/wp\/v2\/product_brand?post=1233"},{"taxonomy":"product_cat","embeddable":true,"href":"https:\/\/consortium.hr\/sl\/wp-json\/wp\/v2\/product_cat?post=1233"},{"taxonomy":"product_tag","embeddable":true,"href":"https:\/\/consortium.hr\/sl\/wp-json\/wp\/v2\/product_tag?post=1233"}],"curies":[{"name":"wp","href":"https:\/\/api.w.org\/{rel}","templated":true}]}}