{"id":1237,"date":"2021-03-02T12:59:34","date_gmt":"2021-03-02T12:59:34","guid":{"rendered":"https:\/\/consortium.hr\/product\/import-placeholder-for-723\/"},"modified":"2026-04-08T05:13:25","modified_gmt":"2026-04-08T05:13:25","slug":"id-sable-de-ete-2-l","status":"publish","type":"product","link":"https:\/\/consortium.hr\/sl\/product\/id-sable-de-ete-2-l\/","title":{"rendered":"id Sable de Ete 2 L"},"content":{"rendered":"<p>Dizajnerska barva z u\u010dinkom peska + \u010distilec zraka v prostoru.<\/p>\n<p>Akrilna mat hitro su\u0161e\u010da barva na vodni osnovi. Odpornost proti mokremu drgnjenju. <em>DIY<\/em> uporaba, nanesite samo en sloj. Po potrebi razred\u010dite z do 5 % vode. Ni primerna za zunanje prostore.<\/p>\n<p>Poraba: 2 L = teoreti\u010dno 8 do 14 m\u00b2, v enem tankem sloju na zelo gladki in nasi\u010deni podlagi, mo\u010dno odvisno od podlage, orodja in nanosa. To\u010dno porabo dolo\u010dite z preizkusom na za\u010detni manj\u0161ih povr\u0161inah.<\/p>\n<p>BARVA S FUNKCIJO \u010cISTILCA ZRAKA V PROSTORU: Anti-formaldehidna barva, ki odstrani do 64 % formaldehida iz zraka, s katerim pride v stik, skozi kro\u017eenje zraka v prostoru (metoda po standardu ISO 16000-23, norma \u0395\u039d ISO 16000-3, EU preizku\u0161anje 'Eurofins Danska', Poro\u010dilo \u0161t. 392-2014-0018380 1-03, na voljo za vpogled pri distributerju na zahtevo). Izbolj\u0161a zdravstvene pogoje bivanja in prisotnosti. Formaldehid je glavni alergeni onesna\u017eevalec v bivalnih prostorih, kjer nenehno izhlapi iz skoraj vseh kemi\u010dnih izdelkov, ki nas obdajajo: pohi\u0161tva, predvsem preprog, gradbenega materiala, lepil (za talne obloge, parket, furnir, iverne plo\u0161\u010de \u2026), plastike, iz topilnih barv in premazov, malte, kemikalij itd. Vse te snovi v ve\u010dji ali manj\u0161i meri nenehno oddajajo izhlapevanje formaldehida. Zaradi svoje funkcije \u010di\u0161\u010denja zraka od formaldehida je \u2018id\u2019 SABLE de ETE \u0161e posebej primeren za barvanje sten v vseh notranjih prostorih, kjer bivajo ali \u017eivijo osebe z ve\u010djo ob\u010dutljivostjo dihalnega in\/ali imunskega sistema, kot so: stanovanja (zlasti otro\u0161ke in spalnice), bolni\u0161nice, vrtec, \u0161ole, medicinske in zdravstvene ustanove, domovi za starej\u0161e in invalidne osebe, javni prostori, hoteli, restavracije in vsi notranji prostori, kjer se zadr\u017euje in biva ve\u010dje \u0161tevilo ljudi.<\/p>\n<p>Ta izdelek je deklariran za DIY (naredi sam) uporabo, saj je pripravljen za uporabo neposredno iz embala\u017ee in ne zahteva strokovne obdelave pred nana\u0161anjem, ni nevaren za zdravje pri uporabi v notranjih prostorih in ne zahteva posebne profesionalne opreme ali za\u0161\u010dite. Zato za ta izdelek ni licenciranega izvajalca ali nadzora pri namestitvi s strani proizvajalca.<\/p>\n<p>Izjava o omejitvi odgovornosti: Ponudba je bila pripravljena z veliko pozornostjo, vendar je odgovornost kupca, da prebere vse tukaj navedene podatke o izdelku, si ogleda video navodila za uporabo, \u010de je na voljo na teh straneh, in po potrebi, na zahtevo prek kontaktov, navedenih na teh straneh, zahteva dodatne informacije o izdelku in njegovi uporabi, preden odda naro\u010dilo, opravi nakup in\/ali uporablja izdelek. Navedene povr\u0161ine pokritosti na liter izdelka so \u010dim natan\u010dnej\u0161e, vendar so pribli\u017ene, saj se prekrivnost lahko znatno spreminja glede na stanje podlage, vpijanje, teksturo podlage in na\u010din nana\u0161anja. Prikaz barv in u\u010dinkov izdelka na zaslonu je \u010dim bli\u017eje dejanskim, vendar zaradi tehni\u010dnih omejitev zaslona ni mogo\u010de zagotoviti 100% natan\u010dnosti, zato ne jam\u010dimo, da bo kon\u010dni rezultat uporabljenega izdelka enak tistemu, prikazanemu na zaslonu. Priporo\u010damo, da VEDNO najprej opravite test na manj\u0161ih povr\u0161inah, da preverite, ali izdelek ustreza va\u0161im pri\u010dakovanjem, in \u0161ele, ko ste prepri\u010dani, da izdelek izpolnjuje va\u0161a pri\u010dakovanja, nadaljujte z nana\u0161anjem na celotno povr\u0161ino. Navedena ponudba in specifikacije izdelka so dane v najbolj\u0161i veri, na podlagi na\u0161ih razpolo\u017eljivih informacij, vendar brez jamstva, saj je nana\u0161anje in uporaba tega izdelka, ki je deklariran kot izdelek za samostojno uporabo, izven na\u0161ega nadzora, s \u010dimer se strinjate in sprejemate ob oddaji naro\u010dila in\/ali nakupu.<\/p>\n<p>Proizvajalec: INITIATIVES DECORATION \u2013 FRANCIA<\/p>\n<p><a href=\"http:\/\/www.id-paris.com\" target=\"_blank\" rel=\"noopener\">www.id-paris.com<\/a><\/p>\n<p>Dr\u017eava porekla: EU \u2013 Francija<\/p>\n<p>Povezava na video uporabe:<\/p>\n<p><a href=\"https:\/\/youtu.be\/8MkNqxB6YM8\" target=\"_blank\" rel=\"noopener\">https:\/\/youtu.be\/8MkNqxB6YM8<\/a><\/p>","protected":false},"excerpt":{"rendered":"<p>Dizajnerska barva z u\u010dinkom peska + \u010distilec zraka v prostoru.<\/p>","protected":false},"featured_media":1053,"template":"","meta":{"_acf_changed":false},"product_brand":[],"product_cat":[188,186],"product_tag":[],"class_list":{"0":"post-1237","1":"product","2":"type-product","3":"status-publish","4":"has-post-thumbnail","6":"product_cat-dekorativne-boje-za-zidove-i-dodaci","7":"product_cat-dekorativni-program","9":"first","10":"outofstock","11":"shipping-taxable","12":"purchasable","13":"product-type-variable","14":"wvs-archive-product-wrapper"},"acf":[],"yoast_head":"<!-- This site is optimized with the Yoast SEO plugin v26.1.1 - https:\/\/yoast.com\/wordpress\/plugins\/seo\/ -->\n<title>id Sable de Ete 2 L - Consortium<\/title>\n<meta name=\"robots\" content=\"index, follow, max-snippet:-1, max-image-preview:large, max-video-preview:-1\" \/>\n<link rel=\"canonical\" href=\"https:\/\/consortium.hr\/sl\/product\/id-sable-de-ete-2-l\/\" \/>\n<meta property=\"og:locale\" content=\"sl_SI\" \/>\n<meta property=\"og:type\" content=\"article\" \/>\n<meta property=\"og:title\" content=\"id Sable de Ete 2 L - Consortium\" \/>\n<meta property=\"og:description\" content=\"Dizajnerska boja s efektom pijeska + pro\u010dista\u0107 zraka u prostoriji .\" \/>\n<meta property=\"og:url\" content=\"https:\/\/consortium.hr\/sl\/product\/id-sable-de-ete-2-l\/\" \/>\n<meta property=\"og:site_name\" content=\"Consortium\" \/>\n<meta property=\"article:modified_time\" content=\"2026-04-08T05:13:25+00:00\" \/>\n<meta property=\"og:image\" content=\"https:\/\/consortium.hr\/wp-content\/uploads\/2021\/02\/\u2018id-SABLE-de-ETE-1.jpg\" \/>\n\t<meta property=\"og:image:width\" content=\"800\" \/>\n\t<meta property=\"og:image:height\" content=\"800\" \/>\n\t<meta property=\"og:image:type\" content=\"image\/jpeg\" \/>\n<meta name=\"twitter:card\" content=\"summary_large_image\" \/>\n<meta name=\"twitter:label1\" content=\"Est. reading time\" \/>\n\t<meta name=\"twitter:data1\" content=\"3 minute\" \/>\n<script type=\"application\/ld+json\" class=\"yoast-schema-graph\">{\"@context\":\"https:\/\/schema.org\",\"@graph\":[{\"@type\":\"WebPage\",\"@id\":\"https:\/\/consortium.hr\/product\/id-sable-de-ete-2-l\/\",\"url\":\"https:\/\/consortium.hr\/product\/id-sable-de-ete-2-l\/\",\"name\":\"id Sable de Ete 2 L - Consortium\",\"isPartOf\":{\"@id\":\"https:\/\/consortium.hr\/#website\"},\"primaryImageOfPage\":{\"@id\":\"https:\/\/consortium.hr\/product\/id-sable-de-ete-2-l\/#primaryimage\"},\"image\":{\"@id\":\"https:\/\/consortium.hr\/product\/id-sable-de-ete-2-l\/#primaryimage\"},\"thumbnailUrl\":\"https:\/\/consortium.hr\/wp-content\/uploads\/2021\/02\/\u2018id-SABLE-de-ETE-1.jpg\",\"datePublished\":\"2021-03-02T12:59:34+00:00\",\"dateModified\":\"2026-04-08T05:13:25+00:00\",\"breadcrumb\":{\"@id\":\"https:\/\/consortium.hr\/product\/id-sable-de-ete-2-l\/#breadcrumb\"},\"inLanguage\":\"sl-SI\",\"potentialAction\":[{\"@type\":\"ReadAction\",\"target\":[\"https:\/\/consortium.hr\/product\/id-sable-de-ete-2-l\/\"]}]},{\"@type\":\"ImageObject\",\"inLanguage\":\"sl-SI\",\"@id\":\"https:\/\/consortium.hr\/product\/id-sable-de-ete-2-l\/#primaryimage\",\"url\":\"https:\/\/consortium.hr\/wp-content\/uploads\/2021\/02\/\u2018id-SABLE-de-ETE-1.jpg\",\"contentUrl\":\"https:\/\/consortium.hr\/wp-content\/uploads\/2021\/02\/\u2018id-SABLE-de-ETE-1.jpg\",\"width\":800,\"height\":800},{\"@type\":\"BreadcrumbList\",\"@id\":\"https:\/\/consortium.hr\/product\/id-sable-de-ete-2-l\/#breadcrumb\",\"itemListElement\":[{\"@type\":\"ListItem\",\"position\":1,\"name\":\"Po\u010detna stranica\",\"item\":\"https:\/\/consortium.hr\/sl\/\"},{\"@type\":\"ListItem\",\"position\":2,\"name\":\"Shop\",\"item\":\"https:\/\/consortium.hr\/sl\/shop\/\"},{\"@type\":\"ListItem\",\"position\":3,\"name\":\"id Sable de Ete 2 L\"}]},{\"@type\":\"WebSite\",\"@id\":\"https:\/\/consortium.hr\/#website\",\"url\":\"https:\/\/consortium.hr\/\",\"name\":\"Consortium\",\"description\":\"Gra\u0111evinski Materijal - Odli\u010dna Ponuda i Cijena\",\"alternateName\":\"Gra\u0111evinski Materijal - Odli\u010dna Ponuda i Cijena\",\"potentialAction\":[{\"@type\":\"SearchAction\",\"target\":{\"@type\":\"EntryPoint\",\"urlTemplate\":\"https:\/\/consortium.hr\/?s={search_term_string}\"},\"query-input\":{\"@type\":\"PropertyValueSpecification\",\"valueRequired\":true,\"valueName\":\"search_term_string\"}}],\"inLanguage\":\"sl-SI\"}]}<\/script>\n<!-- \/ Yoast SEO plugin. -->","yoast_head_json":{"title":"id Sable de Ete 2 L - Consortium","robots":{"index":"index","follow":"follow","max-snippet":"max-snippet:-1","max-image-preview":"max-image-preview:large","max-video-preview":"max-video-preview:-1"},"canonical":"https:\/\/consortium.hr\/sl\/product\/id-sable-de-ete-2-l\/","og_locale":"sl_SI","og_type":"article","og_title":"id Sable de Ete 2 L - Consortium","og_description":"Dizajnerska boja s efektom pijeska + pro\u010dista\u0107 zraka u prostoriji .","og_url":"https:\/\/consortium.hr\/sl\/product\/id-sable-de-ete-2-l\/","og_site_name":"Consortium","article_modified_time":"2026-04-08T05:13:25+00:00","og_image":[{"width":800,"height":800,"url":"https:\/\/consortium.hr\/wp-content\/uploads\/2021\/02\/\u2018id-SABLE-de-ETE-1.jpg","type":"image\/jpeg"}],"twitter_card":"summary_large_image","twitter_misc":{"Est. reading time":"3 minute"},"schema":{"@context":"https:\/\/schema.org","@graph":[{"@type":"WebPage","@id":"https:\/\/consortium.hr\/product\/id-sable-de-ete-2-l\/","url":"https:\/\/consortium.hr\/product\/id-sable-de-ete-2-l\/","name":"id Sable de Ete 2 L - Consortium","isPartOf":{"@id":"https:\/\/consortium.hr\/#website"},"primaryImageOfPage":{"@id":"https:\/\/consortium.hr\/product\/id-sable-de-ete-2-l\/#primaryimage"},"image":{"@id":"https:\/\/consortium.hr\/product\/id-sable-de-ete-2-l\/#primaryimage"},"thumbnailUrl":"https:\/\/consortium.hr\/wp-content\/uploads\/2021\/02\/\u2018id-SABLE-de-ETE-1.jpg","datePublished":"2021-03-02T12:59:34+00:00","dateModified":"2026-04-08T05:13:25+00:00","breadcrumb":{"@id":"https:\/\/consortium.hr\/product\/id-sable-de-ete-2-l\/#breadcrumb"},"inLanguage":"sl-SI","potentialAction":[{"@type":"ReadAction","target":["https:\/\/consortium.hr\/product\/id-sable-de-ete-2-l\/"]}]},{"@type":"ImageObject","inLanguage":"sl-SI","@id":"https:\/\/consortium.hr\/product\/id-sable-de-ete-2-l\/#primaryimage","url":"https:\/\/consortium.hr\/wp-content\/uploads\/2021\/02\/\u2018id-SABLE-de-ETE-1.jpg","contentUrl":"https:\/\/consortium.hr\/wp-content\/uploads\/2021\/02\/\u2018id-SABLE-de-ETE-1.jpg","width":800,"height":800},{"@type":"BreadcrumbList","@id":"https:\/\/consortium.hr\/product\/id-sable-de-ete-2-l\/#breadcrumb","itemListElement":[{"@type":"ListItem","position":1,"name":"Po\u010detna stranica","item":"https:\/\/consortium.hr\/sl\/"},{"@type":"ListItem","position":2,"name":"Shop","item":"https:\/\/consortium.hr\/sl\/shop\/"},{"@type":"ListItem","position":3,"name":"id Sable de Ete 2 L"}]},{"@type":"WebSite","@id":"https:\/\/consortium.hr\/#website","url":"https:\/\/consortium.hr\/","name":"Consortium","description":"Gra\u0111evinski Materijal - Odli\u010dna Ponuda i Cijena","alternateName":"Gra\u0111evinski Materijal - Odli\u010dna Ponuda i Cijena","potentialAction":[{"@type":"SearchAction","target":{"@type":"EntryPoint","urlTemplate":"https:\/\/consortium.hr\/?s={search_term_string}"},"query-input":{"@type":"PropertyValueSpecification","valueRequired":true,"valueName":"search_term_string"}}],"inLanguage":"sl-SI"}]}},"_links":{"self":[{"href":"https:\/\/consortium.hr\/sl\/wp-json\/wp\/v2\/product\/1237","targetHints":{"allow":["GET"]}}],"collection":[{"href":"https:\/\/consortium.hr\/sl\/wp-json\/wp\/v2\/product"}],"about":[{"href":"https:\/\/consortium.hr\/sl\/wp-json\/wp\/v2\/types\/product"}],"wp:featuredmedia":[{"embeddable":true,"href":"https:\/\/consortium.hr\/sl\/wp-json\/wp\/v2\/media\/1053"}],"wp:attachment":[{"href":"https:\/\/consortium.hr\/sl\/wp-json\/wp\/v2\/media?parent=1237"}],"wp:term":[{"taxonomy":"product_brand","embeddable":true,"href":"https:\/\/consortium.hr\/sl\/wp-json\/wp\/v2\/product_brand?post=1237"},{"taxonomy":"product_cat","embeddable":true,"href":"https:\/\/consortium.hr\/sl\/wp-json\/wp\/v2\/product_cat?post=1237"},{"taxonomy":"product_tag","embeddable":true,"href":"https:\/\/consortium.hr\/sl\/wp-json\/wp\/v2\/product_tag?post=1237"}],"curies":[{"name":"wp","href":"https:\/\/api.w.org\/{rel}","templated":true}]}}