{"id":1238,"date":"2021-03-02T12:59:34","date_gmt":"2021-03-02T12:59:34","guid":{"rendered":"https:\/\/consortium.hr\/product\/import-placeholder-for-724\/"},"modified":"2026-01-16T07:20:19","modified_gmt":"2026-01-16T07:20:19","slug":"id-deco-gladilica-inox","status":"publish","type":"product","link":"https:\/\/consortium.hr\/sl\/product\/id-deco-gladilica-inox\/","title":{"rendered":"id Deco gladilka inox"},"content":{"rendered":"<p>Dimenzija (V x \u0160): 11,5 cm x 15 cm<\/p>\n<p>Te\u017ea: 85 g<\/p>\n<p>Orodje za dekorativne tehnike<\/p>\n<p>Zelo lahka, a mo\u010dna in vzdr\u017eljiva lopatica iz najkakovostnej\u0161ega nerjave\u010dega jekla.<\/p>\n<p>Zaradi posebne oblike je idealna za nana\u0161anje in glajenje barv ter premazov na stene in tla.<\/p>\n<p>Univerzalno ro\u010dno orodje, \u0161e posebej primerno za natan\u010dno in kreativno nana\u0161anje tankih in debelih slojev premazov z neposrednim ob\u010dutkom nanosa na dlani in prstih, saj nima klasi\u010dnega ro\u010daja.<\/p>\n<p>Zaradi majhne te\u017ee je odli\u010dna tako za \"naredi sam\" uporabnike kot tudi za profesionalce, \u0161e posebej pri dolgotrajnem delu, saj ne obremenjuje roke.<\/p>\n<p>Idealno orodje za nana\u0161anje dizajnerskih barv in premazov: <a href=\"https:\/\/consortium.hr\/sl\/product\/id-loft-original-beton\/\" target=\"_blank\" rel=\"noopener\"><u>'id Loft Beton Original'<\/u><\/a>, <a href=\"https:\/\/consortium.hr\/sl\/product\/id-perle-de-nacre-zidni\/\" target=\"_blank\" rel=\"noopener\"><u>'id Perle de Nacre'<\/u><\/a>, <a href=\"https:\/\/consortium.hr\/sl\/product\/id-nacre-mat\/\" target=\"_blank\" rel=\"noopener\">'id Nacre &amp; Mat'.<\/a>, 'id Metal Intense' in vseh podobnih barv ter dekorativnih tehnik, ki zahtevajo nana\u0161anje z dekorativno lopatico.<\/p>\n<p>Izjava o odgovornosti: Z veliko pozornostjo smo pripravili zgoraj navedeno ponudbo, vendar je va\u0161a odgovornost kot kupca, da preberete vse tukaj navedene podatke o izdelku, in po potrebi pogledate videoposnetke o uporabi, \u010de so na voljo na teh straneh. \u010ce je potrebno, zahtevajte dodatne informacije o izdelku in njegovi uporabi prek kontaktnih informacij, navedenih na teh straneh, pred naro\u010dilom, nakupom in\/ali uporabo. Prikazi barv in u\u010dinkov izdelka na zaslonu so \u010dim bolj blizu realnemu, vendar zaradi tehni\u010dnih omejitev prikaza na zaslonu ne morejo biti 100 % resni\u010dni, zato ne zagotavljamo, da bo kon\u010dni rezultat uporabe izdelka enak prikazanemu na zaslonu. Priporo\u010damo, da VEDNO najprej naredite testni nanos na manj\u0161i povr\u0161ini in tako preverite, ali izdelek ustreza va\u0161im pri\u010dakovanjem, in \u0161ele nato nadaljujete z nanosom na celotno povr\u0161ino. Navedena ponudba in specifikacije izdelka so podane v dobri veri, glede na nam dostopne podatke, vendar brez jamstva, saj je nanos in uporaba tega deklariranega \"naredi sam\" izdelka zunaj na\u0161ega nadzora, kar sprejmete in potrdite z naro\u010dilom in\/ali nakupom.<\/p>\n<p>Proizvajalec<u>:<\/u> INITIATIVES DECORATION \u2013 FRANCIA<\/p>\n<p>Dr\u017eava porekla: EU - Francija<\/p>","protected":false},"excerpt":{"rendered":"<p>Alat za dekorativne tehnike.<\/p>","protected":false},"featured_media":1069,"template":"","meta":{"_acf_changed":false},"product_brand":[],"product_cat":[222,293],"product_tag":[],"class_list":{"0":"post-1238","1":"product","2":"type-product","3":"status-publish","4":"has-post-thumbnail","6":"product_cat-alati","7":"product_cat-alati-za-dekorativne-tehnike","9":"first","10":"instock","11":"shipping-taxable","12":"purchasable","13":"product-type-simple"},"acf":[],"yoast_head":"<!-- This site is optimized with the Yoast SEO plugin v26.1.1 - https:\/\/yoast.com\/wordpress\/plugins\/seo\/ -->\n<title>id Deco gladilica inox - Consortium<\/title>\n<meta name=\"robots\" content=\"index, follow, max-snippet:-1, max-image-preview:large, max-video-preview:-1\" \/>\n<link rel=\"canonical\" href=\"https:\/\/consortium.hr\/sl\/product\/id-deco-gladilica-inox\/\" \/>\n<meta property=\"og:locale\" content=\"sl_SI\" \/>\n<meta property=\"og:type\" content=\"article\" \/>\n<meta property=\"og:title\" content=\"id Deco gladilica inox - Consortium\" \/>\n<meta property=\"og:description\" content=\"Alat za dekorativne tehnike.\" \/>\n<meta property=\"og:url\" content=\"https:\/\/consortium.hr\/sl\/product\/id-deco-gladilica-inox\/\" \/>\n<meta property=\"og:site_name\" content=\"Consortium\" \/>\n<meta property=\"article:modified_time\" content=\"2026-01-16T07:20:19+00:00\" \/>\n<meta property=\"og:image\" content=\"https:\/\/consortium.hr\/wp-content\/uploads\/2021\/02\/id-Deco-Gladilica-Inox.jpg\" \/>\n\t<meta property=\"og:image:width\" content=\"800\" \/>\n\t<meta property=\"og:image:height\" content=\"800\" \/>\n\t<meta property=\"og:image:type\" content=\"image\/jpeg\" \/>\n<meta name=\"twitter:card\" content=\"summary_large_image\" \/>\n<meta name=\"twitter:label1\" content=\"Est. reading time\" \/>\n\t<meta name=\"twitter:data1\" content=\"2 minuti\" \/>\n<script type=\"application\/ld+json\" class=\"yoast-schema-graph\">{\"@context\":\"https:\/\/schema.org\",\"@graph\":[{\"@type\":\"WebPage\",\"@id\":\"https:\/\/consortium.hr\/product\/id-deco-gladilica-inox\/\",\"url\":\"https:\/\/consortium.hr\/product\/id-deco-gladilica-inox\/\",\"name\":\"id Deco gladilica inox - Consortium\",\"isPartOf\":{\"@id\":\"https:\/\/consortium.hr\/#website\"},\"primaryImageOfPage\":{\"@id\":\"https:\/\/consortium.hr\/product\/id-deco-gladilica-inox\/#primaryimage\"},\"image\":{\"@id\":\"https:\/\/consortium.hr\/product\/id-deco-gladilica-inox\/#primaryimage\"},\"thumbnailUrl\":\"https:\/\/consortium.hr\/wp-content\/uploads\/2021\/02\/id-Deco-Gladilica-Inox.jpg\",\"datePublished\":\"2021-03-02T12:59:34+00:00\",\"dateModified\":\"2026-01-16T07:20:19+00:00\",\"breadcrumb\":{\"@id\":\"https:\/\/consortium.hr\/product\/id-deco-gladilica-inox\/#breadcrumb\"},\"inLanguage\":\"sl-SI\",\"potentialAction\":[{\"@type\":\"ReadAction\",\"target\":[\"https:\/\/consortium.hr\/product\/id-deco-gladilica-inox\/\"]}]},{\"@type\":\"ImageObject\",\"inLanguage\":\"sl-SI\",\"@id\":\"https:\/\/consortium.hr\/product\/id-deco-gladilica-inox\/#primaryimage\",\"url\":\"https:\/\/consortium.hr\/wp-content\/uploads\/2021\/02\/id-Deco-Gladilica-Inox.jpg\",\"contentUrl\":\"https:\/\/consortium.hr\/wp-content\/uploads\/2021\/02\/id-Deco-Gladilica-Inox.jpg\",\"width\":800,\"height\":800},{\"@type\":\"BreadcrumbList\",\"@id\":\"https:\/\/consortium.hr\/product\/id-deco-gladilica-inox\/#breadcrumb\",\"itemListElement\":[{\"@type\":\"ListItem\",\"position\":1,\"name\":\"Po\u010detna stranica\",\"item\":\"https:\/\/consortium.hr\/sl\/\"},{\"@type\":\"ListItem\",\"position\":2,\"name\":\"Shop\",\"item\":\"https:\/\/consortium.hr\/sl\/shop\/\"},{\"@type\":\"ListItem\",\"position\":3,\"name\":\"id Deco gladilica inox\"}]},{\"@type\":\"WebSite\",\"@id\":\"https:\/\/consortium.hr\/#website\",\"url\":\"https:\/\/consortium.hr\/\",\"name\":\"Consortium\",\"description\":\"Gra\u0111evinski Materijal - Odli\u010dna Ponuda i Cijena\",\"alternateName\":\"Gra\u0111evinski Materijal - Odli\u010dna Ponuda i Cijena\",\"potentialAction\":[{\"@type\":\"SearchAction\",\"target\":{\"@type\":\"EntryPoint\",\"urlTemplate\":\"https:\/\/consortium.hr\/?s={search_term_string}\"},\"query-input\":{\"@type\":\"PropertyValueSpecification\",\"valueRequired\":true,\"valueName\":\"search_term_string\"}}],\"inLanguage\":\"sl-SI\"}]}<\/script>\n<!-- \/ Yoast SEO plugin. -->","yoast_head_json":{"title":"id Deco gladilica inox - Consortium","robots":{"index":"index","follow":"follow","max-snippet":"max-snippet:-1","max-image-preview":"max-image-preview:large","max-video-preview":"max-video-preview:-1"},"canonical":"https:\/\/consortium.hr\/sl\/product\/id-deco-gladilica-inox\/","og_locale":"sl_SI","og_type":"article","og_title":"id Deco gladilica inox - Consortium","og_description":"Alat za dekorativne tehnike.","og_url":"https:\/\/consortium.hr\/sl\/product\/id-deco-gladilica-inox\/","og_site_name":"Consortium","article_modified_time":"2026-01-16T07:20:19+00:00","og_image":[{"width":800,"height":800,"url":"https:\/\/consortium.hr\/wp-content\/uploads\/2021\/02\/id-Deco-Gladilica-Inox.jpg","type":"image\/jpeg"}],"twitter_card":"summary_large_image","twitter_misc":{"Est. reading time":"2 minuti"},"schema":{"@context":"https:\/\/schema.org","@graph":[{"@type":"WebPage","@id":"https:\/\/consortium.hr\/product\/id-deco-gladilica-inox\/","url":"https:\/\/consortium.hr\/product\/id-deco-gladilica-inox\/","name":"id Deco gladilica inox - Consortium","isPartOf":{"@id":"https:\/\/consortium.hr\/#website"},"primaryImageOfPage":{"@id":"https:\/\/consortium.hr\/product\/id-deco-gladilica-inox\/#primaryimage"},"image":{"@id":"https:\/\/consortium.hr\/product\/id-deco-gladilica-inox\/#primaryimage"},"thumbnailUrl":"https:\/\/consortium.hr\/wp-content\/uploads\/2021\/02\/id-Deco-Gladilica-Inox.jpg","datePublished":"2021-03-02T12:59:34+00:00","dateModified":"2026-01-16T07:20:19+00:00","breadcrumb":{"@id":"https:\/\/consortium.hr\/product\/id-deco-gladilica-inox\/#breadcrumb"},"inLanguage":"sl-SI","potentialAction":[{"@type":"ReadAction","target":["https:\/\/consortium.hr\/product\/id-deco-gladilica-inox\/"]}]},{"@type":"ImageObject","inLanguage":"sl-SI","@id":"https:\/\/consortium.hr\/product\/id-deco-gladilica-inox\/#primaryimage","url":"https:\/\/consortium.hr\/wp-content\/uploads\/2021\/02\/id-Deco-Gladilica-Inox.jpg","contentUrl":"https:\/\/consortium.hr\/wp-content\/uploads\/2021\/02\/id-Deco-Gladilica-Inox.jpg","width":800,"height":800},{"@type":"BreadcrumbList","@id":"https:\/\/consortium.hr\/product\/id-deco-gladilica-inox\/#breadcrumb","itemListElement":[{"@type":"ListItem","position":1,"name":"Po\u010detna stranica","item":"https:\/\/consortium.hr\/sl\/"},{"@type":"ListItem","position":2,"name":"Shop","item":"https:\/\/consortium.hr\/sl\/shop\/"},{"@type":"ListItem","position":3,"name":"id Deco gladilica inox"}]},{"@type":"WebSite","@id":"https:\/\/consortium.hr\/#website","url":"https:\/\/consortium.hr\/","name":"Consortium","description":"Gra\u0111evinski Materijal - Odli\u010dna Ponuda i Cijena","alternateName":"Gra\u0111evinski Materijal - Odli\u010dna Ponuda i Cijena","potentialAction":[{"@type":"SearchAction","target":{"@type":"EntryPoint","urlTemplate":"https:\/\/consortium.hr\/?s={search_term_string}"},"query-input":{"@type":"PropertyValueSpecification","valueRequired":true,"valueName":"search_term_string"}}],"inLanguage":"sl-SI"}]}},"_links":{"self":[{"href":"https:\/\/consortium.hr\/sl\/wp-json\/wp\/v2\/product\/1238","targetHints":{"allow":["GET"]}}],"collection":[{"href":"https:\/\/consortium.hr\/sl\/wp-json\/wp\/v2\/product"}],"about":[{"href":"https:\/\/consortium.hr\/sl\/wp-json\/wp\/v2\/types\/product"}],"wp:featuredmedia":[{"embeddable":true,"href":"https:\/\/consortium.hr\/sl\/wp-json\/wp\/v2\/media\/1069"}],"wp:attachment":[{"href":"https:\/\/consortium.hr\/sl\/wp-json\/wp\/v2\/media?parent=1238"}],"wp:term":[{"taxonomy":"product_brand","embeddable":true,"href":"https:\/\/consortium.hr\/sl\/wp-json\/wp\/v2\/product_brand?post=1238"},{"taxonomy":"product_cat","embeddable":true,"href":"https:\/\/consortium.hr\/sl\/wp-json\/wp\/v2\/product_cat?post=1238"},{"taxonomy":"product_tag","embeddable":true,"href":"https:\/\/consortium.hr\/sl\/wp-json\/wp\/v2\/product_tag?post=1238"}],"curies":[{"name":"wp","href":"https:\/\/api.w.org\/{rel}","templated":true}]}}