{"id":12508,"date":"2026-03-17T17:02:07","date_gmt":"2026-03-17T17:02:07","guid":{"rendered":"https:\/\/consortium.hr\/?post_type=product&#038;p=12508"},"modified":"2026-04-02T09:42:44","modified_gmt":"2026-04-02T09:42:44","slug":"silikon-acetat-univerzal-280ml-transparent","status":"publish","type":"product","link":"https:\/\/consortium.hr\/sl\/product\/silikon-acetat-univerzal-280ml-transparent\/","title":{"rendered":"Silikon acetat univerzal 280ml, transparent"},"content":{"rendered":"<p class=\"\" data-start=\"33\" data-end=\"342\"><strong data-start=\"33\" data-end=\"81\">Silikon acetat univerzal transparent, 280 ml<\/strong> je trajno elasti\u010dan jednokomponentni silikonski kit, idealan za brtvljenje u vanjskim i unutarnjim radovima. Ovaj je proizvod namijenjen za \u0161iroku primjenu na razli\u010ditim povr\u0161inama, uklju\u010duju\u0107i staklo, drvo, metal, keramiku, PVC i druge gra\u0111evinske materijale.<\/p>\n<p class=\"\" data-start=\"344\" data-end=\"742\">Njegove glavne karakteristike uklju\u010duju izvrsno prianjanje i elasti\u010dnost, kao i visoku postojanost i UV otpornost, \u0161to ga \u010dini pogodnim za dugotrajnu upotrebu u vanjskim uvjetima. Tako\u0111er, silikon je otporan na temperaturne promjene u rasponu od -40 \u00b0C do +150 \u00b0C, bez potrebe za dodatnim razrje\u0111iva\u010dima. Proizvod je antibakterijski, \u0161to pove\u0107ava njegovu primjenu u vla\u017enim i zahtjevnim prostorima.<\/p>\n<p class=\"\" data-start=\"744\" data-end=\"763\"><strong data-start=\"744\" data-end=\"753\">Boja:<\/strong> prozirna.<\/p>","protected":false},"excerpt":{"rendered":"<p>Silikon acetat univerzal transparent, 280 ml je trajno elasti\u010dan jednokomponentni silikonski kit, idealan za brtvljenje u vanjskim i unutarnjim radovima. Ovaj je proizvod namijenjen za \u0161iroku primjenu na razli\u010ditim povr\u0161inama, uklju\u010duju\u0107i staklo, drvo, metal, keramiku, PVC i druge gra\u0111evinske materijale. Njegove glavne karakteristike uklju\u010duju izvrsno prianjanje i elasti\u010dnost, kao i visoku postojanost i UV otpornost, [&hellip;]<\/p>","protected":false},"featured_media":12509,"template":"","meta":{"_acf_changed":false},"product_brand":[],"product_cat":[197],"product_tag":[],"class_list":{"0":"post-12508","1":"product","2":"type-product","3":"status-publish","4":"has-post-thumbnail","6":"product_cat-silikoni","8":"first","9":"instock","10":"shipping-taxable","11":"purchasable","12":"product-type-simple"},"acf":[],"yoast_head":"<!-- This site is optimized with the Yoast SEO plugin v26.1.1 - https:\/\/yoast.com\/wordpress\/plugins\/seo\/ -->\n<title>Silikon acetat univerzal 280ml, transparent - Consortium<\/title>\n<meta name=\"robots\" content=\"index, follow, max-snippet:-1, max-image-preview:large, max-video-preview:-1\" \/>\n<link rel=\"canonical\" href=\"https:\/\/consortium.hr\/sl\/product\/silikon-acetat-univerzal-280ml-transparent\/\" \/>\n<meta property=\"og:locale\" content=\"sl_SI\" \/>\n<meta property=\"og:type\" content=\"article\" \/>\n<meta property=\"og:title\" content=\"Silikon acetat univerzal 280ml, transparent - Consortium\" \/>\n<meta property=\"og:description\" content=\"Silikon acetat univerzal transparent, 280 ml je trajno elasti\u010dan jednokomponentni silikonski kit, idealan za brtvljenje u vanjskim i unutarnjim radovima. Ovaj je proizvod namijenjen za \u0161iroku primjenu na razli\u010ditim povr\u0161inama, uklju\u010duju\u0107i staklo, drvo, metal, keramiku, PVC i druge gra\u0111evinske materijale. Njegove glavne karakteristike uklju\u010duju izvrsno prianjanje i elasti\u010dnost, kao i visoku postojanost i UV otpornost, [&hellip;]\" \/>\n<meta property=\"og:url\" content=\"https:\/\/consortium.hr\/sl\/product\/silikon-acetat-univerzal-280ml-transparent\/\" \/>\n<meta property=\"og:site_name\" content=\"Consortium\" \/>\n<meta property=\"article:modified_time\" content=\"2026-04-02T09:42:44+00:00\" \/>\n<meta property=\"og:image\" content=\"https:\/\/consortium.hr\/wp-content\/uploads\/2025\/05\/silikon-acetat-univerzal.png\" \/>\n\t<meta property=\"og:image:width\" content=\"800\" \/>\n\t<meta property=\"og:image:height\" content=\"800\" \/>\n\t<meta property=\"og:image:type\" content=\"image\/png\" \/>\n<meta name=\"twitter:card\" content=\"summary_large_image\" \/>\n<meta name=\"twitter:label1\" content=\"Est. reading time\" \/>\n\t<meta name=\"twitter:data1\" content=\"1 minuta\" \/>\n<script type=\"application\/ld+json\" class=\"yoast-schema-graph\">{\"@context\":\"https:\/\/schema.org\",\"@graph\":[{\"@type\":\"WebPage\",\"@id\":\"https:\/\/consortium.hr\/product\/silikon-acetat-univerzal-280ml-transparent\/\",\"url\":\"https:\/\/consortium.hr\/product\/silikon-acetat-univerzal-280ml-transparent\/\",\"name\":\"Silikon acetat univerzal 280ml, transparent - Consortium\",\"isPartOf\":{\"@id\":\"https:\/\/consortium.hr\/#website\"},\"primaryImageOfPage\":{\"@id\":\"https:\/\/consortium.hr\/product\/silikon-acetat-univerzal-280ml-transparent\/#primaryimage\"},\"image\":{\"@id\":\"https:\/\/consortium.hr\/product\/silikon-acetat-univerzal-280ml-transparent\/#primaryimage\"},\"thumbnailUrl\":\"https:\/\/consortium.hr\/wp-content\/uploads\/2025\/05\/silikon-acetat-univerzal.png\",\"datePublished\":\"2026-03-17T17:02:07+00:00\",\"dateModified\":\"2026-04-02T09:42:44+00:00\",\"breadcrumb\":{\"@id\":\"https:\/\/consortium.hr\/product\/silikon-acetat-univerzal-280ml-transparent\/#breadcrumb\"},\"inLanguage\":\"sl-SI\",\"potentialAction\":[{\"@type\":\"ReadAction\",\"target\":[\"https:\/\/consortium.hr\/product\/silikon-acetat-univerzal-280ml-transparent\/\"]}]},{\"@type\":\"ImageObject\",\"inLanguage\":\"sl-SI\",\"@id\":\"https:\/\/consortium.hr\/product\/silikon-acetat-univerzal-280ml-transparent\/#primaryimage\",\"url\":\"https:\/\/consortium.hr\/wp-content\/uploads\/2025\/05\/silikon-acetat-univerzal.png\",\"contentUrl\":\"https:\/\/consortium.hr\/wp-content\/uploads\/2025\/05\/silikon-acetat-univerzal.png\",\"width\":800,\"height\":800},{\"@type\":\"BreadcrumbList\",\"@id\":\"https:\/\/consortium.hr\/product\/silikon-acetat-univerzal-280ml-transparent\/#breadcrumb\",\"itemListElement\":[{\"@type\":\"ListItem\",\"position\":1,\"name\":\"Po\u010detna stranica\",\"item\":\"https:\/\/consortium.hr\/sl\/\"},{\"@type\":\"ListItem\",\"position\":2,\"name\":\"Shop\",\"item\":\"https:\/\/consortium.hr\/sl\/shop\/\"},{\"@type\":\"ListItem\",\"position\":3,\"name\":\"Silikon acetat univerzal 280ml, transparent\"}]},{\"@type\":\"WebSite\",\"@id\":\"https:\/\/consortium.hr\/#website\",\"url\":\"https:\/\/consortium.hr\/\",\"name\":\"Consortium\",\"description\":\"Gra\u0111evinski Materijal - Odli\u010dna Ponuda i Cijena\",\"alternateName\":\"Gra\u0111evinski Materijal - Odli\u010dna Ponuda i Cijena\",\"potentialAction\":[{\"@type\":\"SearchAction\",\"target\":{\"@type\":\"EntryPoint\",\"urlTemplate\":\"https:\/\/consortium.hr\/?s={search_term_string}\"},\"query-input\":{\"@type\":\"PropertyValueSpecification\",\"valueRequired\":true,\"valueName\":\"search_term_string\"}}],\"inLanguage\":\"sl-SI\"}]}<\/script>\n<!-- \/ Yoast SEO plugin. -->","yoast_head_json":{"title":"Silikon acetat univerzal 280ml, transparent - Consortium","robots":{"index":"index","follow":"follow","max-snippet":"max-snippet:-1","max-image-preview":"max-image-preview:large","max-video-preview":"max-video-preview:-1"},"canonical":"https:\/\/consortium.hr\/sl\/product\/silikon-acetat-univerzal-280ml-transparent\/","og_locale":"sl_SI","og_type":"article","og_title":"Silikon acetat univerzal 280ml, transparent - Consortium","og_description":"Silikon acetat univerzal transparent, 280 ml je trajno elasti\u010dan jednokomponentni silikonski kit, idealan za brtvljenje u vanjskim i unutarnjim radovima. Ovaj je proizvod namijenjen za \u0161iroku primjenu na razli\u010ditim povr\u0161inama, uklju\u010duju\u0107i staklo, drvo, metal, keramiku, PVC i druge gra\u0111evinske materijale. Njegove glavne karakteristike uklju\u010duju izvrsno prianjanje i elasti\u010dnost, kao i visoku postojanost i UV otpornost, [&hellip;]","og_url":"https:\/\/consortium.hr\/sl\/product\/silikon-acetat-univerzal-280ml-transparent\/","og_site_name":"Consortium","article_modified_time":"2026-04-02T09:42:44+00:00","og_image":[{"width":800,"height":800,"url":"https:\/\/consortium.hr\/wp-content\/uploads\/2025\/05\/silikon-acetat-univerzal.png","type":"image\/png"}],"twitter_card":"summary_large_image","twitter_misc":{"Est. reading time":"1 minuta"},"schema":{"@context":"https:\/\/schema.org","@graph":[{"@type":"WebPage","@id":"https:\/\/consortium.hr\/product\/silikon-acetat-univerzal-280ml-transparent\/","url":"https:\/\/consortium.hr\/product\/silikon-acetat-univerzal-280ml-transparent\/","name":"Silikon acetat univerzal 280ml, transparent - Consortium","isPartOf":{"@id":"https:\/\/consortium.hr\/#website"},"primaryImageOfPage":{"@id":"https:\/\/consortium.hr\/product\/silikon-acetat-univerzal-280ml-transparent\/#primaryimage"},"image":{"@id":"https:\/\/consortium.hr\/product\/silikon-acetat-univerzal-280ml-transparent\/#primaryimage"},"thumbnailUrl":"https:\/\/consortium.hr\/wp-content\/uploads\/2025\/05\/silikon-acetat-univerzal.png","datePublished":"2026-03-17T17:02:07+00:00","dateModified":"2026-04-02T09:42:44+00:00","breadcrumb":{"@id":"https:\/\/consortium.hr\/product\/silikon-acetat-univerzal-280ml-transparent\/#breadcrumb"},"inLanguage":"sl-SI","potentialAction":[{"@type":"ReadAction","target":["https:\/\/consortium.hr\/product\/silikon-acetat-univerzal-280ml-transparent\/"]}]},{"@type":"ImageObject","inLanguage":"sl-SI","@id":"https:\/\/consortium.hr\/product\/silikon-acetat-univerzal-280ml-transparent\/#primaryimage","url":"https:\/\/consortium.hr\/wp-content\/uploads\/2025\/05\/silikon-acetat-univerzal.png","contentUrl":"https:\/\/consortium.hr\/wp-content\/uploads\/2025\/05\/silikon-acetat-univerzal.png","width":800,"height":800},{"@type":"BreadcrumbList","@id":"https:\/\/consortium.hr\/product\/silikon-acetat-univerzal-280ml-transparent\/#breadcrumb","itemListElement":[{"@type":"ListItem","position":1,"name":"Po\u010detna stranica","item":"https:\/\/consortium.hr\/sl\/"},{"@type":"ListItem","position":2,"name":"Shop","item":"https:\/\/consortium.hr\/sl\/shop\/"},{"@type":"ListItem","position":3,"name":"Silikon acetat univerzal 280ml, transparent"}]},{"@type":"WebSite","@id":"https:\/\/consortium.hr\/#website","url":"https:\/\/consortium.hr\/","name":"Consortium","description":"Gra\u0111evinski Materijal - Odli\u010dna Ponuda i Cijena","alternateName":"Gra\u0111evinski Materijal - Odli\u010dna Ponuda i Cijena","potentialAction":[{"@type":"SearchAction","target":{"@type":"EntryPoint","urlTemplate":"https:\/\/consortium.hr\/?s={search_term_string}"},"query-input":{"@type":"PropertyValueSpecification","valueRequired":true,"valueName":"search_term_string"}}],"inLanguage":"sl-SI"}]}},"_links":{"self":[{"href":"https:\/\/consortium.hr\/sl\/wp-json\/wp\/v2\/product\/12508","targetHints":{"allow":["GET"]}}],"collection":[{"href":"https:\/\/consortium.hr\/sl\/wp-json\/wp\/v2\/product"}],"about":[{"href":"https:\/\/consortium.hr\/sl\/wp-json\/wp\/v2\/types\/product"}],"wp:featuredmedia":[{"embeddable":true,"href":"https:\/\/consortium.hr\/sl\/wp-json\/wp\/v2\/media\/12509"}],"wp:attachment":[{"href":"https:\/\/consortium.hr\/sl\/wp-json\/wp\/v2\/media?parent=12508"}],"wp:term":[{"taxonomy":"product_brand","embeddable":true,"href":"https:\/\/consortium.hr\/sl\/wp-json\/wp\/v2\/product_brand?post=12508"},{"taxonomy":"product_cat","embeddable":true,"href":"https:\/\/consortium.hr\/sl\/wp-json\/wp\/v2\/product_cat?post=12508"},{"taxonomy":"product_tag","embeddable":true,"href":"https:\/\/consortium.hr\/sl\/wp-json\/wp\/v2\/product_tag?post=12508"}],"curies":[{"name":"wp","href":"https:\/\/api.w.org\/{rel}","templated":true}]}}