{"id":12510,"date":"2025-05-08T12:18:28","date_gmt":"2025-05-08T12:18:28","guid":{"rendered":"https:\/\/consortium.hr\/?post_type=product&#038;p=12510"},"modified":"2026-04-17T06:07:48","modified_gmt":"2026-04-17T06:07:48","slug":"akrilni-kit-280ml-bijeli","status":"publish","type":"product","link":"https:\/\/consortium.hr\/sl\/product\/akrilni-kit-280ml-bijeli\/","title":{"rendered":"Akrilni kit 280ml Bijeli"},"content":{"rendered":"<p class=\"\" data-start=\"31\" data-end=\"409\"><strong data-start=\"31\" data-end=\"61\">Akrilni kit bijeli, 280 ml<\/strong> je jednokomponentni, univerzalni akrilni brtveni materijal namijenjen za brtvljenje i popunjavanje pukotina tijekom unutarnjih radova, na zidovima i stropovima. Ovaj je materijal idealan za brtvljenje i povezivanje stakla, drva, metala, keramike, PVC-a i razli\u010ditih gra\u0111evinskih materijala koji su izlo\u017eeni niskim i srednjim pomacima (dilataciji).<\/p>\n<p class=\"\" data-start=\"411\" data-end=\"795\">Akrilni kit odlikuje se izvrsnim prianjanjem i nakon o\u010dvr\u0161\u0107ivanja formira trajno vodoodbojni sloj, pru\u017eaju\u0107i visoku stabilnost. Ne sadr\u017ei razrje\u0111iva\u010de, mo\u017ee se bojati i otporan je na temperature od -10 \u00b0C do +80 \u00b0C. Su\u0161i se na dodir za 30 do 60 minuta, a potpuno su\u0161enje u dubini do 2 mm traje 24 sata. Njegova fina i glatka struktura omogu\u0107uje jednostavno nano\u0161enje i zavr\u0161nu obradu.<\/p>","protected":false},"excerpt":{"rendered":"<p>Akrilni kit bijeli, 280 ml je jednokomponentni, univerzalni akrilni brtveni materijal namijenjen za brtvljenje i popunjavanje pukotina tijekom unutarnjih radova, na zidovima i stropovima. Ovaj je materijal idealan za brtvljenje i povezivanje stakla, drva, metala, keramike, PVC-a i razli\u010ditih gra\u0111evinskih materijala koji su izlo\u017eeni niskim i srednjim pomacima (dilataciji). Akrilni kit odlikuje se izvrsnim prianjanjem [&hellip;]<\/p>","protected":false},"featured_media":12511,"template":"","meta":{"_acf_changed":false},"product_brand":[],"product_cat":[306,197],"product_tag":[],"class_list":{"0":"post-12510","1":"product","2":"type-product","3":"status-publish","4":"has-post-thumbnail","6":"product_cat-akrilni","7":"product_cat-silikoni","9":"first","10":"instock","11":"shipping-taxable","12":"purchasable","13":"product-type-simple"},"acf":[],"yoast_head":"<!-- This site is optimized with the Yoast SEO plugin v26.1.1 - https:\/\/yoast.com\/wordpress\/plugins\/seo\/ -->\n<title>Akrilni kit 280ml Bijeli - Consortium<\/title>\n<meta name=\"robots\" content=\"index, follow, max-snippet:-1, max-image-preview:large, max-video-preview:-1\" \/>\n<link rel=\"canonical\" href=\"https:\/\/consortium.hr\/sl\/product\/akrilni-kit-280ml-bijeli\/\" \/>\n<meta property=\"og:locale\" content=\"sl_SI\" \/>\n<meta property=\"og:type\" content=\"article\" \/>\n<meta property=\"og:title\" content=\"Akrilni kit 280ml Bijeli - Consortium\" \/>\n<meta property=\"og:description\" content=\"Akrilni kit bijeli, 280 ml je jednokomponentni, univerzalni akrilni brtveni materijal namijenjen za brtvljenje i popunjavanje pukotina tijekom unutarnjih radova, na zidovima i stropovima. Ovaj je materijal idealan za brtvljenje i povezivanje stakla, drva, metala, keramike, PVC-a i razli\u010ditih gra\u0111evinskih materijala koji su izlo\u017eeni niskim i srednjim pomacima (dilataciji). Akrilni kit odlikuje se izvrsnim prianjanjem [&hellip;]\" \/>\n<meta property=\"og:url\" content=\"https:\/\/consortium.hr\/sl\/product\/akrilni-kit-280ml-bijeli\/\" \/>\n<meta property=\"og:site_name\" content=\"Consortium\" \/>\n<meta property=\"article:modified_time\" content=\"2026-04-17T06:07:48+00:00\" \/>\n<meta property=\"og:image\" content=\"https:\/\/consortium.hr\/wp-content\/uploads\/2025\/05\/Akrilni-kit-280ml-bijeli.png\" \/>\n\t<meta property=\"og:image:width\" content=\"800\" \/>\n\t<meta property=\"og:image:height\" content=\"800\" \/>\n\t<meta property=\"og:image:type\" content=\"image\/png\" \/>\n<meta name=\"twitter:card\" content=\"summary_large_image\" \/>\n<meta name=\"twitter:label1\" content=\"Est. reading time\" \/>\n\t<meta name=\"twitter:data1\" content=\"1 minuta\" \/>\n<script type=\"application\/ld+json\" class=\"yoast-schema-graph\">{\"@context\":\"https:\/\/schema.org\",\"@graph\":[{\"@type\":\"WebPage\",\"@id\":\"https:\/\/consortium.hr\/product\/akrilni-kit-280ml-bijeli\/\",\"url\":\"https:\/\/consortium.hr\/product\/akrilni-kit-280ml-bijeli\/\",\"name\":\"Akrilni kit 280ml Bijeli - Consortium\",\"isPartOf\":{\"@id\":\"https:\/\/consortium.hr\/#website\"},\"primaryImageOfPage\":{\"@id\":\"https:\/\/consortium.hr\/product\/akrilni-kit-280ml-bijeli\/#primaryimage\"},\"image\":{\"@id\":\"https:\/\/consortium.hr\/product\/akrilni-kit-280ml-bijeli\/#primaryimage\"},\"thumbnailUrl\":\"https:\/\/consortium.hr\/wp-content\/uploads\/2025\/05\/Akrilni-kit-280ml-bijeli.png\",\"datePublished\":\"2025-05-08T12:18:28+00:00\",\"dateModified\":\"2026-04-17T06:07:48+00:00\",\"breadcrumb\":{\"@id\":\"https:\/\/consortium.hr\/product\/akrilni-kit-280ml-bijeli\/#breadcrumb\"},\"inLanguage\":\"sl-SI\",\"potentialAction\":[{\"@type\":\"ReadAction\",\"target\":[\"https:\/\/consortium.hr\/product\/akrilni-kit-280ml-bijeli\/\"]}]},{\"@type\":\"ImageObject\",\"inLanguage\":\"sl-SI\",\"@id\":\"https:\/\/consortium.hr\/product\/akrilni-kit-280ml-bijeli\/#primaryimage\",\"url\":\"https:\/\/consortium.hr\/wp-content\/uploads\/2025\/05\/Akrilni-kit-280ml-bijeli.png\",\"contentUrl\":\"https:\/\/consortium.hr\/wp-content\/uploads\/2025\/05\/Akrilni-kit-280ml-bijeli.png\",\"width\":800,\"height\":800},{\"@type\":\"BreadcrumbList\",\"@id\":\"https:\/\/consortium.hr\/product\/akrilni-kit-280ml-bijeli\/#breadcrumb\",\"itemListElement\":[{\"@type\":\"ListItem\",\"position\":1,\"name\":\"Po\u010detna stranica\",\"item\":\"https:\/\/consortium.hr\/sl\/\"},{\"@type\":\"ListItem\",\"position\":2,\"name\":\"Shop\",\"item\":\"https:\/\/consortium.hr\/sl\/shop\/\"},{\"@type\":\"ListItem\",\"position\":3,\"name\":\"Akrilni kit 280ml Bijeli\"}]},{\"@type\":\"WebSite\",\"@id\":\"https:\/\/consortium.hr\/#website\",\"url\":\"https:\/\/consortium.hr\/\",\"name\":\"Consortium\",\"description\":\"Gra\u0111evinski Materijal - Odli\u010dna Ponuda i Cijena\",\"alternateName\":\"Gra\u0111evinski Materijal - Odli\u010dna Ponuda i Cijena\",\"potentialAction\":[{\"@type\":\"SearchAction\",\"target\":{\"@type\":\"EntryPoint\",\"urlTemplate\":\"https:\/\/consortium.hr\/?s={search_term_string}\"},\"query-input\":{\"@type\":\"PropertyValueSpecification\",\"valueRequired\":true,\"valueName\":\"search_term_string\"}}],\"inLanguage\":\"sl-SI\"}]}<\/script>\n<!-- \/ Yoast SEO plugin. -->","yoast_head_json":{"title":"Akrilni kit 280ml Bijeli - Consortium","robots":{"index":"index","follow":"follow","max-snippet":"max-snippet:-1","max-image-preview":"max-image-preview:large","max-video-preview":"max-video-preview:-1"},"canonical":"https:\/\/consortium.hr\/sl\/product\/akrilni-kit-280ml-bijeli\/","og_locale":"sl_SI","og_type":"article","og_title":"Akrilni kit 280ml Bijeli - Consortium","og_description":"Akrilni kit bijeli, 280 ml je jednokomponentni, univerzalni akrilni brtveni materijal namijenjen za brtvljenje i popunjavanje pukotina tijekom unutarnjih radova, na zidovima i stropovima. Ovaj je materijal idealan za brtvljenje i povezivanje stakla, drva, metala, keramike, PVC-a i razli\u010ditih gra\u0111evinskih materijala koji su izlo\u017eeni niskim i srednjim pomacima (dilataciji). Akrilni kit odlikuje se izvrsnim prianjanjem [&hellip;]","og_url":"https:\/\/consortium.hr\/sl\/product\/akrilni-kit-280ml-bijeli\/","og_site_name":"Consortium","article_modified_time":"2026-04-17T06:07:48+00:00","og_image":[{"width":800,"height":800,"url":"https:\/\/consortium.hr\/wp-content\/uploads\/2025\/05\/Akrilni-kit-280ml-bijeli.png","type":"image\/png"}],"twitter_card":"summary_large_image","twitter_misc":{"Est. reading time":"1 minuta"},"schema":{"@context":"https:\/\/schema.org","@graph":[{"@type":"WebPage","@id":"https:\/\/consortium.hr\/product\/akrilni-kit-280ml-bijeli\/","url":"https:\/\/consortium.hr\/product\/akrilni-kit-280ml-bijeli\/","name":"Akrilni kit 280ml Bijeli - Consortium","isPartOf":{"@id":"https:\/\/consortium.hr\/#website"},"primaryImageOfPage":{"@id":"https:\/\/consortium.hr\/product\/akrilni-kit-280ml-bijeli\/#primaryimage"},"image":{"@id":"https:\/\/consortium.hr\/product\/akrilni-kit-280ml-bijeli\/#primaryimage"},"thumbnailUrl":"https:\/\/consortium.hr\/wp-content\/uploads\/2025\/05\/Akrilni-kit-280ml-bijeli.png","datePublished":"2025-05-08T12:18:28+00:00","dateModified":"2026-04-17T06:07:48+00:00","breadcrumb":{"@id":"https:\/\/consortium.hr\/product\/akrilni-kit-280ml-bijeli\/#breadcrumb"},"inLanguage":"sl-SI","potentialAction":[{"@type":"ReadAction","target":["https:\/\/consortium.hr\/product\/akrilni-kit-280ml-bijeli\/"]}]},{"@type":"ImageObject","inLanguage":"sl-SI","@id":"https:\/\/consortium.hr\/product\/akrilni-kit-280ml-bijeli\/#primaryimage","url":"https:\/\/consortium.hr\/wp-content\/uploads\/2025\/05\/Akrilni-kit-280ml-bijeli.png","contentUrl":"https:\/\/consortium.hr\/wp-content\/uploads\/2025\/05\/Akrilni-kit-280ml-bijeli.png","width":800,"height":800},{"@type":"BreadcrumbList","@id":"https:\/\/consortium.hr\/product\/akrilni-kit-280ml-bijeli\/#breadcrumb","itemListElement":[{"@type":"ListItem","position":1,"name":"Po\u010detna stranica","item":"https:\/\/consortium.hr\/sl\/"},{"@type":"ListItem","position":2,"name":"Shop","item":"https:\/\/consortium.hr\/sl\/shop\/"},{"@type":"ListItem","position":3,"name":"Akrilni kit 280ml Bijeli"}]},{"@type":"WebSite","@id":"https:\/\/consortium.hr\/#website","url":"https:\/\/consortium.hr\/","name":"Consortium","description":"Gra\u0111evinski Materijal - Odli\u010dna Ponuda i Cijena","alternateName":"Gra\u0111evinski Materijal - Odli\u010dna Ponuda i Cijena","potentialAction":[{"@type":"SearchAction","target":{"@type":"EntryPoint","urlTemplate":"https:\/\/consortium.hr\/?s={search_term_string}"},"query-input":{"@type":"PropertyValueSpecification","valueRequired":true,"valueName":"search_term_string"}}],"inLanguage":"sl-SI"}]}},"_links":{"self":[{"href":"https:\/\/consortium.hr\/sl\/wp-json\/wp\/v2\/product\/12510","targetHints":{"allow":["GET"]}}],"collection":[{"href":"https:\/\/consortium.hr\/sl\/wp-json\/wp\/v2\/product"}],"about":[{"href":"https:\/\/consortium.hr\/sl\/wp-json\/wp\/v2\/types\/product"}],"wp:featuredmedia":[{"embeddable":true,"href":"https:\/\/consortium.hr\/sl\/wp-json\/wp\/v2\/media\/12511"}],"wp:attachment":[{"href":"https:\/\/consortium.hr\/sl\/wp-json\/wp\/v2\/media?parent=12510"}],"wp:term":[{"taxonomy":"product_brand","embeddable":true,"href":"https:\/\/consortium.hr\/sl\/wp-json\/wp\/v2\/product_brand?post=12510"},{"taxonomy":"product_cat","embeddable":true,"href":"https:\/\/consortium.hr\/sl\/wp-json\/wp\/v2\/product_cat?post=12510"},{"taxonomy":"product_tag","embeddable":true,"href":"https:\/\/consortium.hr\/sl\/wp-json\/wp\/v2\/product_tag?post=12510"}],"curies":[{"name":"wp","href":"https:\/\/api.w.org\/{rel}","templated":true}]}}