{"id":12518,"date":"2025-05-08T12:46:25","date_gmt":"2025-05-08T12:46:25","guid":{"rendered":"https:\/\/consortium.hr\/?post_type=product&#038;p=12518"},"modified":"2026-04-08T11:07:49","modified_gmt":"2026-04-08T11:07:49","slug":"brusni-disk-aluminij-granulacija-100-o115mm","status":"publish","type":"product","link":"https:\/\/consortium.hr\/sl\/product\/brusni-disk-aluminij-granulacija-100-o115mm\/","title":{"rendered":"Brusni disk aluminij, granulacija 100, \u00f8115mm"},"content":{"rendered":"<p><strong data-start=\"31\" data-end=\"80\">Brusni disk aluminij, granulacija 100, \u00f8115 mm<\/strong>\u00a0je visokokvalitetni abrazivni disk s oja\u010danim papirnatim lamelama, posebno dizajniran za obradu materijala visoke tvrdo\u0107e. Lamele su postavljene pod kutom od 15\u00b0 u odnosu na ravninu bru\u0161enja, \u0161to omogu\u0107uje precizno i u\u010dinkovito uklanjanje materijala. Za abrazivna zrna koristi se\u00a0<strong data-start=\"361\" data-end=\"373\">aluminij<\/strong>, koji osigurava dugotrajan rad i visoku u\u010dinkovitost. Disk je opremljen\u00a0<strong data-start=\"446\" data-end=\"467\">armaturnom mre\u017eom<\/strong>\u00a0unutar plo\u010de, koja pru\u017ea dodatnu sigurnost pri uporabi.<\/p>\n<p>Za rad s ovim diskovima koristi se\u00a0<strong data-start=\"561\" data-end=\"580\">kutna brusilica<\/strong>, a metalna prirubnica omogu\u0107uje \u010dvrsto i sigurno pri\u010dvr\u0161\u0107ivanje na brusilicu.<\/p>\n<p>Na unutarnjem prstenu diska nalazi se oznaka s mjesecom i godinom proizvodnje, kao i preporuka za maksimalni rok uporabe \u2013\u00a0<strong data-start=\"783\" data-end=\"817\">3 godine od datuma proizvodnje<\/strong>, kako bi se osigurali maksimalna kvaliteta i sigurnost tijekom rada.<\/p>\n<h3 class=\"\" data-start=\"888\" data-end=\"907\">Lastnosti:<\/h3>\n<ul data-start=\"908\" data-end=\"1116\">\n<li class=\"\" data-start=\"908\" data-end=\"932\"><strong data-start=\"910\" data-end=\"926\">Granulacija:<\/strong> P100<\/li>\n<li class=\"\" data-start=\"933\" data-end=\"963\"><strong data-start=\"935\" data-end=\"953\">Promjer diska:<\/strong>\u00a0\u00f8115 mm<\/li>\n<li class=\"\" data-start=\"964\" data-end=\"999\"><strong data-start=\"966\" data-end=\"989\">Promjer prirubnice:<\/strong>\u00a022,2 mm<\/li>\n<li class=\"\" data-start=\"1000\" data-end=\"1033\"><strong data-start=\"1002\" data-end=\"1024\">Maksimalna brzina:<\/strong>\u00a080 m\/s<\/li>\n<li class=\"\" data-start=\"1034\" data-end=\"1078\"><strong data-start=\"1036\" data-end=\"1065\">Maksimalni broj okretaja:<\/strong>\u00a013.300 RPM<\/li>\n<li class=\"\" data-start=\"1079\" data-end=\"1116\"><strong data-start=\"1081\" data-end=\"1107\">Vrsta abrazivnog zrna:<\/strong>\u00a0Aluminij<\/li>\n<\/ul>","protected":false},"excerpt":{"rendered":"<p>Brusni disk aluminij, granulacija 100, \u00f8115 mm\u00a0je visokokvalitetni abrazivni disk s oja\u010danim papirnatim lamelama, posebno dizajniran za obradu materijala visoke tvrdo\u0107e. Lamele su postavljene pod kutom od 15\u00b0 u odnosu na ravninu bru\u0161enja, \u0161to omogu\u0107uje precizno i u\u010dinkovito uklanjanje materijala. Za abrazivna zrna koristi se\u00a0aluminij, koji osigurava dugotrajan rad i visoku u\u010dinkovitost. Disk je opremljen\u00a0armaturnom [&hellip;]<\/p>","protected":false},"featured_media":12519,"template":"","meta":{"_acf_changed":false},"product_brand":[],"product_cat":[222,314,225],"product_tag":[],"class_list":{"0":"post-12518","1":"product","2":"type-product","3":"status-publish","4":"has-post-thumbnail","6":"product_cat-alati","7":"product_cat-pribor-za-brusenje-i-rezanje","8":"product_cat-specijalni-alati","10":"first","11":"instock","12":"shipping-taxable","13":"purchasable","14":"product-type-simple"},"acf":[],"yoast_head":"<!-- This site is optimized with the Yoast SEO plugin v26.1.1 - https:\/\/yoast.com\/wordpress\/plugins\/seo\/ -->\n<title>Brusni disk aluminij, granulacija 100, \u00f8115mm - Consortium<\/title>\n<meta name=\"robots\" content=\"index, follow, max-snippet:-1, max-image-preview:large, max-video-preview:-1\" \/>\n<link rel=\"canonical\" href=\"https:\/\/consortium.hr\/sl\/product\/brusni-disk-aluminij-granulacija-100-o115mm\/\" \/>\n<meta property=\"og:locale\" content=\"sl_SI\" \/>\n<meta property=\"og:type\" content=\"article\" \/>\n<meta property=\"og:title\" content=\"Brusni disk aluminij, granulacija 100, \u00f8115mm - Consortium\" \/>\n<meta property=\"og:description\" content=\"Brusni disk aluminij, granulacija 100, \u00f8115 mm\u00a0je visokokvalitetni abrazivni disk s oja\u010danim papirnatim lamelama, posebno dizajniran za obradu materijala visoke tvrdo\u0107e. Lamele su postavljene pod kutom od 15\u00b0 u odnosu na ravninu bru\u0161enja, \u0161to omogu\u0107uje precizno i u\u010dinkovito uklanjanje materijala. Za abrazivna zrna koristi se\u00a0aluminij, koji osigurava dugotrajan rad i visoku u\u010dinkovitost. Disk je opremljen\u00a0armaturnom [&hellip;]\" \/>\n<meta property=\"og:url\" content=\"https:\/\/consortium.hr\/sl\/product\/brusni-disk-aluminij-granulacija-100-o115mm\/\" \/>\n<meta property=\"og:site_name\" content=\"Consortium\" \/>\n<meta property=\"article:modified_time\" content=\"2026-04-08T11:07:49+00:00\" \/>\n<meta property=\"og:image\" content=\"https:\/\/consortium.hr\/wp-content\/uploads\/2025\/05\/brusni-disk-aluminij-gr-100.png\" \/>\n\t<meta property=\"og:image:width\" content=\"800\" \/>\n\t<meta property=\"og:image:height\" content=\"800\" \/>\n\t<meta property=\"og:image:type\" content=\"image\/png\" \/>\n<meta name=\"twitter:card\" content=\"summary_large_image\" \/>\n<meta name=\"twitter:label1\" content=\"Est. reading time\" \/>\n\t<meta name=\"twitter:data1\" content=\"1 minuta\" \/>\n<script type=\"application\/ld+json\" class=\"yoast-schema-graph\">{\"@context\":\"https:\/\/schema.org\",\"@graph\":[{\"@type\":\"WebPage\",\"@id\":\"https:\/\/consortium.hr\/product\/brusni-disk-aluminij-granulacija-100-o115mm\/\",\"url\":\"https:\/\/consortium.hr\/product\/brusni-disk-aluminij-granulacija-100-o115mm\/\",\"name\":\"Brusni disk aluminij, granulacija 100, \u00f8115mm - Consortium\",\"isPartOf\":{\"@id\":\"https:\/\/consortium.hr\/#website\"},\"primaryImageOfPage\":{\"@id\":\"https:\/\/consortium.hr\/product\/brusni-disk-aluminij-granulacija-100-o115mm\/#primaryimage\"},\"image\":{\"@id\":\"https:\/\/consortium.hr\/product\/brusni-disk-aluminij-granulacija-100-o115mm\/#primaryimage\"},\"thumbnailUrl\":\"https:\/\/consortium.hr\/wp-content\/uploads\/2025\/05\/brusni-disk-aluminij-gr-100.png\",\"datePublished\":\"2025-05-08T12:46:25+00:00\",\"dateModified\":\"2026-04-08T11:07:49+00:00\",\"breadcrumb\":{\"@id\":\"https:\/\/consortium.hr\/product\/brusni-disk-aluminij-granulacija-100-o115mm\/#breadcrumb\"},\"inLanguage\":\"sl-SI\",\"potentialAction\":[{\"@type\":\"ReadAction\",\"target\":[\"https:\/\/consortium.hr\/product\/brusni-disk-aluminij-granulacija-100-o115mm\/\"]}]},{\"@type\":\"ImageObject\",\"inLanguage\":\"sl-SI\",\"@id\":\"https:\/\/consortium.hr\/product\/brusni-disk-aluminij-granulacija-100-o115mm\/#primaryimage\",\"url\":\"https:\/\/consortium.hr\/wp-content\/uploads\/2025\/05\/brusni-disk-aluminij-gr-100.png\",\"contentUrl\":\"https:\/\/consortium.hr\/wp-content\/uploads\/2025\/05\/brusni-disk-aluminij-gr-100.png\",\"width\":800,\"height\":800},{\"@type\":\"BreadcrumbList\",\"@id\":\"https:\/\/consortium.hr\/product\/brusni-disk-aluminij-granulacija-100-o115mm\/#breadcrumb\",\"itemListElement\":[{\"@type\":\"ListItem\",\"position\":1,\"name\":\"Po\u010detna stranica\",\"item\":\"https:\/\/consortium.hr\/sl\/\"},{\"@type\":\"ListItem\",\"position\":2,\"name\":\"Shop\",\"item\":\"https:\/\/consortium.hr\/sl\/shop\/\"},{\"@type\":\"ListItem\",\"position\":3,\"name\":\"Brusni disk aluminij, granulacija 100, \u00f8115mm\"}]},{\"@type\":\"WebSite\",\"@id\":\"https:\/\/consortium.hr\/#website\",\"url\":\"https:\/\/consortium.hr\/\",\"name\":\"Consortium\",\"description\":\"Gra\u0111evinski Materijal - Odli\u010dna Ponuda i Cijena\",\"alternateName\":\"Gra\u0111evinski Materijal - Odli\u010dna Ponuda i Cijena\",\"potentialAction\":[{\"@type\":\"SearchAction\",\"target\":{\"@type\":\"EntryPoint\",\"urlTemplate\":\"https:\/\/consortium.hr\/?s={search_term_string}\"},\"query-input\":{\"@type\":\"PropertyValueSpecification\",\"valueRequired\":true,\"valueName\":\"search_term_string\"}}],\"inLanguage\":\"sl-SI\"}]}<\/script>\n<!-- \/ Yoast SEO plugin. -->","yoast_head_json":{"title":"Brusni disk aluminij, granulacija 100, \u00f8115mm - Consortium","robots":{"index":"index","follow":"follow","max-snippet":"max-snippet:-1","max-image-preview":"max-image-preview:large","max-video-preview":"max-video-preview:-1"},"canonical":"https:\/\/consortium.hr\/sl\/product\/brusni-disk-aluminij-granulacija-100-o115mm\/","og_locale":"sl_SI","og_type":"article","og_title":"Brusni disk aluminij, granulacija 100, \u00f8115mm - Consortium","og_description":"Brusni disk aluminij, granulacija 100, \u00f8115 mm\u00a0je visokokvalitetni abrazivni disk s oja\u010danim papirnatim lamelama, posebno dizajniran za obradu materijala visoke tvrdo\u0107e. Lamele su postavljene pod kutom od 15\u00b0 u odnosu na ravninu bru\u0161enja, \u0161to omogu\u0107uje precizno i u\u010dinkovito uklanjanje materijala. Za abrazivna zrna koristi se\u00a0aluminij, koji osigurava dugotrajan rad i visoku u\u010dinkovitost. Disk je opremljen\u00a0armaturnom [&hellip;]","og_url":"https:\/\/consortium.hr\/sl\/product\/brusni-disk-aluminij-granulacija-100-o115mm\/","og_site_name":"Consortium","article_modified_time":"2026-04-08T11:07:49+00:00","og_image":[{"width":800,"height":800,"url":"https:\/\/consortium.hr\/wp-content\/uploads\/2025\/05\/brusni-disk-aluminij-gr-100.png","type":"image\/png"}],"twitter_card":"summary_large_image","twitter_misc":{"Est. reading time":"1 minuta"},"schema":{"@context":"https:\/\/schema.org","@graph":[{"@type":"WebPage","@id":"https:\/\/consortium.hr\/product\/brusni-disk-aluminij-granulacija-100-o115mm\/","url":"https:\/\/consortium.hr\/product\/brusni-disk-aluminij-granulacija-100-o115mm\/","name":"Brusni disk aluminij, granulacija 100, \u00f8115mm - Consortium","isPartOf":{"@id":"https:\/\/consortium.hr\/#website"},"primaryImageOfPage":{"@id":"https:\/\/consortium.hr\/product\/brusni-disk-aluminij-granulacija-100-o115mm\/#primaryimage"},"image":{"@id":"https:\/\/consortium.hr\/product\/brusni-disk-aluminij-granulacija-100-o115mm\/#primaryimage"},"thumbnailUrl":"https:\/\/consortium.hr\/wp-content\/uploads\/2025\/05\/brusni-disk-aluminij-gr-100.png","datePublished":"2025-05-08T12:46:25+00:00","dateModified":"2026-04-08T11:07:49+00:00","breadcrumb":{"@id":"https:\/\/consortium.hr\/product\/brusni-disk-aluminij-granulacija-100-o115mm\/#breadcrumb"},"inLanguage":"sl-SI","potentialAction":[{"@type":"ReadAction","target":["https:\/\/consortium.hr\/product\/brusni-disk-aluminij-granulacija-100-o115mm\/"]}]},{"@type":"ImageObject","inLanguage":"sl-SI","@id":"https:\/\/consortium.hr\/product\/brusni-disk-aluminij-granulacija-100-o115mm\/#primaryimage","url":"https:\/\/consortium.hr\/wp-content\/uploads\/2025\/05\/brusni-disk-aluminij-gr-100.png","contentUrl":"https:\/\/consortium.hr\/wp-content\/uploads\/2025\/05\/brusni-disk-aluminij-gr-100.png","width":800,"height":800},{"@type":"BreadcrumbList","@id":"https:\/\/consortium.hr\/product\/brusni-disk-aluminij-granulacija-100-o115mm\/#breadcrumb","itemListElement":[{"@type":"ListItem","position":1,"name":"Po\u010detna stranica","item":"https:\/\/consortium.hr\/sl\/"},{"@type":"ListItem","position":2,"name":"Shop","item":"https:\/\/consortium.hr\/sl\/shop\/"},{"@type":"ListItem","position":3,"name":"Brusni disk aluminij, granulacija 100, \u00f8115mm"}]},{"@type":"WebSite","@id":"https:\/\/consortium.hr\/#website","url":"https:\/\/consortium.hr\/","name":"Consortium","description":"Gra\u0111evinski Materijal - Odli\u010dna Ponuda i Cijena","alternateName":"Gra\u0111evinski Materijal - Odli\u010dna Ponuda i Cijena","potentialAction":[{"@type":"SearchAction","target":{"@type":"EntryPoint","urlTemplate":"https:\/\/consortium.hr\/?s={search_term_string}"},"query-input":{"@type":"PropertyValueSpecification","valueRequired":true,"valueName":"search_term_string"}}],"inLanguage":"sl-SI"}]}},"_links":{"self":[{"href":"https:\/\/consortium.hr\/sl\/wp-json\/wp\/v2\/product\/12518","targetHints":{"allow":["GET"]}}],"collection":[{"href":"https:\/\/consortium.hr\/sl\/wp-json\/wp\/v2\/product"}],"about":[{"href":"https:\/\/consortium.hr\/sl\/wp-json\/wp\/v2\/types\/product"}],"wp:featuredmedia":[{"embeddable":true,"href":"https:\/\/consortium.hr\/sl\/wp-json\/wp\/v2\/media\/12519"}],"wp:attachment":[{"href":"https:\/\/consortium.hr\/sl\/wp-json\/wp\/v2\/media?parent=12518"}],"wp:term":[{"taxonomy":"product_brand","embeddable":true,"href":"https:\/\/consortium.hr\/sl\/wp-json\/wp\/v2\/product_brand?post=12518"},{"taxonomy":"product_cat","embeddable":true,"href":"https:\/\/consortium.hr\/sl\/wp-json\/wp\/v2\/product_cat?post=12518"},{"taxonomy":"product_tag","embeddable":true,"href":"https:\/\/consortium.hr\/sl\/wp-json\/wp\/v2\/product_tag?post=12518"}],"curies":[{"name":"wp","href":"https:\/\/api.w.org\/{rel}","templated":true}]}}