{"id":12557,"date":"2025-05-08T15:24:20","date_gmt":"2025-05-08T15:24:20","guid":{"rendered":"https:\/\/consortium.hr\/?post_type=product&#038;p=12557"},"modified":"2025-10-22T10:04:21","modified_gmt":"2025-10-22T10:04:21","slug":"mapei-adesilex-p9","status":"publish","type":"product","link":"https:\/\/consortium.hr\/sl\/product\/mapei-adesilex-p9\/","title":{"rendered":"Mapei Adesilex P9"},"content":{"rendered":"<section class=\"product-content__description description-generic margin-bottom-md\"><strong>Pobolj\u0161ano cementno ljepilo s produ\u017eenim otvorenim vremenom i bez klizanja na vertikalnim povr\u0161inama, za kerami\u010dke plo\u010dice i materijale od kamena. Ljepilo u bijeloj varijanti je izrazito bijele boje i izvrsne obradivosti.<\/strong><\/p>\n<\/section>\n<section class=\"product-content__advantages description-vantaggi margin-bottom-md\">\n<div class=\"product-content__advantages-wrapper\">\n<p>PREDNOSTI:<\/p>\n<ul>\n<li>Raznovrsna primjena<\/li>\n<li>Bez klizanja na vertikalnim povr\u0161inama<\/li>\n<li>Izrazito bijele boje<\/li>\n<li>Izvrstan omjer cijene i kvalitete<\/li>\n<\/ul>\n<\/div>\n<\/section>\n<section class=\"product-content__technical description-tecnici margin-bottom-md\">\n<div class=\"product-content__technical-wrapper text-smedium\">\n<p>TEHNI\u010cNI PODATKI:<br \/>\nVrijeme primjene mje\u0161avine: vi\u0161e od 8 sati.<br \/>\nOtvoreno vrijeme: 30 minuta.<br \/>\n\u010cekanje prije fugiranja:<br \/>\n\u2013 na zidovima: 4 - 8 sati<br \/>\n\u2013 na podovima: 24 sata.<br \/>\nSpremno za lagani pje\u0161a\u010dki promet: nakon pribli\u017eno 24 sata.<br \/>\nSpremno za upotrebu: nakon pribli\u017eno 14 dana.<br \/>\nBoje: siva i bijela.<br \/>\nPrimjena: nazubljenim gleterom br. 4, 5, 6 ili 10.<br \/>\nEMICODE: EC1 Plus - zelo nizka emisija.<br \/>\nSkladi\u0161tenje: 12 mjeseci (vre\u0107e od 25 kg), 24 mjeseca (vre\u0107e od 5 kg).<br \/>\nPotro\u0161nja: 2 - 5 kg\/m\u00b2.<\/p>\n<\/div>\n<\/section>","protected":false},"excerpt":{"rendered":"<p>Pobolj\u0161ano cementno ljepilo s produ\u017eenim otvorenim vremenom i bez klizanja na vertikalnim povr\u0161inama, za kerami\u010dke plo\u010dice i materijale od kamena. Ljepilo u bijeloj varijanti je izrazito bijele boje i izvrsne obradivosti. PREDNOSTI: Raznovrsna primjena Bez klizanja na vertikalnim povr\u0161inama Izrazito bijele boje Izvrstan omjer cijene i kvalitete TEHNI\u010cKI PODACI: Vrijeme primjene mje\u0161avine: vi\u0161e od 8 [&hellip;]<\/p>","protected":false},"featured_media":12559,"template":"","meta":{"_acf_changed":false},"product_brand":[],"product_cat":[215,214],"product_tag":[],"class_list":{"0":"post-12557","1":"product","2":"type-product","3":"status-publish","4":"has-post-thumbnail","6":"product_cat-ljepila-polaganje-keramike","7":"product_cat-polaganje-keramike","8":"product_shipping_class-bez-besplatne-dostave","10":"first","11":"outofstock","12":"shipping-taxable","13":"purchasable","14":"product-type-variable","15":"wvs-archive-product-wrapper"},"acf":[],"yoast_head":"<!-- This site is optimized with the Yoast SEO plugin v26.1.1 - https:\/\/yoast.com\/wordpress\/plugins\/seo\/ -->\n<title>Mapei Adesilex P9 - Consortium<\/title>\n<meta name=\"robots\" content=\"index, follow, max-snippet:-1, max-image-preview:large, max-video-preview:-1\" \/>\n<link rel=\"canonical\" href=\"https:\/\/consortium.hr\/sl\/product\/mapei-adesilex-p9\/\" \/>\n<meta property=\"og:locale\" content=\"sl_SI\" \/>\n<meta property=\"og:type\" content=\"article\" \/>\n<meta property=\"og:title\" content=\"Mapei Adesilex P9 - Consortium\" \/>\n<meta property=\"og:description\" content=\"Pobolj\u0161ano cementno ljepilo s produ\u017eenim otvorenim vremenom i bez klizanja na vertikalnim povr\u0161inama, za kerami\u010dke plo\u010dice i materijale od kamena. Ljepilo u bijeloj varijanti je izrazito bijele boje i izvrsne obradivosti. PREDNOSTI: Raznovrsna primjena Bez klizanja na vertikalnim povr\u0161inama Izrazito bijele boje Izvrstan omjer cijene i kvalitete TEHNI\u010cKI PODACI: Vrijeme primjene mje\u0161avine: vi\u0161e od 8 [&hellip;]\" \/>\n<meta property=\"og:url\" content=\"https:\/\/consortium.hr\/sl\/product\/mapei-adesilex-p9\/\" \/>\n<meta property=\"og:site_name\" content=\"Consortium\" \/>\n<meta property=\"article:modified_time\" content=\"2025-10-22T10:04:21+00:00\" \/>\n<meta property=\"og:image\" content=\"https:\/\/consortium.hr\/wp-content\/uploads\/2025\/05\/mapei-adisilex-p9.png\" \/>\n\t<meta property=\"og:image:width\" content=\"800\" \/>\n\t<meta property=\"og:image:height\" content=\"800\" \/>\n\t<meta property=\"og:image:type\" content=\"image\/png\" \/>\n<meta name=\"twitter:card\" content=\"summary_large_image\" \/>\n<meta name=\"twitter:label1\" content=\"Est. reading time\" \/>\n\t<meta name=\"twitter:data1\" content=\"1 minuta\" \/>\n<script type=\"application\/ld+json\" class=\"yoast-schema-graph\">{\"@context\":\"https:\/\/schema.org\",\"@graph\":[{\"@type\":\"WebPage\",\"@id\":\"https:\/\/consortium.hr\/product\/mapei-adesilex-p9\/\",\"url\":\"https:\/\/consortium.hr\/product\/mapei-adesilex-p9\/\",\"name\":\"Mapei Adesilex P9 - Consortium\",\"isPartOf\":{\"@id\":\"https:\/\/consortium.hr\/#website\"},\"primaryImageOfPage\":{\"@id\":\"https:\/\/consortium.hr\/product\/mapei-adesilex-p9\/#primaryimage\"},\"image\":{\"@id\":\"https:\/\/consortium.hr\/product\/mapei-adesilex-p9\/#primaryimage\"},\"thumbnailUrl\":\"https:\/\/consortium.hr\/wp-content\/uploads\/2025\/05\/mapei-adisilex-p9.png\",\"datePublished\":\"2025-05-08T15:24:20+00:00\",\"dateModified\":\"2025-10-22T10:04:21+00:00\",\"breadcrumb\":{\"@id\":\"https:\/\/consortium.hr\/product\/mapei-adesilex-p9\/#breadcrumb\"},\"inLanguage\":\"sl-SI\",\"potentialAction\":[{\"@type\":\"ReadAction\",\"target\":[\"https:\/\/consortium.hr\/product\/mapei-adesilex-p9\/\"]}]},{\"@type\":\"ImageObject\",\"inLanguage\":\"sl-SI\",\"@id\":\"https:\/\/consortium.hr\/product\/mapei-adesilex-p9\/#primaryimage\",\"url\":\"https:\/\/consortium.hr\/wp-content\/uploads\/2025\/05\/mapei-adisilex-p9.png\",\"contentUrl\":\"https:\/\/consortium.hr\/wp-content\/uploads\/2025\/05\/mapei-adisilex-p9.png\",\"width\":800,\"height\":800},{\"@type\":\"BreadcrumbList\",\"@id\":\"https:\/\/consortium.hr\/product\/mapei-adesilex-p9\/#breadcrumb\",\"itemListElement\":[{\"@type\":\"ListItem\",\"position\":1,\"name\":\"Po\u010detna stranica\",\"item\":\"https:\/\/consortium.hr\/sl\/\"},{\"@type\":\"ListItem\",\"position\":2,\"name\":\"Shop\",\"item\":\"https:\/\/consortium.hr\/sl\/shop\/\"},{\"@type\":\"ListItem\",\"position\":3,\"name\":\"Mapei Adesilex P9\"}]},{\"@type\":\"WebSite\",\"@id\":\"https:\/\/consortium.hr\/#website\",\"url\":\"https:\/\/consortium.hr\/\",\"name\":\"Consortium\",\"description\":\"Gra\u0111evinski Materijal - Odli\u010dna Ponuda i Cijena\",\"alternateName\":\"Gra\u0111evinski Materijal - Odli\u010dna Ponuda i Cijena\",\"potentialAction\":[{\"@type\":\"SearchAction\",\"target\":{\"@type\":\"EntryPoint\",\"urlTemplate\":\"https:\/\/consortium.hr\/?s={search_term_string}\"},\"query-input\":{\"@type\":\"PropertyValueSpecification\",\"valueRequired\":true,\"valueName\":\"search_term_string\"}}],\"inLanguage\":\"sl-SI\"}]}<\/script>\n<!-- \/ Yoast SEO plugin. -->","yoast_head_json":{"title":"Mapei Adesilex P9 - Consortium","robots":{"index":"index","follow":"follow","max-snippet":"max-snippet:-1","max-image-preview":"max-image-preview:large","max-video-preview":"max-video-preview:-1"},"canonical":"https:\/\/consortium.hr\/sl\/product\/mapei-adesilex-p9\/","og_locale":"sl_SI","og_type":"article","og_title":"Mapei Adesilex P9 - Consortium","og_description":"Pobolj\u0161ano cementno ljepilo s produ\u017eenim otvorenim vremenom i bez klizanja na vertikalnim povr\u0161inama, za kerami\u010dke plo\u010dice i materijale od kamena. Ljepilo u bijeloj varijanti je izrazito bijele boje i izvrsne obradivosti. PREDNOSTI: Raznovrsna primjena Bez klizanja na vertikalnim povr\u0161inama Izrazito bijele boje Izvrstan omjer cijene i kvalitete TEHNI\u010cKI PODACI: Vrijeme primjene mje\u0161avine: vi\u0161e od 8 [&hellip;]","og_url":"https:\/\/consortium.hr\/sl\/product\/mapei-adesilex-p9\/","og_site_name":"Consortium","article_modified_time":"2025-10-22T10:04:21+00:00","og_image":[{"width":800,"height":800,"url":"https:\/\/consortium.hr\/wp-content\/uploads\/2025\/05\/mapei-adisilex-p9.png","type":"image\/png"}],"twitter_card":"summary_large_image","twitter_misc":{"Est. reading time":"1 minuta"},"schema":{"@context":"https:\/\/schema.org","@graph":[{"@type":"WebPage","@id":"https:\/\/consortium.hr\/product\/mapei-adesilex-p9\/","url":"https:\/\/consortium.hr\/product\/mapei-adesilex-p9\/","name":"Mapei Adesilex P9 - Consortium","isPartOf":{"@id":"https:\/\/consortium.hr\/#website"},"primaryImageOfPage":{"@id":"https:\/\/consortium.hr\/product\/mapei-adesilex-p9\/#primaryimage"},"image":{"@id":"https:\/\/consortium.hr\/product\/mapei-adesilex-p9\/#primaryimage"},"thumbnailUrl":"https:\/\/consortium.hr\/wp-content\/uploads\/2025\/05\/mapei-adisilex-p9.png","datePublished":"2025-05-08T15:24:20+00:00","dateModified":"2025-10-22T10:04:21+00:00","breadcrumb":{"@id":"https:\/\/consortium.hr\/product\/mapei-adesilex-p9\/#breadcrumb"},"inLanguage":"sl-SI","potentialAction":[{"@type":"ReadAction","target":["https:\/\/consortium.hr\/product\/mapei-adesilex-p9\/"]}]},{"@type":"ImageObject","inLanguage":"sl-SI","@id":"https:\/\/consortium.hr\/product\/mapei-adesilex-p9\/#primaryimage","url":"https:\/\/consortium.hr\/wp-content\/uploads\/2025\/05\/mapei-adisilex-p9.png","contentUrl":"https:\/\/consortium.hr\/wp-content\/uploads\/2025\/05\/mapei-adisilex-p9.png","width":800,"height":800},{"@type":"BreadcrumbList","@id":"https:\/\/consortium.hr\/product\/mapei-adesilex-p9\/#breadcrumb","itemListElement":[{"@type":"ListItem","position":1,"name":"Po\u010detna stranica","item":"https:\/\/consortium.hr\/sl\/"},{"@type":"ListItem","position":2,"name":"Shop","item":"https:\/\/consortium.hr\/sl\/shop\/"},{"@type":"ListItem","position":3,"name":"Mapei Adesilex P9"}]},{"@type":"WebSite","@id":"https:\/\/consortium.hr\/#website","url":"https:\/\/consortium.hr\/","name":"Consortium","description":"Gra\u0111evinski Materijal - Odli\u010dna Ponuda i Cijena","alternateName":"Gra\u0111evinski Materijal - Odli\u010dna Ponuda i Cijena","potentialAction":[{"@type":"SearchAction","target":{"@type":"EntryPoint","urlTemplate":"https:\/\/consortium.hr\/?s={search_term_string}"},"query-input":{"@type":"PropertyValueSpecification","valueRequired":true,"valueName":"search_term_string"}}],"inLanguage":"sl-SI"}]}},"_links":{"self":[{"href":"https:\/\/consortium.hr\/sl\/wp-json\/wp\/v2\/product\/12557","targetHints":{"allow":["GET"]}}],"collection":[{"href":"https:\/\/consortium.hr\/sl\/wp-json\/wp\/v2\/product"}],"about":[{"href":"https:\/\/consortium.hr\/sl\/wp-json\/wp\/v2\/types\/product"}],"wp:featuredmedia":[{"embeddable":true,"href":"https:\/\/consortium.hr\/sl\/wp-json\/wp\/v2\/media\/12559"}],"wp:attachment":[{"href":"https:\/\/consortium.hr\/sl\/wp-json\/wp\/v2\/media?parent=12557"}],"wp:term":[{"taxonomy":"product_brand","embeddable":true,"href":"https:\/\/consortium.hr\/sl\/wp-json\/wp\/v2\/product_brand?post=12557"},{"taxonomy":"product_cat","embeddable":true,"href":"https:\/\/consortium.hr\/sl\/wp-json\/wp\/v2\/product_cat?post=12557"},{"taxonomy":"product_tag","embeddable":true,"href":"https:\/\/consortium.hr\/sl\/wp-json\/wp\/v2\/product_tag?post=12557"}],"curies":[{"name":"wp","href":"https:\/\/api.w.org\/{rel}","templated":true}]}}