{"id":12611,"date":"2025-05-09T14:38:54","date_gmt":"2025-05-09T14:38:54","guid":{"rendered":"https:\/\/consortium.hr\/?post_type=product&#038;p=12611"},"modified":"2026-04-29T07:14:13","modified_gmt":"2026-04-29T07:14:13","slug":"nivelin-disperzivni-glet","status":"publish","type":"product","link":"https:\/\/consortium.hr\/sl\/product\/nivelin-disperzivni-glet\/","title":{"rendered":"Nivelin Disperzivni glet"},"content":{"rendered":"<p><strong>Unutarnja masa za izravnavanje<\/strong><\/p>\n<p class=\"mb-4\">Pogodno za za izravnavanje srednje optere\u0107enih povr\u0161ina. Primjerena za vapnene, vapneno-cementne i cementne fine \u017ebuke, gipskartonske plo\u010de itd.<\/p>\n<p class=\"mb-4\"><strong>Lastnosti<\/strong><\/p>\n<ul class=\"b-5 pb-2\">\n<li>Pripremljena masa za izravnavanje<\/li>\n<li>Dobar prihvat<\/li>\n<li>Visoka paropropusnost<\/li>\n<\/ul>\n<p class=\"mb-4\"><strong>Prednosti i korisnosti<\/strong><\/p>\n<ul>\n<li>Ekonomi\u010dno rje\u0161enje<\/li>\n<li>Lagano nano\u0161enje, mogu\u0107nost strojnog nano\u0161enja<\/li>\n<li>Kra\u0107i rok izvo\u0111enja radova u odnosu na pra\u0161kaste (\u0161tedi vrijeme jer je ve\u0107 pripremljena za upotrebu)<\/li>\n<li>Slu\u017ei za korekciju manjih udubina, pukotina, rupa i manjih nepravilnosti ili o\u0161te\u0107enja<\/li>\n<li>Nema pra\u0161enja,nije potrebna voda na gradili\u0161tu<\/li>\n<\/ul>","protected":false},"excerpt":{"rendered":"<p>Unutarnja masa za izravnavanje Pogodno za za izravnavanje srednje optere\u0107enih povr\u0161ina. Primjerena za vapnene, vapneno-cementne i cementne fine \u017ebuke, gipskartonske plo\u010de itd. Svojstva Pripremljena masa za izravnavanje Dobar prihvat Visoka paropropusnost Prednosti i korisnosti Ekonomi\u010dno rje\u0161enje Lagano nano\u0161enje, mogu\u0107nost strojnog nano\u0161enja Kra\u0107i rok izvo\u0111enja radova u odnosu na pra\u0161kaste (\u0161tedi vrijeme jer je ve\u0107 pripremljena [&hellip;]<\/p>","protected":false},"featured_media":12614,"template":"","meta":{"_acf_changed":false},"product_brand":[],"product_cat":[184,347],"product_tag":[],"class_list":{"0":"post-12611","1":"product","2":"type-product","3":"status-publish","4":"has-post-thumbnail","6":"product_cat-suha-gradnja","7":"product_cat-unutarnje-glet-mase","9":"first","10":"instock","11":"shipping-taxable","12":"purchasable","13":"product-type-variable","14":"wvs-archive-product-wrapper"},"acf":[],"yoast_head":"<!-- This site is optimized with the Yoast SEO plugin v26.1.1 - https:\/\/yoast.com\/wordpress\/plugins\/seo\/ -->\n<title>Nivelin Disperzivni glet - Consortium<\/title>\n<meta name=\"robots\" content=\"index, follow, max-snippet:-1, max-image-preview:large, max-video-preview:-1\" \/>\n<link rel=\"canonical\" href=\"https:\/\/consortium.hr\/sl\/product\/nivelin-disperzivni-glet\/\" \/>\n<meta property=\"og:locale\" content=\"sl_SI\" \/>\n<meta property=\"og:type\" content=\"article\" \/>\n<meta property=\"og:title\" content=\"Nivelin Disperzivni glet - Consortium\" \/>\n<meta property=\"og:description\" content=\"Unutarnja masa za izravnavanje Pogodno za za izravnavanje srednje optere\u0107enih povr\u0161ina. Primjerena za vapnene, vapneno-cementne i cementne fine \u017ebuke, gipskartonske plo\u010de itd. Svojstva Pripremljena masa za izravnavanje Dobar prihvat Visoka paropropusnost Prednosti i korisnosti Ekonomi\u010dno rje\u0161enje Lagano nano\u0161enje, mogu\u0107nost strojnog nano\u0161enja Kra\u0107i rok izvo\u0111enja radova u odnosu na pra\u0161kaste (\u0161tedi vrijeme jer je ve\u0107 pripremljena [&hellip;]\" \/>\n<meta property=\"og:url\" content=\"https:\/\/consortium.hr\/sl\/product\/nivelin-disperzivni-glet\/\" \/>\n<meta property=\"og:site_name\" content=\"Consortium\" \/>\n<meta property=\"article:modified_time\" content=\"2026-04-29T07:14:13+00:00\" \/>\n<meta property=\"og:image\" content=\"https:\/\/consortium.hr\/wp-content\/uploads\/2025\/05\/nivelin-disperzivni-glet.png\" \/>\n\t<meta property=\"og:image:width\" content=\"800\" \/>\n\t<meta property=\"og:image:height\" content=\"800\" \/>\n\t<meta property=\"og:image:type\" content=\"image\/png\" \/>\n<meta name=\"twitter:card\" content=\"summary_large_image\" \/>\n<script type=\"application\/ld+json\" class=\"yoast-schema-graph\">{\"@context\":\"https:\/\/schema.org\",\"@graph\":[{\"@type\":\"WebPage\",\"@id\":\"https:\/\/consortium.hr\/product\/nivelin-disperzivni-glet\/\",\"url\":\"https:\/\/consortium.hr\/product\/nivelin-disperzivni-glet\/\",\"name\":\"Nivelin Disperzivni glet - Consortium\",\"isPartOf\":{\"@id\":\"https:\/\/consortium.hr\/#website\"},\"primaryImageOfPage\":{\"@id\":\"https:\/\/consortium.hr\/product\/nivelin-disperzivni-glet\/#primaryimage\"},\"image\":{\"@id\":\"https:\/\/consortium.hr\/product\/nivelin-disperzivni-glet\/#primaryimage\"},\"thumbnailUrl\":\"https:\/\/consortium.hr\/wp-content\/uploads\/2025\/05\/nivelin-disperzivni-glet.png\",\"datePublished\":\"2025-05-09T14:38:54+00:00\",\"dateModified\":\"2026-04-29T07:14:13+00:00\",\"breadcrumb\":{\"@id\":\"https:\/\/consortium.hr\/product\/nivelin-disperzivni-glet\/#breadcrumb\"},\"inLanguage\":\"sl-SI\",\"potentialAction\":[{\"@type\":\"ReadAction\",\"target\":[\"https:\/\/consortium.hr\/product\/nivelin-disperzivni-glet\/\"]}]},{\"@type\":\"ImageObject\",\"inLanguage\":\"sl-SI\",\"@id\":\"https:\/\/consortium.hr\/product\/nivelin-disperzivni-glet\/#primaryimage\",\"url\":\"https:\/\/consortium.hr\/wp-content\/uploads\/2025\/05\/nivelin-disperzivni-glet.png\",\"contentUrl\":\"https:\/\/consortium.hr\/wp-content\/uploads\/2025\/05\/nivelin-disperzivni-glet.png\",\"width\":800,\"height\":800},{\"@type\":\"BreadcrumbList\",\"@id\":\"https:\/\/consortium.hr\/product\/nivelin-disperzivni-glet\/#breadcrumb\",\"itemListElement\":[{\"@type\":\"ListItem\",\"position\":1,\"name\":\"Po\u010detna stranica\",\"item\":\"https:\/\/consortium.hr\/sl\/\"},{\"@type\":\"ListItem\",\"position\":2,\"name\":\"Shop\",\"item\":\"https:\/\/consortium.hr\/sl\/shop\/\"},{\"@type\":\"ListItem\",\"position\":3,\"name\":\"Nivelin Disperzivni glet\"}]},{\"@type\":\"WebSite\",\"@id\":\"https:\/\/consortium.hr\/#website\",\"url\":\"https:\/\/consortium.hr\/\",\"name\":\"Consortium\",\"description\":\"Gra\u0111evinski Materijal - Odli\u010dna Ponuda i Cijena\",\"alternateName\":\"Gra\u0111evinski Materijal - Odli\u010dna Ponuda i Cijena\",\"potentialAction\":[{\"@type\":\"SearchAction\",\"target\":{\"@type\":\"EntryPoint\",\"urlTemplate\":\"https:\/\/consortium.hr\/?s={search_term_string}\"},\"query-input\":{\"@type\":\"PropertyValueSpecification\",\"valueRequired\":true,\"valueName\":\"search_term_string\"}}],\"inLanguage\":\"sl-SI\"}]}<\/script>\n<!-- \/ Yoast SEO plugin. -->","yoast_head_json":{"title":"Nivelin Disperzivni glet - Consortium","robots":{"index":"index","follow":"follow","max-snippet":"max-snippet:-1","max-image-preview":"max-image-preview:large","max-video-preview":"max-video-preview:-1"},"canonical":"https:\/\/consortium.hr\/sl\/product\/nivelin-disperzivni-glet\/","og_locale":"sl_SI","og_type":"article","og_title":"Nivelin Disperzivni glet - Consortium","og_description":"Unutarnja masa za izravnavanje Pogodno za za izravnavanje srednje optere\u0107enih povr\u0161ina. Primjerena za vapnene, vapneno-cementne i cementne fine \u017ebuke, gipskartonske plo\u010de itd. Svojstva Pripremljena masa za izravnavanje Dobar prihvat Visoka paropropusnost Prednosti i korisnosti Ekonomi\u010dno rje\u0161enje Lagano nano\u0161enje, mogu\u0107nost strojnog nano\u0161enja Kra\u0107i rok izvo\u0111enja radova u odnosu na pra\u0161kaste (\u0161tedi vrijeme jer je ve\u0107 pripremljena [&hellip;]","og_url":"https:\/\/consortium.hr\/sl\/product\/nivelin-disperzivni-glet\/","og_site_name":"Consortium","article_modified_time":"2026-04-29T07:14:13+00:00","og_image":[{"width":800,"height":800,"url":"https:\/\/consortium.hr\/wp-content\/uploads\/2025\/05\/nivelin-disperzivni-glet.png","type":"image\/png"}],"twitter_card":"summary_large_image","schema":{"@context":"https:\/\/schema.org","@graph":[{"@type":"WebPage","@id":"https:\/\/consortium.hr\/product\/nivelin-disperzivni-glet\/","url":"https:\/\/consortium.hr\/product\/nivelin-disperzivni-glet\/","name":"Nivelin Disperzivni glet - Consortium","isPartOf":{"@id":"https:\/\/consortium.hr\/#website"},"primaryImageOfPage":{"@id":"https:\/\/consortium.hr\/product\/nivelin-disperzivni-glet\/#primaryimage"},"image":{"@id":"https:\/\/consortium.hr\/product\/nivelin-disperzivni-glet\/#primaryimage"},"thumbnailUrl":"https:\/\/consortium.hr\/wp-content\/uploads\/2025\/05\/nivelin-disperzivni-glet.png","datePublished":"2025-05-09T14:38:54+00:00","dateModified":"2026-04-29T07:14:13+00:00","breadcrumb":{"@id":"https:\/\/consortium.hr\/product\/nivelin-disperzivni-glet\/#breadcrumb"},"inLanguage":"sl-SI","potentialAction":[{"@type":"ReadAction","target":["https:\/\/consortium.hr\/product\/nivelin-disperzivni-glet\/"]}]},{"@type":"ImageObject","inLanguage":"sl-SI","@id":"https:\/\/consortium.hr\/product\/nivelin-disperzivni-glet\/#primaryimage","url":"https:\/\/consortium.hr\/wp-content\/uploads\/2025\/05\/nivelin-disperzivni-glet.png","contentUrl":"https:\/\/consortium.hr\/wp-content\/uploads\/2025\/05\/nivelin-disperzivni-glet.png","width":800,"height":800},{"@type":"BreadcrumbList","@id":"https:\/\/consortium.hr\/product\/nivelin-disperzivni-glet\/#breadcrumb","itemListElement":[{"@type":"ListItem","position":1,"name":"Po\u010detna stranica","item":"https:\/\/consortium.hr\/sl\/"},{"@type":"ListItem","position":2,"name":"Shop","item":"https:\/\/consortium.hr\/sl\/shop\/"},{"@type":"ListItem","position":3,"name":"Nivelin Disperzivni glet"}]},{"@type":"WebSite","@id":"https:\/\/consortium.hr\/#website","url":"https:\/\/consortium.hr\/","name":"Consortium","description":"Gra\u0111evinski Materijal - Odli\u010dna Ponuda i Cijena","alternateName":"Gra\u0111evinski Materijal - Odli\u010dna Ponuda i Cijena","potentialAction":[{"@type":"SearchAction","target":{"@type":"EntryPoint","urlTemplate":"https:\/\/consortium.hr\/?s={search_term_string}"},"query-input":{"@type":"PropertyValueSpecification","valueRequired":true,"valueName":"search_term_string"}}],"inLanguage":"sl-SI"}]}},"_links":{"self":[{"href":"https:\/\/consortium.hr\/sl\/wp-json\/wp\/v2\/product\/12611","targetHints":{"allow":["GET"]}}],"collection":[{"href":"https:\/\/consortium.hr\/sl\/wp-json\/wp\/v2\/product"}],"about":[{"href":"https:\/\/consortium.hr\/sl\/wp-json\/wp\/v2\/types\/product"}],"wp:featuredmedia":[{"embeddable":true,"href":"https:\/\/consortium.hr\/sl\/wp-json\/wp\/v2\/media\/12614"}],"wp:attachment":[{"href":"https:\/\/consortium.hr\/sl\/wp-json\/wp\/v2\/media?parent=12611"}],"wp:term":[{"taxonomy":"product_brand","embeddable":true,"href":"https:\/\/consortium.hr\/sl\/wp-json\/wp\/v2\/product_brand?post=12611"},{"taxonomy":"product_cat","embeddable":true,"href":"https:\/\/consortium.hr\/sl\/wp-json\/wp\/v2\/product_cat?post=12611"},{"taxonomy":"product_tag","embeddable":true,"href":"https:\/\/consortium.hr\/sl\/wp-json\/wp\/v2\/product_tag?post=12611"}],"curies":[{"name":"wp","href":"https:\/\/api.w.org\/{rel}","templated":true}]}}