{"id":12766,"date":"2025-05-24T06:07:13","date_gmt":"2025-05-24T06:07:13","guid":{"rendered":"https:\/\/consortium.hr\/?post_type=product&#038;p=12766"},"modified":"2026-04-18T09:33:36","modified_gmt":"2026-04-18T09:33:36","slug":"hammerite-rustik-075l","status":"publish","type":"product","link":"https:\/\/consortium.hr\/sl\/product\/hammerite-rustik-075l\/","title":{"rendered":"Hammerite Rustik 0,75L"},"content":{"rendered":"<p>Metalni za\u0161titni lak Hammerite Rustik mo\u017ee se nanositi na sve ne tretirane, zahr\u0111ale ili staro oblo\u017eene metale.<\/p>\n<p>Lak nakon su\u0161enja ostavlja reljefni izgled (ostaje hrapava podloga).<\/p>\n<p>Zbog svoje DualTech za\u0161tite, otporan je na vodu i osigurava dugoro\u010dnu za\u0161titu. Odlikuje se jako dobrim prianjanjem, vremenom su\u0161enja i UV otpornosti. Preduvjet za sigurnu za\u0161titu od korozije jest debljina suhog filma od najmanje 100 \u03bcm. Ova debljina sloja posti\u017ee se \u010detkom ili valjkom nakon 2-3 premaza te prilikom prskanja nakon 3-5 premaza.<\/p>\n<p>Ukoliko se postoje\u0107a boja ili hr\u0111a lju\u0161ti treba je fizi\u010dki otkloniti brusnim papirom ili \u010deli\u010dnom \u010detkom.<\/p>","protected":false},"excerpt":{"rendered":"<p>Metalni za\u0161titni lak Hammerite Rustik mo\u017ee se nanositi na sve ne tretirane, zahr\u0111ale ili staro oblo\u017eene metale. Lak nakon su\u0161enja ostavlja reljefni izgled (ostaje hrapava podloga). Zbog svoje DualTech za\u0161tite, otporan je na vodu i osigurava dugoro\u010dnu za\u0161titu. Odlikuje se jako dobrim prianjanjem, vremenom su\u0161enja i UV otpornosti. Preduvjet za sigurnu za\u0161titu od korozije jest [&hellip;]<\/p>","protected":false},"featured_media":12769,"template":"","meta":{"_acf_changed":false},"product_brand":[],"product_cat":[169,173,365],"product_tag":[],"class_list":{"0":"post-12766","1":"product","2":"type-product","3":"status-publish","4":"has-post-thumbnail","6":"product_cat-boje-i-lakovi","7":"product_cat-lakovi","8":"product_cat-lakovi-za-metal","10":"first","11":"instock","12":"shipping-taxable","13":"purchasable","14":"product-type-variable","15":"wvs-archive-product-wrapper"},"acf":[],"yoast_head":"<!-- This site is optimized with the Yoast SEO plugin v26.1.1 - https:\/\/yoast.com\/wordpress\/plugins\/seo\/ -->\n<title>Hammerite Rustik 0,75L - Consortium<\/title>\n<meta name=\"robots\" content=\"index, follow, max-snippet:-1, max-image-preview:large, max-video-preview:-1\" \/>\n<link rel=\"canonical\" href=\"https:\/\/consortium.hr\/sl\/product\/hammerite-rustik-075l\/\" \/>\n<meta property=\"og:locale\" content=\"sl_SI\" \/>\n<meta property=\"og:type\" content=\"article\" \/>\n<meta property=\"og:title\" content=\"Hammerite Rustik 0,75L - Consortium\" \/>\n<meta property=\"og:description\" content=\"Metalni za\u0161titni lak Hammerite Rustik mo\u017ee se nanositi na sve ne tretirane, zahr\u0111ale ili staro oblo\u017eene metale. Lak nakon su\u0161enja ostavlja reljefni izgled (ostaje hrapava podloga). Zbog svoje DualTech za\u0161tite, otporan je na vodu i osigurava dugoro\u010dnu za\u0161titu. Odlikuje se jako dobrim prianjanjem, vremenom su\u0161enja i UV otpornosti. Preduvjet za sigurnu za\u0161titu od korozije jest [&hellip;]\" \/>\n<meta property=\"og:url\" content=\"https:\/\/consortium.hr\/sl\/product\/hammerite-rustik-075l\/\" \/>\n<meta property=\"og:site_name\" content=\"Consortium\" \/>\n<meta property=\"article:modified_time\" content=\"2026-04-18T09:33:36+00:00\" \/>\n<meta property=\"og:image\" content=\"https:\/\/consortium.hr\/wp-content\/uploads\/2025\/05\/hammerite-rustik.png\" \/>\n\t<meta property=\"og:image:width\" content=\"800\" \/>\n\t<meta property=\"og:image:height\" content=\"800\" \/>\n\t<meta property=\"og:image:type\" content=\"image\/png\" \/>\n<meta name=\"twitter:card\" content=\"summary_large_image\" \/>\n<meta name=\"twitter:label1\" content=\"Est. reading time\" \/>\n\t<meta name=\"twitter:data1\" content=\"1 minuta\" \/>\n<script type=\"application\/ld+json\" class=\"yoast-schema-graph\">{\"@context\":\"https:\/\/schema.org\",\"@graph\":[{\"@type\":\"WebPage\",\"@id\":\"https:\/\/consortium.hr\/product\/hammerite-rustik-075l\/\",\"url\":\"https:\/\/consortium.hr\/product\/hammerite-rustik-075l\/\",\"name\":\"Hammerite Rustik 0,75L - Consortium\",\"isPartOf\":{\"@id\":\"https:\/\/consortium.hr\/#website\"},\"primaryImageOfPage\":{\"@id\":\"https:\/\/consortium.hr\/product\/hammerite-rustik-075l\/#primaryimage\"},\"image\":{\"@id\":\"https:\/\/consortium.hr\/product\/hammerite-rustik-075l\/#primaryimage\"},\"thumbnailUrl\":\"https:\/\/consortium.hr\/wp-content\/uploads\/2025\/05\/hammerite-rustik.png\",\"datePublished\":\"2025-05-24T06:07:13+00:00\",\"dateModified\":\"2026-04-18T09:33:36+00:00\",\"breadcrumb\":{\"@id\":\"https:\/\/consortium.hr\/product\/hammerite-rustik-075l\/#breadcrumb\"},\"inLanguage\":\"sl-SI\",\"potentialAction\":[{\"@type\":\"ReadAction\",\"target\":[\"https:\/\/consortium.hr\/product\/hammerite-rustik-075l\/\"]}]},{\"@type\":\"ImageObject\",\"inLanguage\":\"sl-SI\",\"@id\":\"https:\/\/consortium.hr\/product\/hammerite-rustik-075l\/#primaryimage\",\"url\":\"https:\/\/consortium.hr\/wp-content\/uploads\/2025\/05\/hammerite-rustik.png\",\"contentUrl\":\"https:\/\/consortium.hr\/wp-content\/uploads\/2025\/05\/hammerite-rustik.png\",\"width\":800,\"height\":800},{\"@type\":\"BreadcrumbList\",\"@id\":\"https:\/\/consortium.hr\/product\/hammerite-rustik-075l\/#breadcrumb\",\"itemListElement\":[{\"@type\":\"ListItem\",\"position\":1,\"name\":\"Po\u010detna stranica\",\"item\":\"https:\/\/consortium.hr\/sl\/\"},{\"@type\":\"ListItem\",\"position\":2,\"name\":\"Shop\",\"item\":\"https:\/\/consortium.hr\/sl\/shop\/\"},{\"@type\":\"ListItem\",\"position\":3,\"name\":\"Hammerite Rustik 0,75L\"}]},{\"@type\":\"WebSite\",\"@id\":\"https:\/\/consortium.hr\/#website\",\"url\":\"https:\/\/consortium.hr\/\",\"name\":\"Consortium\",\"description\":\"Gra\u0111evinski Materijal - Odli\u010dna Ponuda i Cijena\",\"alternateName\":\"Gra\u0111evinski Materijal - Odli\u010dna Ponuda i Cijena\",\"potentialAction\":[{\"@type\":\"SearchAction\",\"target\":{\"@type\":\"EntryPoint\",\"urlTemplate\":\"https:\/\/consortium.hr\/?s={search_term_string}\"},\"query-input\":{\"@type\":\"PropertyValueSpecification\",\"valueRequired\":true,\"valueName\":\"search_term_string\"}}],\"inLanguage\":\"sl-SI\"}]}<\/script>\n<!-- \/ Yoast SEO plugin. -->","yoast_head_json":{"title":"Hammerite Rustik 0,75L - Consortium","robots":{"index":"index","follow":"follow","max-snippet":"max-snippet:-1","max-image-preview":"max-image-preview:large","max-video-preview":"max-video-preview:-1"},"canonical":"https:\/\/consortium.hr\/sl\/product\/hammerite-rustik-075l\/","og_locale":"sl_SI","og_type":"article","og_title":"Hammerite Rustik 0,75L - Consortium","og_description":"Metalni za\u0161titni lak Hammerite Rustik mo\u017ee se nanositi na sve ne tretirane, zahr\u0111ale ili staro oblo\u017eene metale. Lak nakon su\u0161enja ostavlja reljefni izgled (ostaje hrapava podloga). Zbog svoje DualTech za\u0161tite, otporan je na vodu i osigurava dugoro\u010dnu za\u0161titu. Odlikuje se jako dobrim prianjanjem, vremenom su\u0161enja i UV otpornosti. Preduvjet za sigurnu za\u0161titu od korozije jest [&hellip;]","og_url":"https:\/\/consortium.hr\/sl\/product\/hammerite-rustik-075l\/","og_site_name":"Consortium","article_modified_time":"2026-04-18T09:33:36+00:00","og_image":[{"width":800,"height":800,"url":"https:\/\/consortium.hr\/wp-content\/uploads\/2025\/05\/hammerite-rustik.png","type":"image\/png"}],"twitter_card":"summary_large_image","twitter_misc":{"Est. reading time":"1 minuta"},"schema":{"@context":"https:\/\/schema.org","@graph":[{"@type":"WebPage","@id":"https:\/\/consortium.hr\/product\/hammerite-rustik-075l\/","url":"https:\/\/consortium.hr\/product\/hammerite-rustik-075l\/","name":"Hammerite Rustik 0,75L - Consortium","isPartOf":{"@id":"https:\/\/consortium.hr\/#website"},"primaryImageOfPage":{"@id":"https:\/\/consortium.hr\/product\/hammerite-rustik-075l\/#primaryimage"},"image":{"@id":"https:\/\/consortium.hr\/product\/hammerite-rustik-075l\/#primaryimage"},"thumbnailUrl":"https:\/\/consortium.hr\/wp-content\/uploads\/2025\/05\/hammerite-rustik.png","datePublished":"2025-05-24T06:07:13+00:00","dateModified":"2026-04-18T09:33:36+00:00","breadcrumb":{"@id":"https:\/\/consortium.hr\/product\/hammerite-rustik-075l\/#breadcrumb"},"inLanguage":"sl-SI","potentialAction":[{"@type":"ReadAction","target":["https:\/\/consortium.hr\/product\/hammerite-rustik-075l\/"]}]},{"@type":"ImageObject","inLanguage":"sl-SI","@id":"https:\/\/consortium.hr\/product\/hammerite-rustik-075l\/#primaryimage","url":"https:\/\/consortium.hr\/wp-content\/uploads\/2025\/05\/hammerite-rustik.png","contentUrl":"https:\/\/consortium.hr\/wp-content\/uploads\/2025\/05\/hammerite-rustik.png","width":800,"height":800},{"@type":"BreadcrumbList","@id":"https:\/\/consortium.hr\/product\/hammerite-rustik-075l\/#breadcrumb","itemListElement":[{"@type":"ListItem","position":1,"name":"Po\u010detna stranica","item":"https:\/\/consortium.hr\/sl\/"},{"@type":"ListItem","position":2,"name":"Shop","item":"https:\/\/consortium.hr\/sl\/shop\/"},{"@type":"ListItem","position":3,"name":"Hammerite Rustik 0,75L"}]},{"@type":"WebSite","@id":"https:\/\/consortium.hr\/#website","url":"https:\/\/consortium.hr\/","name":"Consortium","description":"Gra\u0111evinski Materijal - Odli\u010dna Ponuda i Cijena","alternateName":"Gra\u0111evinski Materijal - Odli\u010dna Ponuda i Cijena","potentialAction":[{"@type":"SearchAction","target":{"@type":"EntryPoint","urlTemplate":"https:\/\/consortium.hr\/?s={search_term_string}"},"query-input":{"@type":"PropertyValueSpecification","valueRequired":true,"valueName":"search_term_string"}}],"inLanguage":"sl-SI"}]}},"_links":{"self":[{"href":"https:\/\/consortium.hr\/sl\/wp-json\/wp\/v2\/product\/12766","targetHints":{"allow":["GET"]}}],"collection":[{"href":"https:\/\/consortium.hr\/sl\/wp-json\/wp\/v2\/product"}],"about":[{"href":"https:\/\/consortium.hr\/sl\/wp-json\/wp\/v2\/types\/product"}],"wp:featuredmedia":[{"embeddable":true,"href":"https:\/\/consortium.hr\/sl\/wp-json\/wp\/v2\/media\/12769"}],"wp:attachment":[{"href":"https:\/\/consortium.hr\/sl\/wp-json\/wp\/v2\/media?parent=12766"}],"wp:term":[{"taxonomy":"product_brand","embeddable":true,"href":"https:\/\/consortium.hr\/sl\/wp-json\/wp\/v2\/product_brand?post=12766"},{"taxonomy":"product_cat","embeddable":true,"href":"https:\/\/consortium.hr\/sl\/wp-json\/wp\/v2\/product_cat?post=12766"},{"taxonomy":"product_tag","embeddable":true,"href":"https:\/\/consortium.hr\/sl\/wp-json\/wp\/v2\/product_tag?post=12766"}],"curies":[{"name":"wp","href":"https:\/\/api.w.org\/{rel}","templated":true}]}}