{"id":12778,"date":"2025-05-24T08:54:07","date_gmt":"2025-05-24T08:54:07","guid":{"rendered":"https:\/\/consortium.hr\/?post_type=product&#038;p=12778"},"modified":"2026-03-16T10:22:56","modified_gmt":"2026-03-16T10:22:56","slug":"texo-silikon-za-visoke-temeprature-300-c-280ml","status":"publish","type":"product","link":"https:\/\/consortium.hr\/sl\/product\/texo-silikon-za-visoke-temeprature-300-c-280ml\/","title":{"rendered":"TEXO Silikon za visoke temeprature 300 \u00b0C 280ml"},"content":{"rendered":"<p>TEXO silikon za brtvljenje fuga koje su izlo\u017eene visokim temperaturama do 300 \u00b0C.<br \/>\nOtporan na toplinu, stvrdnjava se u prisutnosti vlage te oblikuje trajnu, elasti\u010dnu gumu.<\/p>\n<p>Prednosti:<br \/>\n-opornost na temperature do + 300 C<\/p>\n<p>Ograni\u010denja:<br \/>\nNije prikladno za PE, PP, PC, PMMA, PTFE, meke plastike, neoprenske i bitumenske podloge<\/p>\n<p>Uporaba:<br \/>\nPosebno razvijen za oblikovanje brtvi na licu mjesta, brtvljenje vrata pe\u0107nica, plo\u010da za kuhanje, industrijskih pe\u0107nica i oblikovanje spojeva pod vrlo visokom temperaturom. Primjeri: odvodi, termostati, pumpe, cijevi za grijanje i niskotla\u010dne brtve u dijelovima motora.<\/p>","protected":false},"excerpt":{"rendered":"<p>TEXO silikon za brtvljenje fuga koje su izlo\u017eene visokim temperaturama do 300 \u00b0C. Otporan na toplinu, stvrdnjava se u prisutnosti vlage te oblikuje trajnu, elasti\u010dnu gumu. Prednosti: -opornost na temperature do + 300 C Ograni\u010denja: Nije prikladno za PE, PP, PC, PMMA, PTFE, meke plastike, neoprenske i bitumenske podloge Primjena: Posebno razvijen za oblikovanje brtvi [&hellip;]<\/p>","protected":false},"featured_media":12779,"template":"","meta":{"_acf_changed":false},"product_brand":[],"product_cat":[197,310],"product_tag":[],"class_list":{"0":"post-12778","1":"product","2":"type-product","3":"status-publish","4":"has-post-thumbnail","6":"product_cat-silikoni","7":"product_cat-temperaturno-otporni","9":"first","10":"instock","11":"shipping-taxable","12":"purchasable","13":"product-type-simple"},"acf":[],"yoast_head":"<!-- This site is optimized with the Yoast SEO plugin v26.1.1 - https:\/\/yoast.com\/wordpress\/plugins\/seo\/ -->\n<title>TEXO Silikon za visoke temeprature 300 \u00b0C 280ml - Consortium<\/title>\n<meta name=\"robots\" content=\"index, follow, max-snippet:-1, max-image-preview:large, max-video-preview:-1\" \/>\n<link rel=\"canonical\" href=\"https:\/\/consortium.hr\/sl\/product\/texo-silikon-za-visoke-temeprature-300-c-280ml\/\" \/>\n<meta property=\"og:locale\" content=\"sl_SI\" \/>\n<meta property=\"og:type\" content=\"article\" \/>\n<meta property=\"og:title\" content=\"TEXO Silikon za visoke temeprature 300 \u00b0C 280ml - Consortium\" \/>\n<meta property=\"og:description\" content=\"TEXO silikon za brtvljenje fuga koje su izlo\u017eene visokim temperaturama do 300 \u00b0C. Otporan na toplinu, stvrdnjava se u prisutnosti vlage te oblikuje trajnu, elasti\u010dnu gumu. Prednosti: -opornost na temperature do + 300 C Ograni\u010denja: Nije prikladno za PE, PP, PC, PMMA, PTFE, meke plastike, neoprenske i bitumenske podloge Primjena: Posebno razvijen za oblikovanje brtvi [&hellip;]\" \/>\n<meta property=\"og:url\" content=\"https:\/\/consortium.hr\/sl\/product\/texo-silikon-za-visoke-temeprature-300-c-280ml\/\" \/>\n<meta property=\"og:site_name\" content=\"Consortium\" \/>\n<meta property=\"article:modified_time\" content=\"2026-03-16T10:22:56+00:00\" \/>\n<meta property=\"og:image\" content=\"https:\/\/consortium.hr\/wp-content\/uploads\/2025\/05\/texo-silikon-za-visoke-temperature-300.png\" \/>\n\t<meta property=\"og:image:width\" content=\"800\" \/>\n\t<meta property=\"og:image:height\" content=\"800\" \/>\n\t<meta property=\"og:image:type\" content=\"image\/png\" \/>\n<meta name=\"twitter:card\" content=\"summary_large_image\" \/>\n<script type=\"application\/ld+json\" class=\"yoast-schema-graph\">{\"@context\":\"https:\/\/schema.org\",\"@graph\":[{\"@type\":\"WebPage\",\"@id\":\"https:\/\/consortium.hr\/product\/texo-silikon-za-visoke-temeprature-300-c-280ml\/\",\"url\":\"https:\/\/consortium.hr\/product\/texo-silikon-za-visoke-temeprature-300-c-280ml\/\",\"name\":\"TEXO Silikon za visoke temeprature 300 \u00b0C 280ml - Consortium\",\"isPartOf\":{\"@id\":\"https:\/\/consortium.hr\/#website\"},\"primaryImageOfPage\":{\"@id\":\"https:\/\/consortium.hr\/product\/texo-silikon-za-visoke-temeprature-300-c-280ml\/#primaryimage\"},\"image\":{\"@id\":\"https:\/\/consortium.hr\/product\/texo-silikon-za-visoke-temeprature-300-c-280ml\/#primaryimage\"},\"thumbnailUrl\":\"https:\/\/consortium.hr\/wp-content\/uploads\/2025\/05\/texo-silikon-za-visoke-temperature-300.png\",\"datePublished\":\"2025-05-24T08:54:07+00:00\",\"dateModified\":\"2026-03-16T10:22:56+00:00\",\"breadcrumb\":{\"@id\":\"https:\/\/consortium.hr\/product\/texo-silikon-za-visoke-temeprature-300-c-280ml\/#breadcrumb\"},\"inLanguage\":\"sl-SI\",\"potentialAction\":[{\"@type\":\"ReadAction\",\"target\":[\"https:\/\/consortium.hr\/product\/texo-silikon-za-visoke-temeprature-300-c-280ml\/\"]}]},{\"@type\":\"ImageObject\",\"inLanguage\":\"sl-SI\",\"@id\":\"https:\/\/consortium.hr\/product\/texo-silikon-za-visoke-temeprature-300-c-280ml\/#primaryimage\",\"url\":\"https:\/\/consortium.hr\/wp-content\/uploads\/2025\/05\/texo-silikon-za-visoke-temperature-300.png\",\"contentUrl\":\"https:\/\/consortium.hr\/wp-content\/uploads\/2025\/05\/texo-silikon-za-visoke-temperature-300.png\",\"width\":800,\"height\":800},{\"@type\":\"BreadcrumbList\",\"@id\":\"https:\/\/consortium.hr\/product\/texo-silikon-za-visoke-temeprature-300-c-280ml\/#breadcrumb\",\"itemListElement\":[{\"@type\":\"ListItem\",\"position\":1,\"name\":\"Po\u010detna stranica\",\"item\":\"https:\/\/consortium.hr\/sl\/\"},{\"@type\":\"ListItem\",\"position\":2,\"name\":\"Shop\",\"item\":\"https:\/\/consortium.hr\/sl\/shop\/\"},{\"@type\":\"ListItem\",\"position\":3,\"name\":\"TEXO Silikon za visoke temeprature 300 \u00b0C 280ml\"}]},{\"@type\":\"WebSite\",\"@id\":\"https:\/\/consortium.hr\/#website\",\"url\":\"https:\/\/consortium.hr\/\",\"name\":\"Consortium\",\"description\":\"Gra\u0111evinski Materijal - Odli\u010dna Ponuda i Cijena\",\"alternateName\":\"Gra\u0111evinski Materijal - Odli\u010dna Ponuda i Cijena\",\"potentialAction\":[{\"@type\":\"SearchAction\",\"target\":{\"@type\":\"EntryPoint\",\"urlTemplate\":\"https:\/\/consortium.hr\/?s={search_term_string}\"},\"query-input\":{\"@type\":\"PropertyValueSpecification\",\"valueRequired\":true,\"valueName\":\"search_term_string\"}}],\"inLanguage\":\"sl-SI\"}]}<\/script>\n<!-- \/ Yoast SEO plugin. -->","yoast_head_json":{"title":"TEXO Silikon za visoke temeprature 300 \u00b0C 280ml - Consortium","robots":{"index":"index","follow":"follow","max-snippet":"max-snippet:-1","max-image-preview":"max-image-preview:large","max-video-preview":"max-video-preview:-1"},"canonical":"https:\/\/consortium.hr\/sl\/product\/texo-silikon-za-visoke-temeprature-300-c-280ml\/","og_locale":"sl_SI","og_type":"article","og_title":"TEXO Silikon za visoke temeprature 300 \u00b0C 280ml - Consortium","og_description":"TEXO silikon za brtvljenje fuga koje su izlo\u017eene visokim temperaturama do 300 \u00b0C. Otporan na toplinu, stvrdnjava se u prisutnosti vlage te oblikuje trajnu, elasti\u010dnu gumu. Prednosti: -opornost na temperature do + 300 C Ograni\u010denja: Nije prikladno za PE, PP, PC, PMMA, PTFE, meke plastike, neoprenske i bitumenske podloge Primjena: Posebno razvijen za oblikovanje brtvi [&hellip;]","og_url":"https:\/\/consortium.hr\/sl\/product\/texo-silikon-za-visoke-temeprature-300-c-280ml\/","og_site_name":"Consortium","article_modified_time":"2026-03-16T10:22:56+00:00","og_image":[{"width":800,"height":800,"url":"https:\/\/consortium.hr\/wp-content\/uploads\/2025\/05\/texo-silikon-za-visoke-temperature-300.png","type":"image\/png"}],"twitter_card":"summary_large_image","schema":{"@context":"https:\/\/schema.org","@graph":[{"@type":"WebPage","@id":"https:\/\/consortium.hr\/product\/texo-silikon-za-visoke-temeprature-300-c-280ml\/","url":"https:\/\/consortium.hr\/product\/texo-silikon-za-visoke-temeprature-300-c-280ml\/","name":"TEXO Silikon za visoke temeprature 300 \u00b0C 280ml - Consortium","isPartOf":{"@id":"https:\/\/consortium.hr\/#website"},"primaryImageOfPage":{"@id":"https:\/\/consortium.hr\/product\/texo-silikon-za-visoke-temeprature-300-c-280ml\/#primaryimage"},"image":{"@id":"https:\/\/consortium.hr\/product\/texo-silikon-za-visoke-temeprature-300-c-280ml\/#primaryimage"},"thumbnailUrl":"https:\/\/consortium.hr\/wp-content\/uploads\/2025\/05\/texo-silikon-za-visoke-temperature-300.png","datePublished":"2025-05-24T08:54:07+00:00","dateModified":"2026-03-16T10:22:56+00:00","breadcrumb":{"@id":"https:\/\/consortium.hr\/product\/texo-silikon-za-visoke-temeprature-300-c-280ml\/#breadcrumb"},"inLanguage":"sl-SI","potentialAction":[{"@type":"ReadAction","target":["https:\/\/consortium.hr\/product\/texo-silikon-za-visoke-temeprature-300-c-280ml\/"]}]},{"@type":"ImageObject","inLanguage":"sl-SI","@id":"https:\/\/consortium.hr\/product\/texo-silikon-za-visoke-temeprature-300-c-280ml\/#primaryimage","url":"https:\/\/consortium.hr\/wp-content\/uploads\/2025\/05\/texo-silikon-za-visoke-temperature-300.png","contentUrl":"https:\/\/consortium.hr\/wp-content\/uploads\/2025\/05\/texo-silikon-za-visoke-temperature-300.png","width":800,"height":800},{"@type":"BreadcrumbList","@id":"https:\/\/consortium.hr\/product\/texo-silikon-za-visoke-temeprature-300-c-280ml\/#breadcrumb","itemListElement":[{"@type":"ListItem","position":1,"name":"Po\u010detna stranica","item":"https:\/\/consortium.hr\/sl\/"},{"@type":"ListItem","position":2,"name":"Shop","item":"https:\/\/consortium.hr\/sl\/shop\/"},{"@type":"ListItem","position":3,"name":"TEXO Silikon za visoke temeprature 300 \u00b0C 280ml"}]},{"@type":"WebSite","@id":"https:\/\/consortium.hr\/#website","url":"https:\/\/consortium.hr\/","name":"Consortium","description":"Gra\u0111evinski Materijal - Odli\u010dna Ponuda i Cijena","alternateName":"Gra\u0111evinski Materijal - Odli\u010dna Ponuda i Cijena","potentialAction":[{"@type":"SearchAction","target":{"@type":"EntryPoint","urlTemplate":"https:\/\/consortium.hr\/?s={search_term_string}"},"query-input":{"@type":"PropertyValueSpecification","valueRequired":true,"valueName":"search_term_string"}}],"inLanguage":"sl-SI"}]}},"_links":{"self":[{"href":"https:\/\/consortium.hr\/sl\/wp-json\/wp\/v2\/product\/12778","targetHints":{"allow":["GET"]}}],"collection":[{"href":"https:\/\/consortium.hr\/sl\/wp-json\/wp\/v2\/product"}],"about":[{"href":"https:\/\/consortium.hr\/sl\/wp-json\/wp\/v2\/types\/product"}],"wp:featuredmedia":[{"embeddable":true,"href":"https:\/\/consortium.hr\/sl\/wp-json\/wp\/v2\/media\/12779"}],"wp:attachment":[{"href":"https:\/\/consortium.hr\/sl\/wp-json\/wp\/v2\/media?parent=12778"}],"wp:term":[{"taxonomy":"product_brand","embeddable":true,"href":"https:\/\/consortium.hr\/sl\/wp-json\/wp\/v2\/product_brand?post=12778"},{"taxonomy":"product_cat","embeddable":true,"href":"https:\/\/consortium.hr\/sl\/wp-json\/wp\/v2\/product_cat?post=12778"},{"taxonomy":"product_tag","embeddable":true,"href":"https:\/\/consortium.hr\/sl\/wp-json\/wp\/v2\/product_tag?post=12778"}],"curies":[{"name":"wp","href":"https:\/\/api.w.org\/{rel}","templated":true}]}}