{"id":12784,"date":"2025-05-24T10:04:38","date_gmt":"2025-05-24T10:04:38","guid":{"rendered":"https:\/\/consortium.hr\/?post_type=product&#038;p=12784"},"modified":"2026-04-15T12:48:25","modified_gmt":"2026-04-15T12:48:25","slug":"texo-poliuretanska-pjena-brzovezujuca-pistoljska-p410-750ml","status":"publish","type":"product","link":"https:\/\/consortium.hr\/sl\/product\/texo-poliuretanska-pjena-brzovezujuca-pistoljska-p410-750ml\/","title":{"rendered":"TEXO Poliuretanska pjena brzovezuju\u0107a pi\u0161toljska P410 750ml"},"content":{"rendered":"<p><strong>Lastnosti:<\/strong><br \/>\n\u2022 Brzovezuju\u0107a PU-pjena: Jednokomponentno, samoekspandiraju\u0107e poliuretansko ljepilo za EPS, XPS, PUR\/PIR plo\u010de.<br \/>\n\u2022 Brzo stvrdnjavanje: Do 3 puta br\u017ee od standardne poliuretanske pjene.<br \/>\n\u2022 Odli\u010dna termalna izolacija: Pru\u017ea izvrsnu toplinsku izolaciju.<br \/>\n\u2022 Otpornost: Otporna na razne solvente, boje i kemikalije, temperaturna otpornost od -40\u00b0C do +90\u00b0C.<br \/>\n\u2022 Vodootporna: Osigurava otpornost na vodu.<br \/>\n\u2022 Mala naknadna ekspanzija: Minimalno \u0161irenje nakon nano\u0161enja.<br \/>\n\u2022 Lako nano\u0161enje: Brzo i precizno nano\u0161enje, \u0161tedi do 30% vremena.<br \/>\n\u2022 Pokrivnost: Jedna doza pokriva do 15 m2 izolacije.<br \/>\n\u2022 Prianjanje: Dobro prianjanje na gotovo sve gra\u0111evinske materijale (osim PE, PP, PTFE i silikoni).<\/p>\n<p><strong>Tehni\u010dne lastnosti:<\/strong><br \/>\n\u2022 Sadr\u017eaj: 750 ml<br \/>\n\u2022 Te\u017eina: 0,95 kg<br \/>\n\u2022 Bez formaldehida i CFC-a (FCKW): Sigurna za kori\u0161tenje bez \u0161tetnih kemikalija.<\/p>\n<p>PUR pjena Texo brzovezuju\u0107a poliuretanska pi\u0161toljska P410 idealna je za brze i efikasne gra\u0111evinske projekte koji zahtijevaju visokokvalitetnu izolaciju i otpornost na vanjske utjecaje.<\/p>","protected":false},"excerpt":{"rendered":"<p>Svojstva: \u2022 Brzovezuju\u0107a PU-pjena: Jednokomponentno, samoekspandiraju\u0107e poliuretansko ljepilo za EPS, XPS, PUR\/PIR plo\u010de. \u2022 Brzo stvrdnjavanje: Do 3 puta br\u017ee od standardne poliuretanske pjene. \u2022 Odli\u010dna termalna izolacija: Pru\u017ea izvrsnu toplinsku izolaciju. \u2022 Otpornost: Otporna na razne solvente, boje i kemikalije, temperaturna otpornost od -40\u00b0C do +90\u00b0C. \u2022 Vodootporna: Osigurava otpornost na vodu. \u2022 Mala [&hellip;]<\/p>","protected":false},"featured_media":13414,"template":"","meta":{"_acf_changed":false},"product_brand":[],"product_cat":[368],"product_tag":[],"class_list":{"0":"post-12784","1":"product","2":"type-product","3":"status-publish","4":"has-post-thumbnail","6":"product_cat-poliuretanske-pjene","8":"first","9":"instock","10":"shipping-taxable","11":"purchasable","12":"product-type-simple"},"acf":[],"yoast_head":"<!-- This site is optimized with the Yoast SEO plugin v26.1.1 - https:\/\/yoast.com\/wordpress\/plugins\/seo\/ -->\n<title>TEXO Poliuretanska pjena brzovezuju\u0107a pi\u0161toljska P410 750ml - Consortium<\/title>\n<meta name=\"robots\" content=\"index, follow, max-snippet:-1, max-image-preview:large, max-video-preview:-1\" \/>\n<link rel=\"canonical\" href=\"https:\/\/consortium.hr\/sl\/product\/texo-poliuretanska-pjena-brzovezujuca-pistoljska-p410-750ml\/\" \/>\n<meta property=\"og:locale\" content=\"sl_SI\" \/>\n<meta property=\"og:type\" content=\"article\" \/>\n<meta property=\"og:title\" content=\"TEXO Poliuretanska pjena brzovezuju\u0107a pi\u0161toljska P410 750ml - Consortium\" \/>\n<meta property=\"og:description\" content=\"Svojstva: \u2022 Brzovezuju\u0107a PU-pjena: Jednokomponentno, samoekspandiraju\u0107e poliuretansko ljepilo za EPS, XPS, PUR\/PIR plo\u010de. \u2022 Brzo stvrdnjavanje: Do 3 puta br\u017ee od standardne poliuretanske pjene. \u2022 Odli\u010dna termalna izolacija: Pru\u017ea izvrsnu toplinsku izolaciju. \u2022 Otpornost: Otporna na razne solvente, boje i kemikalije, temperaturna otpornost od -40\u00b0C do +90\u00b0C. \u2022 Vodootporna: Osigurava otpornost na vodu. \u2022 Mala [&hellip;]\" \/>\n<meta property=\"og:url\" content=\"https:\/\/consortium.hr\/sl\/product\/texo-poliuretanska-pjena-brzovezujuca-pistoljska-p410-750ml\/\" \/>\n<meta property=\"og:site_name\" content=\"Consortium\" \/>\n<meta property=\"article:modified_time\" content=\"2026-04-15T12:48:25+00:00\" \/>\n<meta property=\"og:image\" content=\"https:\/\/consortium.hr\/wp-content\/uploads\/2025\/05\/texo-poliuretanska-pjena-brzovezujuca-p410-e1761837694360.png\" \/>\n\t<meta property=\"og:image:width\" content=\"800\" \/>\n\t<meta property=\"og:image:height\" content=\"800\" \/>\n\t<meta property=\"og:image:type\" content=\"image\/png\" \/>\n<meta name=\"twitter:card\" content=\"summary_large_image\" \/>\n<meta name=\"twitter:label1\" content=\"Est. reading time\" \/>\n\t<meta name=\"twitter:data1\" content=\"1 minuta\" \/>\n<script type=\"application\/ld+json\" class=\"yoast-schema-graph\">{\"@context\":\"https:\/\/schema.org\",\"@graph\":[{\"@type\":\"WebPage\",\"@id\":\"https:\/\/consortium.hr\/product\/texo-poliuretanska-pjena-brzovezujuca-pistoljska-p410-750ml\/\",\"url\":\"https:\/\/consortium.hr\/product\/texo-poliuretanska-pjena-brzovezujuca-pistoljska-p410-750ml\/\",\"name\":\"TEXO Poliuretanska pjena brzovezuju\u0107a pi\u0161toljska P410 750ml - Consortium\",\"isPartOf\":{\"@id\":\"https:\/\/consortium.hr\/#website\"},\"primaryImageOfPage\":{\"@id\":\"https:\/\/consortium.hr\/product\/texo-poliuretanska-pjena-brzovezujuca-pistoljska-p410-750ml\/#primaryimage\"},\"image\":{\"@id\":\"https:\/\/consortium.hr\/product\/texo-poliuretanska-pjena-brzovezujuca-pistoljska-p410-750ml\/#primaryimage\"},\"thumbnailUrl\":\"https:\/\/consortium.hr\/wp-content\/uploads\/2025\/05\/texo-poliuretanska-pjena-brzovezujuca-p410-e1761837694360.png\",\"datePublished\":\"2025-05-24T10:04:38+00:00\",\"dateModified\":\"2026-04-15T12:48:25+00:00\",\"breadcrumb\":{\"@id\":\"https:\/\/consortium.hr\/product\/texo-poliuretanska-pjena-brzovezujuca-pistoljska-p410-750ml\/#breadcrumb\"},\"inLanguage\":\"sl-SI\",\"potentialAction\":[{\"@type\":\"ReadAction\",\"target\":[\"https:\/\/consortium.hr\/product\/texo-poliuretanska-pjena-brzovezujuca-pistoljska-p410-750ml\/\"]}]},{\"@type\":\"ImageObject\",\"inLanguage\":\"sl-SI\",\"@id\":\"https:\/\/consortium.hr\/product\/texo-poliuretanska-pjena-brzovezujuca-pistoljska-p410-750ml\/#primaryimage\",\"url\":\"https:\/\/consortium.hr\/wp-content\/uploads\/2025\/05\/texo-poliuretanska-pjena-brzovezujuca-p410-e1761837694360.png\",\"contentUrl\":\"https:\/\/consortium.hr\/wp-content\/uploads\/2025\/05\/texo-poliuretanska-pjena-brzovezujuca-p410-e1761837694360.png\",\"width\":800,\"height\":800},{\"@type\":\"BreadcrumbList\",\"@id\":\"https:\/\/consortium.hr\/product\/texo-poliuretanska-pjena-brzovezujuca-pistoljska-p410-750ml\/#breadcrumb\",\"itemListElement\":[{\"@type\":\"ListItem\",\"position\":1,\"name\":\"Po\u010detna stranica\",\"item\":\"https:\/\/consortium.hr\/sl\/\"},{\"@type\":\"ListItem\",\"position\":2,\"name\":\"Shop\",\"item\":\"https:\/\/consortium.hr\/sl\/shop\/\"},{\"@type\":\"ListItem\",\"position\":3,\"name\":\"TEXO Poliuretanska pjena brzovezuju\u0107a pi\u0161toljska P410 750ml\"}]},{\"@type\":\"WebSite\",\"@id\":\"https:\/\/consortium.hr\/#website\",\"url\":\"https:\/\/consortium.hr\/\",\"name\":\"Consortium\",\"description\":\"Gra\u0111evinski Materijal - Odli\u010dna Ponuda i Cijena\",\"alternateName\":\"Gra\u0111evinski Materijal - Odli\u010dna Ponuda i Cijena\",\"potentialAction\":[{\"@type\":\"SearchAction\",\"target\":{\"@type\":\"EntryPoint\",\"urlTemplate\":\"https:\/\/consortium.hr\/?s={search_term_string}\"},\"query-input\":{\"@type\":\"PropertyValueSpecification\",\"valueRequired\":true,\"valueName\":\"search_term_string\"}}],\"inLanguage\":\"sl-SI\"}]}<\/script>\n<!-- \/ Yoast SEO plugin. -->","yoast_head_json":{"title":"TEXO Poliuretanska pjena brzovezuju\u0107a pi\u0161toljska P410 750ml - Consortium","robots":{"index":"index","follow":"follow","max-snippet":"max-snippet:-1","max-image-preview":"max-image-preview:large","max-video-preview":"max-video-preview:-1"},"canonical":"https:\/\/consortium.hr\/sl\/product\/texo-poliuretanska-pjena-brzovezujuca-pistoljska-p410-750ml\/","og_locale":"sl_SI","og_type":"article","og_title":"TEXO Poliuretanska pjena brzovezuju\u0107a pi\u0161toljska P410 750ml - Consortium","og_description":"Svojstva: \u2022 Brzovezuju\u0107a PU-pjena: Jednokomponentno, samoekspandiraju\u0107e poliuretansko ljepilo za EPS, XPS, PUR\/PIR plo\u010de. \u2022 Brzo stvrdnjavanje: Do 3 puta br\u017ee od standardne poliuretanske pjene. \u2022 Odli\u010dna termalna izolacija: Pru\u017ea izvrsnu toplinsku izolaciju. \u2022 Otpornost: Otporna na razne solvente, boje i kemikalije, temperaturna otpornost od -40\u00b0C do +90\u00b0C. \u2022 Vodootporna: Osigurava otpornost na vodu. \u2022 Mala [&hellip;]","og_url":"https:\/\/consortium.hr\/sl\/product\/texo-poliuretanska-pjena-brzovezujuca-pistoljska-p410-750ml\/","og_site_name":"Consortium","article_modified_time":"2026-04-15T12:48:25+00:00","og_image":[{"width":800,"height":800,"url":"https:\/\/consortium.hr\/wp-content\/uploads\/2025\/05\/texo-poliuretanska-pjena-brzovezujuca-p410-e1761837694360.png","type":"image\/png"}],"twitter_card":"summary_large_image","twitter_misc":{"Est. reading time":"1 minuta"},"schema":{"@context":"https:\/\/schema.org","@graph":[{"@type":"WebPage","@id":"https:\/\/consortium.hr\/product\/texo-poliuretanska-pjena-brzovezujuca-pistoljska-p410-750ml\/","url":"https:\/\/consortium.hr\/product\/texo-poliuretanska-pjena-brzovezujuca-pistoljska-p410-750ml\/","name":"TEXO Poliuretanska pjena brzovezuju\u0107a pi\u0161toljska P410 750ml - Consortium","isPartOf":{"@id":"https:\/\/consortium.hr\/#website"},"primaryImageOfPage":{"@id":"https:\/\/consortium.hr\/product\/texo-poliuretanska-pjena-brzovezujuca-pistoljska-p410-750ml\/#primaryimage"},"image":{"@id":"https:\/\/consortium.hr\/product\/texo-poliuretanska-pjena-brzovezujuca-pistoljska-p410-750ml\/#primaryimage"},"thumbnailUrl":"https:\/\/consortium.hr\/wp-content\/uploads\/2025\/05\/texo-poliuretanska-pjena-brzovezujuca-p410-e1761837694360.png","datePublished":"2025-05-24T10:04:38+00:00","dateModified":"2026-04-15T12:48:25+00:00","breadcrumb":{"@id":"https:\/\/consortium.hr\/product\/texo-poliuretanska-pjena-brzovezujuca-pistoljska-p410-750ml\/#breadcrumb"},"inLanguage":"sl-SI","potentialAction":[{"@type":"ReadAction","target":["https:\/\/consortium.hr\/product\/texo-poliuretanska-pjena-brzovezujuca-pistoljska-p410-750ml\/"]}]},{"@type":"ImageObject","inLanguage":"sl-SI","@id":"https:\/\/consortium.hr\/product\/texo-poliuretanska-pjena-brzovezujuca-pistoljska-p410-750ml\/#primaryimage","url":"https:\/\/consortium.hr\/wp-content\/uploads\/2025\/05\/texo-poliuretanska-pjena-brzovezujuca-p410-e1761837694360.png","contentUrl":"https:\/\/consortium.hr\/wp-content\/uploads\/2025\/05\/texo-poliuretanska-pjena-brzovezujuca-p410-e1761837694360.png","width":800,"height":800},{"@type":"BreadcrumbList","@id":"https:\/\/consortium.hr\/product\/texo-poliuretanska-pjena-brzovezujuca-pistoljska-p410-750ml\/#breadcrumb","itemListElement":[{"@type":"ListItem","position":1,"name":"Po\u010detna stranica","item":"https:\/\/consortium.hr\/sl\/"},{"@type":"ListItem","position":2,"name":"Shop","item":"https:\/\/consortium.hr\/sl\/shop\/"},{"@type":"ListItem","position":3,"name":"TEXO Poliuretanska pjena brzovezuju\u0107a pi\u0161toljska P410 750ml"}]},{"@type":"WebSite","@id":"https:\/\/consortium.hr\/#website","url":"https:\/\/consortium.hr\/","name":"Consortium","description":"Gra\u0111evinski Materijal - Odli\u010dna Ponuda i Cijena","alternateName":"Gra\u0111evinski Materijal - Odli\u010dna Ponuda i Cijena","potentialAction":[{"@type":"SearchAction","target":{"@type":"EntryPoint","urlTemplate":"https:\/\/consortium.hr\/?s={search_term_string}"},"query-input":{"@type":"PropertyValueSpecification","valueRequired":true,"valueName":"search_term_string"}}],"inLanguage":"sl-SI"}]}},"_links":{"self":[{"href":"https:\/\/consortium.hr\/sl\/wp-json\/wp\/v2\/product\/12784","targetHints":{"allow":["GET"]}}],"collection":[{"href":"https:\/\/consortium.hr\/sl\/wp-json\/wp\/v2\/product"}],"about":[{"href":"https:\/\/consortium.hr\/sl\/wp-json\/wp\/v2\/types\/product"}],"wp:featuredmedia":[{"embeddable":true,"href":"https:\/\/consortium.hr\/sl\/wp-json\/wp\/v2\/media\/13414"}],"wp:attachment":[{"href":"https:\/\/consortium.hr\/sl\/wp-json\/wp\/v2\/media?parent=12784"}],"wp:term":[{"taxonomy":"product_brand","embeddable":true,"href":"https:\/\/consortium.hr\/sl\/wp-json\/wp\/v2\/product_brand?post=12784"},{"taxonomy":"product_cat","embeddable":true,"href":"https:\/\/consortium.hr\/sl\/wp-json\/wp\/v2\/product_cat?post=12784"},{"taxonomy":"product_tag","embeddable":true,"href":"https:\/\/consortium.hr\/sl\/wp-json\/wp\/v2\/product_tag?post=12784"}],"curies":[{"name":"wp","href":"https:\/\/api.w.org\/{rel}","templated":true}]}}