{"id":12802,"date":"2025-05-31T06:54:12","date_gmt":"2025-05-31T06:54:12","guid":{"rendered":"https:\/\/consortium.hr\/?post_type=product&#038;p=12802"},"modified":"2026-03-30T09:43:39","modified_gmt":"2026-03-30T09:43:39","slug":"monto-montoprimer-total-acqua-blanco","status":"publish","type":"product","link":"https:\/\/consortium.hr\/sl\/product\/monto-montoprimer-total-acqua-blanco\/","title":{"rendered":"Monto Montoprimer Total Acqua Blanco"},"content":{"rendered":"<p><strong>MONTO MONTOPRIMER TOTAL ACQUA - Univerzalni temeljni premaz na bazi vode, bijele boje<\/strong><\/p>\n<p>Montoprimer TOTAL Acqua je univerzalni temeljni premaz na bazi vode, formuliran za \u0161iroku primjenu na razli\u010ditim vrstama materijala.<\/p>\n<p>Bijele je boje, \u0161to ga \u010dini savr\u0161enom podlogom za daljnje bojenje i osigurava dobru pokrivnost.<\/p>\n<p>Ovaj vi\u0161enamjenski premaz idealan je za \u010delik, pocin\u010dano \u017eeljezo, aluminij, bakar, PVC, drvo, cement, gips, staklo, metakrilat i plo\u010dice.<\/p>\n<p>\u2022 Ekolo\u0161ki prihvatljiv - premaz na bazi vode - Bez agresivnih kemikalija, ovaj temeljni premaz nudi sigurniju primjenu i minimalan miris, \u0161to ga \u010dini pogodnim za rad u zatvorenim prostorima.<br \/>\n\u2022\u00a0Univerzalna kompatibilnost - Bijela boja osigurava dobru osnovu za zavr\u0161ne slojeve na metalnim, plasti\u010dnim, drvenim i mineralnim povr\u0161inama.<br \/>\n\u2022 Kompatibilnost s razli\u010ditim zavr\u0161nim bojama - Mo\u017ee se ponovno prebojati bojama na bazi vode, emajlima, poliuretanima i epoksidnim bojama, \u0161to omogu\u0107ava fleksibilnost u odabiru zavr\u0161nog premaza.<br \/>\n\u2022 Jednostavna primjena i prilagodba tehnici - Nanosi se \u010detkom ili valjkom u nerazrije\u0111enom stanju, a za prskanje se mo\u017ee razrijediti s 10% vode, \u010dime se prilago\u0111ava svim na\u010dinima nano\u0161enja.<br \/>\n\u2022 Optimalna priprema povr\u0161ine - Pogodan za nosive, \u010diste i suhe povr\u0161ine u dobrom stanju. Za porozne povr\u0161ine preporu\u010duje se nano\u0161enje jednog ili dva tanka sloja, dok je za povr\u0161ine sa starom bojom u dobrom stanju dovoljno lagano bru\u0161enje i \u010di\u0161\u0107enje. Kod povr\u0161ina sa starim o\u0161te\u0107enim premazom potrebno je potpuno uklanjanje boje prije nano\u0161enja.<br \/>\n\u2022 Brzo su\u0161enje i premazivanje - Premaz se su\u0161i dovoljno brzo za ponovni sloj nakon 12 do 24 sata, \u0161to omogu\u0107uje brzu pripremu za daljnje slojeve.<\/p>\n<p>Montoprimer TOTAL Acqua, bijeli premaz na bazi vode, pru\u017ea odli\u010dnu osnovu za dugotrajnu za\u0161titu i estetski zavr\u0161etak.<\/p>","protected":false},"excerpt":{"rendered":"<p>MONTO MONTOPRIMER TOTAL ACQUA - Univerzalni temeljni premaz na bazi vode, bijele boje Montoprimer TOTAL Acqua je univerzalni temeljni premaz na bazi vode, formuliran za \u0161iroku primjenu na razli\u010ditim vrstama materijala. Bijele je boje, \u0161to ga \u010dini savr\u0161enom podlogom za daljnje bojenje i osigurava dobru pokrivnost. Ovaj vi\u0161enamjenski premaz idealan je za \u010delik, pocin\u010dano \u017eeljezo, [&hellip;]<\/p>","protected":false},"featured_media":12805,"template":"","meta":{"_acf_changed":false},"product_brand":[],"product_cat":[169,353],"product_tag":[],"class_list":{"0":"post-12802","1":"product","2":"type-product","3":"status-publish","4":"has-post-thumbnail","6":"product_cat-boje-i-lakovi","7":"product_cat-temeljni-premazi","9":"first","10":"instock","11":"shipping-taxable","12":"purchasable","13":"product-type-variable","14":"wvs-archive-product-wrapper"},"acf":[],"yoast_head":"<!-- This site is optimized with the Yoast SEO plugin v26.1.1 - https:\/\/yoast.com\/wordpress\/plugins\/seo\/ -->\n<title>Monto Montoprimer Total Acqua Blanco - Consortium<\/title>\n<meta name=\"robots\" content=\"index, follow, max-snippet:-1, max-image-preview:large, max-video-preview:-1\" \/>\n<link rel=\"canonical\" href=\"https:\/\/consortium.hr\/sl\/product\/monto-montoprimer-total-acqua-blanco\/\" \/>\n<meta property=\"og:locale\" content=\"sl_SI\" \/>\n<meta property=\"og:type\" content=\"article\" \/>\n<meta property=\"og:title\" content=\"Monto Montoprimer Total Acqua Blanco - Consortium\" \/>\n<meta property=\"og:description\" content=\"MONTO MONTOPRIMER TOTAL ACQUA - Univerzalni temeljni premaz na bazi vode, bijele boje Montoprimer TOTAL Acqua je univerzalni temeljni premaz na bazi vode, formuliran za \u0161iroku primjenu na razli\u010ditim vrstama materijala. Bijele je boje, \u0161to ga \u010dini savr\u0161enom podlogom za daljnje bojenje i osigurava dobru pokrivnost. Ovaj vi\u0161enamjenski premaz idealan je za \u010delik, pocin\u010dano \u017eeljezo, [&hellip;]\" \/>\n<meta property=\"og:url\" content=\"https:\/\/consortium.hr\/sl\/product\/monto-montoprimer-total-acqua-blanco\/\" \/>\n<meta property=\"og:site_name\" content=\"Consortium\" \/>\n<meta property=\"article:modified_time\" content=\"2026-03-30T09:43:39+00:00\" \/>\n<meta property=\"og:image\" content=\"https:\/\/consortium.hr\/wp-content\/uploads\/2025\/05\/monto-montoprimer-total-acqua.png\" \/>\n\t<meta property=\"og:image:width\" content=\"800\" \/>\n\t<meta property=\"og:image:height\" content=\"800\" \/>\n\t<meta property=\"og:image:type\" content=\"image\/png\" \/>\n<meta name=\"twitter:card\" content=\"summary_large_image\" \/>\n<meta name=\"twitter:label1\" content=\"Est. reading time\" \/>\n\t<meta name=\"twitter:data1\" content=\"1 minuta\" \/>\n<script type=\"application\/ld+json\" class=\"yoast-schema-graph\">{\"@context\":\"https:\/\/schema.org\",\"@graph\":[{\"@type\":\"WebPage\",\"@id\":\"https:\/\/consortium.hr\/product\/monto-montoprimer-total-acqua-blanco\/\",\"url\":\"https:\/\/consortium.hr\/product\/monto-montoprimer-total-acqua-blanco\/\",\"name\":\"Monto Montoprimer Total Acqua Blanco - Consortium\",\"isPartOf\":{\"@id\":\"https:\/\/consortium.hr\/#website\"},\"primaryImageOfPage\":{\"@id\":\"https:\/\/consortium.hr\/product\/monto-montoprimer-total-acqua-blanco\/#primaryimage\"},\"image\":{\"@id\":\"https:\/\/consortium.hr\/product\/monto-montoprimer-total-acqua-blanco\/#primaryimage\"},\"thumbnailUrl\":\"https:\/\/consortium.hr\/wp-content\/uploads\/2025\/05\/monto-montoprimer-total-acqua.png\",\"datePublished\":\"2025-05-31T06:54:12+00:00\",\"dateModified\":\"2026-03-30T09:43:39+00:00\",\"breadcrumb\":{\"@id\":\"https:\/\/consortium.hr\/product\/monto-montoprimer-total-acqua-blanco\/#breadcrumb\"},\"inLanguage\":\"sl-SI\",\"potentialAction\":[{\"@type\":\"ReadAction\",\"target\":[\"https:\/\/consortium.hr\/product\/monto-montoprimer-total-acqua-blanco\/\"]}]},{\"@type\":\"ImageObject\",\"inLanguage\":\"sl-SI\",\"@id\":\"https:\/\/consortium.hr\/product\/monto-montoprimer-total-acqua-blanco\/#primaryimage\",\"url\":\"https:\/\/consortium.hr\/wp-content\/uploads\/2025\/05\/monto-montoprimer-total-acqua.png\",\"contentUrl\":\"https:\/\/consortium.hr\/wp-content\/uploads\/2025\/05\/monto-montoprimer-total-acqua.png\",\"width\":800,\"height\":800},{\"@type\":\"BreadcrumbList\",\"@id\":\"https:\/\/consortium.hr\/product\/monto-montoprimer-total-acqua-blanco\/#breadcrumb\",\"itemListElement\":[{\"@type\":\"ListItem\",\"position\":1,\"name\":\"Po\u010detna stranica\",\"item\":\"https:\/\/consortium.hr\/sl\/\"},{\"@type\":\"ListItem\",\"position\":2,\"name\":\"Shop\",\"item\":\"https:\/\/consortium.hr\/sl\/shop\/\"},{\"@type\":\"ListItem\",\"position\":3,\"name\":\"Monto Montoprimer Total Acqua Blanco\"}]},{\"@type\":\"WebSite\",\"@id\":\"https:\/\/consortium.hr\/#website\",\"url\":\"https:\/\/consortium.hr\/\",\"name\":\"Consortium\",\"description\":\"Gra\u0111evinski Materijal - Odli\u010dna Ponuda i Cijena\",\"alternateName\":\"Gra\u0111evinski Materijal - Odli\u010dna Ponuda i Cijena\",\"potentialAction\":[{\"@type\":\"SearchAction\",\"target\":{\"@type\":\"EntryPoint\",\"urlTemplate\":\"https:\/\/consortium.hr\/?s={search_term_string}\"},\"query-input\":{\"@type\":\"PropertyValueSpecification\",\"valueRequired\":true,\"valueName\":\"search_term_string\"}}],\"inLanguage\":\"sl-SI\"}]}<\/script>\n<!-- \/ Yoast SEO plugin. -->","yoast_head_json":{"title":"Monto Montoprimer Total Acqua Blanco - Consortium","robots":{"index":"index","follow":"follow","max-snippet":"max-snippet:-1","max-image-preview":"max-image-preview:large","max-video-preview":"max-video-preview:-1"},"canonical":"https:\/\/consortium.hr\/sl\/product\/monto-montoprimer-total-acqua-blanco\/","og_locale":"sl_SI","og_type":"article","og_title":"Monto Montoprimer Total Acqua Blanco - Consortium","og_description":"MONTO MONTOPRIMER TOTAL ACQUA - Univerzalni temeljni premaz na bazi vode, bijele boje Montoprimer TOTAL Acqua je univerzalni temeljni premaz na bazi vode, formuliran za \u0161iroku primjenu na razli\u010ditim vrstama materijala. Bijele je boje, \u0161to ga \u010dini savr\u0161enom podlogom za daljnje bojenje i osigurava dobru pokrivnost. Ovaj vi\u0161enamjenski premaz idealan je za \u010delik, pocin\u010dano \u017eeljezo, [&hellip;]","og_url":"https:\/\/consortium.hr\/sl\/product\/monto-montoprimer-total-acqua-blanco\/","og_site_name":"Consortium","article_modified_time":"2026-03-30T09:43:39+00:00","og_image":[{"width":800,"height":800,"url":"https:\/\/consortium.hr\/wp-content\/uploads\/2025\/05\/monto-montoprimer-total-acqua.png","type":"image\/png"}],"twitter_card":"summary_large_image","twitter_misc":{"Est. reading time":"1 minuta"},"schema":{"@context":"https:\/\/schema.org","@graph":[{"@type":"WebPage","@id":"https:\/\/consortium.hr\/product\/monto-montoprimer-total-acqua-blanco\/","url":"https:\/\/consortium.hr\/product\/monto-montoprimer-total-acqua-blanco\/","name":"Monto Montoprimer Total Acqua Blanco - Consortium","isPartOf":{"@id":"https:\/\/consortium.hr\/#website"},"primaryImageOfPage":{"@id":"https:\/\/consortium.hr\/product\/monto-montoprimer-total-acqua-blanco\/#primaryimage"},"image":{"@id":"https:\/\/consortium.hr\/product\/monto-montoprimer-total-acqua-blanco\/#primaryimage"},"thumbnailUrl":"https:\/\/consortium.hr\/wp-content\/uploads\/2025\/05\/monto-montoprimer-total-acqua.png","datePublished":"2025-05-31T06:54:12+00:00","dateModified":"2026-03-30T09:43:39+00:00","breadcrumb":{"@id":"https:\/\/consortium.hr\/product\/monto-montoprimer-total-acqua-blanco\/#breadcrumb"},"inLanguage":"sl-SI","potentialAction":[{"@type":"ReadAction","target":["https:\/\/consortium.hr\/product\/monto-montoprimer-total-acqua-blanco\/"]}]},{"@type":"ImageObject","inLanguage":"sl-SI","@id":"https:\/\/consortium.hr\/product\/monto-montoprimer-total-acqua-blanco\/#primaryimage","url":"https:\/\/consortium.hr\/wp-content\/uploads\/2025\/05\/monto-montoprimer-total-acqua.png","contentUrl":"https:\/\/consortium.hr\/wp-content\/uploads\/2025\/05\/monto-montoprimer-total-acqua.png","width":800,"height":800},{"@type":"BreadcrumbList","@id":"https:\/\/consortium.hr\/product\/monto-montoprimer-total-acqua-blanco\/#breadcrumb","itemListElement":[{"@type":"ListItem","position":1,"name":"Po\u010detna stranica","item":"https:\/\/consortium.hr\/sl\/"},{"@type":"ListItem","position":2,"name":"Shop","item":"https:\/\/consortium.hr\/sl\/shop\/"},{"@type":"ListItem","position":3,"name":"Monto Montoprimer Total Acqua Blanco"}]},{"@type":"WebSite","@id":"https:\/\/consortium.hr\/#website","url":"https:\/\/consortium.hr\/","name":"Consortium","description":"Gra\u0111evinski Materijal - Odli\u010dna Ponuda i Cijena","alternateName":"Gra\u0111evinski Materijal - Odli\u010dna Ponuda i Cijena","potentialAction":[{"@type":"SearchAction","target":{"@type":"EntryPoint","urlTemplate":"https:\/\/consortium.hr\/?s={search_term_string}"},"query-input":{"@type":"PropertyValueSpecification","valueRequired":true,"valueName":"search_term_string"}}],"inLanguage":"sl-SI"}]}},"_links":{"self":[{"href":"https:\/\/consortium.hr\/sl\/wp-json\/wp\/v2\/product\/12802","targetHints":{"allow":["GET"]}}],"collection":[{"href":"https:\/\/consortium.hr\/sl\/wp-json\/wp\/v2\/product"}],"about":[{"href":"https:\/\/consortium.hr\/sl\/wp-json\/wp\/v2\/types\/product"}],"wp:featuredmedia":[{"embeddable":true,"href":"https:\/\/consortium.hr\/sl\/wp-json\/wp\/v2\/media\/12805"}],"wp:attachment":[{"href":"https:\/\/consortium.hr\/sl\/wp-json\/wp\/v2\/media?parent=12802"}],"wp:term":[{"taxonomy":"product_brand","embeddable":true,"href":"https:\/\/consortium.hr\/sl\/wp-json\/wp\/v2\/product_brand?post=12802"},{"taxonomy":"product_cat","embeddable":true,"href":"https:\/\/consortium.hr\/sl\/wp-json\/wp\/v2\/product_cat?post=12802"},{"taxonomy":"product_tag","embeddable":true,"href":"https:\/\/consortium.hr\/sl\/wp-json\/wp\/v2\/product_tag?post=12802"}],"curies":[{"name":"wp","href":"https:\/\/api.w.org\/{rel}","templated":true}]}}