{"id":1298,"date":"2021-03-02T13:00:41","date_gmt":"2021-03-02T13:00:41","guid":{"rendered":"https:\/\/consortium.hr\/product\/import-placeholder-for-899\/"},"modified":"2026-03-18T13:02:41","modified_gmt":"2026-03-18T13:02:41","slug":"id-loft-original-beton","status":"publish","type":"product","link":"https:\/\/consortium.hr\/sl\/product\/id-loft-original-beton\/","title":{"rendered":"id LOFT original beton"},"content":{"rendered":"<p><strong>'id' LOFT BETON ORIGINAL 2 Lit<\/strong><\/p>\n<p>Dizajnerska barva za interierje z grafi\u010dnim u\u010dinkom betona.<\/p>\n<p>Odtisi: 1. BARCELONE \u2013 2. BERLIN \u2013 3. CAPE TOWN \u2013 4. LOS ANGELES \u2013 5. MILAN \u2013 6. PARIS \u2013 7. TAIPEI \u2013 8. MOSCOU<\/p>\n<p>2 MO\u017dNI KON\u010cNI IZGLEDA BETONA:\nENOBARVNI 'MONOCOLOR' U\u010cINEK ALI DVOBARVNI 'BICOLOR' U\u010cINEK BETONA.<\/p>\n<p>Uporaba: STENE, TALNE POVR\u0160INE, STOPNI\u0160\u010cE, DELOVNE POVR\u0160INE, PULTI, \u0160ANKI, KUHINJE, KOPALNICE, ZIDOVI TU\u0160 PROSTORA (vklju\u010dno z zidovi t. i. 'WALK-IN' tu\u0161a).<\/p>\n<p>PORABA: 2 L = teoreti\u010dno 8 m\u00b2 do 12 m\u00b2 za en izredno tanek nanos na izredno gladki, \u0161ibko vpojni podlagi. Dejanska poraba izdelka na m\u00b2 se lahko znatno razlikuje glede na podlago in na\u010din nana\u0161anja, pri katerem lahko po \u017eelji ve\u010dkrat nanesemo barvo na isto mesto (kar pove\u010da porabo) do doseganja individualno \u017eelenega kon\u010dnega izgleda. Natan\u010dno porabo dolo\u010dite z testom na manj\u0161i za\u010detni povr\u0161ini.<\/p>\n<p>Akrilna debeloslojna barva na vodni osnovi.\nIzdelek ni namenjen red\u010denju. Samo za notranjo uporabo.<\/p>\n<p>Ta izdelek je deklariran za samostojno uporabo, saj je pripravljen za uporabo neposredno iz embala\u017ee in ne zahteva profesionalne obdelave pred uporabo. Ni nevaren za zdravje ob namestitvi v notranjih prostorih in ne zahteva uporabe posebnega profesionalnega orodja in\/ali profesionalne varnostne opreme. Zato za ta izdelek ni licenciranega izvajalca in\/ali nadzora pri namestitvi.<\/p>\n<p>Izjava o omejitvi odgovornosti: Ponudba je bila pripravljena z veliko pozornostjo, vendar je odgovornost kupca, da prebere vse tukaj navedene podatke o izdelku, si ogleda video navodila za uporabo, \u010de je na voljo na teh straneh, in po potrebi, na zahtevo prek kontaktov, navedenih na teh straneh, zahteva dodatne informacije o izdelku in njegovi uporabi, preden odda naro\u010dilo, opravi nakup in\/ali uporablja izdelek. Navedene povr\u0161ine pokritosti na liter izdelka so \u010dim natan\u010dnej\u0161e, vendar so pribli\u017ene, saj se prekrivnost lahko znatno spreminja glede na stanje podlage, vpijanje, teksturo podlage in na\u010din nana\u0161anja. Prikaz barv in u\u010dinkov izdelka na zaslonu je \u010dim bli\u017eje dejanskim, vendar zaradi tehni\u010dnih omejitev zaslona ni mogo\u010de zagotoviti 100% natan\u010dnosti, zato ne jam\u010dimo, da bo kon\u010dni rezultat uporabljenega izdelka enak tistemu, prikazanemu na zaslonu. Priporo\u010damo, da VEDNO najprej opravite test na manj\u0161ih povr\u0161inah, da preverite, ali izdelek ustreza va\u0161im pri\u010dakovanjem, in \u0161ele, ko ste prepri\u010dani, da izdelek izpolnjuje va\u0161a pri\u010dakovanja, nadaljujte z nana\u0161anjem na celotno povr\u0161ino. Navedena ponudba in specifikacije izdelka so dane v najbolj\u0161i veri, na podlagi na\u0161ih razpolo\u017eljivih informacij, vendar brez jamstva, saj je nana\u0161anje in uporaba tega izdelka, ki je deklariran kot izdelek za samostojno uporabo, izven na\u0161ega nadzora, s \u010dimer se strinjate in sprejemate ob oddaji naro\u010dila in\/ali nakupu.<\/p>\n<p>Povezave na videoposnetke uporabe Loft Beton Original:<\/p>\n<p>Dvobarvno nana\u0161anje:<\/p>\n<p><a href=\"https:\/\/youtu.be\/OzsxoLcUCx8\" target=\"_blank\" rel=\"noopener\">https:\/\/youtu.be\/OzsxoLcUCx8<\/a><\/p>\n<p>Nana\u0161anje v tu\u0161 coni \u2013 enobarvno in dvobarvno:<\/p>\n<p><a href=\"https:\/\/youtu.be\/I8xG5TKzwo8\" target=\"_blank\" rel=\"noopener\">https:\/\/youtu.be\/I8xG5TKzwo8<\/a><\/p>\n<p>Enobarvno nana\u0161anje:<\/p>\n<p><a href=\"https:\/\/youtu.be\/OhiXXEp_ZQ4\" target=\"_blank\" rel=\"noopener\">https:\/\/youtu.be\/OhiXXEp_ZQ4<\/a><\/p>\n<p>Dvobarvno nana\u0161anje 2:<\/p>\n<p><a href=\"https:\/\/youtu.be\/ke-EhOU41cc\" target=\"_blank\" rel=\"noopener\">https:\/\/youtu.be\/ke-EhOU41cc<\/a><\/p>\n<p>Proizvajalec: INITIATIVES DECORATION \u2013 FRANCIA, <a href=\"https:\/\/www.id-paris.com\" target=\"_blank\" rel=\"noopener\">www.id-paris.com<\/a><\/p>\n<p>Dr\u017eava porekla: EU \u2013 Francija<\/p>","protected":false},"excerpt":{"rendered":"<p>Dizajnerska barva za interierje z grafi\u010dnim u\u010dinkom betona.<\/p>","protected":false},"featured_media":906,"template":"","meta":{"_acf_changed":false},"product_brand":[],"product_cat":[188,186],"product_tag":[],"class_list":{"0":"post-1298","1":"product","2":"type-product","3":"status-publish","4":"has-post-thumbnail","6":"product_cat-dekorativne-boje-za-zidove-i-dodaci","7":"product_cat-dekorativni-program","9":"first","10":"instock","11":"featured","12":"shipping-taxable","13":"purchasable","14":"product-type-variable","15":"wvs-archive-product-wrapper"},"acf":[],"yoast_head":"<!-- This site is optimized with the Yoast SEO plugin v26.1.1 - https:\/\/yoast.com\/wordpress\/plugins\/seo\/ -->\n<title>id LOFT original beton - Consortium<\/title>\n<meta name=\"robots\" content=\"index, follow, max-snippet:-1, max-image-preview:large, max-video-preview:-1\" \/>\n<link rel=\"canonical\" href=\"https:\/\/consortium.hr\/sl\/product\/id-loft-original-beton\/\" \/>\n<meta property=\"og:locale\" content=\"sl_SI\" \/>\n<meta property=\"og:type\" content=\"article\" \/>\n<meta property=\"og:title\" content=\"id LOFT original beton - Consortium\" \/>\n<meta property=\"og:description\" content=\"Dizajnerska boja za interijere s grafi\u010dkim efektom betona.\" \/>\n<meta property=\"og:url\" content=\"https:\/\/consortium.hr\/sl\/product\/id-loft-original-beton\/\" \/>\n<meta property=\"og:site_name\" content=\"Consortium\" \/>\n<meta property=\"article:modified_time\" content=\"2026-03-18T13:02:41+00:00\" \/>\n<meta property=\"og:image\" content=\"https:\/\/consortium.hr\/wp-content\/uploads\/2021\/02\/id-LOFT-BETON-ORIGINAL-2-Lit-1.jpg\" \/>\n\t<meta property=\"og:image:width\" content=\"700\" \/>\n\t<meta property=\"og:image:height\" content=\"700\" \/>\n\t<meta property=\"og:image:type\" content=\"image\/jpeg\" \/>\n<meta name=\"twitter:card\" content=\"summary_large_image\" \/>\n<meta name=\"twitter:label1\" content=\"Est. reading time\" \/>\n\t<meta name=\"twitter:data1\" content=\"3 minute\" \/>\n<script type=\"application\/ld+json\" class=\"yoast-schema-graph\">{\"@context\":\"https:\/\/schema.org\",\"@graph\":[{\"@type\":\"WebPage\",\"@id\":\"https:\/\/consortium.hr\/product\/id-loft-original-beton\/\",\"url\":\"https:\/\/consortium.hr\/product\/id-loft-original-beton\/\",\"name\":\"id LOFT original beton - Consortium\",\"isPartOf\":{\"@id\":\"https:\/\/consortium.hr\/#website\"},\"primaryImageOfPage\":{\"@id\":\"https:\/\/consortium.hr\/product\/id-loft-original-beton\/#primaryimage\"},\"image\":{\"@id\":\"https:\/\/consortium.hr\/product\/id-loft-original-beton\/#primaryimage\"},\"thumbnailUrl\":\"https:\/\/consortium.hr\/wp-content\/uploads\/2021\/02\/id-LOFT-BETON-ORIGINAL-2-Lit-1.jpg\",\"datePublished\":\"2021-03-02T13:00:41+00:00\",\"dateModified\":\"2026-03-18T13:02:41+00:00\",\"breadcrumb\":{\"@id\":\"https:\/\/consortium.hr\/product\/id-loft-original-beton\/#breadcrumb\"},\"inLanguage\":\"sl-SI\",\"potentialAction\":[{\"@type\":\"ReadAction\",\"target\":[\"https:\/\/consortium.hr\/product\/id-loft-original-beton\/\"]}]},{\"@type\":\"ImageObject\",\"inLanguage\":\"sl-SI\",\"@id\":\"https:\/\/consortium.hr\/product\/id-loft-original-beton\/#primaryimage\",\"url\":\"https:\/\/consortium.hr\/wp-content\/uploads\/2021\/02\/id-LOFT-BETON-ORIGINAL-2-Lit-1.jpg\",\"contentUrl\":\"https:\/\/consortium.hr\/wp-content\/uploads\/2021\/02\/id-LOFT-BETON-ORIGINAL-2-Lit-1.jpg\",\"width\":700,\"height\":700},{\"@type\":\"BreadcrumbList\",\"@id\":\"https:\/\/consortium.hr\/product\/id-loft-original-beton\/#breadcrumb\",\"itemListElement\":[{\"@type\":\"ListItem\",\"position\":1,\"name\":\"Po\u010detna stranica\",\"item\":\"https:\/\/consortium.hr\/sl\/\"},{\"@type\":\"ListItem\",\"position\":2,\"name\":\"Shop\",\"item\":\"https:\/\/consortium.hr\/sl\/shop\/\"},{\"@type\":\"ListItem\",\"position\":3,\"name\":\"id LOFT original beton\"}]},{\"@type\":\"WebSite\",\"@id\":\"https:\/\/consortium.hr\/#website\",\"url\":\"https:\/\/consortium.hr\/\",\"name\":\"Consortium\",\"description\":\"Gra\u0111evinski Materijal - Odli\u010dna Ponuda i Cijena\",\"alternateName\":\"Gra\u0111evinski Materijal - Odli\u010dna Ponuda i Cijena\",\"potentialAction\":[{\"@type\":\"SearchAction\",\"target\":{\"@type\":\"EntryPoint\",\"urlTemplate\":\"https:\/\/consortium.hr\/?s={search_term_string}\"},\"query-input\":{\"@type\":\"PropertyValueSpecification\",\"valueRequired\":true,\"valueName\":\"search_term_string\"}}],\"inLanguage\":\"sl-SI\"}]}<\/script>\n<!-- \/ Yoast SEO plugin. -->","yoast_head_json":{"title":"id LOFT original beton - Consortium","robots":{"index":"index","follow":"follow","max-snippet":"max-snippet:-1","max-image-preview":"max-image-preview:large","max-video-preview":"max-video-preview:-1"},"canonical":"https:\/\/consortium.hr\/sl\/product\/id-loft-original-beton\/","og_locale":"sl_SI","og_type":"article","og_title":"id LOFT original beton - Consortium","og_description":"Dizajnerska boja za interijere s grafi\u010dkim efektom betona.","og_url":"https:\/\/consortium.hr\/sl\/product\/id-loft-original-beton\/","og_site_name":"Consortium","article_modified_time":"2026-03-18T13:02:41+00:00","og_image":[{"width":700,"height":700,"url":"https:\/\/consortium.hr\/wp-content\/uploads\/2021\/02\/id-LOFT-BETON-ORIGINAL-2-Lit-1.jpg","type":"image\/jpeg"}],"twitter_card":"summary_large_image","twitter_misc":{"Est. reading time":"3 minute"},"schema":{"@context":"https:\/\/schema.org","@graph":[{"@type":"WebPage","@id":"https:\/\/consortium.hr\/product\/id-loft-original-beton\/","url":"https:\/\/consortium.hr\/product\/id-loft-original-beton\/","name":"id LOFT original beton - Consortium","isPartOf":{"@id":"https:\/\/consortium.hr\/#website"},"primaryImageOfPage":{"@id":"https:\/\/consortium.hr\/product\/id-loft-original-beton\/#primaryimage"},"image":{"@id":"https:\/\/consortium.hr\/product\/id-loft-original-beton\/#primaryimage"},"thumbnailUrl":"https:\/\/consortium.hr\/wp-content\/uploads\/2021\/02\/id-LOFT-BETON-ORIGINAL-2-Lit-1.jpg","datePublished":"2021-03-02T13:00:41+00:00","dateModified":"2026-03-18T13:02:41+00:00","breadcrumb":{"@id":"https:\/\/consortium.hr\/product\/id-loft-original-beton\/#breadcrumb"},"inLanguage":"sl-SI","potentialAction":[{"@type":"ReadAction","target":["https:\/\/consortium.hr\/product\/id-loft-original-beton\/"]}]},{"@type":"ImageObject","inLanguage":"sl-SI","@id":"https:\/\/consortium.hr\/product\/id-loft-original-beton\/#primaryimage","url":"https:\/\/consortium.hr\/wp-content\/uploads\/2021\/02\/id-LOFT-BETON-ORIGINAL-2-Lit-1.jpg","contentUrl":"https:\/\/consortium.hr\/wp-content\/uploads\/2021\/02\/id-LOFT-BETON-ORIGINAL-2-Lit-1.jpg","width":700,"height":700},{"@type":"BreadcrumbList","@id":"https:\/\/consortium.hr\/product\/id-loft-original-beton\/#breadcrumb","itemListElement":[{"@type":"ListItem","position":1,"name":"Po\u010detna stranica","item":"https:\/\/consortium.hr\/sl\/"},{"@type":"ListItem","position":2,"name":"Shop","item":"https:\/\/consortium.hr\/sl\/shop\/"},{"@type":"ListItem","position":3,"name":"id LOFT original beton"}]},{"@type":"WebSite","@id":"https:\/\/consortium.hr\/#website","url":"https:\/\/consortium.hr\/","name":"Consortium","description":"Gra\u0111evinski Materijal - Odli\u010dna Ponuda i Cijena","alternateName":"Gra\u0111evinski Materijal - Odli\u010dna Ponuda i Cijena","potentialAction":[{"@type":"SearchAction","target":{"@type":"EntryPoint","urlTemplate":"https:\/\/consortium.hr\/?s={search_term_string}"},"query-input":{"@type":"PropertyValueSpecification","valueRequired":true,"valueName":"search_term_string"}}],"inLanguage":"sl-SI"}]}},"_links":{"self":[{"href":"https:\/\/consortium.hr\/sl\/wp-json\/wp\/v2\/product\/1298","targetHints":{"allow":["GET"]}}],"collection":[{"href":"https:\/\/consortium.hr\/sl\/wp-json\/wp\/v2\/product"}],"about":[{"href":"https:\/\/consortium.hr\/sl\/wp-json\/wp\/v2\/types\/product"}],"wp:featuredmedia":[{"embeddable":true,"href":"https:\/\/consortium.hr\/sl\/wp-json\/wp\/v2\/media\/906"}],"wp:attachment":[{"href":"https:\/\/consortium.hr\/sl\/wp-json\/wp\/v2\/media?parent=1298"}],"wp:term":[{"taxonomy":"product_brand","embeddable":true,"href":"https:\/\/consortium.hr\/sl\/wp-json\/wp\/v2\/product_brand?post=1298"},{"taxonomy":"product_cat","embeddable":true,"href":"https:\/\/consortium.hr\/sl\/wp-json\/wp\/v2\/product_cat?post=1298"},{"taxonomy":"product_tag","embeddable":true,"href":"https:\/\/consortium.hr\/sl\/wp-json\/wp\/v2\/product_tag?post=1298"}],"curies":[{"name":"wp","href":"https:\/\/api.w.org\/{rel}","templated":true}]}}