{"id":13070,"date":"2025-10-02T08:03:18","date_gmt":"2025-10-02T08:03:18","guid":{"rendered":"https:\/\/consortium.hr\/?post_type=product&#038;p=13070"},"modified":"2026-01-16T07:23:08","modified_gmt":"2026-01-16T07:23:08","slug":"osmo-6100-2k-wood-oil-bezbojni-mat-0375-l","status":"publish","type":"product","link":"https:\/\/consortium.hr\/sl\/product\/osmo-6100-2k-wood-oil-bezbojni-mat-0375-l\/","title":{"rendered":"OSMO 6100 2K Wood Oil - Bezbojni mat 0,375 L"},"content":{"rendered":"<p>Osmo 2K Wood Oil je visokokvalitetno, bezotapalo, matirano dvokomponentno ulje na bazi prirodnih ulja namijenjeno profesionalnoj upotrebi. Stvara mikroporoznu i vrlo izdr\u017eljivu povr\u0161inu \u2013 drvo i dalje mo\u017ee upijati i otpu\u0161tati vlagu, \u0161to pozitivno utje\u010de na klimu u interijeru. Ovaj proizvod pogodan je za parkete i drvene podove prema DIN normi 18356, kao i za povr\u0161ine namje\u0161taja. Mo\u017ee se koristiti i na gotovo svim masnim i smolastim vrstama drva.<\/p>\n<p>Ve\u0107 s jednim nanosom posti\u017ee se dugotrajna, atraktivna i izdr\u017eljiva povr\u0161ina. Zahvaljuju\u0107i visokoj pokrivnosti, samo je jedna litra 2K Wood Oil-a dovoljna za premaz povr\u0161ine veli\u010dine 40 do 50 \u010detvornih metara. Jo\u0161 jedna prednost: zahvaljuju\u0107i inovativnim vezivnim sredstvima, certificirana povr\u0161ina s niskim udjelom hlapivih organskih spojeva (VOC) postaje prohodna ve\u0107 nakon jednog dana. Zbog kratkog vremena su\u0161enja i sigurne, lako odr\u017eive povr\u0161ine, 2K Wood Oil savr\u0161en je za komercijalne interijere.<\/p>\n<p>&nbsp;<\/p>\n<p>Uporaba:<\/p>\n<p>1. Osmo 2K Wood Oil nije spreman za neposrednu upotrebu. Kratko prije nano\u0161enja potrebno je dodati u\u010dvr\u0161\u0107iva\u010d. Pazite da se cjelokupan sadr\u017eaj u\u010dvr\u0161\u0107iva\u010da izlije u ulje za drvo i da se obje komponente temeljito izmije\u0161aju.<\/p>\n<p>2. Uz pomo\u0107 Osmo Double Blade Scraper alata ravnomjerno rasporedite 2K Wood Oil po povr\u0161ini. Na zako\u0161enim podovima 2K Wood Oil nanosite tanko, u dijelovima, koriste\u0107i Osmo MicrofibreRoller, bez ispunjavanja fuga.<\/p>\n<p>3. Pri\u010dekajte otprilike 20\u201340 minuta da ulje prodre u drvo.<br \/>\nUlje zatim utrljajte u drvo i izravnajte povr\u0161inu pomo\u0107u jednokolutne strojne brusilice s bijelim ili be\u017e filcom.<\/p>\n<p>3. Vrijeme su\u0161enja je pribli\u017eno 24 sata (pri normalnim klimatskim uvjetima, 23 \u00b0C\/50 % relativne vla\u017enosti). Ni\u017ee temperature i\/ili vi\u0161a vla\u017enost mogu produ\u017eiti vrijeme su\u0161enja. Osigurajte dobro provjetravanje prostora.<\/p>","protected":false},"excerpt":{"rendered":"<p>Osmo 2K Wood Oil je visokokvalitetno, bezotapalo, matirano dvokomponentno ulje na bazi prirodnih ulja namijenjeno profesionalnoj upotrebi. Stvara mikroporoznu i vrlo izdr\u017eljivu povr\u0161inu \u2013 drvo i dalje mo\u017ee upijati i otpu\u0161tati vlagu, \u0161to pozitivno utje\u010de na klimu u interijeru. Ovaj proizvod pogodan je za parkete i drvene podove prema DIN normi 18356, kao i za [&hellip;]<\/p>","protected":false},"featured_media":13071,"template":"","meta":{"_acf_changed":false},"product_brand":[],"product_cat":[169,362,172],"product_tag":[],"class_list":{"0":"post-13070","1":"product","2":"type-product","3":"status-publish","4":"has-post-thumbnail","6":"product_cat-boje-i-lakovi","7":"product_cat-premazi-za-drvo","8":"product_cat-zastita-za-drvo","10":"first","11":"instock","12":"shipping-taxable","13":"purchasable","14":"product-type-simple"},"acf":[],"yoast_head":"<!-- This site is optimized with the Yoast SEO plugin v26.1.1 - https:\/\/yoast.com\/wordpress\/plugins\/seo\/ -->\n<title>OSMO 6100 2K Wood Oil - Bezbojni mat 0,375 L - Consortium<\/title>\n<meta name=\"robots\" content=\"index, follow, max-snippet:-1, max-image-preview:large, max-video-preview:-1\" \/>\n<link rel=\"canonical\" href=\"https:\/\/consortium.hr\/sl\/product\/osmo-6100-2k-wood-oil-bezbojni-mat-0375-l\/\" \/>\n<meta property=\"og:locale\" content=\"sl_SI\" \/>\n<meta property=\"og:type\" content=\"article\" \/>\n<meta property=\"og:title\" content=\"OSMO 6100 2K Wood Oil - Bezbojni mat 0,375 L - Consortium\" \/>\n<meta property=\"og:description\" content=\"Osmo 2K Wood Oil je visokokvalitetno, bezotapalo, matirano dvokomponentno ulje na bazi prirodnih ulja namijenjeno profesionalnoj upotrebi. Stvara mikroporoznu i vrlo izdr\u017eljivu povr\u0161inu \u2013 drvo i dalje mo\u017ee upijati i otpu\u0161tati vlagu, \u0161to pozitivno utje\u010de na klimu u interijeru. Ovaj proizvod pogodan je za parkete i drvene podove prema DIN normi 18356, kao i za [&hellip;]\" \/>\n<meta property=\"og:url\" content=\"https:\/\/consortium.hr\/sl\/product\/osmo-6100-2k-wood-oil-bezbojni-mat-0375-l\/\" \/>\n<meta property=\"og:site_name\" content=\"Consortium\" \/>\n<meta property=\"article:modified_time\" content=\"2026-01-16T07:23:08+00:00\" \/>\n<meta property=\"og:image\" content=\"https:\/\/consortium.hr\/wp-content\/uploads\/2025\/10\/osmo-2k-wood-oil.png\" \/>\n\t<meta property=\"og:image:width\" content=\"800\" \/>\n\t<meta property=\"og:image:height\" content=\"800\" \/>\n\t<meta property=\"og:image:type\" content=\"image\/png\" \/>\n<meta name=\"twitter:card\" content=\"summary_large_image\" \/>\n<meta name=\"twitter:label1\" content=\"Est. reading time\" \/>\n\t<meta name=\"twitter:data1\" content=\"1 minuta\" \/>\n<script type=\"application\/ld+json\" class=\"yoast-schema-graph\">{\"@context\":\"https:\/\/schema.org\",\"@graph\":[{\"@type\":\"WebPage\",\"@id\":\"https:\/\/consortium.hr\/product\/osmo-6100-2k-wood-oil-bezbojni-mat-0375-l\/\",\"url\":\"https:\/\/consortium.hr\/product\/osmo-6100-2k-wood-oil-bezbojni-mat-0375-l\/\",\"name\":\"OSMO 6100 2K Wood Oil - Bezbojni mat 0,375 L - Consortium\",\"isPartOf\":{\"@id\":\"https:\/\/consortium.hr\/#website\"},\"primaryImageOfPage\":{\"@id\":\"https:\/\/consortium.hr\/product\/osmo-6100-2k-wood-oil-bezbojni-mat-0375-l\/#primaryimage\"},\"image\":{\"@id\":\"https:\/\/consortium.hr\/product\/osmo-6100-2k-wood-oil-bezbojni-mat-0375-l\/#primaryimage\"},\"thumbnailUrl\":\"https:\/\/consortium.hr\/wp-content\/uploads\/2025\/10\/osmo-2k-wood-oil.png\",\"datePublished\":\"2025-10-02T08:03:18+00:00\",\"dateModified\":\"2026-01-16T07:23:08+00:00\",\"breadcrumb\":{\"@id\":\"https:\/\/consortium.hr\/product\/osmo-6100-2k-wood-oil-bezbojni-mat-0375-l\/#breadcrumb\"},\"inLanguage\":\"sl-SI\",\"potentialAction\":[{\"@type\":\"ReadAction\",\"target\":[\"https:\/\/consortium.hr\/product\/osmo-6100-2k-wood-oil-bezbojni-mat-0375-l\/\"]}]},{\"@type\":\"ImageObject\",\"inLanguage\":\"sl-SI\",\"@id\":\"https:\/\/consortium.hr\/product\/osmo-6100-2k-wood-oil-bezbojni-mat-0375-l\/#primaryimage\",\"url\":\"https:\/\/consortium.hr\/wp-content\/uploads\/2025\/10\/osmo-2k-wood-oil.png\",\"contentUrl\":\"https:\/\/consortium.hr\/wp-content\/uploads\/2025\/10\/osmo-2k-wood-oil.png\",\"width\":800,\"height\":800},{\"@type\":\"BreadcrumbList\",\"@id\":\"https:\/\/consortium.hr\/product\/osmo-6100-2k-wood-oil-bezbojni-mat-0375-l\/#breadcrumb\",\"itemListElement\":[{\"@type\":\"ListItem\",\"position\":1,\"name\":\"Po\u010detna stranica\",\"item\":\"https:\/\/consortium.hr\/sl\/\"},{\"@type\":\"ListItem\",\"position\":2,\"name\":\"Shop\",\"item\":\"https:\/\/consortium.hr\/sl\/shop\/\"},{\"@type\":\"ListItem\",\"position\":3,\"name\":\"OSMO 6100 2K Wood Oil - Bezbojni mat 0,375 L\"}]},{\"@type\":\"WebSite\",\"@id\":\"https:\/\/consortium.hr\/#website\",\"url\":\"https:\/\/consortium.hr\/\",\"name\":\"Consortium\",\"description\":\"Gra\u0111evinski Materijal - Odli\u010dna Ponuda i Cijena\",\"alternateName\":\"Gra\u0111evinski Materijal - Odli\u010dna Ponuda i Cijena\",\"potentialAction\":[{\"@type\":\"SearchAction\",\"target\":{\"@type\":\"EntryPoint\",\"urlTemplate\":\"https:\/\/consortium.hr\/?s={search_term_string}\"},\"query-input\":{\"@type\":\"PropertyValueSpecification\",\"valueRequired\":true,\"valueName\":\"search_term_string\"}}],\"inLanguage\":\"sl-SI\"}]}<\/script>\n<!-- \/ Yoast SEO plugin. -->","yoast_head_json":{"title":"OSMO 6100 2K Wood Oil - Bezbojni mat 0,375 L - Consortium","robots":{"index":"index","follow":"follow","max-snippet":"max-snippet:-1","max-image-preview":"max-image-preview:large","max-video-preview":"max-video-preview:-1"},"canonical":"https:\/\/consortium.hr\/sl\/product\/osmo-6100-2k-wood-oil-bezbojni-mat-0375-l\/","og_locale":"sl_SI","og_type":"article","og_title":"OSMO 6100 2K Wood Oil - Bezbojni mat 0,375 L - Consortium","og_description":"Osmo 2K Wood Oil je visokokvalitetno, bezotapalo, matirano dvokomponentno ulje na bazi prirodnih ulja namijenjeno profesionalnoj upotrebi. Stvara mikroporoznu i vrlo izdr\u017eljivu povr\u0161inu \u2013 drvo i dalje mo\u017ee upijati i otpu\u0161tati vlagu, \u0161to pozitivno utje\u010de na klimu u interijeru. Ovaj proizvod pogodan je za parkete i drvene podove prema DIN normi 18356, kao i za [&hellip;]","og_url":"https:\/\/consortium.hr\/sl\/product\/osmo-6100-2k-wood-oil-bezbojni-mat-0375-l\/","og_site_name":"Consortium","article_modified_time":"2026-01-16T07:23:08+00:00","og_image":[{"width":800,"height":800,"url":"https:\/\/consortium.hr\/wp-content\/uploads\/2025\/10\/osmo-2k-wood-oil.png","type":"image\/png"}],"twitter_card":"summary_large_image","twitter_misc":{"Est. reading time":"1 minuta"},"schema":{"@context":"https:\/\/schema.org","@graph":[{"@type":"WebPage","@id":"https:\/\/consortium.hr\/product\/osmo-6100-2k-wood-oil-bezbojni-mat-0375-l\/","url":"https:\/\/consortium.hr\/product\/osmo-6100-2k-wood-oil-bezbojni-mat-0375-l\/","name":"OSMO 6100 2K Wood Oil - Bezbojni mat 0,375 L - Consortium","isPartOf":{"@id":"https:\/\/consortium.hr\/#website"},"primaryImageOfPage":{"@id":"https:\/\/consortium.hr\/product\/osmo-6100-2k-wood-oil-bezbojni-mat-0375-l\/#primaryimage"},"image":{"@id":"https:\/\/consortium.hr\/product\/osmo-6100-2k-wood-oil-bezbojni-mat-0375-l\/#primaryimage"},"thumbnailUrl":"https:\/\/consortium.hr\/wp-content\/uploads\/2025\/10\/osmo-2k-wood-oil.png","datePublished":"2025-10-02T08:03:18+00:00","dateModified":"2026-01-16T07:23:08+00:00","breadcrumb":{"@id":"https:\/\/consortium.hr\/product\/osmo-6100-2k-wood-oil-bezbojni-mat-0375-l\/#breadcrumb"},"inLanguage":"sl-SI","potentialAction":[{"@type":"ReadAction","target":["https:\/\/consortium.hr\/product\/osmo-6100-2k-wood-oil-bezbojni-mat-0375-l\/"]}]},{"@type":"ImageObject","inLanguage":"sl-SI","@id":"https:\/\/consortium.hr\/product\/osmo-6100-2k-wood-oil-bezbojni-mat-0375-l\/#primaryimage","url":"https:\/\/consortium.hr\/wp-content\/uploads\/2025\/10\/osmo-2k-wood-oil.png","contentUrl":"https:\/\/consortium.hr\/wp-content\/uploads\/2025\/10\/osmo-2k-wood-oil.png","width":800,"height":800},{"@type":"BreadcrumbList","@id":"https:\/\/consortium.hr\/product\/osmo-6100-2k-wood-oil-bezbojni-mat-0375-l\/#breadcrumb","itemListElement":[{"@type":"ListItem","position":1,"name":"Po\u010detna stranica","item":"https:\/\/consortium.hr\/sl\/"},{"@type":"ListItem","position":2,"name":"Shop","item":"https:\/\/consortium.hr\/sl\/shop\/"},{"@type":"ListItem","position":3,"name":"OSMO 6100 2K Wood Oil - Bezbojni mat 0,375 L"}]},{"@type":"WebSite","@id":"https:\/\/consortium.hr\/#website","url":"https:\/\/consortium.hr\/","name":"Consortium","description":"Gra\u0111evinski Materijal - Odli\u010dna Ponuda i Cijena","alternateName":"Gra\u0111evinski Materijal - Odli\u010dna Ponuda i Cijena","potentialAction":[{"@type":"SearchAction","target":{"@type":"EntryPoint","urlTemplate":"https:\/\/consortium.hr\/?s={search_term_string}"},"query-input":{"@type":"PropertyValueSpecification","valueRequired":true,"valueName":"search_term_string"}}],"inLanguage":"sl-SI"}]}},"_links":{"self":[{"href":"https:\/\/consortium.hr\/sl\/wp-json\/wp\/v2\/product\/13070","targetHints":{"allow":["GET"]}}],"collection":[{"href":"https:\/\/consortium.hr\/sl\/wp-json\/wp\/v2\/product"}],"about":[{"href":"https:\/\/consortium.hr\/sl\/wp-json\/wp\/v2\/types\/product"}],"wp:featuredmedia":[{"embeddable":true,"href":"https:\/\/consortium.hr\/sl\/wp-json\/wp\/v2\/media\/13071"}],"wp:attachment":[{"href":"https:\/\/consortium.hr\/sl\/wp-json\/wp\/v2\/media?parent=13070"}],"wp:term":[{"taxonomy":"product_brand","embeddable":true,"href":"https:\/\/consortium.hr\/sl\/wp-json\/wp\/v2\/product_brand?post=13070"},{"taxonomy":"product_cat","embeddable":true,"href":"https:\/\/consortium.hr\/sl\/wp-json\/wp\/v2\/product_cat?post=13070"},{"taxonomy":"product_tag","embeddable":true,"href":"https:\/\/consortium.hr\/sl\/wp-json\/wp\/v2\/product_tag?post=13070"}],"curies":[{"name":"wp","href":"https:\/\/api.w.org\/{rel}","templated":true}]}}