{"id":13077,"date":"2025-10-02T08:27:43","date_gmt":"2025-10-02T08:27:43","guid":{"rendered":"https:\/\/consortium.hr\/?post_type=product&#038;p=13077"},"modified":"2026-03-18T09:23:15","modified_gmt":"2026-03-18T09:23:15","slug":"osmo-6609-wood-reviver-power-gel-za-posvjetljivanje-drveta","status":"publish","type":"product","link":"https:\/\/consortium.hr\/sl\/product\/osmo-6609-wood-reviver-power-gel-za-posvjetljivanje-drveta\/","title":{"rendered":"OSMO 6609 Wood Reviver Power gel - za posvjetljivanje drveta"},"content":{"rendered":"<p align=\"justify\"><strong>OSMO 6609 Wood Reviver\u00a0<\/strong><strong>Power\u00a0<\/strong><strong>gel -\u00a0<\/strong><strong>za posvjetljivanje drveta<\/strong><\/p>\n<p align=\"justify\">Wood Reviver Power gel je namijenjen odstranjivanju sivila sa drvenih terasa, ograda, pergola i vrtnog namje\u0161taja. Vra\u0107a prvotnu boju drveta.<\/p>\n<p><strong>PREDNOSTI:<br \/>\n<\/strong>- prodire duboko u pore podloge i odstranjuje duboku prljav\u0161tinu.<br \/>\n-\u00a0<strong>drvetu vra\u0107a prirodne karakteristike, svje\u017einu i toplu boju.<br \/>\n<\/strong>- proizvod je bez mirisa i biorazgradiv<\/p>\n<p align=\"justify\">RU\u010cNA OBRADA:<br \/>\nPovr\u0161ina gotova u 1 danu.<\/p>\n<p align=\"justify\">1. Sa \u010detkom o\u010distite grubu prljav\u0161tinu<\/p>\n<p align=\"justify\">2. Navla\u017eite povr\u0161inu sa vodom.<\/p>\n<p align=\"justify\">3. Nanesite pribli\u017eno 100 ml\/m<sup>2<\/sup>\u00a0gela na posivjelu povr\u0161inu.<\/p>\n<p align=\"justify\">4.\u00a0Nakon vremena reakcije - 20 min, trljajte povr\u0161inu tvrdom \u010detkom ili \u010detkom i puno vode. Povr\u0161ina se mo\u017ee ponovo namazati nakon otprilike 48 sati (normalni klimatski uvjeti 23 \u00b0 C \/ 50% relativne vlage). Ni\u017ee temperature i \/ ili ve\u0107a vlaga mogu produ\u017eiti vrijeme su\u0161enja.<\/p>\n<p align=\"justify\">5. Za\u0161titite povr\u0161inu sa jednim od Osmo vanjskih premaza.<\/p>\n<p align=\"justify\"><strong>NAPOMENA:\u00a0 Za\u0161tite metal (npr. rubove) i biljke od izravnog kontakta s gelom (npr. ukrasno i vrtno bilje za\u0161titite ceradom).<\/strong><\/p>\n<p align=\"justify\">Za nano\u0161enje Vam je potrebno: ravna \u010detka, valjak od mikrovlakna<\/p>\n<p align=\"justify\"><strong>1 litra dovoljna je za otprilik<\/strong><strong>e za povr\u0161inu od 10 do 30 m<\/strong><sup>2<\/sup><strong>\u00a0(ovisno o stupnju posivjelosti drveta i\u00a0omjera ukoliko se sredstvo za \u010di\u0161\u0107enje mije\u0161a s vodom).<\/strong><\/p>\n<p align=\"justify\">Ukoliko je na povr\u0161ini drveta plijesan i alge\u00a0preporu\u010dujemo\u00a0uporabu sredstva za \u010di\u0161\u0107enje\u00a0<a href=\"https:\/\/www.teak.hr\/trgovina\/osmo-premazi-cistila\/osmo-6606-osmo-gard-clean-za-uklanjanje-zelenila\" target=\"_blank\" rel=\"noopener\">OSMO 6606 Gard-clean<\/a>\u00a0-\u00a0za uklanjanje zelenila. Nakon \u010di\u0161\u0107enja, preporu\u010dujemo povr\u0161inu namazati OSMO uljem.<\/p>","protected":false},"excerpt":{"rendered":"<p>OSMO 6609 Wood Reviver\u00a0Power\u00a0gel -\u00a0za posvjetljivanje drveta Wood Reviver Power gel je namijenjen odstranjivanju sivila sa drvenih terasa, ograda, pergola i vrtnog namje\u0161taja. Vra\u0107a prvotnu boju drveta. PREDNOSTI: - prodire duboko u pore podloge i odstranjuje duboku prljav\u0161tinu. -\u00a0drvetu vra\u0107a prirodne karakteristike, svje\u017einu i toplu boju. - proizvod je bez mirisa i biorazgradiv RU\u010cNA OBRADA: [&hellip;]<\/p>","protected":false},"featured_media":13078,"template":"","meta":{"_acf_changed":false},"product_brand":[],"product_cat":[169,362,172],"product_tag":[],"class_list":{"0":"post-13077","1":"product","2":"type-product","3":"status-publish","4":"has-post-thumbnail","6":"product_cat-boje-i-lakovi","7":"product_cat-premazi-za-drvo","8":"product_cat-zastita-za-drvo","10":"first","11":"instock","12":"shipping-taxable","13":"purchasable","14":"product-type-variable","15":"wvs-archive-product-wrapper"},"acf":[],"yoast_head":"<!-- This site is optimized with the Yoast SEO plugin v26.1.1 - https:\/\/yoast.com\/wordpress\/plugins\/seo\/ -->\n<title>OSMO 6609 Wood Reviver Power gel - za posvjetljivanje drveta - Consortium<\/title>\n<meta name=\"robots\" content=\"index, follow, max-snippet:-1, max-image-preview:large, max-video-preview:-1\" \/>\n<link rel=\"canonical\" href=\"https:\/\/consortium.hr\/sl\/product\/osmo-6609-wood-reviver-power-gel-za-posvjetljivanje-drveta\/\" \/>\n<meta property=\"og:locale\" content=\"sl_SI\" \/>\n<meta property=\"og:type\" content=\"article\" \/>\n<meta property=\"og:title\" content=\"OSMO 6609 Wood Reviver Power gel - za posvjetljivanje drveta - Consortium\" \/>\n<meta property=\"og:description\" content=\"OSMO 6609 Wood Reviver\u00a0Power\u00a0gel -\u00a0za posvjetljivanje drveta Wood Reviver Power gel je namijenjen odstranjivanju sivila sa drvenih terasa, ograda, pergola i vrtnog namje\u0161taja. Vra\u0107a prvotnu boju drveta. PREDNOSTI: - prodire duboko u pore podloge i odstranjuje duboku prljav\u0161tinu. -\u00a0drvetu vra\u0107a prirodne karakteristike, svje\u017einu i toplu boju. - proizvod je bez mirisa i biorazgradiv RU\u010cNA OBRADA: [&hellip;]\" \/>\n<meta property=\"og:url\" content=\"https:\/\/consortium.hr\/sl\/product\/osmo-6609-wood-reviver-power-gel-za-posvjetljivanje-drveta\/\" \/>\n<meta property=\"og:site_name\" content=\"Consortium\" \/>\n<meta property=\"article:modified_time\" content=\"2026-03-18T09:23:15+00:00\" \/>\n<meta property=\"og:image\" content=\"https:\/\/consortium.hr\/wp-content\/uploads\/2025\/10\/osmo-6609-wood-reviver-gel.png\" \/>\n\t<meta property=\"og:image:width\" content=\"800\" \/>\n\t<meta property=\"og:image:height\" content=\"800\" \/>\n\t<meta property=\"og:image:type\" content=\"image\/png\" \/>\n<meta name=\"twitter:card\" content=\"summary_large_image\" \/>\n<meta name=\"twitter:label1\" content=\"Est. reading time\" \/>\n\t<meta name=\"twitter:data1\" content=\"1 minuta\" \/>\n<script type=\"application\/ld+json\" class=\"yoast-schema-graph\">{\"@context\":\"https:\/\/schema.org\",\"@graph\":[{\"@type\":\"WebPage\",\"@id\":\"https:\/\/consortium.hr\/product\/osmo-6609-wood-reviver-power-gel-za-posvjetljivanje-drveta\/\",\"url\":\"https:\/\/consortium.hr\/product\/osmo-6609-wood-reviver-power-gel-za-posvjetljivanje-drveta\/\",\"name\":\"OSMO 6609 Wood Reviver Power gel - za posvjetljivanje drveta - Consortium\",\"isPartOf\":{\"@id\":\"https:\/\/consortium.hr\/#website\"},\"primaryImageOfPage\":{\"@id\":\"https:\/\/consortium.hr\/product\/osmo-6609-wood-reviver-power-gel-za-posvjetljivanje-drveta\/#primaryimage\"},\"image\":{\"@id\":\"https:\/\/consortium.hr\/product\/osmo-6609-wood-reviver-power-gel-za-posvjetljivanje-drveta\/#primaryimage\"},\"thumbnailUrl\":\"https:\/\/consortium.hr\/wp-content\/uploads\/2025\/10\/osmo-6609-wood-reviver-gel.png\",\"datePublished\":\"2025-10-02T08:27:43+00:00\",\"dateModified\":\"2026-03-18T09:23:15+00:00\",\"breadcrumb\":{\"@id\":\"https:\/\/consortium.hr\/product\/osmo-6609-wood-reviver-power-gel-za-posvjetljivanje-drveta\/#breadcrumb\"},\"inLanguage\":\"sl-SI\",\"potentialAction\":[{\"@type\":\"ReadAction\",\"target\":[\"https:\/\/consortium.hr\/product\/osmo-6609-wood-reviver-power-gel-za-posvjetljivanje-drveta\/\"]}]},{\"@type\":\"ImageObject\",\"inLanguage\":\"sl-SI\",\"@id\":\"https:\/\/consortium.hr\/product\/osmo-6609-wood-reviver-power-gel-za-posvjetljivanje-drveta\/#primaryimage\",\"url\":\"https:\/\/consortium.hr\/wp-content\/uploads\/2025\/10\/osmo-6609-wood-reviver-gel.png\",\"contentUrl\":\"https:\/\/consortium.hr\/wp-content\/uploads\/2025\/10\/osmo-6609-wood-reviver-gel.png\",\"width\":800,\"height\":800},{\"@type\":\"BreadcrumbList\",\"@id\":\"https:\/\/consortium.hr\/product\/osmo-6609-wood-reviver-power-gel-za-posvjetljivanje-drveta\/#breadcrumb\",\"itemListElement\":[{\"@type\":\"ListItem\",\"position\":1,\"name\":\"Po\u010detna stranica\",\"item\":\"https:\/\/consortium.hr\/sl\/\"},{\"@type\":\"ListItem\",\"position\":2,\"name\":\"Shop\",\"item\":\"https:\/\/consortium.hr\/sl\/shop\/\"},{\"@type\":\"ListItem\",\"position\":3,\"name\":\"OSMO 6609 Wood Reviver Power gel - za posvjetljivanje drveta\"}]},{\"@type\":\"WebSite\",\"@id\":\"https:\/\/consortium.hr\/#website\",\"url\":\"https:\/\/consortium.hr\/\",\"name\":\"Consortium\",\"description\":\"Gra\u0111evinski Materijal - Odli\u010dna Ponuda i Cijena\",\"alternateName\":\"Gra\u0111evinski Materijal - Odli\u010dna Ponuda i Cijena\",\"potentialAction\":[{\"@type\":\"SearchAction\",\"target\":{\"@type\":\"EntryPoint\",\"urlTemplate\":\"https:\/\/consortium.hr\/?s={search_term_string}\"},\"query-input\":{\"@type\":\"PropertyValueSpecification\",\"valueRequired\":true,\"valueName\":\"search_term_string\"}}],\"inLanguage\":\"sl-SI\"}]}<\/script>\n<!-- \/ Yoast SEO plugin. -->","yoast_head_json":{"title":"OSMO 6609 Wood Reviver Power gel - za posvjetljivanje drveta - Consortium","robots":{"index":"index","follow":"follow","max-snippet":"max-snippet:-1","max-image-preview":"max-image-preview:large","max-video-preview":"max-video-preview:-1"},"canonical":"https:\/\/consortium.hr\/sl\/product\/osmo-6609-wood-reviver-power-gel-za-posvjetljivanje-drveta\/","og_locale":"sl_SI","og_type":"article","og_title":"OSMO 6609 Wood Reviver Power gel - za posvjetljivanje drveta - Consortium","og_description":"OSMO 6609 Wood Reviver\u00a0Power\u00a0gel -\u00a0za posvjetljivanje drveta Wood Reviver Power gel je namijenjen odstranjivanju sivila sa drvenih terasa, ograda, pergola i vrtnog namje\u0161taja. Vra\u0107a prvotnu boju drveta. PREDNOSTI: - prodire duboko u pore podloge i odstranjuje duboku prljav\u0161tinu. -\u00a0drvetu vra\u0107a prirodne karakteristike, svje\u017einu i toplu boju. - proizvod je bez mirisa i biorazgradiv RU\u010cNA OBRADA: [&hellip;]","og_url":"https:\/\/consortium.hr\/sl\/product\/osmo-6609-wood-reviver-power-gel-za-posvjetljivanje-drveta\/","og_site_name":"Consortium","article_modified_time":"2026-03-18T09:23:15+00:00","og_image":[{"width":800,"height":800,"url":"https:\/\/consortium.hr\/wp-content\/uploads\/2025\/10\/osmo-6609-wood-reviver-gel.png","type":"image\/png"}],"twitter_card":"summary_large_image","twitter_misc":{"Est. reading time":"1 minuta"},"schema":{"@context":"https:\/\/schema.org","@graph":[{"@type":"WebPage","@id":"https:\/\/consortium.hr\/product\/osmo-6609-wood-reviver-power-gel-za-posvjetljivanje-drveta\/","url":"https:\/\/consortium.hr\/product\/osmo-6609-wood-reviver-power-gel-za-posvjetljivanje-drveta\/","name":"OSMO 6609 Wood Reviver Power gel - za posvjetljivanje drveta - Consortium","isPartOf":{"@id":"https:\/\/consortium.hr\/#website"},"primaryImageOfPage":{"@id":"https:\/\/consortium.hr\/product\/osmo-6609-wood-reviver-power-gel-za-posvjetljivanje-drveta\/#primaryimage"},"image":{"@id":"https:\/\/consortium.hr\/product\/osmo-6609-wood-reviver-power-gel-za-posvjetljivanje-drveta\/#primaryimage"},"thumbnailUrl":"https:\/\/consortium.hr\/wp-content\/uploads\/2025\/10\/osmo-6609-wood-reviver-gel.png","datePublished":"2025-10-02T08:27:43+00:00","dateModified":"2026-03-18T09:23:15+00:00","breadcrumb":{"@id":"https:\/\/consortium.hr\/product\/osmo-6609-wood-reviver-power-gel-za-posvjetljivanje-drveta\/#breadcrumb"},"inLanguage":"sl-SI","potentialAction":[{"@type":"ReadAction","target":["https:\/\/consortium.hr\/product\/osmo-6609-wood-reviver-power-gel-za-posvjetljivanje-drveta\/"]}]},{"@type":"ImageObject","inLanguage":"sl-SI","@id":"https:\/\/consortium.hr\/product\/osmo-6609-wood-reviver-power-gel-za-posvjetljivanje-drveta\/#primaryimage","url":"https:\/\/consortium.hr\/wp-content\/uploads\/2025\/10\/osmo-6609-wood-reviver-gel.png","contentUrl":"https:\/\/consortium.hr\/wp-content\/uploads\/2025\/10\/osmo-6609-wood-reviver-gel.png","width":800,"height":800},{"@type":"BreadcrumbList","@id":"https:\/\/consortium.hr\/product\/osmo-6609-wood-reviver-power-gel-za-posvjetljivanje-drveta\/#breadcrumb","itemListElement":[{"@type":"ListItem","position":1,"name":"Po\u010detna stranica","item":"https:\/\/consortium.hr\/sl\/"},{"@type":"ListItem","position":2,"name":"Shop","item":"https:\/\/consortium.hr\/sl\/shop\/"},{"@type":"ListItem","position":3,"name":"OSMO 6609 Wood Reviver Power gel - za posvjetljivanje drveta"}]},{"@type":"WebSite","@id":"https:\/\/consortium.hr\/#website","url":"https:\/\/consortium.hr\/","name":"Consortium","description":"Gra\u0111evinski Materijal - Odli\u010dna Ponuda i Cijena","alternateName":"Gra\u0111evinski Materijal - Odli\u010dna Ponuda i Cijena","potentialAction":[{"@type":"SearchAction","target":{"@type":"EntryPoint","urlTemplate":"https:\/\/consortium.hr\/?s={search_term_string}"},"query-input":{"@type":"PropertyValueSpecification","valueRequired":true,"valueName":"search_term_string"}}],"inLanguage":"sl-SI"}]}},"_links":{"self":[{"href":"https:\/\/consortium.hr\/sl\/wp-json\/wp\/v2\/product\/13077","targetHints":{"allow":["GET"]}}],"collection":[{"href":"https:\/\/consortium.hr\/sl\/wp-json\/wp\/v2\/product"}],"about":[{"href":"https:\/\/consortium.hr\/sl\/wp-json\/wp\/v2\/types\/product"}],"wp:featuredmedia":[{"embeddable":true,"href":"https:\/\/consortium.hr\/sl\/wp-json\/wp\/v2\/media\/13078"}],"wp:attachment":[{"href":"https:\/\/consortium.hr\/sl\/wp-json\/wp\/v2\/media?parent=13077"}],"wp:term":[{"taxonomy":"product_brand","embeddable":true,"href":"https:\/\/consortium.hr\/sl\/wp-json\/wp\/v2\/product_brand?post=13077"},{"taxonomy":"product_cat","embeddable":true,"href":"https:\/\/consortium.hr\/sl\/wp-json\/wp\/v2\/product_cat?post=13077"},{"taxonomy":"product_tag","embeddable":true,"href":"https:\/\/consortium.hr\/sl\/wp-json\/wp\/v2\/product_tag?post=13077"}],"curies":[{"name":"wp","href":"https:\/\/api.w.org\/{rel}","templated":true}]}}